{"id":1530,"date":"2021-09-20T11:21:19","date_gmt":"2021-09-20T14:21:19","guid":{"rendered":"https:\/\/prceu.usp.br\/congresso\/?page_id=1530"},"modified":"2021-11-24T18:40:40","modified_gmt":"2021-11-24T21:40:40","slug":"inscricao-de-trabalhos","status":"publish","type":"page","link":"https:\/\/prceu.usp.br\/congresso\/inscricao-de-trabalhos\/","title":{"rendered":"Inscri\u00e7\u00e3o de Trabalhos"},"content":{"rendered":"<h2>1\u00ba Congresso de Cultura e Extens\u00e3o da USP<\/h2>\n<p>&nbsp;<\/p>\n<p><span style=\"font-weight: 400; font-size: 18pt;\">Prezados(as), o <strong>processo de submiss\u00e3o j\u00e1 foi encerrado em <em>18\/10<\/em>.<\/strong><\/span><\/p>\n<p><span style=\"font-weight: 400; font-size: 18pt;\">Somente poder\u00e3o ser enviados os trabalhos <strong>submetidos anteriormente<\/strong> e que necessitam de ajustes, conforme analisado pela Comiss\u00e3o de Avalia\u00e7\u00e3o. Qualquer outro trabalho fora desse contexto n\u00e3o ser\u00e1 aceito.<\/span><\/p>\n<p>&nbsp;<\/p>\n<p><span style=\"font-weight: 400; font-size: 18pt;\">Agradecemos a sua compreens\u00e3o.<\/span><\/p>\n<p><span style=\"font-size: 18pt;\"><i><span style=\"font-weight: 400;\">Organiza\u00e7\u00e3o do I Congresso USP de Cultura e Extens\u00e3o<\/span><\/i><\/span><\/p>\n<h3><\/h3>\n<p><a href=\"https:\/\/prceu.usp.br\/congresso\/wp-content\/uploads\/2021\/09\/Modelo-Explicativo-Trabalhos-1-Congresso-USP-de-Cultura-e-Extensao.pdf\">Clique aqui para baixar <\/a>o modelo explicativo<br \/>\n<a href=\"https:\/\/prceu.usp.br\/congresso\/wp-content\/uploads\/2021\/09\/template-submissao-1-congresso-cultura.zip\" target=\"_blank\" rel=\"noopener\">Clique aqui para baixar<\/a> o template em Word<\/p>\n<h3><\/h3>\n","protected":false},"excerpt":{"rendered":"<p>Inscri\u00e7\u00e3o de Trabalhos<\/p>\n","protected":false},"author":1,"featured_media":1627,"parent":0,"menu_order":0,"comment_status":"closed","ping_status":"closed","template":"","meta":{"footnotes":""},"class_list":["post-1530","page","type-page","status-publish","has-post-thumbnail","hentry"],"_links":{"self":[{"href":"https:\/\/prceu.usp.br\/congresso\/wp-json\/wp\/v2\/pages\/1530","targetHints":{"allow":["GET"]}}],"collection":[{"href":"https:\/\/prceu.usp.br\/congresso\/wp-json\/wp\/v2\/pages"}],"about":[{"href":"https:\/\/prceu.usp.br\/congresso\/wp-json\/wp\/v2\/types\/page"}],"author":[{"embeddable":true,"href":"https:\/\/prceu.usp.br\/congresso\/wp-json\/wp\/v2\/users\/1"}],"replies":[{"embeddable":true,"href":"https:\/\/prceu.usp.br\/congresso\/wp-json\/wp\/v2\/comments?post=1530"}],"version-history":[{"count":0,"href":"https:\/\/prceu.usp.br\/congresso\/wp-json\/wp\/v2\/pages\/1530\/revisions"}],"wp:featuredmedia":[{"embeddable":true,"href":"https:\/\/prceu.usp.br\/congresso\/wp-json\/wp\/v2\/media\/1627"}],"wp:attachment":[{"href":"https:\/\/prceu.usp.br\/congresso\/wp-json\/wp\/v2\/media?parent=1530"}],"curies":[{"name":"wp","href":"https:\/\/api.w.org\/{rel}","templated":true}]}}