{"id":1668,"date":"2021-09-21T21:40:09","date_gmt":"2021-09-22T00:40:09","guid":{"rendered":"https:\/\/prceu.usp.br\/congresso\/?page_id=1668"},"modified":"2021-09-30T15:58:54","modified_gmt":"2021-09-30T18:58:54","slug":"normas-para-inscricao","status":"publish","type":"page","link":"https:\/\/prceu.usp.br\/congresso\/normas-para-inscricao\/","title":{"rendered":"Normas para inscri\u00e7\u00e3o"},"content":{"rendered":"<h3><span style=\"font-weight: 400;\">Aproveite esta chance de mostrar o seu trabalho!<\/span><\/h3>\n<p><span style=\"font-weight: 400;\">O evento ter\u00e1 prioridade para apresenta\u00e7\u00e3o de trabalhos conclu\u00eddos ou que j\u00e1 possuem resultados consolidados, dentro das seguintes possibilidades:<\/span><\/p>\n<blockquote>\n<ol>\n<li style=\"list-style-type: none;\">\n<ol>\n<li><span style=\"font-weight: 400;\">Projetos PUB;\u00a0<\/span><\/li>\n<li><span style=\"font-weight: 400;\">Projetos apoiados pelo Santander PRCEU &#8211; 2020-2021;<\/span><\/li>\n<li><span style=\"font-weight: 400;\">Edital Empreendedorismo Social &#8211; Edital 01\/2019;\u00a0<\/span><\/li>\n<li><span style=\"font-weight: 400;\">Edital ODS-Objetivos de Desenvolvimento Sustent\u00e1vel &#8211; Edital 2020 e 2021;<\/span><\/li>\n<li><span style=\"font-weight: 400;\">Programas, Projetos e a\u00e7\u00f5es em cultura e extens\u00e3o realizados por docentes, p\u00f3s-graduandos, estudantes de gradua\u00e7\u00e3o e servidores t\u00e9cnico-administrativos da Universidade de S\u00e3o Paulo.<\/span><\/li>\n<\/ol>\n<\/li>\n<\/ol>\n<\/blockquote>\n<p><span style=\"font-weight: 400;\">Os trabalhos a serem submetidos podem ter a participa\u00e7\u00e3o de at\u00e9 10 autores e devem conter os seguintes itens:\u00a0<\/span><\/p>\n<ol>\n<li style=\"list-style-type: none;\">\n<ol>\n<li><span style=\"font-weight: 400;\"><em>Resumo;\u00a0<\/em><\/span><\/li>\n<li style=\"font-weight: 400;\" aria-level=\"1\"><em><span style=\"font-weight: 400;\">Palavras-chave;<\/span><\/em><\/li>\n<li style=\"font-weight: 400;\" aria-level=\"1\"><em><span style=\"font-weight: 400;\">Arquivo PDF com no m\u00e1ximo tr\u00eas p\u00e1ginas, descrevendo: Motiva\u00e7\u00e3o e Objetivos, Materiais e M\u00e9todos, Resultados, Considera\u00e7\u00f5es Finais e Agradecimentos.\u00a0<\/span><\/em><\/li>\n<\/ol>\n<\/li>\n<\/ol>\n<p><span style=\"font-weight: 400;\">No processo de sele\u00e7\u00e3o\/avalia\u00e7\u00e3o, entre os trabalhos enviados e validados, 20 trabalhos ser\u00e3o indicados a serem apresentados online e 50 trabalhos ser\u00e3o selecionados para enviarem v\u00eddeos a serem disponibilizados no site do Congresso. Os demais ser\u00e3o apresentados na forma de p\u00f4ster no site do Congresso.\u00a0<\/span><\/p>\n<p><span style=\"font-weight: 400;\">Participe e ajude a mostrar como ensino, pesquisa e extens\u00e3o s\u00e3o indissoci\u00e1veis e como a intera\u00e7\u00e3o com a sociedade \u00e9 um dos mais desafiadores prop\u00f3sitos de uma universidade.<\/span><\/p>\n<p>Para poder se planejar melhor, <a href=\"https:\/\/prceu.usp.br\/congresso\/wp-content\/uploads\/2021\/09\/Modelo-Explicativo-Trabalhos-1-Congresso-USP-de-Cultura-e-Extensao.pdf\" target=\"_blank\" rel=\"noopener\">clique aqui para baixar o modelo explicativo<\/a> de estrutura dos trabalhos <span style=\"font-weight: 400;\"><strong><a href=\"https:\/\/prceu.usp.br\/congresso\/wp-content\/uploads\/2021\/09\/template-submissao-1-congresso-cultura.zip\" target=\"_blank\" rel=\"noopener\">aqui o template<\/a><\/strong> para formata\u00e7\u00e3o do trabalho.\u00a0<\/span><\/p>\n<p>&nbsp;<\/p>\n","protected":false},"excerpt":{"rendered":"<p>Aproveite esta chance de mostrar o seu trabalho! O evento ter\u00e1 prioridade para apresenta\u00e7\u00e3o de trabalhos conclu\u00eddos ou que j\u00e1 possuem resultados consolidados, dentro das seguintes possibilidades: Projetos PUB;\u00a0 Projetos &#8230;<\/p>\n","protected":false},"author":1,"featured_media":1678,"parent":0,"menu_order":0,"comment_status":"closed","ping_status":"closed","template":"","meta":{"footnotes":""},"class_list":["post-1668","page","type-page","status-publish","has-post-thumbnail","hentry"],"_links":{"self":[{"href":"https:\/\/prceu.usp.br\/congresso\/wp-json\/wp\/v2\/pages\/1668","targetHints":{"allow":["GET"]}}],"collection":[{"href":"https:\/\/prceu.usp.br\/congresso\/wp-json\/wp\/v2\/pages"}],"about":[{"href":"https:\/\/prceu.usp.br\/congresso\/wp-json\/wp\/v2\/types\/page"}],"author":[{"embeddable":true,"href":"https:\/\/prceu.usp.br\/congresso\/wp-json\/wp\/v2\/users\/1"}],"replies":[{"embeddable":true,"href":"https:\/\/prceu.usp.br\/congresso\/wp-json\/wp\/v2\/comments?post=1668"}],"version-history":[{"count":0,"href":"https:\/\/prceu.usp.br\/congresso\/wp-json\/wp\/v2\/pages\/1668\/revisions"}],"wp:featuredmedia":[{"embeddable":true,"href":"https:\/\/prceu.usp.br\/congresso\/wp-json\/wp\/v2\/media\/1678"}],"wp:attachment":[{"href":"https:\/\/prceu.usp.br\/congresso\/wp-json\/wp\/v2\/media?parent=1668"}],"curies":[{"name":"wp","href":"https:\/\/api.w.org\/{rel}","templated":true}]}}