{"id":1675,"date":"2021-09-21T22:35:31","date_gmt":"2021-09-22T01:35:31","guid":{"rendered":"https:\/\/prceu.usp.br\/congresso\/?page_id=1675"},"modified":"2021-11-29T09:35:43","modified_gmt":"2021-11-29T12:35:43","slug":"inscricao-do-publico","status":"publish","type":"page","link":"https:\/\/prceu.usp.br\/congresso\/inscricao-do-publico\/","title":{"rendered":"Inscri\u00e7\u00e3o do P\u00fablico"},"content":{"rendered":"<h4>Inscri\u00e7\u00f5es encerradas!<br \/>\nAguardamos sua participa\u00e7\u00e3o na pr\u00f3xima edi\u00e7\u00e3o!<\/h4>\n<div id=\"gtx-trans\" style=\"position: absolute; left: 187px; top: 46.434px;\">\n<div class=\"gtx-trans-icon\"><\/div>\n<\/div>\n","protected":false},"excerpt":{"rendered":"<p>Inscri\u00e7\u00f5es ABERTAS! Inscrevam-se e participem!<\/p>\n","protected":false},"author":1,"featured_media":1653,"parent":0,"menu_order":0,"comment_status":"closed","ping_status":"closed","template":"","meta":{"footnotes":""},"class_list":["post-1675","page","type-page","status-publish","has-post-thumbnail","hentry"],"_links":{"self":[{"href":"https:\/\/prceu.usp.br\/congresso\/wp-json\/wp\/v2\/pages\/1675","targetHints":{"allow":["GET"]}}],"collection":[{"href":"https:\/\/prceu.usp.br\/congresso\/wp-json\/wp\/v2\/pages"}],"about":[{"href":"https:\/\/prceu.usp.br\/congresso\/wp-json\/wp\/v2\/types\/page"}],"author":[{"embeddable":true,"href":"https:\/\/prceu.usp.br\/congresso\/wp-json\/wp\/v2\/users\/1"}],"replies":[{"embeddable":true,"href":"https:\/\/prceu.usp.br\/congresso\/wp-json\/wp\/v2\/comments?post=1675"}],"version-history":[{"count":0,"href":"https:\/\/prceu.usp.br\/congresso\/wp-json\/wp\/v2\/pages\/1675\/revisions"}],"wp:featuredmedia":[{"embeddable":true,"href":"https:\/\/prceu.usp.br\/congresso\/wp-json\/wp\/v2\/media\/1653"}],"wp:attachment":[{"href":"https:\/\/prceu.usp.br\/congresso\/wp-json\/wp\/v2\/media?parent=1675"}],"curies":[{"name":"wp","href":"https:\/\/api.w.org\/{rel}","templated":true}]}}