{"id":17,"date":"2021-09-19T08:09:36","date_gmt":"2021-09-19T11:09:36","guid":{"rendered":"http:\/\/demos.famethemes.com\/onepress\/?page_id=17"},"modified":"2021-11-24T17:58:12","modified_gmt":"2021-11-24T20:58:12","slug":"sobre","status":"publish","type":"page","link":"https:\/\/prceu.usp.br\/congresso\/sobre\/","title":{"rendered":"O Congresso"},"content":{"rendered":"<p><span style=\"font-weight: 400;\">Com o prop\u00f3sito de apresentar a riqueza e import\u00e2ncia dos trabalhos desenvolvidos no contexto da cultura e extens\u00e3o da USP, a Pr\u00f3-Reitoria de Cultura e Extens\u00e3o Universit\u00e1ria (PRCEU) traz para a comunidade USP e para a sociedade em geral o I Congresso USP de Cultura e Extens\u00e3o. S\u00e3o palestras e apresenta\u00e7\u00f5es que proporcionam a troca de experi\u00eancias e colocam em primeiro plano a import\u00e2ncia deste tipo de a\u00e7\u00e3o,\u00a0 destacando ainda os principais desafios e solu\u00e7\u00f5es, al\u00e9m de resultados obtidos nas mais diversas \u00e1reas.\u00a0<\/span><\/p>\n<p><span style=\"font-weight: 400;\">Conhe\u00e7a a programa\u00e7\u00e3o e venha apresentar o seu trabalho!<\/span><\/p>\n<p><iframe loading=\"lazy\" src=\"\/\/www.youtube.com\/embed\/koKB56DsRN4\" width=\"715\" height=\"415\" allowfullscreen=\"allowfullscreen\"><\/iframe><\/p>\n<p><em><strong>Objetivos do Congresso:<\/strong><\/em><\/p>\n<p><span style=\"font-weight: 400;\">Debater a miss\u00e3o da universidade e sua integra\u00e7\u00e3o com a sociedade, mediante as atividades de cultura e extens\u00e3o;<\/span><\/p>\n<p><span style=\"font-weight: 400;\">Democratizar para toda a comunidade interna e externa as experi\u00eancias e os resultados alcan\u00e7ados com os projetos implantados na esfera da cultura e extens\u00e3o na Universidade de S\u00e3o Paulo;<\/span><\/p>\n<p><span style=\"font-weight: 400;\">Tornar p\u00fablico para a sociedade os principais resultados obtidos com\u00a0 Editais da PRCEU e do Plano Unificado de Bolsas da Universidade de S\u00e3o Paulo dos projetos realizados em cultura e extens\u00e3o, no per\u00edodo de agosto 2020 a agosto de 2021;<\/span><\/p>\n<p><span style=\"font-weight: 400;\">Prestar contas \u00e0 sociedade dos investimentos que a Universidade de S\u00e3o Paulo vem empregando para a perman\u00eancia estudantil assim como os servi\u00e7os prestados em n\u00edvel de extens\u00e3o e cultura \u00a0 para a popula\u00e7\u00e3o em geral.<\/span><\/p>\n","protected":false},"excerpt":{"rendered":"<p>Com o prop\u00f3sito de apresentar a riqueza e import\u00e2ncia dos trabalhos desenvolvidos no contexto da cultura e extens\u00e3o da USP, a PRCEU traz para comunidade USP &#8230;<\/p>\n","protected":false},"author":1,"featured_media":1630,"parent":0,"menu_order":0,"comment_status":"open","ping_status":"open","template":"","meta":{"footnotes":""},"class_list":["post-17","page","type-page","status-publish","has-post-thumbnail","hentry"],"_links":{"self":[{"href":"https:\/\/prceu.usp.br\/congresso\/wp-json\/wp\/v2\/pages\/17","targetHints":{"allow":["GET"]}}],"collection":[{"href":"https:\/\/prceu.usp.br\/congresso\/wp-json\/wp\/v2\/pages"}],"about":[{"href":"https:\/\/prceu.usp.br\/congresso\/wp-json\/wp\/v2\/types\/page"}],"author":[{"embeddable":true,"href":"https:\/\/prceu.usp.br\/congresso\/wp-json\/wp\/v2\/users\/1"}],"replies":[{"embeddable":true,"href":"https:\/\/prceu.usp.br\/congresso\/wp-json\/wp\/v2\/comments?post=17"}],"version-history":[{"count":0,"href":"https:\/\/prceu.usp.br\/congresso\/wp-json\/wp\/v2\/pages\/17\/revisions"}],"wp:featuredmedia":[{"embeddable":true,"href":"https:\/\/prceu.usp.br\/congresso\/wp-json\/wp\/v2\/media\/1630"}],"wp:attachment":[{"href":"https:\/\/prceu.usp.br\/congresso\/wp-json\/wp\/v2\/media?parent=17"}],"curies":[{"name":"wp","href":"https:\/\/api.w.org\/{rel}","templated":true}]}}