{"id":15,"date":"2014-11-13T15:52:59","date_gmt":"2014-11-13T17:52:59","guid":{"rendered":"https:\/\/prceu.usp.br\/?page_id=15"},"modified":"2023-07-19T09:23:05","modified_gmt":"2023-07-19T12:23:05","slug":"publicacoes","status":"publish","type":"page","link":"https:\/\/prceu.usp.br\/en\/publicacoes\/","title":{"rendered":"Publications"},"content":{"rendered":"<p style=\"text-align: justify;\"><span style=\"font-weight: 400;\">The <\/span><i><span style=\"font-weight: 400;\">Pr\u00f3-Reitoria de Cultura e Extens\u00e3o Universit\u00e1ria<\/span><\/i><span style=\"font-weight: 400;\"> currently has a series of publications aimed at broadening the diffusion of knowledge produced by the University of S\u00e3o Paulo and, particularly, its culture and university extension actions.<\/span><\/p>\n<p style=\"text-align: justify;\"><a href=\"https:\/\/prceu.usp.br\/programa\/caminhos-da-cultura\/\"><b>Caminhos da Cultura<\/b><\/a><b>: <\/b>a <span style=\"font-weight: 400;\">guide that brings highlights of the cultural and scientific programming of the University of S\u00e3o Paulo. Initially produced in a printed folder format, it is currently in two electronic formats:<\/span><\/p>\n<ul>\n<li style=\"font-weight: 400;\" aria-level=\"1\"><span style=\"font-weight: 400;\">Newsletter distributed by e-mail and social networks<\/span><span style=\"font-weight: 400;\"><br \/>\n<\/span><i><span style=\"font-weight: 400;\">(Project in progress)<\/span><\/i><\/li>\n<li style=\"font-weight: 400;\" aria-level=\"1\"><a href=\"https:\/\/prceu.usp.br\/noticia\/caminhos-da-cultura-na-radio\/\"><span style=\"font-weight: 400;\">Weekly program broadcasted on Radio USP &#8211; 93.7<\/span><\/a><span style=\"font-weight: 400;\"> &#8211; produced and presented by PRCEU&#8217;s team every Thursday within the Via Sampa program (noon to 1 pm)<\/span><\/li>\n<\/ul>\n<p style=\"text-align: justify;\"><a href=\"https:\/\/prceu.usp.br\/programa\/publicacoes-do-programa-aprender-com-cultura-e-extensao\/\"><b>Cat\u00e1logos Aprender com Cultura e Extens\u00e3o<\/b><\/a> <span style=\"font-weight: 400;\">(Learning with Culture and Extension Catalogues): in all its editions, the Program has published the project catalog for each edition every year and, since last year, the <\/span><i><span style=\"font-weight: 400;\">Cadernos Aprender com Cultura e Extens\u00e3o<\/span><\/i><span style=\"font-weight: 400;\">, which presents the results of the culture and extension projects. Both publications are available on the Program&#8217;s website.<\/span><\/p>\n<p style=\"text-align: justify;\"><a href=\"https:\/\/prceu.usp.br\/programa\/nascente\/\"><b>Cat\u00e1logos do Programa Nascente<\/b><\/a><span style=\"font-weight: 400;\"> (Nascente Program Catalogues): an annual publication of the Program, which divulges the finalist works, honorable mentions, and winners of the edition of the art contest at USP. As of 2015, the catalogs are no longer printed on paper, adopting a multimedia format and starting to incorporate the electronic collection of the Program&#8217;s website.<\/span><\/p>\n<p style=\"text-align: justify;\"><a href=\"https:\/\/prceu.usp.br\/programa\/publicacoes-do-programa-usp-e-as-profissoes\/\"><b>Cat\u00e1logos USP e as Profiss\u00f5es<\/b><\/a><span style=\"font-weight: 400;\"> (USP and Professions Catalogs): an annual publication that provides information about USP&#8217;s careers and courses, job market, and infrastructure made available by Teaching Units. The catalog is currently electronic and available for consultation on the Pr\u00f3-Reitoria de Cultura e Extens\u00e3o Universit\u00e1ria website.<\/span><\/p>\n<p style=\"text-align: justify;\"><a href=\"https:\/\/prceu.usp.br\/programa\/cursos-de-extensao-e-atividades-de-formacao-profissional\/\"><b>Cursos de Extens\u00e3o e Atividades de Forma\u00e7\u00e3o Profissional<\/b><\/a><span style=\"font-weight: 400;\"> (Extension Courses and Professional Training Activities): a biannual publication that aims to divulge the following modalities courses: improvement, diffusion, updating, specialization, and the activities of professionalizing practice, residency, and updating programs.<\/span><\/p>\n<p style=\"text-align: justify;\"><a href=\"https:\/\/prceu.usp.br\/programa\/revista-de-cultura-e-extensao\/\"><b>Revista Cultura e Extens\u00e3o USP<\/b><\/a><span style=\"font-weight: 400;\"> (Culture and Extension USP Magazine): a biannual publication that aims to open space for teachers and coordinators of extension projects to discuss their work in a language accessible to the general public. Its printed version is distributed free of charge to public and private educational institutions, libraries, and cultural diffusion centers.<\/span><\/p>\n<p style=\"text-align: justify;\"><a href=\"https:\/\/prceu.usp.br\/programa\/publicacoes-do-programa-universidade-aberta-a-terceira-idade\/\"><b>Universidade Aberta \u00e0 Terceira Idade<\/b><\/a><span style=\"font-weight: 400;\"> (Open University for the Third Age): a biannual publication of the Program which aims to divulge the regular courses and complementary physical, sportive, and didactic-cultural activities offered free of charge to the third age.<\/span><\/p>\n<p style=\"text-align: justify;\"><span style=\"font-weight: 400;\">The <\/span><i><span style=\"font-weight: 400;\">Pr\u00f3-Reitoria de Cultura e Extens\u00e3o Universit\u00e1ria<\/span><\/i><span style=\"font-weight: 400;\"> also has other publications originating from its Departments and Programs.<\/span><\/p>\n<p><span style=\"font-size: 10pt;\">Translated by: Lara Yoshime Shizuko Fukushima<\/span>","protected":false},"excerpt":{"rendered":"<p>The Pr\u00f3-Reitoria de Cultura e Extens\u00e3o Universit\u00e1ria currently has a series of publications aimed at broadening the diffusion of knowledge produced by the University of S\u00e3o Paulo and, particularly, its culture and university extension actions. Caminhos da Cultura: a guide that brings highlights of the cultural and scientific programming of the University of S\u00e3o Paulo. [&hellip;]<\/p>\n","protected":false},"author":58,"featured_media":3429,"parent":0,"menu_order":19,"comment_status":"open","ping_status":"closed","template":"","meta":{"footnotes":""},"categories":[],"tags":[],"culturais":[],"eventos":[],"local":[],"class_list":["post-15","page","type-page","status-publish","has-post-thumbnail","hentry"],"_links":{"self":[{"href":"https:\/\/prceu.usp.br\/en\/wp-json\/wp\/v2\/pages\/15","targetHints":{"allow":["GET"]}}],"collection":[{"href":"https:\/\/prceu.usp.br\/en\/wp-json\/wp\/v2\/pages"}],"about":[{"href":"https:\/\/prceu.usp.br\/en\/wp-json\/wp\/v2\/types\/page"}],"author":[{"embeddable":true,"href":"https:\/\/prceu.usp.br\/en\/wp-json\/wp\/v2\/users\/58"}],"replies":[{"embeddable":true,"href":"https:\/\/prceu.usp.br\/en\/wp-json\/wp\/v2\/comments?post=15"}],"version-history":[{"count":0,"href":"https:\/\/prceu.usp.br\/en\/wp-json\/wp\/v2\/pages\/15\/revisions"}],"wp:featuredmedia":[{"embeddable":true,"href":"https:\/\/prceu.usp.br\/en\/wp-json\/wp\/v2\/media\/3429"}],"wp:attachment":[{"href":"https:\/\/prceu.usp.br\/en\/wp-json\/wp\/v2\/media?parent=15"}],"wp:term":[{"taxonomy":"category","embeddable":true,"href":"https:\/\/prceu.usp.br\/en\/wp-json\/wp\/v2\/categories?post=15"},{"taxonomy":"post_tag","embeddable":true,"href":"https:\/\/prceu.usp.br\/en\/wp-json\/wp\/v2\/tags?post=15"},{"taxonomy":"culturais","embeddable":true,"href":"https:\/\/prceu.usp.br\/en\/wp-json\/wp\/v2\/culturais?post=15"},{"taxonomy":"eventos","embeddable":true,"href":"https:\/\/prceu.usp.br\/en\/wp-json\/wp\/v2\/eventos?post=15"},{"taxonomy":"local","embeddable":true,"href":"https:\/\/prceu.usp.br\/en\/wp-json\/wp\/v2\/local?post=15"}],"curies":[{"name":"wp","href":"https:\/\/api.w.org\/{rel}","templated":true}]}}