{"id":9,"date":"2014-11-13T15:52:17","date_gmt":"2014-11-13T17:52:17","guid":{"rendered":"https:\/\/prceu.usp.br\/?page_id=9"},"modified":"2026-04-28T09:48:15","modified_gmt":"2026-04-28T12:48:15","slug":"cursos","status":"publish","type":"page","link":"https:\/\/prceu.usp.br\/en\/cursos\/","title":{"rendered":"Courses and Activities"},"content":{"rendered":"<span style=\"font-weight: 400;\">The <\/span><i><span style=\"font-weight: 400;\">Pr\u00f3-Reitoria de Cultura e Extens\u00e3o Universit\u00e1ri<\/span><\/i><span style=\"font-weight: 400;\">a is responsible for offering and managing the university extension courses and activities in its various forms, following specific rules. These courses and activities are classified as follows:<\/span><\/p>\n<h2 style=\"text-align: center;\"><span style=\"font-size: 18pt;\"><b><i>Continued Education and Post-Graduation<\/i><\/b><\/span><\/h2>\n<p><span style=\"font-weight: 400;\">Courses involving hands-on training or post-academic apprenticeship. From a professional point of view, they are a series of efforts that are necessary so that the professional can keep up with the changes in his or her area of activity.<\/span><\/p>\n<p><a href=\"https:\/\/uspdigital.usp.br\/apolo\/apoListarCursoModalidadeTipo?id_modalidade=1\"><b><i>Especializa\u00e7\u00e3o (Specialisation)<\/i><\/b><\/a><b><i>\u00a0<\/i><\/b><\/p>\n<p><span style=\"font-weight: 400;\">The <\/span><i><span style=\"font-weight: 400;\">Curso de Especializa\u00e7\u00e3o<\/span><\/i><span style=\"font-weight: 400;\"> is a category of <\/span><i><span style=\"font-weight: 400;\">lato sensu<\/span><\/i><span style=\"font-weight: 400;\"> post-graduation course, with a minimum duration of 360 hours. It must be constituted as an organized system of one or more subjects, aiming at the qualification of professionals in a specific field of knowledge. Its technical and professional nature enables interested people to deepen their knowledge and competencies in a specific area, improving graduation teaching.<\/span><\/p>\n<p><a href=\"https:\/\/uspdigital.usp.br\/apolo\/apoListarCursoModalidadeTipo?id_modalidade=2\"><b><i>Aperfei\u00e7oamento (Improvement)<\/i><\/b><\/a><\/p>\n<p><span style=\"font-weight: 400;\">With a minimum course load of 180 hours, the <\/span><i><span style=\"font-weight: 400;\">Curso de Aperfei\u00e7oamento<\/span><\/i><span style=\"font-weight: 400;\"> is an organized system of one or more subjects, ministered only to graduated students, to expand their knowledge in specific fields of professional activities.<\/span><\/p>\n<p><a href=\"https:\/\/uspdigital.usp.br\/apolo\/apoListarCursoModalidadeTipo?id_modalidade=3\"><b><i>Atualiza\u00e7\u00e3o (Updating)<\/i><\/b><\/a><\/p>\n<p><span style=\"font-weight: 400;\">It is aimed at spreading the progress of knowledge in specific areas or disciplines. With a minimum course load of 30 hours, it is destined for people interested in reviewing and improving their professional activities as well as interacting with other professionals in the same field. They are destined for those who want to amplify their knowledge in their area of interest or to get to know new areas of activity, improving their professional qualification.<\/span><\/p>\n<h2 style=\"text-align: center;\"><b><i>Vocational Training<\/i><\/b><\/h2>\n<p><span style=\"font-weight: 400;\">Activities that aim at qualifying, developing, or improving job-specific skills set it apart from the <\/span><i><span style=\"font-weight: 400;\">Educa\u00e7\u00e3o Continuada<\/span><\/i><span style=\"font-weight: 400;\"> (Continued Education) activities by the eminently practical nature developed in its formation programs through on-the-job training.<\/span><\/p>\n<p><a href=\"https:\/\/uspdigital.usp.br\/apolo\/apoListarCursoModalidadeTipo?id_modalidade=6\"><b><i>Pr\u00e1tica Profissionalizante (Professionalizing Practice)<\/i><\/b><\/a><\/p>\n<p><span style=\"font-weight: 400;\">The <\/span><i><span style=\"font-weight: 400;\">Pr\u00e1tica Profissionalizante<\/span><\/i><span style=\"font-weight: 400;\"> aims at improving the performance of professional activity. Destined to healthcare professionals who want to increase their knowledge in a specific area, with a recycling system, to get a specific and defined improvement, destined and applied in a professional job of personal nature or a university institutional activity.<\/span><\/p>\n<p><a href=\"https:\/\/uspdigital.usp.br\/apolo\/apoListarCursoModalidadeTipo?id_modalidade=7\"><b><i>Programa de atualiza\u00e7\u00e3o (Updating Program)<\/i><\/b><\/a><\/p>\n<p><span style=\"font-weight: 400;\">The <\/span><i><span style=\"font-weight: 400;\">Programa de Atualiza\u00e7\u00e3o<\/span><\/i><span style=\"font-weight: 400;\"> aims at developing knowledge or technique in a specific area or discipline and it is designed for the general public, without a minimum education requirement.<\/span><\/p>\n<p><a href=\"https:\/\/uspdigital.usp.br\/apolo\/apoListarCursoModalidadeTipo?id_modalidade=5\"><b><i>Resid\u00eancia <\/i><\/b><\/a><a href=\"https:\/\/uspdigital.usp.br\/apolo\/apoListarCursoModalidadeTipo?id_modalidade=5\"><b><i>(Residency)<\/i><\/b><\/a><\/p>\n<p><span style=\"font-weight: 400;\">The <\/span><i><span style=\"font-weight: 400;\">Resid\u00eancia<\/span><\/i><span style=\"font-weight: 400;\"> aims at deepening scientific knowledge and technical expertise through on-the-job training. The residency in the healthcare field, which was created following the publication of Law No 11.129, in 2005, is a category of <\/span><i><span style=\"font-weight: 400;\">lato sensu <\/span><\/i><span style=\"font-weight: 400;\">post-graduation course, with a minimum course load of 5760 hours, oriented by the principles and guidelines of the <\/span><i><span style=\"font-weight: 400;\">Sistema \u00danico de Sa\u00fade (SUS),<\/span><\/i><span style=\"font-weight: 400;\"> based on local and regional needs and realities, and it includes healthcare professions, such as Biomedicine, Biological Sciences, Physical Education, Nursing, Pharmacy, Physiotherapy, Speech Therapy, Veterinary Medicine, Nutrition, Odontology, Psychology, Social Work, Occupational Therapy and Medical Physics.<\/span><\/p>\n<p><span style=\"font-weight: 400;\">The residency can be:<\/span><\/p>\n<p><a href=\"https:\/\/uspdigital.usp.br\/apolo\/apoListarCursoModalidadeTipo?id_modalidade=8\"><b><i>Categoria Multiprofissional (Multiprofessional Category)<\/i><\/b><\/a> <span style=\"font-weight: 400;\">\u2013 the program is composed of at least three healthcare professions and a Residency in the Professional Healthcare Field.<\/span><\/p>\n<p><b><i>Categoria Uniprofissional<\/i><\/b> <span style=\"font-weight: 400;\">\u2013 the program is composed of one healthcare profession, according to the Resolution CNRMS No. 02, from 2012.<\/span><\/p>\n<h2 style=\"text-align: center;\"><b><i>Diffusion<\/i><\/b><\/h2>\n<p><span style=\"font-weight: 400;\">The<\/span><a href=\"https:\/\/uspdigital.usp.br\/apolo\/apoListarCursoModalidadeTipo?id_modalidade=4\"> <b><i>Curso de Difus\u00e3o<\/i><\/b><\/a><span style=\"font-weight: 400;\">, which has a minimum course load of four hours, is an artistic, cultural, scientific, technical, technological, or sporting dissemination activity and is destined for the general public, without a minimum education requirement.<\/span><\/p>\n<p>&nbsp;<\/p>\n<p><span style=\"font-size: 10pt;\">Translated by: Lara Yoshime Shizuko Fukushima<\/span>","protected":false},"excerpt":{"rendered":"<p>The Pr\u00f3-Reitoria de Cultura e Extens\u00e3o Universit\u00e1ria is responsible for offering and managing the university extension courses and activities in its various forms, following specific rules. These courses and activities are classified as follows: Continued Education and Post-Graduation Courses involving hands-on training or post-academic apprenticeship. From a professional point of view, they are a series [&hellip;]<\/p>\n","protected":false},"author":58,"featured_media":1658,"parent":0,"menu_order":11,"comment_status":"closed","ping_status":"closed","template":"","meta":{"footnotes":""},"categories":[],"tags":[],"culturais":[],"eventos":[],"local":[],"class_list":["post-9","page","type-page","status-publish","has-post-thumbnail","hentry"],"_links":{"self":[{"href":"https:\/\/prceu.usp.br\/en\/wp-json\/wp\/v2\/pages\/9","targetHints":{"allow":["GET"]}}],"collection":[{"href":"https:\/\/prceu.usp.br\/en\/wp-json\/wp\/v2\/pages"}],"about":[{"href":"https:\/\/prceu.usp.br\/en\/wp-json\/wp\/v2\/types\/page"}],"author":[{"embeddable":true,"href":"https:\/\/prceu.usp.br\/en\/wp-json\/wp\/v2\/users\/58"}],"replies":[{"embeddable":true,"href":"https:\/\/prceu.usp.br\/en\/wp-json\/wp\/v2\/comments?post=9"}],"version-history":[{"count":1,"href":"https:\/\/prceu.usp.br\/en\/wp-json\/wp\/v2\/pages\/9\/revisions"}],"predecessor-version":[{"id":35870,"href":"https:\/\/prceu.usp.br\/en\/wp-json\/wp\/v2\/pages\/9\/revisions\/35870"}],"wp:featuredmedia":[{"embeddable":true,"href":"https:\/\/prceu.usp.br\/en\/wp-json\/wp\/v2\/media\/1658"}],"wp:attachment":[{"href":"https:\/\/prceu.usp.br\/en\/wp-json\/wp\/v2\/media?parent=9"}],"wp:term":[{"taxonomy":"category","embeddable":true,"href":"https:\/\/prceu.usp.br\/en\/wp-json\/wp\/v2\/categories?post=9"},{"taxonomy":"post_tag","embeddable":true,"href":"https:\/\/prceu.usp.br\/en\/wp-json\/wp\/v2\/tags?post=9"},{"taxonomy":"culturais","embeddable":true,"href":"https:\/\/prceu.usp.br\/en\/wp-json\/wp\/v2\/culturais?post=9"},{"taxonomy":"eventos","embeddable":true,"href":"https:\/\/prceu.usp.br\/en\/wp-json\/wp\/v2\/eventos?post=9"},{"taxonomy":"local","embeddable":true,"href":"https:\/\/prceu.usp.br\/en\/wp-json\/wp\/v2\/local?post=9"}],"curies":[{"name":"wp","href":"https:\/\/api.w.org\/{rel}","templated":true}]}}