{"id":11130,"date":"2019-10-15T17:24:34","date_gmt":"2019-10-15T20:24:34","guid":{"rendered":"https:\/\/prceu.usp.br\/?page_id=11130"},"modified":"2021-08-18T16:33:14","modified_gmt":"2021-08-18T19:33:14","slug":"educacao-continuada-e-pos-graduacao","status":"publish","type":"page","link":"https:\/\/prceu.usp.br\/es\/educacao-continuada-e-pos-graduacao\/","title":{"rendered":"Educaci\u00f3n Cont\u00ednua y Posgrado"},"content":{"rendered":"<span style=\"font-weight: 400;\">Cursos que implican pr\u00e1cticas o aprendizaje post-acad\u00e9mico. Desde el punto de vista profesional, es el conjunto de esfuerzos que se exigen al profesional para mantenerse al d\u00eda con los cambios en su \u00e1rea de trabajo.<\/span><\/p>\n<p><a title=\"Clique aqui para exibir Cursos de Especializa\u00e7\u00e3o\" href=\"https:\/\/uspdigital.usp.br\/apolo\/apoListarCursoModalidadeTipo?id_modalidade=1\" target=\"_blank\" rel=\"noopener noreferrer\"><strong>Especializaci\u00f3n<\/strong><\/a><br \/>\n<span style=\"font-weight: 400;\">Un curso de especializaci\u00f3n es una modalidad de postgrado lato sensu, con una duraci\u00f3n m\u00ednima de 360 horas. Debe constituirse como un sistema organizado de una o varias asignaturas, cuyo objetivo es cualificar a los profesionales en un campo de conocimiento espec\u00edfico. De car\u00e1cter t\u00e9cnico-profesional, permite a los interesados profundizar sus conocimientos y habilidades en un \u00e1rea determinada, profundizando en su formaci\u00f3n de grado.<\/span><\/p>\n<p><a title=\"Clique aqui para exibir Cursos de Aperfei\u00e7oamento\" href=\"https:\/\/uspdigital.usp.br\/apolo\/apoListarCursoModalidadeTipo?id_modalidade=2\" target=\"_blank\" rel=\"noopener noreferrer\"><strong>Optimizaci\u00f3n<\/strong><\/a><br \/>\n<span style=\"font-weight: 400;\">Con una duraci\u00f3n m\u00ednima de 180 horas, el Curso de Perfeccionamiento es un sistema organizado de una o varias asignaturas, impartido \u00fanicamente a los alumnos titulados, con el objetivo de ampliar los conocimientos en campos espec\u00edficos de la actividad profesional.<\/span><\/p>\n<p><a title=\"Clique aqui para exibir Cursos de Atualiza\u00e7\u00e3o\" href=\"https:\/\/uspdigital.usp.br\/apolo\/apoListarCursoModalidadeTipo?id_modalidade=3\" target=\"_blank\" rel=\"noopener noreferrer\"><strong>Actualizaci\u00f3n<\/strong><\/a><br \/>\n<span style=\"font-weight: 400;\">Tiene como objetivo difundir los avances del conocimiento en determinadas \u00e1reas o disciplinas. Con una carga de trabajo m\u00ednima de 30 horas, est\u00e1 dirigido a quienes est\u00e9n interesados en revisar y mejorar su actividad profesional, as\u00ed como en relacionarse con profesionales del \u00e1rea. Est\u00e1n dirigidos a quienes desean ampliar sus conocimientos en su \u00e1rea de inter\u00e9s o conocer nuevas \u00e1reas de actividad, mejorando su formaci\u00f3n.<\/span><\/p>\n<p><em><strong>ADVERTENCIA IMPORTANTE:<\/strong><\/em><br \/>\n<em>La regulaci\u00f3n de los cursos de extensi\u00f3n universitaria de la USP fue modificada el 2 de diciembre de 2019, incluyendo las pol\u00edticas de gratuidad. Para obtener m\u00e1s informaci\u00f3n, <a href=\"https:\/\/prceu.usp.br\/noticia\/nova-resolucao-cocex-no-7897-cursos-de-extensao-universitaria\/\" target=\"_blank\" rel=\"noopener noreferrer\">haga clic aqu\u00ed<\/a>.<\/em>","protected":false},"excerpt":{"rendered":"<p>Cursos que implican pr\u00e1cticas o aprendizaje post-acad\u00e9mico. Desde el punto de vista profesional, es el conjunto de esfuerzos que se exigen al profesional para mantenerse al d\u00eda con los cambios en su \u00e1rea de trabajo. Especializaci\u00f3n Un curso de especializaci\u00f3n es una modalidad de postgrado lato sensu, con una duraci\u00f3n m\u00ednima de 360 horas. Debe [&hellip;]<\/p>\n","protected":false},"author":58,"featured_media":4317,"parent":0,"menu_order":14,"comment_status":"closed","ping_status":"closed","template":"","meta":{"footnotes":""},"categories":[],"tags":[],"culturais":[],"eventos":[],"local":[],"class_list":["post-11130","page","type-page","status-publish","has-post-thumbnail","hentry"],"_links":{"self":[{"href":"https:\/\/prceu.usp.br\/es\/wp-json\/wp\/v2\/pages\/11130","targetHints":{"allow":["GET"]}}],"collection":[{"href":"https:\/\/prceu.usp.br\/es\/wp-json\/wp\/v2\/pages"}],"about":[{"href":"https:\/\/prceu.usp.br\/es\/wp-json\/wp\/v2\/types\/page"}],"author":[{"embeddable":true,"href":"https:\/\/prceu.usp.br\/es\/wp-json\/wp\/v2\/users\/58"}],"replies":[{"embeddable":true,"href":"https:\/\/prceu.usp.br\/es\/wp-json\/wp\/v2\/comments?post=11130"}],"version-history":[{"count":0,"href":"https:\/\/prceu.usp.br\/es\/wp-json\/wp\/v2\/pages\/11130\/revisions"}],"wp:featuredmedia":[{"embeddable":true,"href":"https:\/\/prceu.usp.br\/es\/wp-json\/wp\/v2\/media\/4317"}],"wp:attachment":[{"href":"https:\/\/prceu.usp.br\/es\/wp-json\/wp\/v2\/media?parent=11130"}],"wp:term":[{"taxonomy":"category","embeddable":true,"href":"https:\/\/prceu.usp.br\/es\/wp-json\/wp\/v2\/categories?post=11130"},{"taxonomy":"post_tag","embeddable":true,"href":"https:\/\/prceu.usp.br\/es\/wp-json\/wp\/v2\/tags?post=11130"},{"taxonomy":"culturais","embeddable":true,"href":"https:\/\/prceu.usp.br\/es\/wp-json\/wp\/v2\/culturais?post=11130"},{"taxonomy":"eventos","embeddable":true,"href":"https:\/\/prceu.usp.br\/es\/wp-json\/wp\/v2\/eventos?post=11130"},{"taxonomy":"local","embeddable":true,"href":"https:\/\/prceu.usp.br\/es\/wp-json\/wp\/v2\/local?post=11130"}],"curies":[{"name":"wp","href":"https:\/\/api.w.org\/{rel}","templated":true}]}}