{"id":11550,"date":"2019-10-15T17:26:34","date_gmt":"2019-10-15T20:26:34","guid":{"rendered":"https:\/\/prceu.usp.br\/?page_id=11135"},"modified":"2026-04-28T09:48:17","modified_gmt":"2026-04-28T12:48:17","slug":"formacao-profissional","status":"publish","type":"page","link":"https:\/\/prceu.usp.br\/es\/formacao-profissional\/","title":{"rendered":"Forma\u00e7\u00e3o Profissional"},"content":{"rendered":"Actividades que tienen como objetivo calificar, desarrollar y mejorar las habilidades propias de una profesi\u00f3n, diferindo de las actividades de \u00abEducaci\u00f3n Continua\u00bb por el car\u00e1cter eminentemente pr\u00e1ctico desarrollado en sus proyectos de formaci\u00f3n a trav\u00e9s de la capacitaci\u00f3n en servicio.<\/p>\n<p><span style=\"text-decoration: underline; color: #000000;\"><em><strong><a style=\"color: #000000; text-decoration: underline;\" href=\"https:\/\/uspdigital.usp.br\/apolo\/apoListarCursoModalidadeTipo?id_modalidade=6\">Pr\u00e1tica Profissionalizante<\/a><\/strong><\/em><\/span><br \/>\nLa Pr\u00e1ctica Profesional tiene como objetivo mejorar el ejercicio de la actividad profesional. Dirigido a profesionales de la salud, que viene a ampliar sus conocimientos en un \u00e1rea en particular, en el sistema de reciclaje para obtener la mejora espec\u00edfica y definida, dise\u00f1ado y implementado en el trabajo profesional de car\u00e1cter personal o actividad institucional de car\u00e1cter universitario.<\/p>\n<p><span style=\"text-decoration: underline; color: #000000;\"><em><strong><a style=\"color: #000000; text-decoration: underline;\" href=\"https:\/\/uspdigital.usp.br\/apolo\/apoListarCursoModalidadeTipo?id_modalidade=7\">Programa de Atualiza\u00e7\u00e3o<\/a><\/strong><\/em><\/span><br \/>\nEl Programa de Actualizaci\u00f3n tiene como objetivo desarrollar los conocimientos de los participantes o de la t\u00e9cnica en un \u00e1rea o disciplina en particular, dise\u00f1ado para el p\u00fablico en general, sin requisito m\u00ednimo de educaci\u00f3n.<\/p>\n<p><span style=\"color: #000000;\"><em><strong><a style=\"color: #000000;\" href=\"https:\/\/uspdigital.usp.br\/apolo\/apoListarCursoModalidadeTipo?id_modalidade=5\">Resid\u00eancia<\/a><\/strong><\/em><\/span><br \/>\nLa residencia tiene como objetivo profundizar el conocimiento cient\u00edfico y la competencia t\u00e9cnica a trav\u00e9s de la capacitaci\u00f3n en servicio. El Residencia en \u00c1rea Profesional en Salud creadas a partir de la promulgaci\u00f3n de la Ley N\u00ba 11.129 de 2005, son modalidades para postgrado <em>lato sensu<\/em>, con la carga de trabajo m\u00ednima de 5.760 horas, guiada por los principios y directrices del \u201cSistema \u00danico de Sa\u00fade (SUS)\u201d de las necesidades y realidades locales y regionales, e incluyen las profesiones de la salud, a saber: Biomedicina, Ciencias Biol\u00f3gicas, Educaci\u00f3n F\u00edsica, Enfermer\u00eda, Farmacia, Fisioterapia, Fonoaudiologia, Medicina Veterinaria, Nutrici\u00f3n, Odontolog\u00eda, Psicolog\u00eda, Trabajo Social , Terapia Ocupacional y F\u00edsica M\u00e9dica.<br \/>\nLa residencia puede ser:<\/p>\n<p style=\"padding-left: 40px;\"><a href=\"https:\/\/uspdigital.usp.br\/apolo\/apoListarCursoModalidadeTipo?id_modalidade=8\"><em><span style=\"text-decoration: underline;\"><strong>Multiprofesional<\/strong><\/span><\/em><\/a>&#8211; el programa constitu\u00eddo de al menos 03 profesiones de la salud, y como Residencia en \u00c1rea Profesional en Salud;<\/p>\n<p style=\"padding-left: 40px;\"><strong>Uniprofessional<\/strong> &#8211; el programa constitu\u00eddo por 1 profesi\u00f3n de la salud, de acuerdo con la Resoluci\u00f3n CNRMS N \u00b0 02 de 2012.<\/p>\n<p><em><strong>ADVERTENCIA IMPORTANTE:<\/strong><\/em><br \/>\n<em>La regulaci\u00f3n de los cursos de extensi\u00f3n universitaria de la USP fue modificada el 2 de diciembre de 2019, incluyendo las pol\u00edticas de gratuidad. Para obtener m\u00e1s informaci\u00f3n, <a href=\"https:\/\/prceu.usp.br\/noticia\/nova-resolucao-cocex-no-7897-cursos-de-extensao-universitaria\/\" target=\"_blank\" rel=\"noopener noreferrer\">haga click aqu\u00ed<\/a>.<\/em>","protected":false},"excerpt":{"rendered":"<p>Actividades que tienen como objetivo calificar, desarrollar y mejorar las habilidades propias de una profesi\u00f3n, diferindo de las actividades de \u00abEducaci\u00f3n Continua\u00bb por el car\u00e1cter eminentemente pr\u00e1ctico desarrollado en sus proyectos de formaci\u00f3n a trav\u00e9s de la capacitaci\u00f3n en servicio. Pr\u00e1tica Profissionalizante La Pr\u00e1ctica Profesional tiene como objetivo mejorar el ejercicio de la actividad profesional. [&hellip;]<\/p>\n","protected":false},"author":58,"featured_media":8907,"parent":0,"menu_order":27,"comment_status":"closed","ping_status":"closed","template":"","meta":{"footnotes":""},"categories":[],"tags":[],"culturais":[],"eventos":[],"local":[],"class_list":["post-11550","page","type-page","status-publish","has-post-thumbnail","hentry"],"_links":{"self":[{"href":"https:\/\/prceu.usp.br\/es\/wp-json\/wp\/v2\/pages\/11550","targetHints":{"allow":["GET"]}}],"collection":[{"href":"https:\/\/prceu.usp.br\/es\/wp-json\/wp\/v2\/pages"}],"about":[{"href":"https:\/\/prceu.usp.br\/es\/wp-json\/wp\/v2\/types\/page"}],"author":[{"embeddable":true,"href":"https:\/\/prceu.usp.br\/es\/wp-json\/wp\/v2\/users\/58"}],"replies":[{"embeddable":true,"href":"https:\/\/prceu.usp.br\/es\/wp-json\/wp\/v2\/comments?post=11550"}],"version-history":[{"count":1,"href":"https:\/\/prceu.usp.br\/es\/wp-json\/wp\/v2\/pages\/11550\/revisions"}],"predecessor-version":[{"id":35885,"href":"https:\/\/prceu.usp.br\/es\/wp-json\/wp\/v2\/pages\/11550\/revisions\/35885"}],"wp:featuredmedia":[{"embeddable":true,"href":"https:\/\/prceu.usp.br\/es\/wp-json\/wp\/v2\/media\/8907"}],"wp:attachment":[{"href":"https:\/\/prceu.usp.br\/es\/wp-json\/wp\/v2\/media?parent=11550"}],"wp:term":[{"taxonomy":"category","embeddable":true,"href":"https:\/\/prceu.usp.br\/es\/wp-json\/wp\/v2\/categories?post=11550"},{"taxonomy":"post_tag","embeddable":true,"href":"https:\/\/prceu.usp.br\/es\/wp-json\/wp\/v2\/tags?post=11550"},{"taxonomy":"culturais","embeddable":true,"href":"https:\/\/prceu.usp.br\/es\/wp-json\/wp\/v2\/culturais?post=11550"},{"taxonomy":"eventos","embeddable":true,"href":"https:\/\/prceu.usp.br\/es\/wp-json\/wp\/v2\/eventos?post=11550"},{"taxonomy":"local","embeddable":true,"href":"https:\/\/prceu.usp.br\/es\/wp-json\/wp\/v2\/local?post=11550"}],"curies":[{"name":"wp","href":"https:\/\/api.w.org\/{rel}","templated":true}]}}