{"id":11551,"date":"2019-10-15T17:27:44","date_gmt":"2019-10-15T20:27:44","guid":{"rendered":"https:\/\/prceu.usp.br\/?page_id=11137"},"modified":"2021-01-29T20:29:04","modified_gmt":"2021-01-29T23:29:04","slug":"difusao","status":"publish","type":"page","link":"https:\/\/prceu.usp.br\/es\/difusao\/","title":{"rendered":"Difusi\u00f3n"},"content":{"rendered":"El <a title=\"Clique aqui para exibir Curso de Difus\u00e3o\" href=\"https:\/\/uspdigital.usp.br\/apolo\/apoListarCursoModalidadeTipo?id_modalidade=4\" target=\"_blank\" rel=\"noopener noreferrer\"><strong>Curso de Difusi\u00f3n<\/strong><\/a>, que tiene una carga lectiva m\u00ednima de 4 horas, es una actividad de divulgaci\u00f3n art\u00edstica, cultural, cient\u00edfica, t\u00e9cnica, tecnol\u00f3gica o deportiva y est\u00e1 destinado al p\u00fablico en general, sin requisito de escolaridad m\u00ednima.<\/p>\n<p><em><strong>ADVERTENCIA IMPORTANTE:<\/strong><\/em><br \/>\n<em>La regulaci\u00f3n de los cursos de extensi\u00f3n universitaria de la USP fue modificada el 2 de diciembre de 2019, incluyendo las pol\u00edticas de gratuidad. Para obtener m\u00e1s informaci\u00f3n, <a href=\"https:\/\/prceu.usp.br\/noticia\/nova-resolucao-cocex-no-7897-cursos-de-extensao-universitaria\/\" target=\"_blank\" rel=\"noopener noreferrer\">haga clic aqu\u00ed<\/a>.<\/em>","protected":false},"excerpt":{"rendered":"<p>El Curso de Difusi\u00f3n, que tiene una carga lectiva m\u00ednima de 4 horas, es una actividad de divulgaci\u00f3n art\u00edstica, cultural, cient\u00edfica, t\u00e9cnica, tecnol\u00f3gica o deportiva y est\u00e1 destinado al p\u00fablico en general, sin requisito de escolaridad m\u00ednima. ADVERTENCIA IMPORTANTE: La regulaci\u00f3n de los cursos de extensi\u00f3n universitaria de la USP fue modificada el 2 de [&hellip;]<\/p>\n","protected":false},"author":58,"featured_media":10901,"parent":0,"menu_order":12,"comment_status":"closed","ping_status":"closed","template":"","meta":{"footnotes":""},"categories":[],"tags":[],"culturais":[],"eventos":[],"local":[],"class_list":["post-11551","page","type-page","status-publish","has-post-thumbnail","hentry"],"_links":{"self":[{"href":"https:\/\/prceu.usp.br\/es\/wp-json\/wp\/v2\/pages\/11551","targetHints":{"allow":["GET"]}}],"collection":[{"href":"https:\/\/prceu.usp.br\/es\/wp-json\/wp\/v2\/pages"}],"about":[{"href":"https:\/\/prceu.usp.br\/es\/wp-json\/wp\/v2\/types\/page"}],"author":[{"embeddable":true,"href":"https:\/\/prceu.usp.br\/es\/wp-json\/wp\/v2\/users\/58"}],"replies":[{"embeddable":true,"href":"https:\/\/prceu.usp.br\/es\/wp-json\/wp\/v2\/comments?post=11551"}],"version-history":[{"count":0,"href":"https:\/\/prceu.usp.br\/es\/wp-json\/wp\/v2\/pages\/11551\/revisions"}],"wp:featuredmedia":[{"embeddable":true,"href":"https:\/\/prceu.usp.br\/es\/wp-json\/wp\/v2\/media\/10901"}],"wp:attachment":[{"href":"https:\/\/prceu.usp.br\/es\/wp-json\/wp\/v2\/media?parent=11551"}],"wp:term":[{"taxonomy":"category","embeddable":true,"href":"https:\/\/prceu.usp.br\/es\/wp-json\/wp\/v2\/categories?post=11551"},{"taxonomy":"post_tag","embeddable":true,"href":"https:\/\/prceu.usp.br\/es\/wp-json\/wp\/v2\/tags?post=11551"},{"taxonomy":"culturais","embeddable":true,"href":"https:\/\/prceu.usp.br\/es\/wp-json\/wp\/v2\/culturais?post=11551"},{"taxonomy":"eventos","embeddable":true,"href":"https:\/\/prceu.usp.br\/es\/wp-json\/wp\/v2\/eventos?post=11551"},{"taxonomy":"local","embeddable":true,"href":"https:\/\/prceu.usp.br\/es\/wp-json\/wp\/v2\/local?post=11551"}],"curies":[{"name":"wp","href":"https:\/\/api.w.org\/{rel}","templated":true}]}}