{"id":11552,"date":"2019-11-04T21:37:14","date_gmt":"2019-11-04T23:37:14","guid":{"rendered":"https:\/\/prceu.usp.br\/?page_id=11261"},"modified":"2022-10-07T15:22:23","modified_gmt":"2022-10-07T18:22:23","slug":"revista","status":"publish","type":"page","link":"https:\/\/prceu.usp.br\/es\/revista\/","title":{"rendered":"Revista USP INTEGRA\u00e7\u00e3o"},"content":{"rendered":"<blockquote><p>La nueva revista de la USP destaca las actividades dirigidas a la sociedad: las actividades culturales, los programas de relaci\u00f3n con la sociedad y los proyectos de extensi\u00f3n ser\u00e1n los lineamientos de la publicaci\u00f3n<\/p><\/blockquote>\n<div style=\"width: 640px;\" class=\"wp-video\"><video class=\"wp-video-shortcode\" id=\"video-11552-3\" width=\"640\" height=\"360\" preload=\"metadata\" controls=\"controls\"><source type=\"video\/mp4\" src=\"https:\/\/prceu.usp.br\/wp-content\/uploads\/2019\/07\/RevistaUSPINTEGRAcao-1.mp4?_=3\" \/><a href=\"https:\/\/prceu.usp.br\/wp-content\/uploads\/2019\/07\/RevistaUSPINTEGRAcao-1.mp4\">https:\/\/prceu.usp.br\/wp-content\/uploads\/2019\/07\/RevistaUSPINTEGRAcao-1.mp4<\/a><\/video><\/div>\n<p>En junio de 2019, el Rectorado de Cultura y Extensi\u00f3n Universitaria de la Universidad de S\u00e3o Paulo (PRCEU) lanz\u00f3 su nueva revista, <b>USP INTEGRA\u00e7\u00e3o<\/b>.<\/p>\n<p>El objetivo principal de la revista es proporcionar al p\u00fablico informaci\u00f3n sobre lo que la Universidad de S\u00e3o Paulo desarrolla en las \u00e1reas de cultura y extensi\u00f3n y lo que ofrece a la sociedad, buscando resaltar los puntos en los que esta interacci\u00f3n ocurre de una manera m\u00e1s relevante. Para ello, el proyecto fue formateado con un concepto gr\u00e1fico ligero y contempor\u00e1neo y con un lenguaje period\u00edstico y coloquial, que difiere de las publicaciones cient\u00edficas.<\/p>\n<p><span style=\"font-weight: 400;\">La revista est\u00e1 estructurada en secciones como<\/span><i><span style=\"font-weight: 400;\"> Reportagem de Capa<\/span><\/i><span style=\"font-weight: 400;\"> (Historia de Portada<\/span>), que traer\u00e1 noticias destacadas; <i><span style=\"font-weight: 400;\">Entrevista (<\/span><\/i>Entrevista), con responsables de actividades relevantes en el \u00e1rea; <i><span style=\"font-weight: 400;\">Reportagem (<\/span><\/i>Reportaje), retratando proyectos y acciones; <i><span style=\"font-weight: 400;\">Experi\u00eancias (<\/span><\/i>Experiencias), con reportajes en primera persona; <i><span style=\"font-weight: 400;\">Ensaio fotogr\u00e1fico <\/span><\/i><span style=\"font-weight: 400;\">(<\/span><span style=\"font-weight: 400;\">Sesi\u00f3n de fotos<\/span>), que trae im\u00e1genes de lugares que pueden ser visitados por el p\u00fablico; <i><span style=\"font-weight: 400;\">Perfil <\/span><\/i><span style=\"font-weight: 400;\">(<\/span><span style=\"font-weight: 400;\">Perfil), con detalles hist\u00f3ricos y el funcionamiento de diversos \u00f3rganos y programas;<\/span> y <span style=\"font-weight: 400;\"><em>O que \u00e9&#8230;<\/em> (<\/span>Qu\u00e9 es &#8230;) que da a conocer curiosidades y jerga.<\/p>\n<p>Para la directora editorial de la revista, la profesora Margarida Maria Krohling Kunsch, el producto llena un vac\u00edo: \u00abEsperamos que la revista sea un medio de interlocuci\u00f3n de nuestra universidad con los diversos actores involucrados en sus actividades finales, dentro o fuera de nuestros muros \u00ab, dice Kunsch, pro rectora de cultura y extensi\u00f3n universitaria. \u00abPretendemos democratizar las experiencias promovidas e implantadas en el \u00e1rea cultural y de extensi\u00f3n como una manera para que la Universidad rinda cuentas a la sociedad de las inversiones que ha recibido como una universidad p\u00fablica y gratuita\u00bb, se\u00f1ala.<\/p>\n<p><span style=\"font-size: 10pt;\"><em><strong>Expediente<\/strong><\/em><\/span><\/p>\n<p><span style=\"font-size: 10pt;\"><strong>Directora Editorial<\/strong><\/span><br \/>\n<span style=\"font-size: 10pt;\">Profa. Dra. Margarida Maria Krohling Kunsch<\/span><em><strong><br \/>\n<\/strong><\/em><\/p>\n<table style=\"border-collapse: collapse; width: 100%;\">\n<tbody>\n<tr>\n<td style=\"width: 41.5225%;\"><span style=\"font-size: 10pt;\"><strong>Editor<\/strong><\/span><br \/>\n<span style=\"font-size: 10pt;\">Michel Sitnik<\/span><br \/>\n<span style=\"font-size: 10pt;\"><strong>Consejo editorial<br \/>\n<\/strong><\/span><span style=\"font-size: 10pt;\">Prof. Dr. Adriano Tech<\/span><br \/>\n<span style=\"font-size: 10pt;\">Prof. Dr. Carlos Vicente Serrano Junior<\/span><br \/>\n<span style=\"font-size: 10pt;\">Prof. Dr. Jos\u00e9 Nicolau Gregorin Filho<\/span><br \/>\n<span style=\"font-size: 10pt;\">Prof. Dr. Marcelo B\u00f6necker<\/span><br \/>\n<span style=\"font-size: 10pt;\">Profa. Dra. Maria Olimpia Rezende<\/span><br \/>\n<span style=\"font-size: 10pt;\">Prof. Dr. Plinio Martins Filho<\/span><\/td>\n<td style=\"width: 58.4775%;\"><span style=\"font-size: 10pt;\"><strong>Periodismo<\/strong><\/span><br \/>\n<span style=\"font-size: 10pt;\">Elcio Silva<\/span><br \/>\n<span style=\"font-size: 10pt;\">Fabio Rubira<br \/>\nMichel Sitnik<\/span><br \/>\n<span style=\"font-size: 10pt;\">Sandra Lima<\/span><br \/>\n<span style=\"font-size: 10pt;\"><strong>Proyecto Gr\u00e1fico<\/strong><\/span><br \/>\n<span style=\"font-size: 10pt;\">Camila Previato<\/span><br \/>\n<span style=\"font-size: 10pt;\">Cec\u00edlia Christine Handaya \u2013 apoio<\/span><br \/>\n<span style=\"font-size: 10pt;\"><strong>Publicaci\u00f3n electr\u00f3nica<\/strong><\/span><br \/>\n<span style=\"font-size: 10pt;\">Camila Previato<\/span><\/td>\n<\/tr>\n<\/tbody>\n<\/table>\n<p><span style=\"font-size: 10pt;\">Pr\u00f3-Rector\u00eda de Cultura y Extensi\u00f3n Universitaria de la USP<\/span><br \/>\n<span style=\"font-size: 10pt;\"><em>Rua da Reitoria, 374, 3o andar &#8211; 05508-220 &#8211; S\u00e3o Paulo &#8211; SP<\/em><\/span><\/p>\n<p>ISSN 2675-3138","protected":false},"excerpt":{"rendered":"<p>La nueva revista de la USP destaca las actividades dirigidas a la sociedad: las actividades culturales, los programas de relaci\u00f3n con la sociedad y los proyectos de extensi\u00f3n ser\u00e1n los lineamientos de la publicaci\u00f3n En junio de 2019, el Rectorado de Cultura y Extensi\u00f3n Universitaria de la Universidad de S\u00e3o Paulo (PRCEU) lanz\u00f3 su nueva [&hellip;]<\/p>\n","protected":false},"author":58,"featured_media":10421,"parent":0,"menu_order":24,"comment_status":"closed","ping_status":"closed","template":"","meta":{"footnotes":""},"categories":[],"tags":[],"culturais":[],"eventos":[],"local":[],"class_list":["post-11552","page","type-page","status-publish","has-post-thumbnail","hentry"],"_links":{"self":[{"href":"https:\/\/prceu.usp.br\/es\/wp-json\/wp\/v2\/pages\/11552","targetHints":{"allow":["GET"]}}],"collection":[{"href":"https:\/\/prceu.usp.br\/es\/wp-json\/wp\/v2\/pages"}],"about":[{"href":"https:\/\/prceu.usp.br\/es\/wp-json\/wp\/v2\/types\/page"}],"author":[{"embeddable":true,"href":"https:\/\/prceu.usp.br\/es\/wp-json\/wp\/v2\/users\/58"}],"replies":[{"embeddable":true,"href":"https:\/\/prceu.usp.br\/es\/wp-json\/wp\/v2\/comments?post=11552"}],"version-history":[{"count":0,"href":"https:\/\/prceu.usp.br\/es\/wp-json\/wp\/v2\/pages\/11552\/revisions"}],"wp:featuredmedia":[{"embeddable":true,"href":"https:\/\/prceu.usp.br\/es\/wp-json\/wp\/v2\/media\/10421"}],"wp:attachment":[{"href":"https:\/\/prceu.usp.br\/es\/wp-json\/wp\/v2\/media?parent=11552"}],"wp:term":[{"taxonomy":"category","embeddable":true,"href":"https:\/\/prceu.usp.br\/es\/wp-json\/wp\/v2\/categories?post=11552"},{"taxonomy":"post_tag","embeddable":true,"href":"https:\/\/prceu.usp.br\/es\/wp-json\/wp\/v2\/tags?post=11552"},{"taxonomy":"culturais","embeddable":true,"href":"https:\/\/prceu.usp.br\/es\/wp-json\/wp\/v2\/culturais?post=11552"},{"taxonomy":"eventos","embeddable":true,"href":"https:\/\/prceu.usp.br\/es\/wp-json\/wp\/v2\/eventos?post=11552"},{"taxonomy":"local","embeddable":true,"href":"https:\/\/prceu.usp.br\/es\/wp-json\/wp\/v2\/local?post=11552"}],"curies":[{"name":"wp","href":"https:\/\/api.w.org\/{rel}","templated":true}]}}