{"id":15,"date":"2014-11-13T15:52:59","date_gmt":"2014-11-13T17:52:59","guid":{"rendered":"https:\/\/prceu.usp.br\/?page_id=15"},"modified":"2026-04-28T09:48:16","modified_gmt":"2026-04-28T12:48:16","slug":"publicacoes","status":"publish","type":"page","link":"https:\/\/prceu.usp.br\/es\/publicacoes\/","title":{"rendered":"Publicaciones"},"content":{"rendered":"La <em>Pr\u00f3-Reitoria de Cultura e Extens\u00e3o Universit\u00e1ria<\/em> tiene ahora una serie de publicaciones en serie que tiene como objetivo ampliar la difusi\u00f3n del conocimiento producido por la Universidad de S\u00e3o Paulo, y en particular sus acciones de cultura y extensi\u00f3n universitaria.<\/p>\n<p><a href=\"https:\/\/prceu.usp.br\/programa\/caminhos-da-cultura\/\"><strong>Caminhos da Cultura<\/strong><\/a>: guia mensual proporciona aspectos destacados del programa cultural y de divulgaci\u00f3n cient\u00edfica de la Universidad de S\u00e3o Paulo. El folleto se distribuye gratuitamente en Unidades Did\u00e1cticas de la USP, bibliotecas p\u00fablicas y centros culturales y una versi\u00f3n completa, permanente actualizado, es el portal de la <em>Pr\u00f3-Reitoria de Cultura e Extens\u00e3o Universit\u00e1ria<\/em>.<\/p>\n<ul>\n<li><span style=\"font-weight: 400;\">Bolet\u00edn informativo distribuido por correo electr\u00f3nico y redes sociales<\/span><br \/>\n<span style=\"color: #999999; font-size: 8pt;\"><em>(proyecto en ejecuci\u00f3n)<\/em><\/span><\/li>\n<li><a href=\"https:\/\/prceu.usp.br\/noticia\/caminhos-da-cultura-na-radio\/\"><span style=\"font-weight: 400;\">Programa semanal emitido en Radio USP &#8211; 93.7 &#8211; <\/span><\/a><span style=\"font-weight: 400;\">producido y presentado por el equipo de PRCEU todos los jueves dentro del <\/span>Programa Via Sampa (12h a 13h)<\/li>\n<\/ul>\n<p><a href=\"https:\/\/prceu.usp.br\/programa\/publicacoes-do-programa-aprender-com-cultura-e-extensao\/\"><strong>Cat\u00e1logos Aprender com Cultura e Extens\u00e3o<\/strong><\/a>:\u00a0desde su primera edici\u00f3n, el Programa publica el cat\u00e1logo de proyectos de cada asunto y, desde el a\u00f1o pasado, los libros de cultura de aprendizaje y de extensi\u00f3n, que presenta los resultados de proyectos de cultura y extensi\u00f3n. Ambas publicaciones est\u00e1n disponibles en el sitio web del Programa.<\/p>\n<p><a href=\"https:\/\/prceu.usp.br\/programa\/publicacoes-do-programa-nascente\/\"><strong>Cat\u00e1logos do Programa Nascente<\/strong><\/a>: <span style=\"font-weight: 400;\">publicaci\u00f3n anual del Programa, en la que se dan a conocer las obras finalistas, las menciones honor\u00edficas y los ganadores de la edici\u00f3n del concurso de arte de la USP. A partir de 2015, los cat\u00e1logos dejaron de imprimirse en papel, adoptando el formato multimedia y comenzando a incorporar la colecci\u00f3n electr\u00f3nica de la web del Programa.<\/span><\/p>\n<p><a href=\"https:\/\/prceu.usp.br\/programa\/publicacoes-do-programa-usp-e-as-profissoes\/\"><strong>Cat\u00e1logos USP e as Profiss\u00f5es<\/strong><\/a>: publicaci\u00f3n anual que difunde informaciones sobre las carreras y cursos en la USP, el mercado de trabajo y la infraestructura disponible para las Unidades de Ensino. El cat\u00e1logo est\u00e1 disponible para su consulta en la p\u00e1gina web de la <em>Pr\u00f3-Reitoria de Cultura e Extens\u00e3o Universit\u00e1ria<\/em> y tambi\u00e9n se distribuye en las escuelas p\u00fablicas de educaci\u00f3n.<\/p>\n<p><a href=\"https:\/\/prceu.usp.br\/programa\/cursos-de-extensao-e-atividades-de-formacao-profissional\/\"><strong>Cursos de Extens\u00e3o e Atividades de Forma\u00e7\u00e3o Profissional<\/strong><\/a>: publicaci\u00f3n semestral que tiene como objetivo difundir los cursos de las siguientes maneras: mejora, difusi\u00f3n, actualizaci\u00f3n, especializaci\u00f3n y las actividades de la pr\u00e1ctica profesional, la residencia y programas de actualizaci\u00f3n.<\/p>\n<p><span style=\"color: #000000;\"><a style=\"color: #000000;\" title=\"Revista de Cultura e Extens\u00e3o\" href=\"https:\/\/prceu.usp.br\/pt\/programa\/revista-de-cultura-e-extensao\/\"><strong><span style=\"text-decoration: underline;\">Revista de Cultura e Extens\u00e3o USP<\/span><\/strong>:<\/a><\/span> publicaci\u00f3n semestral que tiene como objetivo dar cabida a los profesores y coordinadores de proyectos de extensi\u00f3n discurran acerca de su trabajo en un lenguaje accesible al p\u00fablico en general. Su versi\u00f3n impresa se distribuye gratuitamente a las instituciones educativas p\u00fablicas y privadas, bibliotecas y centros de difusi\u00f3n cultural.<\/p>\n<p><a href=\"https:\/\/prceu.usp.br\/programa\/publicacoes-do-programa-universidade-aberta-a-terceira-idade\/\"><strong>Universidade Aberta \u00e0 Terceira Idade<\/strong><\/a>: publicaci\u00f3n semestral del Programa que tiene como objetivo difundir las disciplinas regulares y deportes f\u00edsicos y deportivas complementarias y educativo y culturales que ofrecidos gratuitamente a las personas de tercera edad.<\/p>\n<p>La <em>Pr\u00f3-Reitoria de Cultura e Extens\u00e3o Universit\u00e1ria<\/em> tambi\u00e9n tiene otras publicaciones derivadas de sus \u00f3rganos y programas.","protected":false},"excerpt":{"rendered":"<p>La Pr\u00f3-Reitoria de Cultura e Extens\u00e3o Universit\u00e1ria tiene ahora una serie de publicaciones en serie que tiene como objetivo ampliar la difusi\u00f3n del conocimiento producido por la Universidad de S\u00e3o Paulo, y en particular sus acciones de cultura y extensi\u00f3n universitaria. Caminhos da Cultura: guia mensual proporciona aspectos destacados del programa cultural y de divulgaci\u00f3n [&hellip;]<\/p>\n","protected":false},"author":58,"featured_media":3429,"parent":0,"menu_order":19,"comment_status":"closed","ping_status":"closed","template":"","meta":{"footnotes":""},"categories":[],"tags":[],"culturais":[],"eventos":[],"local":[],"class_list":["post-15","page","type-page","status-publish","has-post-thumbnail","hentry"],"_links":{"self":[{"href":"https:\/\/prceu.usp.br\/es\/wp-json\/wp\/v2\/pages\/15","targetHints":{"allow":["GET"]}}],"collection":[{"href":"https:\/\/prceu.usp.br\/es\/wp-json\/wp\/v2\/pages"}],"about":[{"href":"https:\/\/prceu.usp.br\/es\/wp-json\/wp\/v2\/types\/page"}],"author":[{"embeddable":true,"href":"https:\/\/prceu.usp.br\/es\/wp-json\/wp\/v2\/users\/58"}],"replies":[{"embeddable":true,"href":"https:\/\/prceu.usp.br\/es\/wp-json\/wp\/v2\/comments?post=15"}],"version-history":[{"count":1,"href":"https:\/\/prceu.usp.br\/es\/wp-json\/wp\/v2\/pages\/15\/revisions"}],"predecessor-version":[{"id":35877,"href":"https:\/\/prceu.usp.br\/es\/wp-json\/wp\/v2\/pages\/15\/revisions\/35877"}],"wp:featuredmedia":[{"embeddable":true,"href":"https:\/\/prceu.usp.br\/es\/wp-json\/wp\/v2\/media\/3429"}],"wp:attachment":[{"href":"https:\/\/prceu.usp.br\/es\/wp-json\/wp\/v2\/media?parent=15"}],"wp:term":[{"taxonomy":"category","embeddable":true,"href":"https:\/\/prceu.usp.br\/es\/wp-json\/wp\/v2\/categories?post=15"},{"taxonomy":"post_tag","embeddable":true,"href":"https:\/\/prceu.usp.br\/es\/wp-json\/wp\/v2\/tags?post=15"},{"taxonomy":"culturais","embeddable":true,"href":"https:\/\/prceu.usp.br\/es\/wp-json\/wp\/v2\/culturais?post=15"},{"taxonomy":"eventos","embeddable":true,"href":"https:\/\/prceu.usp.br\/es\/wp-json\/wp\/v2\/eventos?post=15"},{"taxonomy":"local","embeddable":true,"href":"https:\/\/prceu.usp.br\/es\/wp-json\/wp\/v2\/local?post=15"}],"curies":[{"name":"wp","href":"https:\/\/api.w.org\/{rel}","templated":true}]}}