{"id":34183,"date":"2024-05-10T12:54:02","date_gmt":"2024-05-10T15:54:02","guid":{"rendered":"https:\/\/prceu.usp.br\/?page_id=34183"},"modified":"2024-11-08T20:46:42","modified_gmt":"2024-11-08T23:46:42","slug":"curricularizacao","status":"publish","type":"page","link":"https:\/\/prceu.usp.br\/es\/curricularizacao\/","title":{"rendered":"(Portugu\u00eas) Curriculariza\u00e7\u00e3o"},"content":{"rendered":"<p class=\"qtranxs-available-languages-message qtranxs-available-languages-message-es\">Disculpa, pero esta entrada est\u00e1 disponible s\u00f3lo en <a href=\"https:\/\/prceu.usp.br\/pt\/wp-json\/wp\/v2\/pages\/34183\" class=\"qtranxs-available-language-link qtranxs-available-language-link-pt\" title=\"Portugu\u00eas\">Portugu\u00eas<\/a>.<\/p>","protected":false},"excerpt":{"rendered":"<p>Disculpa, pero esta entrada est\u00e1 disponible s\u00f3lo en Portugu\u00eas.<\/p>\n","protected":false},"author":58,"featured_media":34236,"parent":0,"menu_order":0,"comment_status":"closed","ping_status":"closed","template":"","meta":{"footnotes":""},"categories":[1254],"tags":[1398,1146,1399,86,1397,939],"culturais":[],"eventos":[],"local":[1213],"class_list":["post-34183","page","type-page","status-publish","has-post-thumbnail","hentry","category-sao-paulo","tag-curricular","tag-curricularizacao","tag-curriculo","tag-extensao","tag-grade","tag-graduacao","local-sao-paulo"],"_links":{"self":[{"href":"https:\/\/prceu.usp.br\/es\/wp-json\/wp\/v2\/pages\/34183","targetHints":{"allow":["GET"]}}],"collection":[{"href":"https:\/\/prceu.usp.br\/es\/wp-json\/wp\/v2\/pages"}],"about":[{"href":"https:\/\/prceu.usp.br\/es\/wp-json\/wp\/v2\/types\/page"}],"author":[{"embeddable":true,"href":"https:\/\/prceu.usp.br\/es\/wp-json\/wp\/v2\/users\/58"}],"replies":[{"embeddable":true,"href":"https:\/\/prceu.usp.br\/es\/wp-json\/wp\/v2\/comments?post=34183"}],"version-history":[{"count":0,"href":"https:\/\/prceu.usp.br\/es\/wp-json\/wp\/v2\/pages\/34183\/revisions"}],"wp:featuredmedia":[{"embeddable":true,"href":"https:\/\/prceu.usp.br\/es\/wp-json\/wp\/v2\/media\/34236"}],"wp:attachment":[{"href":"https:\/\/prceu.usp.br\/es\/wp-json\/wp\/v2\/media?parent=34183"}],"wp:term":[{"taxonomy":"category","embeddable":true,"href":"https:\/\/prceu.usp.br\/es\/wp-json\/wp\/v2\/categories?post=34183"},{"taxonomy":"post_tag","embeddable":true,"href":"https:\/\/prceu.usp.br\/es\/wp-json\/wp\/v2\/tags?post=34183"},{"taxonomy":"culturais","embeddable":true,"href":"https:\/\/prceu.usp.br\/es\/wp-json\/wp\/v2\/culturais?post=34183"},{"taxonomy":"eventos","embeddable":true,"href":"https:\/\/prceu.usp.br\/es\/wp-json\/wp\/v2\/eventos?post=34183"},{"taxonomy":"local","embeddable":true,"href":"https:\/\/prceu.usp.br\/es\/wp-json\/wp\/v2\/local?post=34183"}],"curies":[{"name":"wp","href":"https:\/\/api.w.org\/{rel}","templated":true}]}}