{"id":85,"date":"2015-02-22T15:38:18","date_gmt":"2015-02-22T18:38:18","guid":{"rendered":"https:\/\/prceu.usp.br\/?page_id=85"},"modified":"2023-07-19T08:40:19","modified_gmt":"2023-07-19T11:40:19","slug":"institucional","status":"publish","type":"page","link":"https:\/\/prceu.usp.br\/es\/institucional\/","title":{"rendered":"La PRCEU"},"content":{"rendered":"<a href=\"https:\/\/prceu.usp.br\/wp-content\/uploads\/2020\/03\/Livreto-institu-A4-digital-1_compressed-1.pdf\" class=\"pdfemb-viewer\" style=\"\" data-width=\"max\" data-height=\"max\" data-toolbar=\"bottom\" data-toolbar-fixed=\"off\">Livreto institu A4 digital (1)_compressed (1)<\/a>\n<p>&nbsp;<\/p>\n<p>La Pro-Rector\u00eda de Cultura y Extensi\u00f3n Universitaria (PRCEU) es el organismo que desarrolla las pol\u00edticas culturales y de extensi\u00f3n de la Universidad de S\u00e3o Paulo, actuando como un canal abierto de di\u00e1logo entre la USP y la sociedad.<\/p>\n<p>En una universidad p\u00fablica, este papel es de gran importancia porque representa precisamente el v\u00ednculo entre la instituci\u00f3n y la sociedad que la mantiene. Si bien es esencial que la universidad aporte sus conocimientos y servicios a la comunidad, es igualmente importante crear puentes en los que la sociedad tambi\u00e9n pueda hacerse o\u00edr por la universidad y aportarle su realidad, sus demandas y sus conocimientos.<\/p>\n<p>La PRCEU tiene una amplia gama de actividades, trabajando en la gesti\u00f3n de cursos, programas de promoci\u00f3n de iniciativas acad\u00e9micas en cultura y extensi\u00f3n, y en el apoyo a las acciones de la comunidad universitaria con la sociedad.<\/p>\n<p>Las formas de actuaci\u00f3n son variadas: parte de las acciones se desarrollan en el \u00e1mbito de varios centros culturales, en diferentes localidades, y desarrollan actividades centradas en las artes esc\u00e9nicas, el cine, la m\u00fasica, las artes pl\u00e1sticas, la preservaci\u00f3n de la cultura y el patrimonio, la literatura y la difusi\u00f3n cient\u00edfica.<\/p>\n<p>Otras acciones se desarrollan en el \u00e1mbito de los programas institucionales de la RPCEU que se han centrado en la extensi\u00f3n y la relaci\u00f3n directa con la comunidad interna y externa de la USP. Los temas trabajados por el equipo del PRCEU en estos programas incluyen cuestiones como la inclusi\u00f3n, la accesibilidad, la diversidad, el esp\u00edritu empresarial, la econom\u00eda solidaria, la elecci\u00f3n de carreras, la admisi\u00f3n en la USP, el est\u00edmulo a la divulgaci\u00f3n de talentos, la tercera edad, la relaci\u00f3n con la comunidad y con los menores en situaci\u00f3n de vulnerabilidad, la actualizaci\u00f3n de los profesores y la apertura y presentaci\u00f3n de los campus de la USP al p\u00fablico.<\/p>\n<p>Por \u00faltimo, la PRCEU desempe\u00f1a un papel en la gesti\u00f3n de los cursos de extensi\u00f3n que se ofrecen a la comunidad en varias modalidades, desde los cursos de difusi\u00f3n m\u00e1s breves hasta las residencias y especializaciones multiprofesionales.<\/p>\n<p><a href=\"https:\/\/prceu.usp.br\/wp-content\/uploads\/2020\/03\/Livreto-institu-A4-digital-1_compressed-1.pdf\" target=\"_blank\" rel=\"noopener noreferrer\">HAZ CLICK AQU\u00cd<\/a> para descargar el folleto institucional en PDF.","protected":false},"excerpt":{"rendered":"<p>&nbsp; La Pro-Rector\u00eda de Cultura y Extensi\u00f3n Universitaria (PRCEU) es el organismo que desarrolla las pol\u00edticas culturales y de extensi\u00f3n de la Universidad de S\u00e3o Paulo, actuando como un canal abierto de di\u00e1logo entre la USP y la sociedad. En una universidad p\u00fablica, este papel es de gran importancia porque representa precisamente el v\u00ednculo entre [&hellip;]<\/p>\n","protected":false},"author":58,"featured_media":1638,"parent":0,"menu_order":7,"comment_status":"closed","ping_status":"closed","template":"","meta":{"footnotes":""},"categories":[11],"tags":[826,21,1143,198,372,86,939,78,299,265,77],"culturais":[],"eventos":[],"local":[],"class_list":["post-85","page","type-page","status-publish","has-post-thumbnail","hentry","category-destaques","tag-brasil","tag-cultura","tag-curso-extensao","tag-cursos","tag-educacao","tag-extensao","tag-graduacao","tag-prceu","tag-universidade","tag-universidade-de-sao-paulo","tag-usp"],"_links":{"self":[{"href":"https:\/\/prceu.usp.br\/es\/wp-json\/wp\/v2\/pages\/85","targetHints":{"allow":["GET"]}}],"collection":[{"href":"https:\/\/prceu.usp.br\/es\/wp-json\/wp\/v2\/pages"}],"about":[{"href":"https:\/\/prceu.usp.br\/es\/wp-json\/wp\/v2\/types\/page"}],"author":[{"embeddable":true,"href":"https:\/\/prceu.usp.br\/es\/wp-json\/wp\/v2\/users\/58"}],"replies":[{"embeddable":true,"href":"https:\/\/prceu.usp.br\/es\/wp-json\/wp\/v2\/comments?post=85"}],"version-history":[{"count":0,"href":"https:\/\/prceu.usp.br\/es\/wp-json\/wp\/v2\/pages\/85\/revisions"}],"wp:featuredmedia":[{"embeddable":true,"href":"https:\/\/prceu.usp.br\/es\/wp-json\/wp\/v2\/media\/1638"}],"wp:attachment":[{"href":"https:\/\/prceu.usp.br\/es\/wp-json\/wp\/v2\/media?parent=85"}],"wp:term":[{"taxonomy":"category","embeddable":true,"href":"https:\/\/prceu.usp.br\/es\/wp-json\/wp\/v2\/categories?post=85"},{"taxonomy":"post_tag","embeddable":true,"href":"https:\/\/prceu.usp.br\/es\/wp-json\/wp\/v2\/tags?post=85"},{"taxonomy":"culturais","embeddable":true,"href":"https:\/\/prceu.usp.br\/es\/wp-json\/wp\/v2\/culturais?post=85"},{"taxonomy":"eventos","embeddable":true,"href":"https:\/\/prceu.usp.br\/es\/wp-json\/wp\/v2\/eventos?post=85"},{"taxonomy":"local","embeddable":true,"href":"https:\/\/prceu.usp.br\/es\/wp-json\/wp\/v2\/local?post=85"}],"curies":[{"name":"wp","href":"https:\/\/api.w.org\/{rel}","templated":true}]}}