{"id":9,"date":"2014-11-13T15:52:17","date_gmt":"2014-11-13T17:52:17","guid":{"rendered":"https:\/\/prceu.usp.br\/?page_id=9"},"modified":"2023-07-19T08:43:10","modified_gmt":"2023-07-19T11:43:10","slug":"cursos","status":"publish","type":"page","link":"https:\/\/prceu.usp.br\/es\/cursos\/","title":{"rendered":"Cursos y Actividades"},"content":{"rendered":"La<em> Pr\u00f3-Reitoria de Cultura e Extens\u00e3o<\/em> es responsable por el ofrecimiento y gesti\u00f3n de cursos y actividades de extensi\u00f3n universitaria, en sus diversas formas, siguiendo la reglamentaci\u00f3n espec\u00edfica. Estos cursos y actividades se clasifican de la siguiente manera:<\/p>\n<h2 style=\"text-align: center;\"><em>Educa\u00e7\u00e3o Continuada e P\u00f3s-Gradua\u00e7\u00e3o<\/em><\/h2>\n<p>Cursos que involucran pr\u00e1ctica o aprendizaje posterior a la formaci\u00f3n acad\u00e9mica. Desde un punto de vista profesional, es el conjunto de esfuerzos necesarios a profesionales para rastrear cambios en su \u00e1rea de operaci\u00f3n.<\/p>\n<p><span style=\"color: #000000;\"><em><strong><a style=\"color: #000000;\" href=\"https:\/\/uspdigital.usp.br\/apolo\/apoListarCursoModalidadeTipo?id_modalidade=1\">Especializa\u00e7\u00e3o<\/a><\/strong><\/em><\/span><\/p>\n<p>El Curso de Especializaci\u00f3n es una forma de postgrado \u201clato sensu\u201d, con una duraci\u00f3n m\u00ednima de 360 horas. Debe establecerse como un sistema organizado de uno o m\u00e1s disciplinas, que tienen como objetivo formar profesionales en un campo determinado del conocimiento. De naturaleza t\u00e9cnica y profesional, permite a los interesados ampliar sus conocimientos y habilidades en una \u00e1rea en particular, profundizando la educaci\u00f3n universitaria.<\/p>\n<p><span style=\"color: #000000;\"><em><strong><a style=\"color: #000000;\" href=\"https:\/\/uspdigital.usp.br\/apolo\/apoListarCursoModalidadeTipo?id_modalidade=2\">Aperfei\u00e7oamento<\/a><\/strong><\/em><\/span><\/p>\n<p>Con tiempo de carga m\u00ednima de 180 horas, el curso de capacitaci\u00f3n es un sistema organizado de una o m\u00e1s disciplinas, ministrado s\u00f3lo a los estudiantes graduados, con el objetivo de ampliar los conocimientos en campos espec\u00edficos de la actividad profesional.<\/p>\n<p><span style=\"color: #000000;\"><em><strong><a style=\"color: #000000;\" href=\"https:\/\/uspdigital.usp.br\/apolo\/apoListarCursoModalidadeTipo?id_modalidade=3\">Atualiza\u00e7\u00e3o<\/a><\/strong><\/em><\/span><\/p>\n<p>Tiene como objetivo difundir el progreso de lo conocimientos en determinadas \u00e1reas o disciplinas. Con la carga m\u00ednima de 30 horas, \u00e9s destinado a los interessados en rever y mejorar, adem\u00e1s de interactuar com profesionales del \u00e1rea. Est\u00e1n dise\u00f1ados para aquellos que desean aumentar sus conocimientos en su \u00e1rea de inter\u00e9s o conocer a nuevas \u00e1res de actuaci\u00f3n, mejorando sus habilidades de trabajo.<\/p>\n<h2 style=\"text-align: center;\"><em>Forma\u00e7\u00e3o Profissional<\/em><\/h2>\n<p>Actividades que tienen como objetivo calificar, desarrollar y mejorar las habilidades propias de una profesi\u00f3n, diferindo de las actividades de \u00abEducaci\u00f3n Continua\u00bb por el car\u00e1cter eminentemente pr\u00e1ctico desarrollado en sus proyectos de formaci\u00f3n a trav\u00e9s de la capacitaci\u00f3n en servicio.<\/p>\n<p><span style=\"text-decoration: underline; color: #000000;\"><em><strong><a style=\"color: #000000; text-decoration: underline;\" href=\"https:\/\/uspdigital.usp.br\/apolo\/apoListarCursoModalidadeTipo?id_modalidade=6\">Pr\u00e1tica Profissionalizante<\/a><\/strong><\/em><\/span><\/p>\n<p>La Pr\u00e1ctica Profesional tiene como objetivo mejorar el ejercicio de la actividad profesional. Dirigido a profesionales de la salud, que viene a ampliar sus conocimientos en un \u00e1rea en particular, en el sistema de reciclaje para obtener la mejora espec\u00edfica y definida, dise\u00f1ado y implementado en el trabajo profesional de car\u00e1cter personal o actividad institucional de car\u00e1cter universitario.<\/p>\n<p><span style=\"text-decoration: underline; color: #000000;\"><em><strong><a style=\"color: #000000; text-decoration: underline;\" href=\"https:\/\/uspdigital.usp.br\/apolo\/apoListarCursoModalidadeTipo?id_modalidade=7\">Programa de Atualiza\u00e7\u00e3o<\/a><\/strong><\/em><\/span><\/p>\n<p>El Programa de Actualizaci\u00f3n tiene como objetivo desarrollar los conocimientos de los participantes o de la t\u00e9cnica en un \u00e1rea o disciplina en particular, dise\u00f1ado para el p\u00fablico en general, sin requisito m\u00ednimo de educaci\u00f3n.<\/p>\n<p><span style=\"color: #000000;\"><em><strong><a style=\"color: #000000;\" href=\"https:\/\/uspdigital.usp.br\/apolo\/apoListarCursoModalidadeTipo?id_modalidade=5\">Resid\u00eancia<\/a><\/strong><\/em><\/span><\/p>\n<p>La residencia tiene como objetivo profundizar el conocimiento cient\u00edfico y la competencia t\u00e9cnica a trav\u00e9s de la capacitaci\u00f3n en servicio. El Residencia en \u00c1rea Profesional en Salud creadas a partir de la promulgaci\u00f3n de la Ley N\u00ba 11.129 de 2005, son modalidades para postgrado <em>lato sensu<\/em>, con la carga de trabajo m\u00ednima de 5.760 horas, guiada por los principios y directrices del \u201cSistema \u00danico de Sa\u00fade (SUS)\u201d de las necesidades y realidades locales y regionales, e incluyen las profesiones de la salud, a saber: Biomedicina, Ciencias Biol\u00f3gicas, Educaci\u00f3n F\u00edsica, Enfermer\u00eda, Farmacia, Fisioterapia, Fonoaudiologia, Medicina Veterinaria, Nutrici\u00f3n, Odontolog\u00eda, Psicolog\u00eda, Trabajo Social , Terapia Ocupacional y F\u00edsica M\u00e9dica.<\/p>\n<p>La residencia puede ser:<\/p>\n<p><em><span style=\"text-decoration: underline;\"><strong>Multiprofesional<\/strong><\/span><\/em>&#8211; el programa constitu\u00eddo de al menos 03 profesiones de la salud, y como Residencia en \u00c1rea Profesional en Salud \u2013 categor\u00eda Uniprofessional &#8211; el programa constitu\u00eddo por 1 profesi\u00f3n de la salud, de acuerdo con la Resoluci\u00f3n CNRMS N \u00b0 02 de 2012.<\/p>\n<h2 style=\"text-align: center;\"><em>Difus\u00e3o<\/em><\/h2>\n<p>El Curso de Difusi\u00f3n, que tiene una duraci\u00f3n m\u00ednima de 4 horas, es una actividad de difusi\u00f3n art\u00edstica, cultural, cient\u00edfica, t\u00e9cnica, tecnol\u00f3gica o deportiva y est\u00e1 destinado para el p\u00fablico en general, sin ning\u00fan requisito m\u00ednimo de educaci\u00f3n.","protected":false},"excerpt":{"rendered":"<p>La Pr\u00f3-Reitoria de Cultura e Extens\u00e3o es responsable por el ofrecimiento y gesti\u00f3n de cursos y actividades de extensi\u00f3n universitaria, en sus diversas formas, siguiendo la reglamentaci\u00f3n espec\u00edfica. Estos cursos y actividades se clasifican de la siguiente manera: Educa\u00e7\u00e3o Continuada e P\u00f3s-Gradua\u00e7\u00e3o Cursos que involucran pr\u00e1ctica o aprendizaje posterior a la formaci\u00f3n acad\u00e9mica. Desde un [&hellip;]<\/p>\n","protected":false},"author":58,"featured_media":1658,"parent":0,"menu_order":11,"comment_status":"open","ping_status":"closed","template":"","meta":{"footnotes":""},"categories":[],"tags":[],"culturais":[],"eventos":[],"local":[],"class_list":["post-9","page","type-page","status-publish","has-post-thumbnail","hentry"],"_links":{"self":[{"href":"https:\/\/prceu.usp.br\/es\/wp-json\/wp\/v2\/pages\/9","targetHints":{"allow":["GET"]}}],"collection":[{"href":"https:\/\/prceu.usp.br\/es\/wp-json\/wp\/v2\/pages"}],"about":[{"href":"https:\/\/prceu.usp.br\/es\/wp-json\/wp\/v2\/types\/page"}],"author":[{"embeddable":true,"href":"https:\/\/prceu.usp.br\/es\/wp-json\/wp\/v2\/users\/58"}],"replies":[{"embeddable":true,"href":"https:\/\/prceu.usp.br\/es\/wp-json\/wp\/v2\/comments?post=9"}],"version-history":[{"count":0,"href":"https:\/\/prceu.usp.br\/es\/wp-json\/wp\/v2\/pages\/9\/revisions"}],"wp:featuredmedia":[{"embeddable":true,"href":"https:\/\/prceu.usp.br\/es\/wp-json\/wp\/v2\/media\/1658"}],"wp:attachment":[{"href":"https:\/\/prceu.usp.br\/es\/wp-json\/wp\/v2\/media?parent=9"}],"wp:term":[{"taxonomy":"category","embeddable":true,"href":"https:\/\/prceu.usp.br\/es\/wp-json\/wp\/v2\/categories?post=9"},{"taxonomy":"post_tag","embeddable":true,"href":"https:\/\/prceu.usp.br\/es\/wp-json\/wp\/v2\/tags?post=9"},{"taxonomy":"culturais","embeddable":true,"href":"https:\/\/prceu.usp.br\/es\/wp-json\/wp\/v2\/culturais?post=9"},{"taxonomy":"eventos","embeddable":true,"href":"https:\/\/prceu.usp.br\/es\/wp-json\/wp\/v2\/eventos?post=9"},{"taxonomy":"local","embeddable":true,"href":"https:\/\/prceu.usp.br\/es\/wp-json\/wp\/v2\/local?post=9"}],"curies":[{"name":"wp","href":"https:\/\/api.w.org\/{rel}","templated":true}]}}