{"id":3246,"date":"2021-06-09T15:23:58","date_gmt":"2021-06-09T18:23:58","guid":{"rendered":"https:\/\/prceu.usp.br\/girocultural\/?page_id=3246"},"modified":"2021-06-18T10:30:16","modified_gmt":"2021-06-18T13:30:16","slug":"aucani-usp","status":"publish","type":"page","link":"https:\/\/prceu.usp.br\/girocultural\/en\/aucani-usp\/","title":{"rendered":"(Portugu\u00eas do Brasil) AUCANI \u2013 Ag\u00eancia USP de Coopera\u00e7\u00e3o Acad\u00eamica Nacional e Internacional"},"content":{"rendered":"<p class=\"qtranxs-available-languages-message qtranxs-available-languages-message-en\">Sorry, this entry is only available in <a href=\"https:\/\/prceu.usp.br\/girocultural\/pb\/wp-json\/wp\/v2\/pages\/3246\" class=\"qtranxs-available-language-link qtranxs-available-language-link-pb\" title=\"Portugu\u00eas do Brasil\">Portugu\u00eas do Brasil<\/a>.<\/p>","protected":false},"excerpt":{"rendered":"<p>Sorry, this entry is only available in Portugu\u00eas do Brasil.<\/p>\n","protected":false},"author":6,"featured_media":3544,"parent":0,"menu_order":18,"comment_status":"closed","ping_status":"closed","template":"","meta":{"footnotes":""},"categories":[1],"tags":[73],"class_list":["post-3246","page","type-page","status-publish","has-post-thumbnail","hentry","category-girocultural-parcerias","tag-aucani-usp"],"_links":{"self":[{"href":"https:\/\/prceu.usp.br\/girocultural\/en\/wp-json\/wp\/v2\/pages\/3246","targetHints":{"allow":["GET"]}}],"collection":[{"href":"https:\/\/prceu.usp.br\/girocultural\/en\/wp-json\/wp\/v2\/pages"}],"about":[{"href":"https:\/\/prceu.usp.br\/girocultural\/en\/wp-json\/wp\/v2\/types\/page"}],"author":[{"embeddable":true,"href":"https:\/\/prceu.usp.br\/girocultural\/en\/wp-json\/wp\/v2\/users\/6"}],"replies":[{"embeddable":true,"href":"https:\/\/prceu.usp.br\/girocultural\/en\/wp-json\/wp\/v2\/comments?post=3246"}],"version-history":[{"count":0,"href":"https:\/\/prceu.usp.br\/girocultural\/en\/wp-json\/wp\/v2\/pages\/3246\/revisions"}],"wp:featuredmedia":[{"embeddable":true,"href":"https:\/\/prceu.usp.br\/girocultural\/en\/wp-json\/wp\/v2\/media\/3544"}],"wp:attachment":[{"href":"https:\/\/prceu.usp.br\/girocultural\/en\/wp-json\/wp\/v2\/media?parent=3246"}],"wp:term":[{"taxonomy":"category","embeddable":true,"href":"https:\/\/prceu.usp.br\/girocultural\/en\/wp-json\/wp\/v2\/categories?post=3246"},{"taxonomy":"post_tag","embeddable":true,"href":"https:\/\/prceu.usp.br\/girocultural\/en\/wp-json\/wp\/v2\/tags?post=3246"}],"curies":[{"name":"wp","href":"https:\/\/api.w.org\/{rel}","templated":true}]}}