{"id":3298,"date":"2021-06-09T16:15:27","date_gmt":"2021-06-09T19:15:27","guid":{"rendered":"https:\/\/prceu.usp.br\/girocultural\/?page_id=3298"},"modified":"2021-06-16T16:12:00","modified_gmt":"2021-06-16T19:12:00","slug":"3298-2","status":"publish","type":"page","link":"https:\/\/prceu.usp.br\/girocultural\/en\/3298-2\/","title":{"rendered":"(Portugu\u00eas do Brasil) Museu da Educa\u00e7\u00e3o e do Brinquedo"},"content":{"rendered":"<p class=\"qtranxs-available-languages-message qtranxs-available-languages-message-en\">Sorry, this entry is only available in <a href=\"https:\/\/prceu.usp.br\/girocultural\/pb\/wp-json\/wp\/v2\/pages\/3298\" class=\"qtranxs-available-language-link qtranxs-available-language-link-pb\" title=\"Portugu\u00eas do Brasil\">Portugu\u00eas do Brasil<\/a>.<\/p>","protected":false},"excerpt":{"rendered":"<p>Sorry, this entry is only available in Portugu\u00eas do Brasil.<\/p>\n","protected":false},"author":6,"featured_media":3299,"parent":0,"menu_order":11,"comment_status":"closed","ping_status":"closed","template":"","meta":{"footnotes":""},"categories":[1],"tags":[78,79],"class_list":["post-3298","page","type-page","status-publish","has-post-thumbnail","hentry","category-girocultural-parcerias","tag-meb","tag-museu-da-educacao-e-do-brinquedo"],"_links":{"self":[{"href":"https:\/\/prceu.usp.br\/girocultural\/en\/wp-json\/wp\/v2\/pages\/3298","targetHints":{"allow":["GET"]}}],"collection":[{"href":"https:\/\/prceu.usp.br\/girocultural\/en\/wp-json\/wp\/v2\/pages"}],"about":[{"href":"https:\/\/prceu.usp.br\/girocultural\/en\/wp-json\/wp\/v2\/types\/page"}],"author":[{"embeddable":true,"href":"https:\/\/prceu.usp.br\/girocultural\/en\/wp-json\/wp\/v2\/users\/6"}],"replies":[{"embeddable":true,"href":"https:\/\/prceu.usp.br\/girocultural\/en\/wp-json\/wp\/v2\/comments?post=3298"}],"version-history":[{"count":0,"href":"https:\/\/prceu.usp.br\/girocultural\/en\/wp-json\/wp\/v2\/pages\/3298\/revisions"}],"wp:featuredmedia":[{"embeddable":true,"href":"https:\/\/prceu.usp.br\/girocultural\/en\/wp-json\/wp\/v2\/media\/3299"}],"wp:attachment":[{"href":"https:\/\/prceu.usp.br\/girocultural\/en\/wp-json\/wp\/v2\/media?parent=3298"}],"wp:term":[{"taxonomy":"category","embeddable":true,"href":"https:\/\/prceu.usp.br\/girocultural\/en\/wp-json\/wp\/v2\/categories?post=3298"},{"taxonomy":"post_tag","embeddable":true,"href":"https:\/\/prceu.usp.br\/girocultural\/en\/wp-json\/wp\/v2\/tags?post=3298"}],"curies":[{"name":"wp","href":"https:\/\/api.w.org\/{rel}","templated":true}]}}