{"id":2510,"date":"2015-08-03T16:13:55","date_gmt":"2015-08-03T19:13:55","guid":{"rendered":"https:\/\/prceu.usp.br\/girocultural\/?page_id=2510"},"modified":"2021-06-15T16:04:32","modified_gmt":"2021-06-15T19:04:32","slug":"agendamento","status":"publish","type":"page","link":"https:\/\/prceu.usp.br\/girocultural\/es\/agendamento\/","title":{"rendered":"(Portugu\u00eas do Brasil) Agendamento"},"content":{"rendered":"<p class=\"qtranxs-available-languages-message qtranxs-available-languages-message-es\">Disculpa, pero esta entrada est\u00e1 disponible s\u00f3lo en <a href=\"https:\/\/prceu.usp.br\/girocultural\/pb\/wp-json\/wp\/v2\/pages\/2510\" class=\"qtranxs-available-language-link qtranxs-available-language-link-pb\" title=\"Portugu\u00eas do Brasil\">Portugu\u00eas do Brasil<\/a>.<\/p>","protected":false},"excerpt":{"rendered":"<p>Disculpa, pero esta entrada est\u00e1 disponible s\u00f3lo en Portugu\u00eas do Brasil.<\/p>\n","protected":false},"author":6,"featured_media":451,"parent":0,"menu_order":29,"comment_status":"open","ping_status":"closed","template":"","meta":{"footnotes":""},"categories":[],"tags":[47,51,48,52,49,53],"class_list":["post-2510","page","type-page","status-publish","has-post-thumbnail","hentry","tag-agendamento","tag-agendamento-giro","tag-giro-cultural","tag-giro-usp","tag-inscricao","tag-usp-giro-cultural"],"_links":{"self":[{"href":"https:\/\/prceu.usp.br\/girocultural\/es\/wp-json\/wp\/v2\/pages\/2510","targetHints":{"allow":["GET"]}}],"collection":[{"href":"https:\/\/prceu.usp.br\/girocultural\/es\/wp-json\/wp\/v2\/pages"}],"about":[{"href":"https:\/\/prceu.usp.br\/girocultural\/es\/wp-json\/wp\/v2\/types\/page"}],"author":[{"embeddable":true,"href":"https:\/\/prceu.usp.br\/girocultural\/es\/wp-json\/wp\/v2\/users\/6"}],"replies":[{"embeddable":true,"href":"https:\/\/prceu.usp.br\/girocultural\/es\/wp-json\/wp\/v2\/comments?post=2510"}],"version-history":[{"count":0,"href":"https:\/\/prceu.usp.br\/girocultural\/es\/wp-json\/wp\/v2\/pages\/2510\/revisions"}],"wp:featuredmedia":[{"embeddable":true,"href":"https:\/\/prceu.usp.br\/girocultural\/es\/wp-json\/wp\/v2\/media\/451"}],"wp:attachment":[{"href":"https:\/\/prceu.usp.br\/girocultural\/es\/wp-json\/wp\/v2\/media?parent=2510"}],"wp:term":[{"taxonomy":"category","embeddable":true,"href":"https:\/\/prceu.usp.br\/girocultural\/es\/wp-json\/wp\/v2\/categories?post=2510"},{"taxonomy":"post_tag","embeddable":true,"href":"https:\/\/prceu.usp.br\/girocultural\/es\/wp-json\/wp\/v2\/tags?post=2510"}],"curies":[{"name":"wp","href":"https:\/\/api.w.org\/{rel}","templated":true}]}}