{"id":2865,"date":"2021-04-12T11:49:47","date_gmt":"2021-04-12T14:49:47","guid":{"rendered":"https:\/\/prceu.usp.br\/girocultural\/?page_id=2865"},"modified":"2022-04-04T13:08:43","modified_gmt":"2022-04-04T16:08:43","slug":"pagina-inicial","status":"publish","type":"page","link":"https:\/\/prceu.usp.br\/girocultural\/es\/","title":{"rendered":"Giro Cultural"},"content":{"rendered":"<div id=\"fb-root\"><\/div>\n\n<h3>\u00bfQuiere conocer los museos y colecciones de la USP?<\/h3>\n<p>Giro Cultural es un programa de la Pr\u00f3-Reitoria de Cultura e Extens\u00e3o Universit\u00e1ria de la USP que ofrece visitas guiadas gratuitas dentro y fuera de la Ciudad Universitaria, y tiene como objetivo divulgar a la sociedad el patrimonio arquitect\u00f3nico, cient\u00edfico y cultural de la Universidad.","protected":false},"excerpt":{"rendered":"<p>\u00bfQuiere conocer los museos y colecciones de la USP? Giro Cultural es un programa de la Pr\u00f3-Reitoria de Cultura e Extens\u00e3o Universit\u00e1ria de la USP que ofrece visitas guiadas gratuitas dentro y fuera de la Ciudad Universitaria, y tiene como objetivo divulgar a la sociedad el patrimonio arquitect\u00f3nico, cient\u00edfico y cultural de la Universidad.<\/p>\n","protected":false},"author":19,"featured_media":0,"parent":0,"menu_order":28,"comment_status":"closed","ping_status":"closed","template":"","meta":{"footnotes":""},"categories":[],"tags":[41,40,42,43,39,44,32,46,30,45,23],"class_list":["post-2865","page","type-page","status-publish","hentry","tag-capital","tag-conhecer","tag-cultura","tag-extensao","tag-giro","tag-monitoria","tag-passeio","tag-publica","tag-roteiro","tag-universidade","tag-usp"],"_links":{"self":[{"href":"https:\/\/prceu.usp.br\/girocultural\/es\/wp-json\/wp\/v2\/pages\/2865","targetHints":{"allow":["GET"]}}],"collection":[{"href":"https:\/\/prceu.usp.br\/girocultural\/es\/wp-json\/wp\/v2\/pages"}],"about":[{"href":"https:\/\/prceu.usp.br\/girocultural\/es\/wp-json\/wp\/v2\/types\/page"}],"author":[{"embeddable":true,"href":"https:\/\/prceu.usp.br\/girocultural\/es\/wp-json\/wp\/v2\/users\/19"}],"replies":[{"embeddable":true,"href":"https:\/\/prceu.usp.br\/girocultural\/es\/wp-json\/wp\/v2\/comments?post=2865"}],"version-history":[{"count":3,"href":"https:\/\/prceu.usp.br\/girocultural\/es\/wp-json\/wp\/v2\/pages\/2865\/revisions"}],"predecessor-version":[{"id":3964,"href":"https:\/\/prceu.usp.br\/girocultural\/es\/wp-json\/wp\/v2\/pages\/2865\/revisions\/3964"}],"wp:attachment":[{"href":"https:\/\/prceu.usp.br\/girocultural\/es\/wp-json\/wp\/v2\/media?parent=2865"}],"wp:term":[{"taxonomy":"category","embeddable":true,"href":"https:\/\/prceu.usp.br\/girocultural\/es\/wp-json\/wp\/v2\/categories?post=2865"},{"taxonomy":"post_tag","embeddable":true,"href":"https:\/\/prceu.usp.br\/girocultural\/es\/wp-json\/wp\/v2\/tags?post=2865"}],"curies":[{"name":"wp","href":"https:\/\/api.w.org\/{rel}","templated":true}]}}