{"id":2964,"date":"2021-06-04T16:38:59","date_gmt":"2021-06-04T19:38:59","guid":{"rendered":"https:\/\/prceu.usp.br\/girocultural\/?page_id=2964"},"modified":"2022-02-03T13:57:52","modified_gmt":"2022-02-03T16:57:52","slug":"quem-somos","status":"publish","type":"page","link":"https:\/\/prceu.usp.br\/girocultural\/es\/quem-somos\/","title":{"rendered":"Sobre Nosostros"},"content":{"rendered":"<div id=\"fb-root\"><\/div>\n\n<p style=\"text-align: justify;\"><span style=\"font-family: verdana, geneva, sans-serif;\">Giro Cultural USP (Tour Cultural) es un programa de la Pr\u00f3-Reitoria de Cultura e Extens\u00e3o Universit\u00e1ria da Universidade de S\u00e3o Paulo (PRCEU\/USP) que promueve visitas gratuitas a la poblaci\u00f3n con el objetivo de divulgar el patrimonio arquitect\u00f3nico, art\u00edstico y cultural de USP. A diferencia de otras visitas guiadas de car\u00e1cter tur\u00edstico existentes en la ciudad de S\u00e3o Paulo, las rutas del Giro Cultural USP presentan un contenido s\u00f3lido que ha sido elaborado con el apoyo de profesores de la propia Universidad de S\u00e3o Paulo. El principal objetivo del Giro Cultural USP es abrir al p\u00fablico la mayor universidad de Am\u00e9rica Latina, sus museos y su colecci\u00f3n cultural y cient\u00edfica.<\/span><\/p>\n<p style=\"text-align: justify;\"><span style=\"font-family: verdana, geneva, sans-serif;\">La creaci\u00f3n del Giro Cultural de la USP responde a una gran demanda, principalmente de estudiantes de secundaria que desean conocer la Universidad de S\u00e3o Paulo. Tambi\u00e9n se justifica por la necesidad de ampliar la difusi\u00f3n de los espacios culturales de la USP, una instituci\u00f3n reconocida por su excelencia en la ense\u00f1anza y la investigaci\u00f3n, pero que tambi\u00e9n se destaca por su vasto acervo patrimonial y sus actividades de extensi\u00f3n universitaria. Tambi\u00e9n se justifica por la necesidad de repensar el uso del campus y su relaci\u00f3n con la sociedad. Las visitas ofrecen las opciones de itinerarios en el campus de Butant\u00e3: \u00abVista panor\u00e1mica\u00bb, \u00abColecci\u00f3n cultural\u00bb y \u00abColecci\u00f3n cient\u00edfica\u00bb; y una opci\u00f3n fuera del campus: \u00abUSP y S\u00e3o Paulo modernista\u00bb, un itinerario que destaca las principales obras y edificios modernistas de S\u00e3o Paulo.<\/span><\/p>\n<p style=\"text-align: justify;\"><span style=\"font-family: verdana, geneva, sans-serif;\">Los itinerarios \u00abColecci\u00f3n cient\u00edfica\u00bb y \u00abColecci\u00f3n cultural\u00bb duran aproximadamente dos horas y media, mientras que el itinerario \u00abVista panor\u00e1mica\u00bb dura una hora y media. \u00abLa USP y la S\u00e3o Paulo modernista\u00bb, dura cuatro horas.<\/span><\/p>\n<p style=\"text-align: justify;\"><span style=\"font-family: verdana, geneva, sans-serif;\">Desde 2018, se hizo posible una nueva ruta titulada \u00abUSP Conociendo a USP\u00bb, de 7 horas de duraci\u00f3n y p\u00fablico formado por estudiantes, empleados y profesores de los campus del interior. En todas las rutas, el recorrido se realiza en autob\u00fas, acompa\u00f1ado por al menos dos mediadores, estudiantes de la propia Universidad de S\u00e3o Paulo. Las visitas son gratuitas y est\u00e1n abiertas a toda la poblaci\u00f3n. Las visitas a la Cidade Universit\u00e1ria se pueden reservar para grupos cerrados de hasta 40 personas, de martes a viernes, en dos opciones de horario: 10:00 o 14:00 horas. Para la visita externa, que tiene lugar los s\u00e1bados y dura cuatro horas, el horario debe hacerse a las 10 de la ma\u00f1ana. El programa tambi\u00e9n cuenta con el apoyo del Ayuntamiento del Campus de la Capital de la USP para la asignaci\u00f3n del autob\u00fas que realiza las rutas internas en la Ciudad Universitaria.<\/span><\/p>","protected":false},"excerpt":{"rendered":"<p>Giro Cultural USP (Tour Cultural) es un programa de la Pr\u00f3-Reitoria de Cultura e Extens\u00e3o Universit\u00e1ria da Universidade de S\u00e3o Paulo (PRCEU\/USP) que promueve visitas gratuitas a la poblaci\u00f3n con el objetivo de divulgar el patrimonio arquitect\u00f3nico, art\u00edstico y cultural de USP. A diferencia de otras visitas guiadas de car\u00e1cter tur\u00edstico existentes en la ciudad [&hellip;]<\/p>\n","protected":false},"author":6,"featured_media":2730,"parent":0,"menu_order":26,"comment_status":"closed","ping_status":"closed","template":"","meta":{"footnotes":""},"categories":[],"tags":[48,63,23],"class_list":["post-2964","page","type-page","status-publish","has-post-thumbnail","hentry","tag-giro-cultural","tag-universidade-de-sao-paulo","tag-usp"],"_links":{"self":[{"href":"https:\/\/prceu.usp.br\/girocultural\/es\/wp-json\/wp\/v2\/pages\/2964","targetHints":{"allow":["GET"]}}],"collection":[{"href":"https:\/\/prceu.usp.br\/girocultural\/es\/wp-json\/wp\/v2\/pages"}],"about":[{"href":"https:\/\/prceu.usp.br\/girocultural\/es\/wp-json\/wp\/v2\/types\/page"}],"author":[{"embeddable":true,"href":"https:\/\/prceu.usp.br\/girocultural\/es\/wp-json\/wp\/v2\/users\/6"}],"replies":[{"embeddable":true,"href":"https:\/\/prceu.usp.br\/girocultural\/es\/wp-json\/wp\/v2\/comments?post=2964"}],"version-history":[{"count":2,"href":"https:\/\/prceu.usp.br\/girocultural\/es\/wp-json\/wp\/v2\/pages\/2964\/revisions"}],"predecessor-version":[{"id":3895,"href":"https:\/\/prceu.usp.br\/girocultural\/es\/wp-json\/wp\/v2\/pages\/2964\/revisions\/3895"}],"wp:featuredmedia":[{"embeddable":true,"href":"https:\/\/prceu.usp.br\/girocultural\/es\/wp-json\/wp\/v2\/media\/2730"}],"wp:attachment":[{"href":"https:\/\/prceu.usp.br\/girocultural\/es\/wp-json\/wp\/v2\/media?parent=2964"}],"wp:term":[{"taxonomy":"category","embeddable":true,"href":"https:\/\/prceu.usp.br\/girocultural\/es\/wp-json\/wp\/v2\/categories?post=2964"},{"taxonomy":"post_tag","embeddable":true,"href":"https:\/\/prceu.usp.br\/girocultural\/es\/wp-json\/wp\/v2\/tags?post=2964"}],"curies":[{"name":"wp","href":"https:\/\/api.w.org\/{rel}","templated":true}]}}