{"id":3014,"date":"2021-06-08T13:52:34","date_gmt":"2021-06-08T16:52:34","guid":{"rendered":"https:\/\/prceu.usp.br\/girocultural\/?page_id=3014"},"modified":"2022-02-04T10:36:16","modified_gmt":"2022-02-04T13:36:16","slug":"eventos","status":"publish","type":"page","link":"https:\/\/prceu.usp.br\/girocultural\/es\/eventos\/","title":{"rendered":"Eventos"},"content":{"rendered":"<div id=\"fb-root\"><\/div>\n\n<h3 style=\"text-align: center;\">Recepci\u00f3n de estudiantes de primer a\u00f1o y de intercambio<\/h3>\n<p style=\"text-align: justify;\"><span style=\"font-family: verdana, geneva, sans-serif;\">El Giro Cultural, al inicio del a\u00f1o escolar, en apoyo de las unidades en la recepci\u00f3n de los estudiantes de primer a\u00f1o, ofrece una ruta panor\u00e1mica para los nuevos estudiantes. Durante la visita, se presenta toda la extensi\u00f3n del campus y los mediadores comparten consejos y curiosidades con los estudiantes de primer a\u00f1o. El equipo de Giro Cultural est\u00e1 formado por mediadores de diferentes unidades, para que los estudiantes de primer a\u00f1o puedan interactuar con veteranos de diferentes cursos y hacer preguntas sobre el campus. El Giro Cultural tambi\u00e9n apoya a las Comisiones de Cooperaci\u00f3n Internacional (CCINT) de varias dependencias en la recepci\u00f3n de los estudiantes de intercambio con la visita panor\u00e1mica. El recorrido est\u00e1 marcado por la integraci\u00f3n de los estudiantes de intercambio y su acogida en el campus universitario.<\/span><\/p>\n<p><span style=\"font-family: verdana, geneva, sans-serif;\"><img loading=\"lazy\" decoding=\"async\" class=\"size-medium aligncenter\" src=\"https:\/\/prceu.usp.br\/girocultural\/wp-content\/uploads\/2021\/06\/Intercambitas-IRI-FE-ECA-Manha-18.02.2020-2.jpg\" width=\"1760\" height=\"1320\" \/><\/span><\/p>\n<p><span style=\"font-family: verdana, geneva, sans-serif;\"><!--?php echo do_shortcode('[metaslider id=\"3071\"]'); ?--><\/span><\/p>\n<h3><span style=\"font-family: verdana, geneva, sans-serif;\"><img loading=\"lazy\" decoding=\"async\" class=\"size-medium aligncenter\" src=\"https:\/\/prceu.usp.br\/girocultural\/wp-content\/uploads\/2021\/06\/Giro-panoramico-com-calouros-da-Geografia-01.03.18-2.jpg\" width=\"1188\" height=\"792\" \/><\/span><\/h3>\n<h3 style=\"text-align: center;\">Proyecto de integraci\u00f3n de Etecs de la FMVZ-USP y el Centro Paula Souza<\/h3>\n<p style=\"text-align: justify;\"><span style=\"font-family: verdana, geneva, sans-serif;\">El Proyecto de Integraci\u00f3n Etecs de la FMVZ-USP y el Centro Paula Souza tiene como objetivo despertar en los estudiantes el inter\u00e9s por la Medicina Veterinaria y aumentar el n\u00famero de ingresantes de las escuelas p\u00fablicas en la USP. La Facultad de Medicina Veterinaria y Zootecnia (FMVZ) de la USP recibe estudiantes y profesores de las Escuelas T\u00e9cnicas Estatales (Etecs) de varias regiones del Estado de S\u00e3o Paulo. A trav\u00e9s de una colaboraci\u00f3n con Giro Cultural, los participantes realizan la ruta \u00abVista Panor\u00e1mica\u00bb, en la que conocen las dependencias de la USP y la Pra\u00e7a do Rel\u00f3gio.<\/span><\/p>\n<p style=\"text-align: left;\"><span style=\"font-family: verdana, geneva, sans-serif;\"><img loading=\"lazy\" decoding=\"async\" class=\"size-medium aligncenter\" src=\"https:\/\/prceu.usp.br\/girocultural\/wp-content\/uploads\/2021\/06\/Projeto-FMVZ-e-ETECs-01.10.2019.jpg\" width=\"1782\" height=\"1188\" \/><\/span><\/p>\n<h3 style=\"text-align: center;\">Programa USP y Profesiones<\/h3>\n<p style=\"text-align: justify;\"><span style=\"font-family: verdana, geneva, sans-serif;\">Creado en 1990, el Programa USP y Profesiones tiene como objetivo proporcionar ayudas a los estudiantes para que, con la ayuda de sus familias y profesores, puedan ser orientados en la importante tarea de elegir una carrera profesional. Las principales acciones del programa son las ferias de la USP y de las profesiones y las visitas monitorizadas de estudiantes de secundaria y bachillerato a las unidades de ense\u00f1anza e investigaci\u00f3n de la USP en sus siete campi. Las Ferias de las Profesiones se celebran anualmente desde 2001 en el campo (en rotaci\u00f3n entre los distintos campi) y desde 2006 en la capital, atrayendo a un gran p\u00fablico. Se ofrece informaci\u00f3n sobre los cursos y unidades de la USP, as\u00ed como sobre las actividades culturales y de extensi\u00f3n. Debido a la pandemia de Covid-19, en 2020 se suspendieron temporalmente las visitas monitorizadas, pero la feria de USP y Profesiones se realiz\u00f3 de forma digital, presentando online un programa que inclu\u00eda v\u00eddeos exclusivos, vidas, chats, orientaci\u00f3n profesional y presentaciones art\u00edstico-culturales. En 2021 tambi\u00e9n se celebrar\u00e1 una edici\u00f3n digital del evento. Las Ferias y Profesiones USP son grandes eventos de tres d\u00edas que se celebran dos veces al a\u00f1o.<\/span><\/p>\n<p><span style=\"font-family: verdana, geneva, sans-serif;\"><img loading=\"lazy\" decoding=\"async\" class=\"aligncenter\" src=\"https:\/\/prceu.usp.br\/girocultural\/wp-content\/uploads\/2021\/06\/Feira-USP-e-as-Profissoes.1.jpeg\" width=\"584\" height=\"778\" \/><\/span><\/p>\n<p>&nbsp;<\/p>\n<h3 style=\"text-align: center;\">Semana de la Ciencia y la Tecnolog\u00eda de la USP<\/h3>\n<p style=\"text-align: justify;\"><span style=\"font-family: verdana, geneva, sans-serif;\">El Giro Cultural tambi\u00e9n est\u00e1 presente en la Semana de la Ciencia y la Tecnolog\u00eda de la USP. El evento est\u00e1 coordinado por los Decanos de Cultura y de Extensi\u00f3n Universitaria e Investigaci\u00f3n de la USP, y forma parte de la Semana Nacional de la Ciencia y la Tecnolog\u00eda, una iniciativa del Ministerio de Ciencia, Tecnolog\u00eda, Innovaci\u00f3n y Comunicaciones.<\/span><\/p>\n<p style=\"text-align: justify;\"><span style=\"font-family: verdana, geneva, sans-serif;\">Cada a\u00f1o, varias unidades de USP se re\u00fanen en torno a un programa com\u00fan. La idea principal del evento es ofrecer a la poblaci\u00f3n la oportunidad de contactar con investigadores, profesores, laboratorios y espacios de investigaci\u00f3n.<\/span><\/p>\n<p style=\"text-align: justify;\"><span style=\"font-family: verdana, geneva, sans-serif;\">La Semana de la Ciencia y la Tecnolog\u00eda de la USP ofrece, de forma gratuita, al p\u00fablico un espacio interactivo para divulgar la producci\u00f3n cient\u00edfica y tecnol\u00f3gica desarrollada por la Universidad. Adem\u00e1s, con la ayuda de especialistas y un lenguaje accesible, se pretende fomentar la curiosidad y motivar a la sociedad para que investigue y discuta los impactos que la ciencia y la tecnolog\u00eda pueden promover en beneficio de la sociedad.<\/span><\/p>\n<p><span style=\"font-family: verdana, geneva, sans-serif;\"> <img loading=\"lazy\" decoding=\"async\" class=\"aligncenter wp-image-3760 size-large\" src=\"https:\/\/prceu.usp.br\/girocultural\/wp-content\/uploads\/2021\/06\/semana-usp-de-ciencia-e-tecnologia-2-1024x576.jpg\" alt=\"Semana Usp De Ciencia E Tecnologia 2\" width=\"1024\" height=\"576\" srcset=\"https:\/\/prceu.usp.br\/girocultural\/wp-content\/uploads\/2021\/06\/semana-usp-de-ciencia-e-tecnologia-2-1024x576.jpg 1024w, https:\/\/prceu.usp.br\/girocultural\/wp-content\/uploads\/2021\/06\/semana-usp-de-ciencia-e-tecnologia-2-300x169.jpg 300w, https:\/\/prceu.usp.br\/girocultural\/wp-content\/uploads\/2021\/06\/semana-usp-de-ciencia-e-tecnologia-2-768x432.jpg 768w, https:\/\/prceu.usp.br\/girocultural\/wp-content\/uploads\/2021\/06\/semana-usp-de-ciencia-e-tecnologia-2-1536x864.jpg 1536w, https:\/\/prceu.usp.br\/girocultural\/wp-content\/uploads\/2021\/06\/semana-usp-de-ciencia-e-tecnologia-2.jpg 2048w\" sizes=\"auto, (max-width: 1024px) 100vw, 1024px\" \/><\/span><\/p>\n<p><span style=\"font-family: verdana, geneva, sans-serif;\"> <img loading=\"lazy\" decoding=\"async\" class=\"aligncenter wp-image-3761 size-large\" src=\"https:\/\/prceu.usp.br\/girocultural\/wp-content\/uploads\/2021\/06\/giro-semana-usp-de-ciencia-e-tecnologia-2017-1024x683.jpg\" alt=\"Giro Semana Usp De Ciencia E Tecnologia 2017\" width=\"1024\" height=\"683\" srcset=\"https:\/\/prceu.usp.br\/girocultural\/wp-content\/uploads\/2021\/06\/giro-semana-usp-de-ciencia-e-tecnologia-2017-1024x683.jpg 1024w, https:\/\/prceu.usp.br\/girocultural\/wp-content\/uploads\/2021\/06\/giro-semana-usp-de-ciencia-e-tecnologia-2017-300x200.jpg 300w, https:\/\/prceu.usp.br\/girocultural\/wp-content\/uploads\/2021\/06\/giro-semana-usp-de-ciencia-e-tecnologia-2017-768x512.jpg 768w, https:\/\/prceu.usp.br\/girocultural\/wp-content\/uploads\/2021\/06\/giro-semana-usp-de-ciencia-e-tecnologia-2017.jpg 1188w\" sizes=\"auto, (max-width: 1024px) 100vw, 1024px\" \/><\/span><\/p>\n<p><span style=\"font-family: verdana, geneva, sans-serif;\"> <img loading=\"lazy\" decoding=\"async\" class=\"aligncenter wp-image-3762 size-large\" src=\"https:\/\/prceu.usp.br\/girocultural\/wp-content\/uploads\/2021\/06\/semana-usp-de-ciencia-e-tecnologia-1-1024x683.jpg\" alt=\"Semana Usp De Ciencia E Tecnologia 1\" width=\"1024\" height=\"683\" srcset=\"https:\/\/prceu.usp.br\/girocultural\/wp-content\/uploads\/2021\/06\/semana-usp-de-ciencia-e-tecnologia-1-1024x683.jpg 1024w, https:\/\/prceu.usp.br\/girocultural\/wp-content\/uploads\/2021\/06\/semana-usp-de-ciencia-e-tecnologia-1-300x200.jpg 300w, https:\/\/prceu.usp.br\/girocultural\/wp-content\/uploads\/2021\/06\/semana-usp-de-ciencia-e-tecnologia-1-768x512.jpg 768w, https:\/\/prceu.usp.br\/girocultural\/wp-content\/uploads\/2021\/06\/semana-usp-de-ciencia-e-tecnologia-1.jpg 1188w\" sizes=\"auto, (max-width: 1024px) 100vw, 1024px\" \/><\/span><\/p>\n<p><span style=\"font-family: verdana, geneva, sans-serif;\"> <img loading=\"lazy\" decoding=\"async\" class=\"aligncenter wp-image-3763 size-large\" src=\"https:\/\/prceu.usp.br\/girocultural\/wp-content\/uploads\/2021\/06\/semana-usp-de-ciencia-e-tecnologia-3-1024x683.jpg\" alt=\"Semana Usp De Ciencia E Tecnologia 3\" width=\"1024\" height=\"683\" srcset=\"https:\/\/prceu.usp.br\/girocultural\/wp-content\/uploads\/2021\/06\/semana-usp-de-ciencia-e-tecnologia-3-1024x683.jpg 1024w, https:\/\/prceu.usp.br\/girocultural\/wp-content\/uploads\/2021\/06\/semana-usp-de-ciencia-e-tecnologia-3-300x200.jpg 300w, https:\/\/prceu.usp.br\/girocultural\/wp-content\/uploads\/2021\/06\/semana-usp-de-ciencia-e-tecnologia-3-768x512.jpg 768w, https:\/\/prceu.usp.br\/girocultural\/wp-content\/uploads\/2021\/06\/semana-usp-de-ciencia-e-tecnologia-3.jpg 1188w\" sizes=\"auto, (max-width: 1024px) 100vw, 1024px\" \/><\/span>","protected":false},"excerpt":{"rendered":"<p>Recepci\u00f3n de estudiantes de primer a\u00f1o y de intercambio El Giro Cultural, al inicio del a\u00f1o escolar, en apoyo de las unidades en la recepci\u00f3n de los estudiantes de primer a\u00f1o, ofrece una ruta panor\u00e1mica para los nuevos estudiantes. Durante la visita, se presenta toda la extensi\u00f3n del campus y los mediadores comparten consejos y [&hellip;]<\/p>\n","protected":false},"author":6,"featured_media":3059,"parent":0,"menu_order":25,"comment_status":"closed","ping_status":"closed","template":"","meta":{"footnotes":""},"categories":[],"tags":[59,48,61,62,60,63,23,58,57],"class_list":["post-3014","page","type-page","status-publish","has-post-thumbnail","hentry","tag-eventos","tag-giro-cultural","tag-projeto-integracao-fmvz-usp-e-etecs-do-centro-paula-souza","tag-recepcao-aos-calouros-e-intercambistas","tag-semana-usp-de-ciencia-e-tecnologia","tag-universidade-de-sao-paulo","tag-usp","tag-usp-e-as-profissoes","tag-usp-profissoes"],"_links":{"self":[{"href":"https:\/\/prceu.usp.br\/girocultural\/es\/wp-json\/wp\/v2\/pages\/3014","targetHints":{"allow":["GET"]}}],"collection":[{"href":"https:\/\/prceu.usp.br\/girocultural\/es\/wp-json\/wp\/v2\/pages"}],"about":[{"href":"https:\/\/prceu.usp.br\/girocultural\/es\/wp-json\/wp\/v2\/types\/page"}],"author":[{"embeddable":true,"href":"https:\/\/prceu.usp.br\/girocultural\/es\/wp-json\/wp\/v2\/users\/6"}],"replies":[{"embeddable":true,"href":"https:\/\/prceu.usp.br\/girocultural\/es\/wp-json\/wp\/v2\/comments?post=3014"}],"version-history":[{"count":4,"href":"https:\/\/prceu.usp.br\/girocultural\/es\/wp-json\/wp\/v2\/pages\/3014\/revisions"}],"predecessor-version":[{"id":3904,"href":"https:\/\/prceu.usp.br\/girocultural\/es\/wp-json\/wp\/v2\/pages\/3014\/revisions\/3904"}],"wp:featuredmedia":[{"embeddable":true,"href":"https:\/\/prceu.usp.br\/girocultural\/es\/wp-json\/wp\/v2\/media\/3059"}],"wp:attachment":[{"href":"https:\/\/prceu.usp.br\/girocultural\/es\/wp-json\/wp\/v2\/media?parent=3014"}],"wp:term":[{"taxonomy":"category","embeddable":true,"href":"https:\/\/prceu.usp.br\/girocultural\/es\/wp-json\/wp\/v2\/categories?post=3014"},{"taxonomy":"post_tag","embeddable":true,"href":"https:\/\/prceu.usp.br\/girocultural\/es\/wp-json\/wp\/v2\/tags?post=3014"}],"curies":[{"name":"wp","href":"https:\/\/api.w.org\/{rel}","templated":true}]}}