{"id":2865,"date":"2021-04-12T11:49:47","date_gmt":"2021-04-12T14:49:47","guid":{"rendered":"https:\/\/prceu.usp.br\/girocultural\/?page_id=2865"},"modified":"2022-04-04T13:08:43","modified_gmt":"2022-04-04T16:08:43","slug":"pagina-inicial","status":"publish","type":"page","link":"https:\/\/prceu.usp.br\/girocultural\/","title":{"rendered":"Giro Cultural USP"},"content":{"rendered":"<div id=\"fb-root\"><\/div>\n\n<div id=\"content\">\n<section id=\"sobre\">\n<h3 style=\"text-align: left;\"><span style=\"font-family: verdana, geneva, sans-serif;\"><strong><span style=\"font-size: 14pt;\">Voc\u00ea quer conhecer os museus e acervos da USP?<\/span><\/strong><\/span><\/h3>\n<div>\n<p style=\"text-align: justify;\"><span style=\"font-family: arial, helvetica, sans-serif;\"><span style=\"font-family: verdana, geneva, sans-serif;\">O Giro Cultural \u00e9 um programa da Pr\u00f3-Reitoria de Cultura e Extens\u00e3o Universit\u00e1ria da USP que oferece ao p\u00fablico passeios guiados gratuitos dentro e fora da Cidade Universit\u00e1ria, e tem como proposta divulgar \u00e0 sociedade o patrim\u00f4nio arquitet\u00f4nico, cient\u00edfico e cultural da Universidade.<\/span><br \/>\n<\/span><\/p>\n<\/div>\n<\/section>\n<\/div>\n<div id=\"gtx-trans\" style=\"position: absolute; left: 83px; top: 48px;\">\n<div class=\"gtx-trans-icon\" style=\"text-align: center;\"><\/div>\n<\/div>","protected":false},"excerpt":{"rendered":"<p>Voc\u00ea quer conhecer os museus e acervos da USP? O Giro Cultural \u00e9 um programa da Pr\u00f3-Reitoria de Cultura e Extens\u00e3o Universit\u00e1ria da USP que oferece ao p\u00fablico passeios guiados gratuitos dentro e fora da Cidade Universit\u00e1ria, e tem como proposta divulgar \u00e0 sociedade o patrim\u00f4nio arquitet\u00f4nico, cient\u00edfico e cultural da Universidade.<\/p>\n","protected":false},"author":19,"featured_media":0,"parent":0,"menu_order":28,"comment_status":"closed","ping_status":"closed","template":"","meta":{"footnotes":""},"categories":[],"tags":[41,40,42,43,39,44,32,46,30,45,23],"class_list":["post-2865","page","type-page","status-publish","hentry","tag-capital","tag-conhecer","tag-cultura","tag-extensao","tag-giro","tag-monitoria","tag-passeio","tag-publica","tag-roteiro","tag-universidade","tag-usp"],"_links":{"self":[{"href":"https:\/\/prceu.usp.br\/girocultural\/wp-json\/wp\/v2\/pages\/2865","targetHints":{"allow":["GET"]}}],"collection":[{"href":"https:\/\/prceu.usp.br\/girocultural\/wp-json\/wp\/v2\/pages"}],"about":[{"href":"https:\/\/prceu.usp.br\/girocultural\/wp-json\/wp\/v2\/types\/page"}],"author":[{"embeddable":true,"href":"https:\/\/prceu.usp.br\/girocultural\/wp-json\/wp\/v2\/users\/19"}],"replies":[{"embeddable":true,"href":"https:\/\/prceu.usp.br\/girocultural\/wp-json\/wp\/v2\/comments?post=2865"}],"version-history":[{"count":3,"href":"https:\/\/prceu.usp.br\/girocultural\/wp-json\/wp\/v2\/pages\/2865\/revisions"}],"predecessor-version":[{"id":3964,"href":"https:\/\/prceu.usp.br\/girocultural\/wp-json\/wp\/v2\/pages\/2865\/revisions\/3964"}],"wp:attachment":[{"href":"https:\/\/prceu.usp.br\/girocultural\/wp-json\/wp\/v2\/media?parent=2865"}],"wp:term":[{"taxonomy":"category","embeddable":true,"href":"https:\/\/prceu.usp.br\/girocultural\/wp-json\/wp\/v2\/categories?post=2865"},{"taxonomy":"post_tag","embeddable":true,"href":"https:\/\/prceu.usp.br\/girocultural\/wp-json\/wp\/v2\/tags?post=2865"}],"curies":[{"name":"wp","href":"https:\/\/api.w.org\/{rel}","templated":true}]}}