{"id":2964,"date":"2021-06-04T16:38:59","date_gmt":"2021-06-04T19:38:59","guid":{"rendered":"https:\/\/prceu.usp.br\/girocultural\/?page_id=2964"},"modified":"2022-02-03T13:57:52","modified_gmt":"2022-02-03T16:57:52","slug":"quem-somos","status":"publish","type":"page","link":"https:\/\/prceu.usp.br\/girocultural\/quem-somos\/","title":{"rendered":"Quem Somos"},"content":{"rendered":"<div id=\"fb-root\"><\/div>\n\n<p style=\"text-align: justify;\"><span style=\"font-family: verdana, geneva, sans-serif;\">O Giro Cultural USP \u00e9 um programa da Pr\u00f3-Reitoria de Cultura e Extens\u00e3o Universit\u00e1ria da Universidade de S\u00e3o Paulo (PRCEU\/USP) que promove passeios gratuitos \u00e0 popula\u00e7\u00e3o com o objetivo de divulgar o patrim\u00f4nio arquitet\u00f4nico, art\u00edstico e cultural da USP. Diferentemente de outras visitas guiadas de car\u00e1ter tur\u00edstico existentes na cidade de S\u00e3o Paulo, os roteiros do Giro Cultural USP apresentam um s\u00f3lido conte\u00fado que tem sido elaborado com apoio de docentes da pr\u00f3pria Universidade de S\u00e3o Paulo. O principal objetivo do Giro Cultural da USP \u00e9 abrir ao p\u00fablico a maior universidade da Am\u00e9rica Latina, seus museus, acervo cultural e cient\u00edfico.<\/span><\/p>\n<p style=\"text-align: justify;\"><span style=\"font-family: verdana, geneva, sans-serif;\">A cria\u00e7\u00e3o do Giro Cultural USP atende uma grande demanda, principalmente de estudantes de ensino m\u00e9dio que desejam conhecer a Universidade de S\u00e3o Paulo. \u00c9 justificada tamb\u00e9m pela necessidade de ampliar a divulga\u00e7\u00e3o dos espa\u00e7os culturais da USP, institui\u00e7\u00e3o reconhecida pela excel\u00eancia no ensino e na pesquisa, mas que tamb\u00e9m se destaca pelo vasto acervo patrimonial e de atividades de extens\u00e3o universit\u00e1ria. Justifica-se ainda pela necessidade de repensar o uso do campus e sua rela\u00e7\u00e3o com a sociedade. Os passeios oferecem as op\u00e7\u00f5es de roteiros no campus Butant\u00e3: \u201cVista Panor\u00e2mica\u201d, \u201cAcervo Cultural\u201d e \u201cAcervo Cient\u00edfico\u201d; e uma op\u00e7\u00e3o fora do campus: \u201cA USP e a S\u00e3o Paulo Modernista\u201d, roteiro que destaca as principais obras e edifica\u00e7\u00f5es modernistas presentes na capital paulista.<\/span><\/p>\n<p style=\"text-align: justify;\"><span style=\"font-family: verdana, geneva, sans-serif;\">Os roteiros \u201cAcervo Cient\u00edfico\u201d e \u201cAcervo Cultural\u201d possuem dura\u00e7\u00e3o aproximada de duas horas e meia, j\u00e1 o roteiro \u201cVista Panor\u00e2mica\u201d tem dura\u00e7\u00e3o de uma hora e meia. \u201cA USP e a S\u00e3o Paulo Modernista\u201d, por sua vez, tem dura\u00e7\u00e3o de 4 horas.<\/span><\/p>\n<p style=\"text-align: justify;\"><span style=\"font-family: verdana, geneva, sans-serif;\">Desde 2018, foi viabilizado um novo roteiro intitulado \u201cUSP Conhecendo a USP\u201d, com dura\u00e7\u00e3o de 7 horas e p\u00fablico formado por estudantes, funcion\u00e1rios e professores dos campi do interior. Em todos os roteiros o percurso \u00e9 realizado por \u00f4nibus, acompanhado ao menos por dois mediadores, alunos da pr\u00f3pria Universidade de S\u00e3o Paulo. Os passeios s\u00e3o gratuitos e abertos para toda popula\u00e7\u00e3o. Os roteiros para a Cidade Universit\u00e1ria podem ser agendados grupos fechados de at\u00e9 40 pessoas, de ter\u00e7a a sexta-feira, em duas op\u00e7\u00f5es de hor\u00e1rio: para as 10 horas ou para as 14 horas. Para o roteiro externo, realizado aos s\u00e1bados, com dura\u00e7\u00e3o de quatro horas, o agendamento deve ocorrer para as 10 horas. O programa conta tamb\u00e9m com o apoio da Prefeitura do Campus USP da Capital para a cess\u00e3o do \u00f4nibus que realiza os roteiros internos na Cidade Universit\u00e1ria.<\/span><\/p>","protected":false},"excerpt":{"rendered":"<p>O Giro Cultural USP \u00e9 um programa da Pr\u00f3-Reitoria de Cultura e Extens\u00e3o Universit\u00e1ria da Universidade de S\u00e3o Paulo (PRCEU\/USP) que promove passeios gratuitos \u00e0 popula\u00e7\u00e3o com o objetivo de divulgar o patrim\u00f4nio arquitet\u00f4nico, art\u00edstico e cultural da USP. Diferentemente de outras visitas guiadas de car\u00e1ter tur\u00edstico existentes na cidade de S\u00e3o Paulo, os roteiros [&hellip;]<\/p>\n","protected":false},"author":6,"featured_media":2730,"parent":0,"menu_order":26,"comment_status":"closed","ping_status":"closed","template":"","meta":{"footnotes":""},"categories":[],"tags":[48,63,23],"class_list":["post-2964","page","type-page","status-publish","has-post-thumbnail","hentry","tag-giro-cultural","tag-universidade-de-sao-paulo","tag-usp"],"_links":{"self":[{"href":"https:\/\/prceu.usp.br\/girocultural\/wp-json\/wp\/v2\/pages\/2964","targetHints":{"allow":["GET"]}}],"collection":[{"href":"https:\/\/prceu.usp.br\/girocultural\/wp-json\/wp\/v2\/pages"}],"about":[{"href":"https:\/\/prceu.usp.br\/girocultural\/wp-json\/wp\/v2\/types\/page"}],"author":[{"embeddable":true,"href":"https:\/\/prceu.usp.br\/girocultural\/wp-json\/wp\/v2\/users\/6"}],"replies":[{"embeddable":true,"href":"https:\/\/prceu.usp.br\/girocultural\/wp-json\/wp\/v2\/comments?post=2964"}],"version-history":[{"count":2,"href":"https:\/\/prceu.usp.br\/girocultural\/wp-json\/wp\/v2\/pages\/2964\/revisions"}],"predecessor-version":[{"id":3895,"href":"https:\/\/prceu.usp.br\/girocultural\/wp-json\/wp\/v2\/pages\/2964\/revisions\/3895"}],"wp:featuredmedia":[{"embeddable":true,"href":"https:\/\/prceu.usp.br\/girocultural\/wp-json\/wp\/v2\/media\/2730"}],"wp:attachment":[{"href":"https:\/\/prceu.usp.br\/girocultural\/wp-json\/wp\/v2\/media?parent=2964"}],"wp:term":[{"taxonomy":"category","embeddable":true,"href":"https:\/\/prceu.usp.br\/girocultural\/wp-json\/wp\/v2\/categories?post=2964"},{"taxonomy":"post_tag","embeddable":true,"href":"https:\/\/prceu.usp.br\/girocultural\/wp-json\/wp\/v2\/tags?post=2964"}],"curies":[{"name":"wp","href":"https:\/\/api.w.org\/{rel}","templated":true}]}}