{"id":3014,"date":"2021-06-08T13:52:34","date_gmt":"2021-06-08T16:52:34","guid":{"rendered":"https:\/\/prceu.usp.br\/girocultural\/?page_id=3014"},"modified":"2022-02-04T10:36:16","modified_gmt":"2022-02-04T13:36:16","slug":"eventos","status":"publish","type":"page","link":"https:\/\/prceu.usp.br\/girocultural\/eventos\/","title":{"rendered":"Eventos"},"content":{"rendered":"<div id=\"fb-root\"><\/div>\n\n<h3 style=\"text-align: center;\">Recep\u00e7\u00e3o aos Calouros e Intercambistas<\/h3>\n<p style=\"text-align: justify;\"><span style=\"font-family: verdana, geneva, sans-serif;\"><span id=\"E80\" class=\"qowt-font4-Arial\">O Giro Cultural, no in\u00edcio do ano letivo, em apoio \u00e0s unidades na recep\u00e7\u00e3o aos calouros, oferece um roteiro panor\u00e2mico voltado para os novos alunos. No passeio, \u00e9 apresentada toda a extens\u00e3o do campus e os mediadores compartilham dicas e curiosidades com os calouros. A equipe do Giro Cultural \u00e9 composta por mediadores de diversas unidades, assim, os calouros podem interagir com veteranos de cursos diversos e tirarem suas d\u00favidas em rela\u00e7\u00e3o ao campus. O Giro Cultural tamb\u00e9m apoia as Comiss\u00f5es de Coopera\u00e7\u00e3o Internacional (<\/span><span id=\"E82\" class=\"qowt-font4-Arial\">CCINTs<\/span><span id=\"E84\" class=\"qowt-font4-Arial\">) de diversas unidades na recep\u00e7\u00e3o aos <\/span><span id=\"E86\" class=\"qowt-font4-Arial\">intercambistas<\/span><span id=\"E88\" class=\"qowt-font4-Arial\"> com o roteiro panor\u00e2mico. O passeio \u00e9 marcado pela integra\u00e7\u00e3o dos <\/span><span id=\"E90\" class=\"qowt-font4-Arial\">intercambistas<\/span><span id=\"E92\" class=\"qowt-font4-Arial\"> e boas-vindas ao campus universit\u00e1rio.<\/span><\/span><\/p>\n<p><span style=\"font-family: verdana, geneva, sans-serif;\"><img loading=\"lazy\" decoding=\"async\" class=\"size-medium aligncenter\" src=\"https:\/\/prceu.usp.br\/girocultural\/wp-content\/uploads\/2021\/06\/Intercambitas-IRI-FE-ECA-Manha-18.02.2020-2.jpg\" width=\"1760\" height=\"1320\" \/><\/span><\/p>\n<p><span style=\"font-family: verdana, geneva, sans-serif;\"><!--?php echo do_shortcode('[metaslider id=\"3071\"]'); ?--><\/span><\/p>\n<h3><span style=\"font-family: verdana, geneva, sans-serif;\"><img loading=\"lazy\" decoding=\"async\" class=\"size-medium aligncenter\" src=\"https:\/\/prceu.usp.br\/girocultural\/wp-content\/uploads\/2021\/06\/Giro-panoramico-com-calouros-da-Geografia-01.03.18-2.jpg\" width=\"1188\" height=\"792\" \/><\/span><\/h3>\n<p>&nbsp;<\/p>\n<h3 style=\"text-align: center;\">Projeto Integra\u00e7\u00e3o FMVZ-USP e Etecs do Centro Paula Souza<\/h3>\n<p style=\"text-align: justify;\"><span style=\"font-family: verdana, geneva, sans-serif;\">O Projeto Integra\u00e7\u00e3o FMVZ-USP e Etecs do Centro Paula Souza, tem como objetivo despertar nos alunos o interesse pela Medicina Veterin\u00e1ria e ampliar o n\u00famero de ingressantes oriundos de escolas p\u00fablicas na USP. A Faculdade de Medicina Veterin\u00e1ria e Zootecnia (FMVZ) da USP recebe estudantes e professores das Escolas T\u00e9cnicas Estaduais (Etecs) de diversas regi\u00f5es do Estado de S\u00e3o Paulo. Atrav\u00e9s de uma parceria com o Giro Cultural, os participantes realizam o roteiro \u201cVista Panor\u00e2mica\u201d, no qual conhecem as unidades da USP e a Pra\u00e7a do Rel\u00f3gio.<\/span><\/p>\n<p style=\"text-align: left;\"><span style=\"font-family: verdana, geneva, sans-serif;\"><img loading=\"lazy\" decoding=\"async\" class=\"size-medium aligncenter\" src=\"https:\/\/prceu.usp.br\/girocultural\/wp-content\/uploads\/2021\/06\/Projeto-FMVZ-e-ETECs-01.10.2019.jpg\" width=\"1782\" height=\"1188\" \/><\/span><\/p>\n<p>&nbsp;<\/p>\n<h3 style=\"text-align: center;\">Programa USP e as Profiss\u00f5es<\/h3>\n<p style=\"text-align: justify;\"><span style=\"font-family: verdana, geneva, sans-serif;\"><span id=\"E49\" class=\"qowt-font4-Arial\">Criado em 1990, o Programa USP e as Profiss\u00f5es possui como objetivo fornecer subs\u00eddios aos estudantes para que, com a ajuda de seus familiares e professores, sejam orientados na importante tarefa de optar por uma carreira profissional. As principais a\u00e7\u00f5es do programa s\u00e3o as feiras USP e as Profiss\u00f5es e as visitas monitoradas de estudantes do Ensino M\u00e9dio e cursinhos \u00e0s unidades de ensino e pesquisa da USP em seus sete campi. As feiras de profiss\u00f5es acontecem anualmente desde 2001 no interior (em esquema de rod\u00edzio entre os diversos campi) e desde 2006 na capital, atraindo um grande p\u00fablico. S\u00e3o dadas informa\u00e7\u00f5es sobre os cursos e unidades da USP e tamb\u00e9m das atividades culturais e de extens\u00e3o. Em raz\u00e3o da pandemia do Covid-19, no ano de 2<\/span><span id=\"E50\" class=\"qowt-font4-Arial\">020 as visitas monitoradas foram<\/span><span id=\"E53\" class=\"qowt-font4-Arial\"> suspensas temporariamente, mas a feira USP e as Profiss\u00f5es ocorreu de forma digital, apresentando online uma programa\u00e7\u00e3o que incluiu v\u00eddeos exclusivos, <\/span><span id=\"E55\" class=\"qowt-font4-Arial\">lives<\/span><span id=\"E57\" class=\"qowt-font4-Arial\">, bate-papos, orienta\u00e7\u00e3o vocacional e apresenta\u00e7\u00f5es art\u00edstico-culturais. Em 2021, tamb\u00e9m ser\u00e1 realizada uma edi\u00e7\u00e3o digital do evento. As Feiras USP e as Profiss\u00f5es s\u00e3o grandes eventos com dura\u00e7\u00e3o de tr\u00eas dias que acontecem duas vezes por ano.<\/span><\/span><\/p>\n<p><span style=\"font-family: verdana, geneva, sans-serif;\"><img loading=\"lazy\" decoding=\"async\" class=\"aligncenter\" src=\"https:\/\/prceu.usp.br\/girocultural\/wp-content\/uploads\/2021\/06\/Feira-USP-e-as-Profissoes.1.jpeg\" width=\"584\" height=\"778\" \/><\/span><\/p>\n<p>&nbsp;<\/p>\n<h3 style=\"text-align: center;\">Semana USP de Ci\u00eancia e Tecnologia<\/h3>\n<p id=\"E55\" class=\"x-scope qowt-word-para-0\" style=\"text-align: justify;\"><span id=\"E57\" class=\"qowt-font4-Arial\" style=\"font-family: verdana, geneva, sans-serif;\">O Giro Cultural tamb\u00e9m marca presen\u00e7a na Semana USP de Ci\u00eancia e Tecnologia. O evento \u00e9 uma a\u00e7\u00e3o coordenada pelas Pr\u00f3-Reitorias de Cultura e Extens\u00e3o Universit\u00e1ria e de Pesquisa da USP, e faz parte da Semana Nacional de Ci\u00eancia e Tecnologia, iniciativa do Minist\u00e9rio de Ci\u00eancia, Tecnologia, Inova\u00e7\u00e3o e Comunica\u00e7\u00f5es. <\/span><\/p>\n<p id=\"E58\" class=\"x-scope qowt-word-para-0\" style=\"text-align: justify;\"><span style=\"font-family: verdana, geneva, sans-serif;\"><span id=\"E59\" class=\"qowt-font4-Arial\"> <\/span><span id=\"E60\" class=\"qowt-font4-Arial\">A cada ano, diversas unidades da USP s\u00e3o reunidas em torno de uma programa\u00e7\u00e3o comum<\/span><span id=\"E61\" class=\"qowt-font4-Arial\">.<\/span><span id=\"E62\" class=\"qowt-font4-Arial\"> <\/span><span id=\"E63\" class=\"qowt-font4-Arial\">A<\/span><span id=\"E64\" class=\"qowt-font4-Arial\"> ideia central do evento \u00e9 oferecer uma oportunidade de contato da popula\u00e7\u00e3o com pesquisadores, professores, laborat\u00f3rios e espa\u00e7os de pesquisa. <\/span><\/span><\/p>\n<p id=\"E65\" class=\"x-scope qowt-word-para-0\" style=\"text-align: justify;\"><span style=\"font-family: verdana, geneva, sans-serif;\"><span id=\"E66\" class=\"qowt-font4-Arial\"> <\/span><span id=\"E67\" class=\"qowt-font4-Arial\">A Semana USP de Ci\u00eancia e Tecnologia proporciona gratuitamente ao p\u00fablico um espa\u00e7o interativo de divulga\u00e7\u00e3o da produ\u00e7\u00e3o cient\u00edfica e tecnol\u00f3gica desenvolvida pela Universidade. Al\u00e9m disso, o aux\u00edlio de especialistas e a linguagem acess\u00edvel, objetiva incentivar a curiosidade e motivar a sociedade a pesquisar e discutir sobre os impactos que a ci\u00eancia e a tecnologia podem promover em benef\u00edcio da sociedade.<\/span><\/span><\/p>\n<p><span style=\"font-family: verdana, geneva, sans-serif;\"> <img loading=\"lazy\" decoding=\"async\" class=\"aligncenter wp-image-3760 size-large\" src=\"https:\/\/prceu.usp.br\/girocultural\/wp-content\/uploads\/2021\/06\/semana-usp-de-ciencia-e-tecnologia-2-1024x576.jpg\" alt=\"Semana Usp De Ciencia E Tecnologia 2\" width=\"1024\" height=\"576\" srcset=\"https:\/\/prceu.usp.br\/girocultural\/wp-content\/uploads\/2021\/06\/semana-usp-de-ciencia-e-tecnologia-2-1024x576.jpg 1024w, https:\/\/prceu.usp.br\/girocultural\/wp-content\/uploads\/2021\/06\/semana-usp-de-ciencia-e-tecnologia-2-300x169.jpg 300w, https:\/\/prceu.usp.br\/girocultural\/wp-content\/uploads\/2021\/06\/semana-usp-de-ciencia-e-tecnologia-2-768x432.jpg 768w, https:\/\/prceu.usp.br\/girocultural\/wp-content\/uploads\/2021\/06\/semana-usp-de-ciencia-e-tecnologia-2-1536x864.jpg 1536w, https:\/\/prceu.usp.br\/girocultural\/wp-content\/uploads\/2021\/06\/semana-usp-de-ciencia-e-tecnologia-2.jpg 2048w\" sizes=\"auto, (max-width: 1024px) 100vw, 1024px\" \/><\/span><\/p>\n<p><span style=\"font-family: verdana, geneva, sans-serif;\"> <img loading=\"lazy\" decoding=\"async\" class=\"aligncenter wp-image-3761 size-large\" src=\"https:\/\/prceu.usp.br\/girocultural\/wp-content\/uploads\/2021\/06\/giro-semana-usp-de-ciencia-e-tecnologia-2017-1024x683.jpg\" alt=\"Giro Semana Usp De Ciencia E Tecnologia 2017\" width=\"1024\" height=\"683\" srcset=\"https:\/\/prceu.usp.br\/girocultural\/wp-content\/uploads\/2021\/06\/giro-semana-usp-de-ciencia-e-tecnologia-2017-1024x683.jpg 1024w, https:\/\/prceu.usp.br\/girocultural\/wp-content\/uploads\/2021\/06\/giro-semana-usp-de-ciencia-e-tecnologia-2017-300x200.jpg 300w, https:\/\/prceu.usp.br\/girocultural\/wp-content\/uploads\/2021\/06\/giro-semana-usp-de-ciencia-e-tecnologia-2017-768x512.jpg 768w, https:\/\/prceu.usp.br\/girocultural\/wp-content\/uploads\/2021\/06\/giro-semana-usp-de-ciencia-e-tecnologia-2017.jpg 1188w\" sizes=\"auto, (max-width: 1024px) 100vw, 1024px\" \/><\/span><\/p>\n<p><span style=\"font-family: verdana, geneva, sans-serif;\"> <img loading=\"lazy\" decoding=\"async\" class=\"aligncenter wp-image-3762 size-large\" src=\"https:\/\/prceu.usp.br\/girocultural\/wp-content\/uploads\/2021\/06\/semana-usp-de-ciencia-e-tecnologia-1-1024x683.jpg\" alt=\"Semana Usp De Ciencia E Tecnologia 1\" width=\"1024\" height=\"683\" srcset=\"https:\/\/prceu.usp.br\/girocultural\/wp-content\/uploads\/2021\/06\/semana-usp-de-ciencia-e-tecnologia-1-1024x683.jpg 1024w, https:\/\/prceu.usp.br\/girocultural\/wp-content\/uploads\/2021\/06\/semana-usp-de-ciencia-e-tecnologia-1-300x200.jpg 300w, https:\/\/prceu.usp.br\/girocultural\/wp-content\/uploads\/2021\/06\/semana-usp-de-ciencia-e-tecnologia-1-768x512.jpg 768w, https:\/\/prceu.usp.br\/girocultural\/wp-content\/uploads\/2021\/06\/semana-usp-de-ciencia-e-tecnologia-1.jpg 1188w\" sizes=\"auto, (max-width: 1024px) 100vw, 1024px\" \/><\/span><\/p>\n<p><span style=\"font-family: verdana, geneva, sans-serif;\"> <img loading=\"lazy\" decoding=\"async\" class=\"aligncenter wp-image-3763 size-large\" src=\"https:\/\/prceu.usp.br\/girocultural\/wp-content\/uploads\/2021\/06\/semana-usp-de-ciencia-e-tecnologia-3-1024x683.jpg\" alt=\"Semana Usp De Ciencia E Tecnologia 3\" width=\"1024\" height=\"683\" srcset=\"https:\/\/prceu.usp.br\/girocultural\/wp-content\/uploads\/2021\/06\/semana-usp-de-ciencia-e-tecnologia-3-1024x683.jpg 1024w, https:\/\/prceu.usp.br\/girocultural\/wp-content\/uploads\/2021\/06\/semana-usp-de-ciencia-e-tecnologia-3-300x200.jpg 300w, https:\/\/prceu.usp.br\/girocultural\/wp-content\/uploads\/2021\/06\/semana-usp-de-ciencia-e-tecnologia-3-768x512.jpg 768w, https:\/\/prceu.usp.br\/girocultural\/wp-content\/uploads\/2021\/06\/semana-usp-de-ciencia-e-tecnologia-3.jpg 1188w\" sizes=\"auto, (max-width: 1024px) 100vw, 1024px\" \/>\u00a0<\/span>","protected":false},"excerpt":{"rendered":"<p>Recep\u00e7\u00e3o aos Calouros e Intercambistas O Giro Cultural, no in\u00edcio do ano letivo, em apoio \u00e0s unidades na recep\u00e7\u00e3o aos calouros, oferece um roteiro panor\u00e2mico voltado para os novos alunos. No passeio, \u00e9 apresentada toda a extens\u00e3o do campus e os mediadores compartilham dicas e curiosidades com os calouros. A equipe do Giro Cultural \u00e9 [&hellip;]<\/p>\n","protected":false},"author":6,"featured_media":3059,"parent":0,"menu_order":25,"comment_status":"closed","ping_status":"closed","template":"","meta":{"footnotes":""},"categories":[],"tags":[59,48,61,62,60,63,23,58,57],"class_list":["post-3014","page","type-page","status-publish","has-post-thumbnail","hentry","tag-eventos","tag-giro-cultural","tag-projeto-integracao-fmvz-usp-e-etecs-do-centro-paula-souza","tag-recepcao-aos-calouros-e-intercambistas","tag-semana-usp-de-ciencia-e-tecnologia","tag-universidade-de-sao-paulo","tag-usp","tag-usp-e-as-profissoes","tag-usp-profissoes"],"_links":{"self":[{"href":"https:\/\/prceu.usp.br\/girocultural\/wp-json\/wp\/v2\/pages\/3014","targetHints":{"allow":["GET"]}}],"collection":[{"href":"https:\/\/prceu.usp.br\/girocultural\/wp-json\/wp\/v2\/pages"}],"about":[{"href":"https:\/\/prceu.usp.br\/girocultural\/wp-json\/wp\/v2\/types\/page"}],"author":[{"embeddable":true,"href":"https:\/\/prceu.usp.br\/girocultural\/wp-json\/wp\/v2\/users\/6"}],"replies":[{"embeddable":true,"href":"https:\/\/prceu.usp.br\/girocultural\/wp-json\/wp\/v2\/comments?post=3014"}],"version-history":[{"count":4,"href":"https:\/\/prceu.usp.br\/girocultural\/wp-json\/wp\/v2\/pages\/3014\/revisions"}],"predecessor-version":[{"id":3904,"href":"https:\/\/prceu.usp.br\/girocultural\/wp-json\/wp\/v2\/pages\/3014\/revisions\/3904"}],"wp:featuredmedia":[{"embeddable":true,"href":"https:\/\/prceu.usp.br\/girocultural\/wp-json\/wp\/v2\/media\/3059"}],"wp:attachment":[{"href":"https:\/\/prceu.usp.br\/girocultural\/wp-json\/wp\/v2\/media?parent=3014"}],"wp:term":[{"taxonomy":"category","embeddable":true,"href":"https:\/\/prceu.usp.br\/girocultural\/wp-json\/wp\/v2\/categories?post=3014"},{"taxonomy":"post_tag","embeddable":true,"href":"https:\/\/prceu.usp.br\/girocultural\/wp-json\/wp\/v2\/tags?post=3014"}],"curies":[{"name":"wp","href":"https:\/\/api.w.org\/{rel}","templated":true}]}}