{"id":3021,"date":"2021-06-08T13:59:23","date_gmt":"2021-06-08T16:59:23","guid":{"rendered":"https:\/\/prceu.usp.br\/girocultural\/?page_id=3021"},"modified":"2026-03-03T10:37:52","modified_gmt":"2026-03-03T13:37:52","slug":"equipe","status":"publish","type":"page","link":"https:\/\/prceu.usp.br\/girocultural\/equipe\/","title":{"rendered":"Equipe"},"content":{"rendered":"<div id=\"fb-root\"><\/div>\n<span style=\"font-family: verdana, geneva, sans-serif;\"><strong>Coordena\u00e7\u00e3o Acad\u00eamica<\/strong><\/span><br \/>\n<span style=\"font-family: verdana, geneva, sans-serif;\">Prof. Dr. Ricardo Ricci Uvinha<\/span><\/p>\n<p><span style=\"font-family: verdana, geneva, sans-serif;\"><strong>Pr\u00f3-Reitor de Cultura e Extens\u00e3o Universit\u00e1ria<br \/>\n<\/strong><\/span><span style=\"font-family: verdana, geneva, sans-serif;\">Prof. Dr. Am\u00e2ncio Jorge de Oliveira\u00a0<\/span><\/p>\n<p><span style=\"font-family: verdana, geneva, sans-serif;\"><strong>Pr\u00f3-Reitor Adjunto de Cultura e Extens\u00e3o Universit\u00e1ria<\/strong><br \/>\nProf. Dr. Iran Jos\u00e9 Oliveira Da Silva<\/span><\/p>\n<p><span style=\"font-family: verdana, geneva, sans-serif;\"><strong>Assessores T\u00e9cnicos de Gabinete<\/strong><br \/>\nProf. Dr. Mauro Bertotti<br \/>\nProf. Dr. Paula da Cunha Corr\u00eaa<br \/>\n<\/span><span style=\"font-family: verdana, geneva, sans-serif;\"><span class=\"chamada-bold\"><strong>Assistentes T\u00e9cnicos do Gabinete<br \/>\n<\/strong><\/span><\/span><span style=\"font-family: verdana, geneva, sans-serif;\">Anna Maria Campos<br \/>\n<\/span><span style=\"font-family: verdana, geneva, sans-serif;\">Armando F\u00e1bio Silva Lima<br \/>\n<\/span><span style=\"font-family: verdana, geneva, sans-serif;\">Mariana Shinohara<br \/>\n<\/span><\/p>\n<p><span style=\"font-family: verdana, geneva, sans-serif;\"><span class=\"chamada-bold\"><strong>Chefe da Divis\u00e3o de A\u00e7\u00e3o Cultural<\/strong><br \/>\n<\/span><span class=\"chamada-bold\">Margarete de Lourdes Campos Ramos<\/span><\/span><em><span class=\"chamada-bold\"><br \/>\n<\/span><\/em><\/p>\n<p><span style=\"font-family: verdana, geneva, sans-serif;\"><span class=\"chamada-bold\"><strong>Chefe da Divis\u00e3o Acad\u00eamica<\/strong><br \/>\n<\/span><span class=\"chamada-bold\">Christiane Izumi Yamamoto<\/span><\/span><em><span class=\"chamada-bold\"><br \/>\n<\/span><\/em><\/p>\n<p><span style=\"font-family: verdana, geneva, sans-serif;\"><span class=\"chamada-bold\"><strong>Chefe da Divis\u00e3o de Comunica\u00e7\u00e3o Institucional<\/strong><br \/>\nElcio Ricardo da Silva<br \/>\n<\/span><\/span><\/p>\n<p><span class=\"chamada-bold\"><strong><span style=\"font-family: verdana, geneva, sans-serif;\">Chefe da Divis\u00e3o Administrativa<\/span><\/strong><br \/>\n<\/span><span class=\"chamada-bold\"><span style=\"font-family: verdana, geneva, sans-serif;\">Valdir Previde<\/span><\/span><em><span class=\"chamada-bold\"><br \/>\n<\/span><\/em><\/p>\n<p><span style=\"font-family: verdana, geneva, sans-serif;\"><strong>Supervis\u00e3o<\/strong><\/span><br \/>\n<span style=\"font-family: verdana, geneva, sans-serif;\">C\u00e1ssia Maria dos Santos<\/span><\/p>\n<p><span style=\"font-family: verdana, geneva, sans-serif;\"><strong>Motorista<\/strong><\/span><br \/>\n<span style=\"font-family: verdana, geneva, sans-serif;\">Genival Idalgo<\/span><\/p>\n<p><strong><span style=\"font-family: verdana, geneva, sans-serif;\">Bolsistas PUB<\/span><\/strong><br \/>\n<span style=\"font-family: verdana, geneva, sans-serif;\">Andr\u00e9 Willian Santana da Costa Teixeira- Ci\u00eancias Sociais<br \/>\nBruno Nunes Medanha- Ci\u00eancias Sociais<br \/>\nGabriela Azevedo Campos- Letras<br \/>\nGabriela Calejan Modenezi &#8211; Lazer e Turismo<br \/>\nGabriela Ribeiro Souza &#8211; Biologia<br \/>\nGeandra Marrane Nunes- Letras<br \/>\nMatheus Silva Oliveira- Hist\u00f3ria<br \/>\nNaomi Gouveia Costa- Rela\u00e7\u00f5es Internacionais<br \/>\nLuca Bartoloni Thomazella- Lazer e Turismo<\/span><\/p>\n<p><strong><span style=\"font-family: verdana, geneva, sans-serif;\">Estagi\u00e1rios<\/span><\/strong><br \/>\n<span style=\"font-family: verdana, geneva, sans-serif;\">Amanda Lucas de Barros &#8211; Lazer e Turismo<\/span><br \/>\n<span style=\"font-family: verdana, geneva, sans-serif;\">Arthur Pereira Paulino- Biologia<\/span><br \/>\n<span style=\"font-family: verdana, geneva, sans-serif;\">Bianca Albuquerque de Almeida- Hist\u00f3ria<\/span><br \/>\n<span style=\"font-family: verdana, geneva, sans-serif;\">Nathalia Pinheiro Bravi- Lazer e Turismo<\/span><br \/>\n<span style=\"font-family: verdana, geneva, sans-serif;\">Paulo Henrique Daniel- Gest\u00e3o Ambiental<\/span><br \/>\n<span style=\"font-family: verdana, geneva, sans-serif;\">Sarah Fernandes Santos- Geoci\u00eancias e Educa\u00e7\u00e3o Ambiental<\/span><\/p>\n<p><span style=\"font-family: verdana, geneva, sans-serif;\"><strong>Desenvolvimento Web<\/strong><\/span><br \/>\n<span style=\"font-family: verdana, geneva, sans-serif;\">Dante Daniel<\/span>","protected":false},"excerpt":{"rendered":"<p>Coordena\u00e7\u00e3o Acad\u00eamica Prof. Dr. Ricardo Ricci Uvinha Pr\u00f3-Reitor de Cultura e Extens\u00e3o Universit\u00e1ria Prof. Dr. Am\u00e2ncio Jorge de Oliveira\u00a0 Pr\u00f3-Reitor Adjunto de Cultura e Extens\u00e3o Universit\u00e1ria Prof. Dr. Iran Jos\u00e9 Oliveira Da Silva Assessores T\u00e9cnicos de Gabinete Prof. Dr. Mauro Bertotti Prof. Dr. Paula da Cunha Corr\u00eaa Assistentes T\u00e9cnicos do Gabinete Anna Maria Campos Armando [&hellip;]<\/p>\n","protected":false},"author":17,"featured_media":0,"parent":0,"menu_order":24,"comment_status":"closed","ping_status":"closed","template":"","meta":{"footnotes":""},"categories":[],"tags":[102,86,101,100],"class_list":["post-3021","page","type-page","status-publish","hentry","tag-coordenacao-giro-cultural","tag-equipe-giro","tag-estagiarios","tag-mediadores"],"_links":{"self":[{"href":"https:\/\/prceu.usp.br\/girocultural\/wp-json\/wp\/v2\/pages\/3021","targetHints":{"allow":["GET"]}}],"collection":[{"href":"https:\/\/prceu.usp.br\/girocultural\/wp-json\/wp\/v2\/pages"}],"about":[{"href":"https:\/\/prceu.usp.br\/girocultural\/wp-json\/wp\/v2\/types\/page"}],"author":[{"embeddable":true,"href":"https:\/\/prceu.usp.br\/girocultural\/wp-json\/wp\/v2\/users\/17"}],"replies":[{"embeddable":true,"href":"https:\/\/prceu.usp.br\/girocultural\/wp-json\/wp\/v2\/comments?post=3021"}],"version-history":[{"count":4,"href":"https:\/\/prceu.usp.br\/girocultural\/wp-json\/wp\/v2\/pages\/3021\/revisions"}],"predecessor-version":[{"id":4019,"href":"https:\/\/prceu.usp.br\/girocultural\/wp-json\/wp\/v2\/pages\/3021\/revisions\/4019"}],"wp:attachment":[{"href":"https:\/\/prceu.usp.br\/girocultural\/wp-json\/wp\/v2\/media?parent=3021"}],"wp:term":[{"taxonomy":"category","embeddable":true,"href":"https:\/\/prceu.usp.br\/girocultural\/wp-json\/wp\/v2\/categories?post=3021"},{"taxonomy":"post_tag","embeddable":true,"href":"https:\/\/prceu.usp.br\/girocultural\/wp-json\/wp\/v2\/tags?post=3021"}],"curies":[{"name":"wp","href":"https:\/\/api.w.org\/{rel}","templated":true}]}}