{"id":3166,"date":"2021-06-09T14:29:38","date_gmt":"2021-06-09T17:29:38","guid":{"rendered":"https:\/\/prceu.usp.br\/girocultural\/?page_id=3166"},"modified":"2021-06-16T16:32:35","modified_gmt":"2021-06-16T19:32:35","slug":"usp-conhecendo-a-usp","status":"publish","type":"page","link":"https:\/\/prceu.usp.br\/girocultural\/usp-conhecendo-a-usp\/","title":{"rendered":"A USP Conhecendo a USP"},"content":{"rendered":"<div id=\"fb-root\"><\/div>\n\n<p id=\"E55\" class=\"qowt-stl-NormalWeb x-scope qowt-word-para-1\" style=\"text-align: justify;\"><span id=\"E56\" class=\"qowt-font3-Arial\" style=\"font-family: verdana, geneva, sans-serif;\">Este roteiro \u00e9 voltado aos alunos, professores e funcion\u00e1rios da USP dos campi do interior, com o prop\u00f3sito de apresentar o campus Butant\u00e3 e outros espa\u00e7os relacionados \u00e0 Universidade de S\u00e3o Paulo. O ponto de encontro \u00e9 na Biblioteca Brasiliana Guita e Jos\u00e9 Mindlin (BBM). Ap\u00f3s a visita \u00e0s depend\u00eancias da biblioteca, iniciamos um tour similar ao roteiro Panor\u00e2mico, por\u00e9m contendo mais curiosidades sobre o Campus. Logo ap\u00f3s, o roteiro \u00e9 conduzido para o Centro Universit\u00e1rio Maria Ant\u00f4nia (CEUMA). Localizado na regi\u00e3o central de S\u00e3o Paulo, o CEUMA \u00e9 um polo cultural que realiza exposi\u00e7\u00f5es e atividades envolvendo arte e educa\u00e7\u00e3o.<\/span><\/p>\n<p id=\"E58\" class=\"qowt-stl-NormalWeb x-scope qowt-word-para-1\" style=\"text-align: justify;\"><span style=\"font-family: verdana, geneva, sans-serif;\"><span id=\"E59\" class=\"qowt-font3-Arial\">Ao longo de todo percurso, os mediadores interagem com os visitantes destacando as principais ruas, avenidas e pontos tur\u00edsticos do trajeto at\u00e9 o CEUMA. Destacam-se a Av. Dr. Vital Brasil e sua import\u00e2ncia com rela\u00e7\u00e3o ao Campus, a Rua Teodoro Sampaio, conhecida por seu com\u00e9rcio variado, a famosa Feira de Antiguidades da Rua Benedito Calixto, o Complexo Hospitalar da <\/span><span id=\"E60\" class=\"qowt-font3-Arial\">USP conhecido como Quadril\u00e1tero da Sa\u00fade e a Rua da Consola\u00e7\u00e3o, uma das principais vias da cidade, que se inicia no Vale do Anhangaba\u00fa, passando pela Avenida Paulista e terminando na Rua Estados Unidos.<\/span><\/span><\/p>\n<p id=\"E62\" class=\"qowt-stl-NormalWeb x-scope qowt-word-para-3\" style=\"text-align: justify;\"><span style=\"font-family: verdana, geneva, sans-serif;\"><span id=\"E63\" class=\"qowt-font3-Arial\">Por fim, a \u00faltima parada do roteiro \u00e9 o Museu de Arte Contempor\u00e2nea (MAC), refer\u00eancia em arte brasileira e internacional. <\/span><span id=\"E64\" class=\"qowt-font3-Arial\">No caminho at\u00e9 o museu, o \u00f4nibus passa por outros locais de destaque da cidade, como por exemplo o Parque Ibirapuera, a Av. 23 de Maio, o Pr\u00e9dio da Assembleia Legislativa, entre outros, sendo todos eles apresentados pelos mediadores<\/span><span id=\"E65\" class=\"qowt-font3-Arial\">. <\/span><\/span><\/p>\n<p id=\"E67\" class=\"qowt-stl-NormalWeb x-scope qowt-word-para-2\" style=\"text-align: justify;\"><span id=\"E68\" class=\"qowt-font3-Arial\" style=\"font-family: verdana, geneva, sans-serif;\">Ap\u00f3s a visita ao acervo do Museu, o roteiro termina no oitavo andar do pr\u00e9dio com uma vista panor\u00e2mica do Instituto Biol\u00f3gico de S\u00e3o Paulo e seu cafezal com mais de 1.600 p\u00e9s de caf\u00e9, local onde tamb\u00e9m \u00e9 poss\u00edvel contemplar o Parque Ibirapuera.\u00a0<\/span><\/p>\n<p id=\"E70\" class=\"qowt-stl-NormalWeb x-scope qowt-word-para-1\" style=\"text-align: justify;\"><span id=\"E71\" class=\"qowt-font3-Arial\" style=\"font-family: verdana, geneva, sans-serif;\">Dura\u00e7\u00e3o: 6 horas.<\/span><\/p>\n<p id=\"E72\" class=\"qowt-stl-NormalWeb x-scope qowt-word-para-1\" style=\"text-align: justify;\"><span id=\"E73\" class=\"qowt-font3-Arial\" style=\"font-family: verdana, geneva, sans-serif;\">Ponto de Encontro: Biblioteca Brasiliana Guita e Jos\u00e9 Mindlin (BBM).<\/span><\/p>\n<p id=\"E74\" class=\"qowt-stl-NormalWeb x-scope qowt-word-para-1\" style=\"text-align: justify;\"><span id=\"E75\" class=\"qowt-font3-Arial\" style=\"font-family: verdana, geneva, sans-serif;\">Dias e hor\u00e1rios:\u00a0 2\u00ba S\u00e1bado do m\u00eas.<\/span><\/p>\n<p id=\"E76\" class=\"qowt-stl-NormalWeb x-scope qowt-word-para-1\" style=\"text-align: justify;\"><span id=\"E77\" class=\"qowt-font3-Arial\" style=\"font-family: verdana, geneva, sans-serif;\">Pontos de Parada: Biblioteca Brasiliana Guita e Jos\u00e9 Mindlin, Centro Universit\u00e1rio Maria Ant\u00f4nia e Museu de Arte Contempor\u00e2nea.<\/span><\/p>\n<p id=\"E78\" class=\"qowt-stl-NormalWeb x-scope qowt-word-para-1\" style=\"text-align: justify;\"><span id=\"E79\" class=\"qowt-font3-Arial\" style=\"font-family: verdana, geneva, sans-serif;\">Entrada: Franca.<\/span><\/p>\n<p><img loading=\"lazy\" decoding=\"async\" class=\"aligncenter wp-image-3177 size-large\" src=\"https:\/\/prceu.usp.br\/girocultural\/wp-content\/uploads\/2021\/06\/Campus-de-Piracicaba-A-USP-conhecendo-a-USP-2018.2-1024x683.jpg\" alt=\"Campus De Piracicaba (a Usp Conhecendo A Usp) 2018.2\" width=\"1024\" height=\"683\" srcset=\"https:\/\/prceu.usp.br\/girocultural\/wp-content\/uploads\/2021\/06\/Campus-de-Piracicaba-A-USP-conhecendo-a-USP-2018.2-1024x683.jpg 1024w, https:\/\/prceu.usp.br\/girocultural\/wp-content\/uploads\/2021\/06\/Campus-de-Piracicaba-A-USP-conhecendo-a-USP-2018.2-300x200.jpg 300w, https:\/\/prceu.usp.br\/girocultural\/wp-content\/uploads\/2021\/06\/Campus-de-Piracicaba-A-USP-conhecendo-a-USP-2018.2-768x512.jpg 768w, https:\/\/prceu.usp.br\/girocultural\/wp-content\/uploads\/2021\/06\/Campus-de-Piracicaba-A-USP-conhecendo-a-USP-2018.2-1536x1024.jpg 1536w, https:\/\/prceu.usp.br\/girocultural\/wp-content\/uploads\/2021\/06\/Campus-de-Piracicaba-A-USP-conhecendo-a-USP-2018.2.jpg 1782w\" sizes=\"auto, (max-width: 1024px) 100vw, 1024px\" \/><\/p>\n<p><img loading=\"lazy\" decoding=\"async\" class=\"alignnone wp-image-3793 size-large\" src=\"https:\/\/prceu.usp.br\/girocultural\/wp-content\/uploads\/2021\/06\/A-USP-conhecendo-a-USP-Ribeirao-Preto-1024x683.jpg\" alt=\"A Usp Conhecendo A Usp Ribeir\u00e3o Preto\" width=\"1024\" height=\"683\" srcset=\"https:\/\/prceu.usp.br\/girocultural\/wp-content\/uploads\/2021\/06\/A-USP-conhecendo-a-USP-Ribeirao-Preto-1024x683.jpg 1024w, https:\/\/prceu.usp.br\/girocultural\/wp-content\/uploads\/2021\/06\/A-USP-conhecendo-a-USP-Ribeirao-Preto-300x200.jpg 300w, https:\/\/prceu.usp.br\/girocultural\/wp-content\/uploads\/2021\/06\/A-USP-conhecendo-a-USP-Ribeirao-Preto-768x512.jpg 768w, https:\/\/prceu.usp.br\/girocultural\/wp-content\/uploads\/2021\/06\/A-USP-conhecendo-a-USP-Ribeirao-Preto-1536x1024.jpg 1536w, https:\/\/prceu.usp.br\/girocultural\/wp-content\/uploads\/2021\/06\/A-USP-conhecendo-a-USP-Ribeirao-Preto.jpg 1782w\" sizes=\"auto, (max-width: 1024px) 100vw, 1024px\" \/> <img loading=\"lazy\" decoding=\"async\" class=\"alignnone wp-image-3794 size-large\" src=\"https:\/\/prceu.usp.br\/girocultural\/wp-content\/uploads\/2021\/06\/a-usp-conhecendo-a-usp-ceuma-4-1024x683.jpg\" alt=\"A Usp Conhecendo A Usp Ceuma 4\" width=\"1024\" height=\"683\" srcset=\"https:\/\/prceu.usp.br\/girocultural\/wp-content\/uploads\/2021\/06\/a-usp-conhecendo-a-usp-ceuma-4-1024x683.jpg 1024w, https:\/\/prceu.usp.br\/girocultural\/wp-content\/uploads\/2021\/06\/a-usp-conhecendo-a-usp-ceuma-4-300x200.jpg 300w, https:\/\/prceu.usp.br\/girocultural\/wp-content\/uploads\/2021\/06\/a-usp-conhecendo-a-usp-ceuma-4-768x512.jpg 768w, https:\/\/prceu.usp.br\/girocultural\/wp-content\/uploads\/2021\/06\/a-usp-conhecendo-a-usp-ceuma-4-1536x1024.jpg 1536w, https:\/\/prceu.usp.br\/girocultural\/wp-content\/uploads\/2021\/06\/a-usp-conhecendo-a-usp-ceuma-4.jpg 1782w\" sizes=\"auto, (max-width: 1024px) 100vw, 1024px\" \/> <img loading=\"lazy\" decoding=\"async\" class=\"alignnone wp-image-3795 size-large\" src=\"https:\/\/prceu.usp.br\/girocultural\/wp-content\/uploads\/2021\/06\/A-USP-conhecendo-a-USP-Piracicaba-2-1024x683.jpg\" alt=\"A Usp Conhecendo A Usp Piracicaba 2\" width=\"1024\" height=\"683\" srcset=\"https:\/\/prceu.usp.br\/girocultural\/wp-content\/uploads\/2021\/06\/A-USP-conhecendo-a-USP-Piracicaba-2-1024x683.jpg 1024w, https:\/\/prceu.usp.br\/girocultural\/wp-content\/uploads\/2021\/06\/A-USP-conhecendo-a-USP-Piracicaba-2-300x200.jpg 300w, https:\/\/prceu.usp.br\/girocultural\/wp-content\/uploads\/2021\/06\/A-USP-conhecendo-a-USP-Piracicaba-2-768x512.jpg 768w, https:\/\/prceu.usp.br\/girocultural\/wp-content\/uploads\/2021\/06\/A-USP-conhecendo-a-USP-Piracicaba-2-1536x1024.jpg 1536w, https:\/\/prceu.usp.br\/girocultural\/wp-content\/uploads\/2021\/06\/A-USP-conhecendo-a-USP-Piracicaba-2.jpg 1782w\" sizes=\"auto, (max-width: 1024px) 100vw, 1024px\" \/><\/p>\n<p><img loading=\"lazy\" decoding=\"async\" class=\"aligncenter wp-image-3181 size-large\" src=\"https:\/\/prceu.usp.br\/girocultural\/wp-content\/uploads\/2021\/06\/Campus-de-RP-A-USP-conhecendo-a-USP-2018-1024x683.jpg\" alt=\"Campus De Rp (a Usp Conhecendo A Usp) 2018\" width=\"1024\" height=\"683\" srcset=\"https:\/\/prceu.usp.br\/girocultural\/wp-content\/uploads\/2021\/06\/Campus-de-RP-A-USP-conhecendo-a-USP-2018-1024x683.jpg 1024w, https:\/\/prceu.usp.br\/girocultural\/wp-content\/uploads\/2021\/06\/Campus-de-RP-A-USP-conhecendo-a-USP-2018-300x200.jpg 300w, https:\/\/prceu.usp.br\/girocultural\/wp-content\/uploads\/2021\/06\/Campus-de-RP-A-USP-conhecendo-a-USP-2018-768x512.jpg 768w, https:\/\/prceu.usp.br\/girocultural\/wp-content\/uploads\/2021\/06\/Campus-de-RP-A-USP-conhecendo-a-USP-2018-1536x1024.jpg 1536w, https:\/\/prceu.usp.br\/girocultural\/wp-content\/uploads\/2021\/06\/Campus-de-RP-A-USP-conhecendo-a-USP-2018.jpg 1782w\" sizes=\"auto, (max-width: 1024px) 100vw, 1024px\" \/>","protected":false},"excerpt":{"rendered":"<p>Este roteiro \u00e9 voltado aos alunos, professores e funcion\u00e1rios da USP dos campi do interior, com o prop\u00f3sito de apresentar o campus Butant\u00e3 e outros espa\u00e7os relacionados \u00e0 Universidade de S\u00e3o Paulo. O ponto de encontro \u00e9 na Biblioteca Brasiliana Guita e Jos\u00e9 Mindlin (BBM). Ap\u00f3s a visita \u00e0s depend\u00eancias da biblioteca, iniciamos um tour [&hellip;]<\/p>\n","protected":false},"author":6,"featured_media":3720,"parent":0,"menu_order":23,"comment_status":"closed","ping_status":"closed","template":"","meta":{"footnotes":""},"categories":[20],"tags":[30,66],"class_list":["post-3166","page","type-page","status-publish","has-post-thumbnail","hentry","category-roteiros","tag-roteiro","tag-uspconhecendousp"],"_links":{"self":[{"href":"https:\/\/prceu.usp.br\/girocultural\/wp-json\/wp\/v2\/pages\/3166","targetHints":{"allow":["GET"]}}],"collection":[{"href":"https:\/\/prceu.usp.br\/girocultural\/wp-json\/wp\/v2\/pages"}],"about":[{"href":"https:\/\/prceu.usp.br\/girocultural\/wp-json\/wp\/v2\/types\/page"}],"author":[{"embeddable":true,"href":"https:\/\/prceu.usp.br\/girocultural\/wp-json\/wp\/v2\/users\/6"}],"replies":[{"embeddable":true,"href":"https:\/\/prceu.usp.br\/girocultural\/wp-json\/wp\/v2\/comments?post=3166"}],"version-history":[{"count":0,"href":"https:\/\/prceu.usp.br\/girocultural\/wp-json\/wp\/v2\/pages\/3166\/revisions"}],"wp:featuredmedia":[{"embeddable":true,"href":"https:\/\/prceu.usp.br\/girocultural\/wp-json\/wp\/v2\/media\/3720"}],"wp:attachment":[{"href":"https:\/\/prceu.usp.br\/girocultural\/wp-json\/wp\/v2\/media?parent=3166"}],"wp:term":[{"taxonomy":"category","embeddable":true,"href":"https:\/\/prceu.usp.br\/girocultural\/wp-json\/wp\/v2\/categories?post=3166"},{"taxonomy":"post_tag","embeddable":true,"href":"https:\/\/prceu.usp.br\/girocultural\/wp-json\/wp\/v2\/tags?post=3166"}],"curies":[{"name":"wp","href":"https:\/\/api.w.org\/{rel}","templated":true}]}}