{"id":3225,"date":"2021-06-09T14:56:49","date_gmt":"2021-06-09T17:56:49","guid":{"rendered":"https:\/\/prceu.usp.br\/girocultural\/?page_id=3225"},"modified":"2021-06-16T13:46:28","modified_gmt":"2021-06-16T16:46:28","slug":"roteiro-acervo-cientifico","status":"publish","type":"page","link":"https:\/\/prceu.usp.br\/girocultural\/roteiro-acervo-cientifico\/","title":{"rendered":"Acervo Cient\u00edfico"},"content":{"rendered":"<div id=\"fb-root\"><\/div>\n\n<p style=\"margin-top: 0in; text-align: justify; text-justify: inter-ideograph; line-height: 150%; background: white;\"><span lang=\"PT-BR\" style=\"font-family: verdana, geneva, sans-serif; color: #212529;\">Com dura\u00e7\u00e3o de 2h30, o roteiro apresenta a USP do ponto de vista da ci\u00eancia, tecnologia e pesquisa, de forma l\u00fadica e did\u00e1tica, tendo pontos de parada no Museu do Instituto Oceanogr\u00e1fico (IO), no Museu de Anatomia Veterin\u00e1ria (MAV), no Museu do Instituto de Geoci\u00eancias (IGC) e no Museu de Anatomia Humana (MAH).<\/span><\/p>\n<p style=\"margin-top: 0in; text-align: justify; text-justify: inter-ideograph; line-height: 150%; background: white;\"><span lang=\"PT-BR\" style=\"font-family: verdana, geneva, sans-serif; color: #212529;\">No deslocamento entre os pontos de parada, os participantes tamb\u00e9m obt\u00eam informa\u00e7\u00f5es importantes sobre o vestibular, as formas de ingresso na USP e suas pol\u00edticas de perman\u00eancia estudantil. Al\u00e9m disso, os participantes tamb\u00e9m s\u00e3o convidados a conhecer o acervo cultural da institui\u00e7\u00e3o, sendo apresentados aos pontos de cultura, esculturas e monumentos espalhados pelo Campus e \u00e0s diversas formas de manifesta\u00e7\u00f5es culturais presentes na Cidade Universit\u00e1ria.<\/span><\/p>\n<p style=\"text-align: justify;\"><span style=\"font-family: verdana, geneva, sans-serif;\"><b>Dura\u00e7\u00e3o<\/b><span style=\"font-weight: 400;\">: 2h30min<\/span><\/span><\/p>\n<p style=\"text-align: justify;\"><span style=\"font-family: verdana, geneva, sans-serif;\"><b>Ponto de encontro: <\/b><span style=\"font-weight: 400;\">Port\u00e3o 10 do CEPE-USP (Centro de Pr\u00e1ticas Esportivas da <\/span><\/span><span style=\"font-weight: 400; font-family: verdana, geneva, sans-serif;\">USP \u2013 Av. Prof. Mello Moraes, 661, Cidade Universit\u00e1ria, Butant\u00e3).<\/span><\/p>\n<p style=\"text-align: justify;\"><span style=\"font-family: verdana, geneva, sans-serif;\"><b>Dias e hor\u00e1rios: <\/b><span style=\"font-weight: 400;\">ter\u00e7a \u00e0 sexta-feira, 10h ou 14h<\/span><\/span><\/p>\n<p style=\"text-align: justify;\"><span style=\"font-family: verdana, geneva, sans-serif;\"><b>Pontos de paradas: <\/b><span style=\"font-weight: 400;\">Museu Oceanogr\u00e1fico, Museu de Anatomia Veterin\u00e1ria, Museu de Geoci\u00eancias e Museu de Anatomia Humana.<\/span><\/span><\/p>\n<p style=\"text-align: justify;\"><span style=\"font-family: verdana, geneva, sans-serif;\"><b>Entrada:\u00a0<\/b><span style=\"font-weight: 400;\">Franca<\/span><\/span><\/p>\n<p>&nbsp;<\/p>\n<p><img loading=\"lazy\" decoding=\"async\" class=\"wp-image-3215 size-large aligncenter\" src=\"https:\/\/prceu.usp.br\/girocultural\/wp-content\/uploads\/2021\/06\/Cientifico-EM-Prof.-Luiz-Helena-22.11.19-2-1-1024x768.jpg\" alt=\"Cientifico Em Prof. Luiz Helena (22.11.19) (2)\" width=\"1024\" height=\"768\" srcset=\"https:\/\/prceu.usp.br\/girocultural\/wp-content\/uploads\/2021\/06\/Cientifico-EM-Prof.-Luiz-Helena-22.11.19-2-1-1024x768.jpg 1024w, https:\/\/prceu.usp.br\/girocultural\/wp-content\/uploads\/2021\/06\/Cientifico-EM-Prof.-Luiz-Helena-22.11.19-2-1-300x225.jpg 300w, https:\/\/prceu.usp.br\/girocultural\/wp-content\/uploads\/2021\/06\/Cientifico-EM-Prof.-Luiz-Helena-22.11.19-2-1-768x576.jpg 768w, https:\/\/prceu.usp.br\/girocultural\/wp-content\/uploads\/2021\/06\/Cientifico-EM-Prof.-Luiz-Helena-22.11.19-2-1-1536x1152.jpg 1536w, https:\/\/prceu.usp.br\/girocultural\/wp-content\/uploads\/2021\/06\/Cientifico-EM-Prof.-Luiz-Helena-22.11.19-2-1.jpg 1760w\" sizes=\"auto, (max-width: 1024px) 100vw, 1024px\" \/><\/p>\n<p><img loading=\"lazy\" decoding=\"async\" class=\"aligncenter wp-image-3199 size-large\" src=\"https:\/\/prceu.usp.br\/girocultural\/wp-content\/uploads\/2021\/06\/Cientifico-CIEJA-Clovis-Caitano-Miquelazzo-19.11.19-1024x768.jpg\" alt=\"Cientifico Cieja Clovis Caitano Miquelazzo (19.11.19)\" width=\"1024\" height=\"768\" srcset=\"https:\/\/prceu.usp.br\/girocultural\/wp-content\/uploads\/2021\/06\/Cientifico-CIEJA-Clovis-Caitano-Miquelazzo-19.11.19-1024x768.jpg 1024w, https:\/\/prceu.usp.br\/girocultural\/wp-content\/uploads\/2021\/06\/Cientifico-CIEJA-Clovis-Caitano-Miquelazzo-19.11.19-300x225.jpg 300w, https:\/\/prceu.usp.br\/girocultural\/wp-content\/uploads\/2021\/06\/Cientifico-CIEJA-Clovis-Caitano-Miquelazzo-19.11.19-768x576.jpg 768w, https:\/\/prceu.usp.br\/girocultural\/wp-content\/uploads\/2021\/06\/Cientifico-CIEJA-Clovis-Caitano-Miquelazzo-19.11.19-1536x1152.jpg 1536w, https:\/\/prceu.usp.br\/girocultural\/wp-content\/uploads\/2021\/06\/Cientifico-CIEJA-Clovis-Caitano-Miquelazzo-19.11.19.jpg 1760w\" sizes=\"auto, (max-width: 1024px) 100vw, 1024px\" \/><\/p>\n<p><img loading=\"lazy\" decoding=\"async\" class=\"aligncenter wp-image-3217 size-large\" src=\"https:\/\/prceu.usp.br\/girocultural\/wp-content\/uploads\/2021\/06\/Cientifico-EM-Prof.-Luiz-Helena-22.11.19-1-1024x768.jpg\" alt=\"Cientifico Em Prof. Luiz Helena (22.11.19)\" width=\"1024\" height=\"768\" srcset=\"https:\/\/prceu.usp.br\/girocultural\/wp-content\/uploads\/2021\/06\/Cientifico-EM-Prof.-Luiz-Helena-22.11.19-1-1024x768.jpg 1024w, https:\/\/prceu.usp.br\/girocultural\/wp-content\/uploads\/2021\/06\/Cientifico-EM-Prof.-Luiz-Helena-22.11.19-1-300x225.jpg 300w, https:\/\/prceu.usp.br\/girocultural\/wp-content\/uploads\/2021\/06\/Cientifico-EM-Prof.-Luiz-Helena-22.11.19-1-768x576.jpg 768w, https:\/\/prceu.usp.br\/girocultural\/wp-content\/uploads\/2021\/06\/Cientifico-EM-Prof.-Luiz-Helena-22.11.19-1-1536x1152.jpg 1536w, https:\/\/prceu.usp.br\/girocultural\/wp-content\/uploads\/2021\/06\/Cientifico-EM-Prof.-Luiz-Helena-22.11.19-1.jpg 1760w\" sizes=\"auto, (max-width: 1024px) 100vw, 1024px\" \/><\/p>\n<p><img loading=\"lazy\" decoding=\"async\" class=\"aligncenter wp-image-3205 size-large\" src=\"https:\/\/prceu.usp.br\/girocultural\/wp-content\/uploads\/2021\/06\/Cientifico-EM-Prof.-Luiz-Helena-22.11.19-3-1024x768.jpg\" alt=\"Cientifico Em Prof. Luiz Helena (22.11.19) (3)\" width=\"1024\" height=\"768\" srcset=\"https:\/\/prceu.usp.br\/girocultural\/wp-content\/uploads\/2021\/06\/Cientifico-EM-Prof.-Luiz-Helena-22.11.19-3-1024x768.jpg 1024w, https:\/\/prceu.usp.br\/girocultural\/wp-content\/uploads\/2021\/06\/Cientifico-EM-Prof.-Luiz-Helena-22.11.19-3-300x225.jpg 300w, https:\/\/prceu.usp.br\/girocultural\/wp-content\/uploads\/2021\/06\/Cientifico-EM-Prof.-Luiz-Helena-22.11.19-3-768x576.jpg 768w, https:\/\/prceu.usp.br\/girocultural\/wp-content\/uploads\/2021\/06\/Cientifico-EM-Prof.-Luiz-Helena-22.11.19-3-1536x1152.jpg 1536w, https:\/\/prceu.usp.br\/girocultural\/wp-content\/uploads\/2021\/06\/Cientifico-EM-Prof.-Luiz-Helena-22.11.19-3.jpg 1760w\" sizes=\"auto, (max-width: 1024px) 100vw, 1024px\" \/>","protected":false},"excerpt":{"rendered":"<p>Com dura\u00e7\u00e3o de 2h30, o roteiro apresenta a USP do ponto de vista da ci\u00eancia, tecnologia e pesquisa, de forma l\u00fadica e did\u00e1tica, tendo pontos de parada no Museu do Instituto Oceanogr\u00e1fico (IO), no Museu de Anatomia Veterin\u00e1ria (MAV), no Museu do Instituto de Geoci\u00eancias (IGC) e no Museu de Anatomia Humana (MAH). No deslocamento [&hellip;]<\/p>\n","protected":false},"author":6,"featured_media":3213,"parent":0,"menu_order":21,"comment_status":"closed","ping_status":"closed","template":"","meta":{"footnotes":""},"categories":[20],"tags":[94,30,95],"class_list":["post-3225","page","type-page","status-publish","has-post-thumbnail","hentry","category-roteiros","tag-acervo-cientifico","tag-roteiro","tag-roteiro-cientifico"],"_links":{"self":[{"href":"https:\/\/prceu.usp.br\/girocultural\/wp-json\/wp\/v2\/pages\/3225","targetHints":{"allow":["GET"]}}],"collection":[{"href":"https:\/\/prceu.usp.br\/girocultural\/wp-json\/wp\/v2\/pages"}],"about":[{"href":"https:\/\/prceu.usp.br\/girocultural\/wp-json\/wp\/v2\/types\/page"}],"author":[{"embeddable":true,"href":"https:\/\/prceu.usp.br\/girocultural\/wp-json\/wp\/v2\/users\/6"}],"replies":[{"embeddable":true,"href":"https:\/\/prceu.usp.br\/girocultural\/wp-json\/wp\/v2\/comments?post=3225"}],"version-history":[{"count":0,"href":"https:\/\/prceu.usp.br\/girocultural\/wp-json\/wp\/v2\/pages\/3225\/revisions"}],"wp:featuredmedia":[{"embeddable":true,"href":"https:\/\/prceu.usp.br\/girocultural\/wp-json\/wp\/v2\/media\/3213"}],"wp:attachment":[{"href":"https:\/\/prceu.usp.br\/girocultural\/wp-json\/wp\/v2\/media?parent=3225"}],"wp:term":[{"taxonomy":"category","embeddable":true,"href":"https:\/\/prceu.usp.br\/girocultural\/wp-json\/wp\/v2\/categories?post=3225"},{"taxonomy":"post_tag","embeddable":true,"href":"https:\/\/prceu.usp.br\/girocultural\/wp-json\/wp\/v2\/tags?post=3225"}],"curies":[{"name":"wp","href":"https:\/\/api.w.org\/{rel}","templated":true}]}}