{"id":3325,"date":"2021-06-09T16:37:27","date_gmt":"2021-06-09T19:37:27","guid":{"rendered":"https:\/\/prceu.usp.br\/girocultural\/?page_id=3325"},"modified":"2021-06-16T16:05:36","modified_gmt":"2021-06-16T19:05:36","slug":"3325-2","status":"publish","type":"page","link":"https:\/\/prceu.usp.br\/girocultural\/3325-2\/","title":{"rendered":"Museu de Anatomia Veterin\u00e1ria"},"content":{"rendered":"<div id=\"fb-root\"><\/div>\n\n<p style=\"text-align: justify;\"><span style=\"font-family: verdana, geneva, sans-serif;\">O Museu de Anatomia Veterin\u00e1ria Prof. Dr. Pl\u00ednio Pinto e Silva (MAV) foi oficialmente criado em 1984 como \u00f3rg\u00e3o de integra\u00e7\u00e3o da Faculdade de Medicina Veterin\u00e1ria e Zootecnia da Universidade de S\u00e3o Paulo. O MAV tem como miss\u00e3o o desenvolvimento de atividades de pesquisa, ensino e extens\u00e3o de servi\u00e7os \u00e0 comunidade, nas \u00e1reas relacionadas da Medicina Veterin\u00e1ria, com \u00eanfase na anatomia animal.<\/span><\/p>\n<p style=\"text-align: justify;\"><span style=\"font-family: verdana, geneva, sans-serif;\">O acervo do Museu de Anatomia Veterin\u00e1ria conta com cerca de mil exemplares. Formado ao longo dos anos, resultado de trabalhos de pesquisa, ensino, doa\u00e7\u00f5es e permutas, ele \u00e9 composto por esqueletos, animais taxidermizados, \u00f3rg\u00e3os e estruturas anat\u00f4micas de diversos animais vertebrados. A grande maioria dos exemplares \u00e9 de mam\u00edferos, havendo, entre estes, representantes aqu\u00e1ticos, voadores, marsupiais, carn\u00edvoros, roedores, eq\u00fc\u00eddeos, bov\u00eddeos, su\u00eddeos e primatas, incluindo a esp\u00e9cie humana. Al\u00e9m disso, h\u00e1 modelos did\u00e1ticos para ensino de anatomia.<\/span><\/p>\n<p style=\"text-align: justify;\"><span style=\"font-family: verdana, geneva, sans-serif;\">A exposi\u00e7\u00e3o de longa dura\u00e7\u00e3o do MAV foi inaugurada em 2010, e apresenta o seu rico e diversificado acervo em um circuito expositivo de visita organizado em m\u00f3dulos tem\u00e1ticos, sob o t\u00edtulo Dimens\u00f5es do corpo: da anatomia \u00e0 microscopia<em>.<\/em> O seu formato e conte\u00fado informativo s\u00e3o constantemente atualizados. Legendas explicativas, pain\u00e9is informativos e modelos did\u00e1ticos, associados a um conjunto diversificado de recursos expositivos, comp\u00f5em a linguagem de apoio da exposi\u00e7\u00e3o.<\/span><\/p>\n<p style=\"text-align: justify;\"><span style=\"font-family: verdana, geneva, sans-serif;\">O Museu possui um Programa Educativo que \u00a0desenvolve atividades especialmente voltadas aos grupos escolares, em forma de monitorias pelo circuito expositivo. Em 2019, o MAV recebeu 13.552 visitantes, um aumento de cerca de 5% em rela\u00e7\u00e3o a 2018. Em m\u00e9dia, 75% dos visitantes s\u00e3o grupos escolares e 25% p\u00fablico espont\u00e2neo, o que corresponde a uma m\u00e9dia de 250 escolas por ano.<\/span><\/p>\n<p><span style=\"font-family: verdana, geneva, sans-serif;\">Facebook: <a href=\"https:\/\/www.facebook.com\/fmvzmav\" target=\"_blank\" rel=\"noopener\">Museu de Anatomia Veterin\u00e1ria da FMVZ da USP<\/a><\/span><\/p>\n<p><span style=\"font-family: verdana, geneva, sans-serif;\">Instagram: <a href=\"https:\/\/www.instagram.com\/mav_usp\/\" target=\"_blank\" rel=\"noopener\">MAV_USP<\/a><\/span><\/p>\n<p><span style=\"font-family: verdana, geneva, sans-serif;\">Para mais informa\u00e7\u00f5es, acesse o site: <a href=\"http:\/\/mav.fmvz.usp.br\/\" target=\"_blank\" rel=\"noopener\">http:\/\/mav.fmvz.usp.br\/<\/a><\/span><\/p>\n<p><img loading=\"lazy\" decoding=\"async\" class=\"alignnone wp-image-3431 size-full\" src=\"https:\/\/prceu.usp.br\/girocultural\/wp-content\/uploads\/2021\/06\/divulgacao-10.jpg\" alt=\"Divulga\u00e7\u00e3o 10\" width=\"1181\" height=\"886\" srcset=\"https:\/\/prceu.usp.br\/girocultural\/wp-content\/uploads\/2021\/06\/divulgacao-10.jpg 1181w, https:\/\/prceu.usp.br\/girocultural\/wp-content\/uploads\/2021\/06\/divulgacao-10-300x225.jpg 300w, https:\/\/prceu.usp.br\/girocultural\/wp-content\/uploads\/2021\/06\/divulgacao-10-768x576.jpg 768w, https:\/\/prceu.usp.br\/girocultural\/wp-content\/uploads\/2021\/06\/divulgacao-10-1024x768.jpg 1024w\" sizes=\"auto, (max-width: 1181px) 100vw, 1181px\" \/><\/p>\n<p><img loading=\"lazy\" decoding=\"async\" class=\"alignnone wp-image-3432 size-full\" src=\"https:\/\/prceu.usp.br\/girocultural\/wp-content\/uploads\/2021\/06\/divulgacao-15.jpg\" alt=\"Divulga\u00e7\u00e3o 15\" width=\"1181\" height=\"886\" srcset=\"https:\/\/prceu.usp.br\/girocultural\/wp-content\/uploads\/2021\/06\/divulgacao-15.jpg 1181w, https:\/\/prceu.usp.br\/girocultural\/wp-content\/uploads\/2021\/06\/divulgacao-15-300x225.jpg 300w, https:\/\/prceu.usp.br\/girocultural\/wp-content\/uploads\/2021\/06\/divulgacao-15-768x576.jpg 768w, https:\/\/prceu.usp.br\/girocultural\/wp-content\/uploads\/2021\/06\/divulgacao-15-1024x768.jpg 1024w\" sizes=\"auto, (max-width: 1181px) 100vw, 1181px\" \/><\/p>\n<p><img loading=\"lazy\" decoding=\"async\" class=\"alignnone wp-image-3580 size-large\" src=\"https:\/\/prceu.usp.br\/girocultural\/wp-content\/uploads\/2021\/06\/MAV-1024x768.jpg\" alt=\"Mav\" width=\"1024\" height=\"768\" srcset=\"https:\/\/prceu.usp.br\/girocultural\/wp-content\/uploads\/2021\/06\/MAV-1024x768.jpg 1024w, https:\/\/prceu.usp.br\/girocultural\/wp-content\/uploads\/2021\/06\/MAV-300x225.jpg 300w, https:\/\/prceu.usp.br\/girocultural\/wp-content\/uploads\/2021\/06\/MAV-768x576.jpg 768w, https:\/\/prceu.usp.br\/girocultural\/wp-content\/uploads\/2021\/06\/MAV-1536x1152.jpg 1536w, https:\/\/prceu.usp.br\/girocultural\/wp-content\/uploads\/2021\/06\/MAV.jpg 1760w\" sizes=\"auto, (max-width: 1024px) 100vw, 1024px\" \/> <img loading=\"lazy\" decoding=\"async\" class=\"alignnone wp-image-3581 size-large\" src=\"https:\/\/prceu.usp.br\/girocultural\/wp-content\/uploads\/2021\/06\/MAV-3-1024x683.jpg\" alt=\"Mav 3\" width=\"1024\" height=\"683\" srcset=\"https:\/\/prceu.usp.br\/girocultural\/wp-content\/uploads\/2021\/06\/MAV-3-1024x683.jpg 1024w, https:\/\/prceu.usp.br\/girocultural\/wp-content\/uploads\/2021\/06\/MAV-3-300x200.jpg 300w, https:\/\/prceu.usp.br\/girocultural\/wp-content\/uploads\/2021\/06\/MAV-3-768x512.jpg 768w, https:\/\/prceu.usp.br\/girocultural\/wp-content\/uploads\/2021\/06\/MAV-3-1536x1024.jpg 1536w, https:\/\/prceu.usp.br\/girocultural\/wp-content\/uploads\/2021\/06\/MAV-3.jpg 1782w\" sizes=\"auto, (max-width: 1024px) 100vw, 1024px\" \/>","protected":false},"excerpt":{"rendered":"<p>O Museu de Anatomia Veterin\u00e1ria Prof. Dr. Pl\u00ednio Pinto e Silva (MAV) foi oficialmente criado em 1984 como \u00f3rg\u00e3o de integra\u00e7\u00e3o da Faculdade de Medicina Veterin\u00e1ria e Zootecnia da Universidade de S\u00e3o Paulo. O MAV tem como miss\u00e3o o desenvolvimento de atividades de pesquisa, ensino e extens\u00e3o de servi\u00e7os \u00e0 comunidade, nas \u00e1reas relacionadas da [&hellip;]<\/p>\n","protected":false},"author":6,"featured_media":3331,"parent":0,"menu_order":7,"comment_status":"closed","ping_status":"closed","template":"","meta":{"footnotes":""},"categories":[1],"tags":[82],"class_list":["post-3325","page","type-page","status-publish","has-post-thumbnail","hentry","category-girocultural-parcerias","tag-museu-de-anatomia-veterinaria"],"_links":{"self":[{"href":"https:\/\/prceu.usp.br\/girocultural\/wp-json\/wp\/v2\/pages\/3325","targetHints":{"allow":["GET"]}}],"collection":[{"href":"https:\/\/prceu.usp.br\/girocultural\/wp-json\/wp\/v2\/pages"}],"about":[{"href":"https:\/\/prceu.usp.br\/girocultural\/wp-json\/wp\/v2\/types\/page"}],"author":[{"embeddable":true,"href":"https:\/\/prceu.usp.br\/girocultural\/wp-json\/wp\/v2\/users\/6"}],"replies":[{"embeddable":true,"href":"https:\/\/prceu.usp.br\/girocultural\/wp-json\/wp\/v2\/comments?post=3325"}],"version-history":[{"count":0,"href":"https:\/\/prceu.usp.br\/girocultural\/wp-json\/wp\/v2\/pages\/3325\/revisions"}],"wp:featuredmedia":[{"embeddable":true,"href":"https:\/\/prceu.usp.br\/girocultural\/wp-json\/wp\/v2\/media\/3331"}],"wp:attachment":[{"href":"https:\/\/prceu.usp.br\/girocultural\/wp-json\/wp\/v2\/media?parent=3325"}],"wp:term":[{"taxonomy":"category","embeddable":true,"href":"https:\/\/prceu.usp.br\/girocultural\/wp-json\/wp\/v2\/categories?post=3325"},{"taxonomy":"post_tag","embeddable":true,"href":"https:\/\/prceu.usp.br\/girocultural\/wp-json\/wp\/v2\/tags?post=3325"}],"curies":[{"name":"wp","href":"https:\/\/api.w.org\/{rel}","templated":true}]}}