{"id":9108,"date":"2019-03-15T15:20:21","date_gmt":"2019-03-15T18:20:21","guid":{"rendered":"https:\/\/prceu.usp.br\/nascente\/?page_id=9108"},"modified":"2024-03-15T16:22:31","modified_gmt":"2024-03-15T19:22:31","slug":"artes-cenicas-3","status":"publish","type":"page","link":"https:\/\/prceu.usp.br\/nascente\/en\/artes-cenicas-3\/","title":{"rendered":"Artes C\u00eanicas"},"content":{"rendered":"<p><br>   <\/p>\r\n\r\n\r\n\r\n<div class=\"wp-block-cover has-background-dim aligncenter has-undefined-content\" style=\"background-image:url(https:\/\/prceu.usp.br\/nascente\/wp-content\/uploads\/2019\/03\/MG-1567.jpg)\"><div class=\"wp-block-cover__inner-container is-layout-flow wp-block-cover-is-layout-flow\">\r\n<p style=\"text-align:center\" class=\"has-large-font-size\"><strong>ARTES C\u00caNICAS <\/strong><\/p>\r\n<\/div><\/div>\r\n\r\n\r\n\r\n<p>Na categoria <strong>Artes C\u00eanicas<\/strong> contemplam-se as seguintes subcategorias: <\/p>\r\n\r\n\r\n\r\n<h4 class=\"wp-block-heading\"><br><strong>Dire\u00e7\u00e3o, Interpreta\u00e7\u00e3o Individual, Interpreta\u00e7\u00e3o em Grupo <\/strong><\/h4>\r\n\r\n\r\n\r\n<p class=\"has-drop-cap\">O diretor, antes de tudo, \u00e9 um decifrador de c\u00f3digos. Cada elemento (movimento, ilumina\u00e7\u00e3o, corpo e express\u00e3o), torna-se, a partir da sua a\u00e7\u00e3o consciente, um objeto; um cen\u00e1rio de di\u00e1logo com o p\u00fablico.<\/p>\r\n\r\n\r\n\r\n<p>O segredo do artista \u00e9 a intera\u00e7\u00e3o, o reconhecimento do dualismo ator -p\u00fablico: projeta e torna real, tang\u00edvel e expressiva sua interpreta\u00e7\u00e3o, formando a imagem indel\u00e9vel da obra na mem\u00f3ria do espectador sem, contudo, pretender inculcar no p\u00fablico sua vis\u00e3o da obra. Apenas ser o que \u00e9 &#8211; &nbsp;o personagem.<\/p>\r\n\r\n\r\n\r\n<p>Todos os elementos constituintes do cen\u00e1rio, figurino e trilha sonora, n\u00e3o s\u00e3o arbitrariamente escolhidos. Cada um possui, em si, forma e fun\u00e7\u00e3o: a voca\u00e7\u00e3o para a maximiza\u00e7\u00e3o do sentido e \u201calma\u201d da obra.<\/p>\r\n\r\n\r\n\r\n<p>Sem d\u00favida a luz \u00e9 o elemento revelador: vital, d\u00e1 suporte aos outros elementos constituintes da pe\u00e7a. Recorta fragmentos no espa\u00e7o, isola atores, revela altura, perfil, contornos e profundidade. Tamb\u00e9m express\u00e3o &#8211; revela sentimentos. Nela o ator liberta-se ao mundo criativo da fantasia, dos desejos: torna-se arte em sua maior express\u00e3o.<\/p>\r\n\r\n\r\n\r\n<p>Em todas suas edi\u00e7\u00f5es, o n\u00edvel art\u00edstico dos participantes do Programa Nascente \u2013 Categoria Teatro \u00e9 de excel\u00eancia, o que torna dif\u00edcil a tarefa da Comiss\u00e3o Julgadora, formada por especialistas de grande relev\u00e2ncia em sua \u00e1rea, ao escolher o candidato ou grupo de maior destaque.<\/p>\r\n\r\n\r\n\r\n<figure class=\"wp-block-image\"><img loading=\"lazy\" decoding=\"async\" width=\"960\" height=\"540\" src=\"https:\/\/prceu.usp.br\/nascente\/wp-content\/uploads\/2018\/12\/3-unnamed.jpg\" alt=\"\" class=\"wp-image-7072\" title=\"\" srcset=\"https:\/\/prceu.usp.br\/nascente\/wp-content\/uploads\/2018\/12\/3-unnamed.jpg 960w, https:\/\/prceu.usp.br\/nascente\/wp-content\/uploads\/2018\/12\/3-unnamed-300x168.jpg 300w, https:\/\/prceu.usp.br\/nascente\/wp-content\/uploads\/2018\/12\/3-unnamed-768x432.jpg 768w, https:\/\/prceu.usp.br\/nascente\/wp-content\/uploads\/2018\/12\/3-unnamed-624x351.jpg 624w\" sizes=\"auto, (max-width: 960px) 100vw, 960px\" \/><figcaption>A <strong>Mostra Nascente USP de Teatro<\/strong> oferece visibilidade e proje\u00e7\u00e3o para as companhias teatrais estudantis<\/figcaption><\/figure>\r\n\r\n\r\n\r\n<p>Al\u00e9m da oportunidade \u00edmpar de aprimorar suas aptid\u00f5es, o Programa Nascente oferece a visibilidade e not\u00e1vel reconhecimento aos finalistas da categoria, tendo estes a oportunidade de apresentarem-se em espa\u00e7os culturais de prest\u00edgio como o Teatro da USP (TUSP), Teatro da Faculdade de Medicina e o Teatro Municipal Alfredo Mesquita.<\/p>\r\n\r\n\r\n\r\n<p>J\u00e1 participaram do Programa Nascente muitos artistas e grupos de grande talento, dentre eles Juliana Piesco: vencedora do 26\u00b0 Nascente na categoria Artes C\u00eanicas na subcategoria Dire\u00e7\u00e3o.<\/p>\r\n\r\n\r\n\r\n<figure class=\"wp-block-image\"><img loading=\"lazy\" decoding=\"async\" width=\"1024\" height=\"683\" src=\"https:\/\/prceu.usp.br\/nascente\/wp-content\/uploads\/2019\/03\/IMG-4236-1024x683.jpg\" alt=\"\" class=\"wp-image-8770\" title=\"\" srcset=\"https:\/\/prceu.usp.br\/nascente\/wp-content\/uploads\/2019\/03\/IMG-4236-1024x683.jpg 1024w, https:\/\/prceu.usp.br\/nascente\/wp-content\/uploads\/2019\/03\/IMG-4236-1536x1024.jpg 1536w, https:\/\/prceu.usp.br\/nascente\/wp-content\/uploads\/2019\/03\/IMG-4236-2048x1365.jpg 2048w, https:\/\/prceu.usp.br\/nascente\/wp-content\/uploads\/2019\/03\/IMG-4236-300x200.jpg 300w, https:\/\/prceu.usp.br\/nascente\/wp-content\/uploads\/2019\/03\/IMG-4236-768x512.jpg 768w\" sizes=\"auto, (max-width: 1024px) 100vw, 1024px\" \/><figcaption>Vencedores da subcategoria Dire\u00e7\u00e3o do 26\u00b0 Nascente<\/figcaption><\/figure>\r\n\r\n\r\n\r\n<p>A cerim\u00f4nia de premia\u00e7\u00e3o do Nascente 2018 ocorreu no dia 30 de Novembro, no audit\u00f3rio Istv\u00e1n Jancs\u00f3 da Biblioteca Brasiliana Guita e Jos\u00e9 Mindlin da USP. O concurso premiou dois trabalhos na categoria Teatro, sendo estes: Mariposas na subcategoria dire\u00e7\u00e3o, tendo como vencedora Juliana Piesco, aluna do curso Bacharelado em Artes C\u00eanicas da ECA- USP e, na subcategoria Interpreta\u00e7\u00e3o em Grupo, a pe\u00e7a: Um homem \u00e9 um homem de Bertolt Brecht interpretada pelos alunos da Escola de Arte Dram\u00e1tica EAD\/ECA-USP: Carolina Borelli Bernardo, Igor Armucho de Alencar, Jos\u00e9 Welington Landim Filho, Juliana Louren\u00e7\u00e3o, Lucas Corbucci Caldeira Nasi, Monalisa Evangelista da Silva, Vanessa Balsalobre Trevizan, Vin\u00edcius Albano de Sousa e Wesley Monteiro de Almeida.<\/p>\r\n\r\n\r\n\r\n<p>Recebeu men\u00e7\u00e3o honrosa o trabalho Agonia da Morte das Fadas na subcategoria Interpreta\u00e7\u00e3o em Grupo.<\/p>\r\n\r\n\r\n\r\n<p><strong>Trabalhos Premiados<\/strong><\/p>\r\n\r\n\r\n\r\n<p>Mariposas (80 min): Vencedora na subcategoria dire\u00e7\u00e3o, a obra desenvolve-se no per\u00edodo da ditadura militar na Rep\u00fablica Dominicana, tida como uma das mais severas na Am\u00e9rica Latina.<\/p>\r\n\r\n\r\n\r\n<p><em>\u201cMariposas&#8221; acompanha a hist\u00f3ria real das quatro irm\u00e3s Mirabal, que lutaram pela liberta\u00e7\u00e3o de seu povo. Em meio a uma das ditaduras militares mais sangrentas da Am\u00e9rica Latina, P\u00e1tria, Minerva, Maria Teresa e Ded\u00e9 cresceram, sonharam e tornaram-se s\u00edmbolos \u2013 mas foram tamb\u00e9m mulheres reais, e irm\u00e3s que, embora muito diferentes, tinham um la\u00e7o indestrut\u00edvel.<\/em><\/p>\r\n\r\n\r\n\r\n<p style=\"text-align:right\">[texto fornecido pela diretora]\r\n\r\n\r\n\r\n<p>&nbsp;<\/p>\r\n\r\n\r\n\r\n<p>Um homem \u00e9 um homem (aproximadamente 70 minutos): Vencedora na subcategoria interpreta\u00e7\u00e3o em grupo, foi desenvolvida pela 67\u00b0 turma do curso de forma\u00e7\u00e3o de atores da Escola de Arte Dram\u00e1tica EAD\/ECA- USP, com dire\u00e7\u00e3o de Cristiane Paoli Quito durante a disciplina \u201cOficina de Montagem\u201d. A Montagem enfatiza o jogo de composi\u00e7\u00e3o a partir da adapta\u00e7\u00e3o da obra de Bertolt Brecht, com tradu\u00e7\u00e3o de Fernando Peixoto e vers\u00e3o de Paulo Jos\u00e9 para o <em>Grupo Galp\u00e3o.<\/em><\/p>\r\n\r\n\r\n\r\n<p><em>Galy Gay, um homem em meio \u00e0 guerra, estivador do porto de Kilkoa, que s\u00f3 bebe socialmente, n\u00e3o fuma e, pode-se dizer, n\u00e3o tem nenhum v\u00edcio. Um sujeito engra\u00e7ado que n\u00e3o sabe dizer \u201c n\u00e3o\u201dsaiu de manh\u00e3 para comprar um peixe pequeno, \u00e0 tarde j\u00e1 possu\u00eda um grande elefante e a noite foi fuzilado. Fuzilado? N\u00e3o era Galy Gay, era um outro. Galy Gay ser\u00e1 desmontado e depois, sem que ele nada perca, ser\u00e1 novamente montado, pois o senhor Bertolt Brecht pode provar que qualquer um pode fazer de um homem (cujo nome n\u00e3o deve ser mencionado) o que desejar. Em uma brincadeira em troca de um charuto estava disposto a esquecer at\u00e9 o nome da m\u00e3e. Soldados tomaram conta dele, pois, por acaso, sabiam onde o colocar. N\u00e3o foi um grande crime que cometeu esse que era o homem indicado para qualquer tipo de neg\u00f3cio. N\u00e3o foi um qualquer enquanto viveu: carregava pepinos por gorjeta, era membro do clube de lutadores de Kilkoa, tinha p\u00e9s chatos e tamb\u00e9m outras coisas que \u00e9 melhor n\u00e3o mencionar. Um sujeito \u00fatil e por isso utiliz\u00e1vel que perdeu-se falando demais, mas um homem \u00e9 um homem e enfiar os dentes na garganta do inimigo, finalmente compreendam como \u00e9 perigoso nesse mundo viver.<\/em><\/p>\r\n\r\n\r\n\r\n<p style=\"text-align:right\">[Texto fornecido pelo Grupo]\r\n\r\n\r\n\r\n<p style=\"background-color:#7a3280\" class=\"has-text-color has-background has-very-light-gray-color\"><strong><a href=\"https:\/\/prceu.usp.br\/nascente\/finalistas-2018-artes-cenicas\/\">Confira os finalistas e premiados da categoria Artes C\u00eanicas da edi\u00e7\u00e3o 2018 do Nascente USP 2018<\/a><\/strong><\/p>\r\n\r\n\r\n\r\n<p><\/p>","protected":false},"excerpt":{"rendered":"<p>Na categoria Artes C\u00eanicas contemplam-se as seguintes subcategorias: Dire\u00e7\u00e3o, Interpreta\u00e7\u00e3o Individual, Interpreta\u00e7\u00e3o em Grupo O diretor, antes de tudo, \u00e9 um decifrador de c\u00f3digos. Cada elemento (movimento, ilumina\u00e7\u00e3o, corpo e express\u00e3o), torna-se, a partir da sua a\u00e7\u00e3o consciente, um objeto; um cen\u00e1rio de di\u00e1logo com o p\u00fablico. O segredo do artista \u00e9 a intera\u00e7\u00e3o, o [&hellip;]<\/p>\n","protected":false},"author":3,"featured_media":18757,"parent":0,"menu_order":15,"comment_status":"closed","ping_status":"closed","template":"","meta":{"footnotes":""},"categories":[],"tags":[82],"class_list":["post-9108","page","type-page","status-publish","has-post-thumbnail","hentry","tag-categoria"],"_links":{"self":[{"href":"https:\/\/prceu.usp.br\/nascente\/en\/wp-json\/wp\/v2\/pages\/9108","targetHints":{"allow":["GET"]}}],"collection":[{"href":"https:\/\/prceu.usp.br\/nascente\/en\/wp-json\/wp\/v2\/pages"}],"about":[{"href":"https:\/\/prceu.usp.br\/nascente\/en\/wp-json\/wp\/v2\/types\/page"}],"author":[{"embeddable":true,"href":"https:\/\/prceu.usp.br\/nascente\/en\/wp-json\/wp\/v2\/users\/3"}],"replies":[{"embeddable":true,"href":"https:\/\/prceu.usp.br\/nascente\/en\/wp-json\/wp\/v2\/comments?post=9108"}],"version-history":[{"count":3,"href":"https:\/\/prceu.usp.br\/nascente\/en\/wp-json\/wp\/v2\/pages\/9108\/revisions"}],"predecessor-version":[{"id":18711,"href":"https:\/\/prceu.usp.br\/nascente\/en\/wp-json\/wp\/v2\/pages\/9108\/revisions\/18711"}],"wp:featuredmedia":[{"embeddable":true,"href":"https:\/\/prceu.usp.br\/nascente\/en\/wp-json\/wp\/v2\/media\/18757"}],"wp:attachment":[{"href":"https:\/\/prceu.usp.br\/nascente\/en\/wp-json\/wp\/v2\/media?parent=9108"}],"wp:term":[{"taxonomy":"category","embeddable":true,"href":"https:\/\/prceu.usp.br\/nascente\/en\/wp-json\/wp\/v2\/categories?post=9108"},{"taxonomy":"post_tag","embeddable":true,"href":"https:\/\/prceu.usp.br\/nascente\/en\/wp-json\/wp\/v2\/tags?post=9108"}],"curies":[{"name":"wp","href":"https:\/\/api.w.org\/{rel}","templated":true}]}}