{"id":9112,"date":"2019-03-15T15:23:52","date_gmt":"2019-03-15T18:23:52","guid":{"rendered":"https:\/\/prceu.usp.br\/nascente\/?page_id=9112"},"modified":"2024-03-15T16:27:58","modified_gmt":"2024-03-15T19:27:58","slug":"artes-visuais-3","status":"publish","type":"page","link":"https:\/\/prceu.usp.br\/nascente\/en\/artes-visuais-3\/","title":{"rendered":"Artes Visuais"},"content":{"rendered":"<p><br>        <\/p>\r\n\r\n\r\n\r\n<div class=\"wp-block-cover has-background-dim\" style=\"background-image:url(https:\/\/prceu.usp.br\/nascente\/wp-content\/uploads\/2016\/09\/image61.png)\"><div class=\"wp-block-cover__inner-container is-layout-flow wp-block-cover-is-layout-flow\">\r\n<p style=\"text-align:center\" class=\"has-large-font-size\"><br><br><br><br><br><strong>ARTES VISUAIS<\/strong><\/p>\r\n<\/div><\/div>\r\n\r\n\r\n\r\n<p>Na categoria <strong>Artes Visuais<\/strong>, contemplam-se as seguintes subcategorias:<\/p>\r\n\r\n\r\n\r\n<h4 class=\"wp-block-heading\"><strong>Desenho, Escultura, Objeto, Fotografia, Gravura, Instala\u00e7\u00e3o, <em>Site specific<\/em>, Multim\u00eddia, V\u00eddeo, Arte sonora, <em>Net art<\/em>, Performance e Pintura. <\/strong><\/h4>\r\n\r\n\r\n\r\n<p style=\"font-size:17.5px\"><em>\u201c\u00c9 preciso ampliar a discuss\u00e3o sobre os c\u00e2nones de valor de imagem n\u00e3o s\u00f3 para as \u00e1reas de conhecimento discursivo e cient\u00edfico da Universidade de S\u00e3o Paulo mas tamb\u00e9m para o p\u00fablico em geral (\u2026)\u201d&nbsp;<\/em><\/p>\r\n\r\n\r\n\r\n<p class=\"has-drop-cap\">Foi com essa frase, que viria a compor o primeiro cat\u00e1logo do ent\u00e3o Projeto Nascente 1, que a professora e diretora do Museu de Arte Contempor\u00e2nea da USP (MAC USP), Ana Mae Barbosa, deu in\u00edcio \u00e0 exposi\u00e7\u00e3o de artes dos finalistas do primeiro concurso art\u00edstico da USP, o Projeto Nascente, que foi realizada entre os dias 19 e 29 de novembro de 1991, no Centro de Artes do Campus de Ribeir\u00e3o Preto. A proposta de elevar a discuss\u00e3o sobre o fazer art\u00edstico para al\u00e9m do locus do conhecimento acad\u00eamico sobre as artes e expor a produ\u00e7\u00e3o dos estudantes da USP para fora dos muros da academia foi uma constante da iniciativa que em 2019 completa 28 anos.<br>De l\u00e1 para c\u00e1 o Nascente j\u00e1 revelou dezenas de artistas que hoje fazem parte e exp\u00f5em nos circuitos nacionais e internacionais das artes.<\/p>\r\n\r\n\r\n\r\n<p>Em todas as suas participa\u00e7\u00f5es do concurso, a categoria Artes Visuais recebeu aproximadamente <strong>796 inscri\u00e7\u00f5es<\/strong>. Na edi\u00e7\u00e3o de 2018 premiou um trabalho e conferiu tr\u00eas men\u00e7\u00f5es honrosas. Al\u00e9m disso, o Nascente conta com uma singular comiss\u00e3o julgadora, as obras que participaram no ano de 2018 foram analisadas e julgadas por especialistas renomados: o professor Jo\u00e3o Musa, a professora e artista pl\u00e1stica Dora Longo Bahia e o artista pl\u00e1stico e professor Paulo Pasta.<\/p>\r\n\r\n\r\n\r\n<p style=\"background-color:#7a3280\" class=\"has-text-color has-background has-very-light-gray-color\"><strong><a href=\"https:\/\/prceu.usp.br\/nascente\/finalistas-2018-artes-visuais\/\">Confira os finalistas e premiados da categoria Artes Visuais da edi\u00e7\u00e3o 2018 do Nascente USP<\/a><\/strong><\/p>\r\n\r\n\r\n\r\n<p>A cerim\u00f4nia de premia\u00e7\u00e3o Nascente USP 2018 aconteceu em novembro, dia 30, no Audit\u00f3rio Istv\u00e1n Jancs\u00f3n, no <em>campus<\/em> da USP capital. O concurso premia apenas os primeiros colocados em cada categoria. O valor do pr\u00eamio \u00e9 de R$ 4 mil, sendo dividido entre at\u00e9 2 trabalhos ganhadores.<\/p>\r\n\r\n\r\n\r\n<p>Em 2018 o trabalho da subcategoria <em>Pintura<\/em> de Henrique Detomi, aluno da Escola de Comunica\u00e7\u00f5es e Artes \u2013 ECA, foi o \u00fanico vencedor da categoria Artes Visuais| 26\u00ba Nascente USP. Al\u00e9m do premiado houve tr\u00eas men\u00e7\u00f5es honrosas &#8211; Raquel Harumi de S\u00e1, Ant\u00f4nia Midena Perrone e Gabriel Ussami &#8211; pelo destaque das produ\u00e7\u00f5es art\u00edsticas.<\/p>\r\n\r\n\r\n\r\n<p>Neste ano o concurso recebeu 156 inscri\u00e7\u00f5es na categoria Artes Visuais, numa segunda etapa, foram finalistas 21 produ\u00e7\u00f5es art\u00edsticas, das quais a comiss\u00e3o julgadora composta por tr\u00eas jurados, todos especialistas na \u00e1rea, escolheu o pol\u00edpticos de Henrique Detomi como ganhador, ap\u00f3s analisar todas as subcategorias de Artes Visuais. <\/p>\r\n\r\n\r\n\r\n<p><strong>Trabalho Premiado<\/strong><\/p>\r\n\r\n\r\n\r\n<p>A obra denominada \u201c<em>Sem T\u00edtulo\u201d da s\u00e9rie Estado Transit\u00f3rio <\/em>\u00e9 composta por quatro pinturas, a t\u00e9cnica utilizada \u00e9 \u00f3leo sobre tela. Segundo o artista, Henrique Detomi, &nbsp;sua inten\u00e7\u00e3o foi representar paisagens naturais inserindo silhuetas de pr\u00e9dios de S\u00e3o Paulo. Dessa forma, questiona as no\u00e7\u00f5es pr\u00e9-estabelecidas pelo imagin\u00e1rio humano entre paisagem natural e artificial, remetendo a uma imagem constru\u00edda pela mente.<\/p>\r\n\r\n\r\n\r\n<figure class=\"wp-block-image\"><img decoding=\"async\" src=\"https:\/\/prceu.usp.br\/nascente\/wp-content\/uploads\/2019\/04\/henrique-detomi-1024x323.jpg\" alt=\"\" class=\"wp-image-11299\" title=\"\"><figcaption><em>O trabalho premiado do artista <strong>Henrique Detomi <\/strong>em galeria<strong>.<\/strong><\/em><\/figcaption><\/figure>\r\n\r\n\r\n\r\n<p><em>Em minha produ\u00e7\u00e3o, penso a paisagem como um objeto din\u00e2mico, pass\u00edvel de muta\u00e7\u00e3o e constantemente reformulado pelo imagin\u00e1rio humano. Quando a pintura mostra uma paisagem ela enquadra um espa\u00e7o e conduz o olhar por entre os planos pict\u00f3ricos. Nesse sentido a pintura cerceia espa\u00e7os para construir um lugar de reflex\u00e3o sobre aquilo que nos cerca, que em algum momento n\u00f3s a chamamos de paisagem. Manter essa paisagem em constante processo de reconstru\u00e7\u00e3o \u00e9 uma forma que encontro para evidenciar o quanto ela em si \u00e9 um conceito em aberto. Me coloco como um construtor de paisagens, propondo intervir no imagin\u00e1rio da paisagem, questionando a no\u00e7\u00e3o da realidade. Aponto para a necessidade de discutir o complexo Paisagem Natural X Paisagem Artificial, e para tanto, nesta s\u00e9rie, elegi a paisagem urbana do centro de S\u00e3o Paulo, o skyline que circundava meu atelier durante a resid\u00eancia, onde utilizo das silhuetas dos pr\u00e9dios como primeira camada de paisagem, e ent\u00e3o crio paisagens naturais que constituem uma segunda camada. Os pr\u00e9dios aparecem na pintura apenas pelo seu contorno j\u00e1 que s\u00e3o realizadas com m\u00e1scaras e deixam aparente a base de preparo da tela, como uma parte inacabada da pintura. Desta maneira, al\u00e9m de colocar em evid\u00eancia as duas no\u00e7\u00f5es de paisagem, crio num paralelo que perturba a real exist\u00eancia f\u00edsica dos dois, remetendo a uma imagem constru\u00edda pela mente, uma ilus\u00e3o ou um devaneio.<\/em><\/p>\r\n\r\n\r\n\r\n<p style=\"text-align:right\">[Texto fornecido pelo ganhador]\r\n\r\n\r\n\r\n<div class=\"wp-block-ugb-button ugb-button-wrapper ugb-button--align-center\">\r\n<div>\u00a0<\/div>\r\n<\/div>\r\n\r\n\r\n\r\n<p>&nbsp;<\/p>","protected":false},"excerpt":{"rendered":"<p>Na categoria Artes Visuais, contemplam-se as seguintes subcategorias: Desenho, Escultura, Objeto, Fotografia, Gravura, Instala\u00e7\u00e3o, Site specific, Multim\u00eddia, V\u00eddeo, Arte sonora, Net art, Performance e Pintura. \u201c\u00c9 preciso ampliar a discuss\u00e3o sobre os c\u00e2nones de valor de imagem n\u00e3o s\u00f3 para as \u00e1reas de conhecimento discursivo e cient\u00edfico da Universidade de S\u00e3o Paulo mas tamb\u00e9m para [&hellip;]<\/p>\n","protected":false},"author":3,"featured_media":18756,"parent":0,"menu_order":14,"comment_status":"closed","ping_status":"closed","template":"","meta":{"footnotes":""},"categories":[],"tags":[82],"class_list":["post-9112","page","type-page","status-publish","has-post-thumbnail","hentry","tag-categoria"],"_links":{"self":[{"href":"https:\/\/prceu.usp.br\/nascente\/en\/wp-json\/wp\/v2\/pages\/9112","targetHints":{"allow":["GET"]}}],"collection":[{"href":"https:\/\/prceu.usp.br\/nascente\/en\/wp-json\/wp\/v2\/pages"}],"about":[{"href":"https:\/\/prceu.usp.br\/nascente\/en\/wp-json\/wp\/v2\/types\/page"}],"author":[{"embeddable":true,"href":"https:\/\/prceu.usp.br\/nascente\/en\/wp-json\/wp\/v2\/users\/3"}],"replies":[{"embeddable":true,"href":"https:\/\/prceu.usp.br\/nascente\/en\/wp-json\/wp\/v2\/comments?post=9112"}],"version-history":[{"count":5,"href":"https:\/\/prceu.usp.br\/nascente\/en\/wp-json\/wp\/v2\/pages\/9112\/revisions"}],"predecessor-version":[{"id":18715,"href":"https:\/\/prceu.usp.br\/nascente\/en\/wp-json\/wp\/v2\/pages\/9112\/revisions\/18715"}],"wp:featuredmedia":[{"embeddable":true,"href":"https:\/\/prceu.usp.br\/nascente\/en\/wp-json\/wp\/v2\/media\/18756"}],"wp:attachment":[{"href":"https:\/\/prceu.usp.br\/nascente\/en\/wp-json\/wp\/v2\/media?parent=9112"}],"wp:term":[{"taxonomy":"category","embeddable":true,"href":"https:\/\/prceu.usp.br\/nascente\/en\/wp-json\/wp\/v2\/categories?post=9112"},{"taxonomy":"post_tag","embeddable":true,"href":"https:\/\/prceu.usp.br\/nascente\/en\/wp-json\/wp\/v2\/tags?post=9112"}],"curies":[{"name":"wp","href":"https:\/\/api.w.org\/{rel}","templated":true}]}}