{"id":9113,"date":"2019-03-15T15:23:52","date_gmt":"2019-03-15T18:23:52","guid":{"rendered":"https:\/\/prceu.usp.br\/nascente\/?page_id=9113"},"modified":"2024-03-13T14:31:44","modified_gmt":"2024-03-13T17:31:44","slug":"audiovisual-2","status":"publish","type":"page","link":"https:\/\/prceu.usp.br\/nascente\/en\/audiovisual-2\/","title":{"rendered":"Audiovisual"},"content":{"rendered":"<p> <br>          <\/p>\r\n\r\n\r\n\r\n<div class=\"wp-block-cover has-background-dim\" style=\"background-image:url(https:\/\/prceu.usp.br\/nascente\/wp-content\/uploads\/2014\/11\/Audiovisual-1-e1415042249926.jpg)\"><div class=\"wp-block-cover__inner-container is-layout-flow wp-block-cover-is-layout-flow\">\r\n<p style=\"text-align:center\" class=\"has-large-font-size\"><br><strong>AUDIOVISUAL<\/strong><\/p>\r\n<\/div><\/div>\r\n\r\n\r\n\r\n<p>Na categoria <strong>Audiovisual <\/strong>contemplam-se as seguintes subcategorias:<\/p>\r\n\r\n\r\n\r\n<h4 class=\"wp-block-heading\"><strong>Projeto e Finaliza\u00e7\u00e3o <\/strong> <br><strong>Modalidades: Anima\u00e7\u00e3o, Document\u00e1rio e Fic\u00e7\u00e3o <\/strong><\/h4>\r\n\r\n\r\n\r\n<p class=\"has-drop-cap\">Desde a cria\u00e7\u00e3o do concurso a categoria Audiovisual recebeu <strong>279 <\/strong>produ\u00e7\u00f5es, premiou mais de <strong>30 vencedores <\/strong>e conferiu mais de <strong>100 men\u00e7\u00f5es honrosas.<\/strong><\/p>\r\n\r\n\r\n\r\n<p class=\"has-text-color has-very-dark-gray-color\">Classificados, os finalistas tiveram o reconhecimento e visibilidade ao apresentarem suas obras em espa\u00e7os art\u00edsticos muito significativos como MAC USP, Centro Universit\u00e1rio Maria Antonia, Pa\u00e7o das Artes, CPC USP, dentre outros que sediaram a <a href=\"https:\/\/prceu.usp.br\/nascente\/visualidade-nascente\/\"><strong>Visualidade Nascente<\/strong><\/a>.<\/p>\r\n\r\n\r\n\r\n<div class=\"wp-block-media-text alignwide has-media-on-the-right\" style=\"grid-template-columns:auto 34%\"><figure class=\"wp-block-media-text__media\"><img loading=\"lazy\" decoding=\"async\" width=\"337\" height=\"500\" src=\"https:\/\/prceu.usp.br\/nascente\/wp-content\/uploads\/2019\/03\/nascente-20005448.jpg\" alt=\"\" class=\"wp-image-9144\" title=\"\" srcset=\"https:\/\/prceu.usp.br\/nascente\/wp-content\/uploads\/2019\/03\/nascente-20005448.jpg 337w, https:\/\/prceu.usp.br\/nascente\/wp-content\/uploads\/2019\/03\/nascente-20005448-202x300.jpg 202w\" sizes=\"auto, (max-width: 337px) 100vw, 337px\" \/><\/figure><div class=\"wp-block-media-text__content\">\r\n<p>O Nascente USP tamb\u00e9m contou com a participa\u00e7\u00e3o de estudantes, hoje artistas renomados, que foram finalistas e vencedores do programa. Nomes como o do cineasta <strong>Paulo Sacramento<\/strong> que venceu com o projeto <em>O Prisioneiro da Grade de Ferro<\/em>, document\u00e1rio premiado em festivais de todo o mundo.<\/p>\r\n\r\n\r\n\r\n<p>&nbsp;<\/p>\r\n<\/div><\/div>\r\n\r\n\r\n\r\n<p>&nbsp;<\/p>\r\n\r\n\r\n\r\n<figure class=\"wp-block-image is-resized\"><img loading=\"lazy\" decoding=\"async\" src=\"https:\/\/prceu.usp.br\/nascente\/wp-content\/uploads\/2015\/04\/Depoimentos_Facebook2-1024x682.jpg\" alt=\"\" class=\"wp-image-2151\" width=\"591\" height=\"393\" title=\"\" srcset=\"https:\/\/prceu.usp.br\/nascente\/wp-content\/uploads\/2015\/04\/Depoimentos_Facebook2-1024x682.jpg 1024w, https:\/\/prceu.usp.br\/nascente\/wp-content\/uploads\/2015\/04\/Depoimentos_Facebook2-300x200.jpg 300w, https:\/\/prceu.usp.br\/nascente\/wp-content\/uploads\/2015\/04\/Depoimentos_Facebook2-768x512.jpg 768w, https:\/\/prceu.usp.br\/nascente\/wp-content\/uploads\/2015\/04\/Depoimentos_Facebook2-624x415.jpg 624w, https:\/\/prceu.usp.br\/nascente\/wp-content\/uploads\/2015\/04\/Depoimentos_Facebook2.jpg 1280w\" sizes=\"auto, (max-width: 591px) 100vw, 591px\" \/><figcaption>O hoje cineasta e vencedor do Nascente 2013 <strong>Renato Duque<\/strong> que teve reconhecimento mundial com o curta de anima\u00e7\u00e3o <strong>Oceano.<\/strong><\/figcaption><\/figure>\r\n\r\n\r\n\r\n<p>A cerim\u00f4nia de premia\u00e7\u00e3o Nascente USP 2018 aconteceu em novembro, dia 30, no Audit\u00f3rio Istv\u00e1n Jancs\u00f3n, no campus da USP capital. O valor do pr\u00eamio \u00e9 de R$ 4 mil, sendo dividido em at\u00e9 dois vencedores por categoria.<\/p>\r\n\r\n\r\n\r\n<p style=\"text-align:left\">Em 2018 o trabalho da subcategoria <em>Projeto &#8211; fic\u00e7\u00e3o<\/em> de Fernando Ise Dias e Hernandez Borba, aluno da Escola de Comunica\u00e7\u00f5es e Artes \u2013 ECA, foi o \u00fanico vencedor da categoria Audiovisual | 26\u00ba Nascente USP. Al\u00e9m do premiado houve tr\u00eas men\u00e7\u00f5es honrosas &#8211; Ricardo Augusto Cioni Engracia Garcia, Vin\u00edcius Alexandre Ramos Cerqueira e Vitor Sepinho Apparecido &#8211; pelo destaque das produ\u00e7\u00f5es art\u00edsticas.<br>Neste ano o concurso recebeu 30 inscri\u00e7\u00f5es na categoria Audiovisual, numa segunda etapa, foram finalistas 4 produ\u00e7\u00f5es art\u00edsticas, dentre as quais a comiss\u00e3o julgadora composta por tr\u00eas jurados, todos especialistas na \u00e1rea, escolheu a produ\u00e7\u00e3o de Fernando Ise Dias e Hernandez Borba, aluno do curso superior do audiovisual, como vencedor da categoria.<\/p>\r\n\r\n\r\n\r\n<p><strong>Trabalho Premiado<\/strong><\/p>\r\n\r\n\r\n\r\n<p>A obra <em>Contato<\/em> \u00e9 da subcategoria projeto-fic\u00e7\u00e3o, de Fernando Ise Dias e Hernandez Borba, aluno da Escola de Comunica\u00e7\u00f5es e Artes \u2013 ECA, do curso superior do audiovisual. Segundo o artista, <em>Contato <\/em>\u00e9 um curta-metragem do g\u00eanero <em>thriller<\/em> que atrav\u00e9s das conven\u00e7\u00f5es gen\u00e9ricas, bem como suas rupturas, busca levantar o debate sobre como as press\u00f5es sociais impactam o indiv\u00edduo, levando o protagonista ao colapso.<br><br><\/p>\r\n\r\n\r\n\r\n<figure class=\"wp-block-embed-youtube wp-block-embed is-type-video is-provider-youtube wp-embed-aspect-16-9 wp-has-aspect-ratio\">\r\n<div class=\"wp-block-embed__wrapper\"><br \/>\r\n<p><iframe loading=\"lazy\" title=\"Contato - Video Pitching\" width=\"500\" height=\"281\" src=\"https:\/\/www.youtube.com\/embed\/JBJbRw5qlf0?feature=oembed\" frameborder=\"0\" allow=\"accelerometer; autoplay; clipboard-write; encrypted-media; gyroscope; picture-in-picture; web-share\" referrerpolicy=\"strict-origin-when-cross-origin\" allowfullscreen><\/iframe><\/p>\r\n<\/div>\r\n<figcaption><\/figcaption>\r\n<\/figure>\r\n\r\n\r\n\r\n<p>&nbsp;<\/p>\r\n\r\n\r\n\r\n<p style=\"background-color:#7a3280\" class=\"has-text-color has-background has-very-light-gray-color\"><strong><a href=\"https:\/\/prceu.usp.br\/nascente\/finalistas-2018-audiovisual\/\">Confira os finalistas e premiados da categoria Audiovisual da edi\u00e7\u00e3o 2018 do Nascente USP<\/a><\/strong><span style=\"background-color: #ffffff;\">&nbsp; &nbsp; &nbsp; &nbsp; &nbsp; &nbsp; &nbsp; &nbsp; &nbsp; &nbsp; &nbsp;<\/span><\/p>","protected":false},"excerpt":{"rendered":"<p>Sorry, this entry is only available in Portugu\u00eas do Brasil.<\/p>\n","protected":false},"author":3,"featured_media":18756,"parent":0,"menu_order":13,"comment_status":"closed","ping_status":"closed","template":"","meta":{"footnotes":""},"categories":[],"tags":[82],"class_list":["post-9113","page","type-page","status-publish","has-post-thumbnail","hentry","tag-categoria"],"_links":{"self":[{"href":"https:\/\/prceu.usp.br\/nascente\/en\/wp-json\/wp\/v2\/pages\/9113","targetHints":{"allow":["GET"]}}],"collection":[{"href":"https:\/\/prceu.usp.br\/nascente\/en\/wp-json\/wp\/v2\/pages"}],"about":[{"href":"https:\/\/prceu.usp.br\/nascente\/en\/wp-json\/wp\/v2\/types\/page"}],"author":[{"embeddable":true,"href":"https:\/\/prceu.usp.br\/nascente\/en\/wp-json\/wp\/v2\/users\/3"}],"replies":[{"embeddable":true,"href":"https:\/\/prceu.usp.br\/nascente\/en\/wp-json\/wp\/v2\/comments?post=9113"}],"version-history":[{"count":2,"href":"https:\/\/prceu.usp.br\/nascente\/en\/wp-json\/wp\/v2\/pages\/9113\/revisions"}],"predecessor-version":[{"id":18685,"href":"https:\/\/prceu.usp.br\/nascente\/en\/wp-json\/wp\/v2\/pages\/9113\/revisions\/18685"}],"wp:featuredmedia":[{"embeddable":true,"href":"https:\/\/prceu.usp.br\/nascente\/en\/wp-json\/wp\/v2\/media\/18756"}],"wp:attachment":[{"href":"https:\/\/prceu.usp.br\/nascente\/en\/wp-json\/wp\/v2\/media?parent=9113"}],"wp:term":[{"taxonomy":"category","embeddable":true,"href":"https:\/\/prceu.usp.br\/nascente\/en\/wp-json\/wp\/v2\/categories?post=9113"},{"taxonomy":"post_tag","embeddable":true,"href":"https:\/\/prceu.usp.br\/nascente\/en\/wp-json\/wp\/v2\/tags?post=9113"}],"curies":[{"name":"wp","href":"https:\/\/api.w.org\/{rel}","templated":true}]}}