{"id":9115,"date":"2019-03-15T15:23:52","date_gmt":"2019-03-15T18:23:52","guid":{"rendered":"https:\/\/prceu.usp.br\/nascente\/?page_id=9115"},"modified":"2024-03-13T16:06:15","modified_gmt":"2024-03-13T19:06:15","slug":"musica-popular-2","status":"publish","type":"page","link":"https:\/\/prceu.usp.br\/nascente\/en\/musica-popular-2\/","title":{"rendered":"M\u00fasica Popular"},"content":{"rendered":"<p><br>      <\/p>\r\n\r\n\r\n\r\n<div class=\"wp-block-cover has-background-dim\" style=\"background-image:url(https:\/\/prceu.usp.br\/nascente\/wp-content\/uploads\/2019\/02\/IMG_4124.jpg)\"><div class=\"wp-block-cover__inner-container is-layout-flow wp-block-cover-is-layout-flow\">\r\n<p style=\"text-align:center\" class=\"has-large-font-size\"><br><br><br><strong>M\u00daSICA POPULAR <\/strong><\/p>\r\n<\/div><\/div>\r\n\r\n\r\n\r\n<p>Na categoria <strong>M\u00fasica Popular<\/strong> contemplam-se as seguintes subcategorias:<\/p>\r\n\r\n\r\n\r\n<h4 class=\"wp-block-heading\"><strong>Composi\u00e7\u00e3o, Int\u00e9rprete Vocal ou Instrumental e Arranjo.<\/strong><br><br><\/h4>\r\n\r\n\r\n\r\n<p class=\"has-drop-cap\">A m\u00fasica popular surgiu da pr\u00e1tica e tradi\u00e7\u00e3o oral. Por n\u00e3o utilizar, a princ\u00edpio, um sistema de nota\u00e7\u00e3o, a m\u00fasica popular tornou-se extremamente rica e incorporadora de &nbsp;novos elementos.<\/p>\r\n\r\n\r\n\r\n<p>Dentre a diversidade de temas que aborda, a m\u00fasica popular, de forma geral, trata do cotidiano social, representando em suas letras, quando n\u00e3o instrumental, os anseios, desejos e toda uma mir\u00edade de sentimentos que est\u00e3o presentes na sociedade ou indiv\u00edduo a qual ela faz refer\u00eancia.<\/p>\r\n\r\n\r\n\r\n<p>Comparada \u00e0 tradi\u00e7\u00e3o musical cl\u00e1ssica, principalmente \u00e0 herdada do movimento \u201crom\u00e2ntico\u201d, a m\u00fasica popular possui forma muito mais male\u00e1vel, prezando, sobretudo, pela improvisa\u00e7\u00e3o.<\/p>\r\n\r\n\r\n\r\n<div class=\"wp-block-image\"><figure class=\"aligncenter is-resized\"><img loading=\"lazy\" decoding=\"async\" src=\"https:\/\/prceu.usp.br\/nascente\/wp-content\/uploads\/2019\/04\/nascente-catalogo-23-2015-nascente-10-page-0001-1024x705.jpg\" alt=\"\" class=\"wp-image-11202\" width=\"472\" height=\"325\" title=\"\"><figcaption><strong>Larissa da Costa Batista<\/strong> interpreta a can\u00e7\u00e3o \u201cMaria do Socorro\u201d de Maria Rita na Festa de Premia\u00e7\u00e3o da 23\u00b0 edi\u00e7\u00e3o do Nascente em 2015<\/figcaption><\/figure><\/div>\r\n\r\n\r\n\r\n<p>Apesar dessas diferencia\u00e7\u00f5es, hoje, a m\u00fasica popular absorveu o conhecimento e nota\u00e7\u00e3o formal e em muitos casos tornou-se t\u00e3o \u201cerudita\u201d quanto grandes composi\u00e7\u00f5es da m\u00fasica cl\u00e1ssica.<\/p>\r\n\r\n\r\n\r\n<p>Em todas suas participa\u00e7\u00f5es do concurso, a categoria M\u00fasica Popular recebeu <strong>422 &nbsp;inscri\u00e7\u00f5es<\/strong>, premiou aproximadamente <strong>40 vencedores<\/strong> e conferiu <strong>50 men\u00e7\u00f5es honrosas.<\/strong><\/p>\r\n\r\n\r\n\r\n<p>Classificados, os finalistas ganham visibilidade ao apresentar suas obras em Mostras Musicais nos palcos da USP e fora dela. <br>J\u00e1 sediaram nosso Festival espa\u00e7os como o Anfiteatro Camargo Guarnieri, Sesc Pinheiros, Audit\u00f3rio da Biblioteca Brasiliana, o Teatro da Faculdade de Medicina.<br>O Nascente USP tamb\u00e9m contou com a participa\u00e7\u00e3o de artistas, hoje renomados, que foram finalistas e vencedores do concurso.<\/p>\r\n\r\n\r\n\r\n<p>O transcurso de suas carreiras ganha brilho e proje\u00e7\u00e3o ap\u00f3s passarem pelo nosso palco: \u00e9 fato, o Nascente abre portas e oferece visibilidade para aqueles que se destacam no concurso. <br>As hist\u00f3rias de sucesso s\u00e3o muitas e podemos apresentar algumas: <\/p>\r\n\r\n\r\n\r\n<div class=\"wp-block-image\"><figure class=\"alignleft\"><img loading=\"lazy\" decoding=\"async\" width=\"364\" height=\"191\" src=\"https:\/\/prceu.usp.br\/nascente\/wp-content\/uploads\/2019\/04\/nascente-20180827-dani-gurgel-364x191.jpg\" alt=\"\" class=\"wp-image-10670\" title=\"\" srcset=\"https:\/\/prceu.usp.br\/nascente\/wp-content\/uploads\/2019\/04\/nascente-20180827-dani-gurgel-364x191.jpg 364w, https:\/\/prceu.usp.br\/nascente\/wp-content\/uploads\/2019\/04\/nascente-20180827-dani-gurgel-364x191-300x157.jpg 300w\" sizes=\"auto, (max-width: 364px) 100vw, 364px\" \/><figcaption><strong>Dani Gurgel<\/strong> &#8211; Vencedora do Nascente <br>em 2007, a cantora e compositora se consolidou na MPB. Lan\u00e7ou seu mais recente CD em 2018 intitulado <em><a href=\"https:\/\/jornal.usp.br\/cultura\/cantora-dani-gurgel-fala-sobre-novo-cd-na-radio-usp\/  \" target=\"_blank\" rel=\"noopener\">Tuqti:<\/a> <\/em> <br><br><\/figcaption><\/figure><\/div>\r\n\r\n\r\n\r\n<figure class=\"wp-block-image is-resized\"><img loading=\"lazy\" decoding=\"async\" src=\"https:\/\/prceu.usp.br\/nascente\/wp-content\/uploads\/2019\/04\/nascente-pasargada.jpg\" alt=\"\" class=\"wp-image-10675\" width=\"332\" height=\"483\" title=\"\" srcset=\"https:\/\/prceu.usp.br\/nascente\/wp-content\/uploads\/2019\/04\/nascente-pasargada.jpg 533w, https:\/\/prceu.usp.br\/nascente\/wp-content\/uploads\/2019\/04\/nascente-pasargada-206x300.jpg 206w\" sizes=\"auto, (max-width: 332px) 100vw, 332px\" \/><figcaption>A banda<strong> Filarm\u00f4nica de Pas\u00e1rgada<\/strong> venceu o Nascente em 2009, e a partir da\u00ed vem se destacando entre as novas bandas de MPB no cen\u00e1rio nacional. Com dois discos lan\u00e7ados, j\u00e1 gravou com Tom Z\u00e9 o clipe da m\u00fasica <em><a href=\"https:\/\/www.youtube.com\/watch?v=Bsrq8qv8Uig\" target=\"_blank\" rel=\"noopener\">Fiu Fiu <\/a> <\/em>com quase 200 mil visualiza\u00e7\u00f5es no Youtube.<br>foto: In\u00eas Bonduki<\/figcaption><\/figure>\r\n\r\n\r\n\r\n<figure class=\"wp-block-image is-resized\"><img loading=\"lazy\" decoding=\"async\" src=\"https:\/\/prceu.usp.br\/nascente\/wp-content\/uploads\/2019\/03\/1077264-166513030198949-1016181141-o-1024x683.jpg\" alt=\"\" class=\"wp-image-8855\" width=\"584\" height=\"388\" title=\"\" srcset=\"https:\/\/prceu.usp.br\/nascente\/wp-content\/uploads\/2019\/03\/1077264-166513030198949-1016181141-o-1536x1024.jpg 1536w, https:\/\/prceu.usp.br\/nascente\/wp-content\/uploads\/2019\/03\/1077264-166513030198949-1016181141-o-300x200.jpg 300w, https:\/\/prceu.usp.br\/nascente\/wp-content\/uploads\/2019\/03\/1077264-166513030198949-1016181141-o-768x512.jpg 768w, https:\/\/prceu.usp.br\/nascente\/wp-content\/uploads\/2019\/03\/1077264-166513030198949-1016181141-o.jpg 2048w\" sizes=\"auto, (max-width: 584px) 100vw, 584px\" \/><figcaption><strong>\u00d4ct\u00f4ct\u00f4 <\/strong>&#8211; vencedores Nascente 2011<br>O Concurso possibilitou a produ\u00e7\u00e3o do primeiro CD do grupo e proporcionou visibilidade Internacional: <strong><a href=\"https:\/\/www5.usp.br\/46236\/grupo-de-musica-instrumental-formado-na-eca-se-apresenta-na-europa\/\" target=\"_blank\" rel=\"noopener\">Grupo de m\u00fasica instrumental formado na ECA se apresenta na Europa<\/a><\/strong> <br><br><br><\/figcaption><\/figure>\r\n\r\n\r\n\r\n<ul class=\"wp-block-gallery aligncenter columns-1 is-cropped wp-block-gallery-1 is-layout-flex wp-block-gallery-is-layout-flex\"><li class=\"blocks-gallery-item\"><figure><img loading=\"lazy\" decoding=\"async\" width=\"1024\" height=\"678\" src=\"https:\/\/prceu.usp.br\/nascente\/wp-content\/uploads\/2019\/03\/Campanha2015-2-2-1024x678.png\" alt=\"\" data-id=\"8860\" class=\"wp-image-8860\" title=\"\" srcset=\"https:\/\/prceu.usp.br\/nascente\/wp-content\/uploads\/2019\/03\/Campanha2015-2-2-1024x678.png 1024w, https:\/\/prceu.usp.br\/nascente\/wp-content\/uploads\/2019\/03\/Campanha2015-2-2-300x199.png 300w, https:\/\/prceu.usp.br\/nascente\/wp-content\/uploads\/2019\/03\/Campanha2015-2-2-768x508.png 768w, https:\/\/prceu.usp.br\/nascente\/wp-content\/uploads\/2019\/03\/Campanha2015-2-2.png 1118w\" sizes=\"auto, (max-width: 1024px) 100vw, 1024px\" \/><figcaption><strong>Z\u00e9 Le\u00f4nidas <\/strong>&#8211; Finalista Nascente 2010 &#8211; O concurso e os convites posteriores para se apresentar em eventos do Nascente USP contribu\u00edram para a visibilidade de seu trabalho. Hoje ele faz shows na noite de S\u00e3o Paulo e lan\u00e7ou seu primeiro \u00e1lbum em plataforma streaming.<\/figcaption><\/figure><\/li><\/ul>\r\n\r\n\r\n\r\n<p>A cerim\u00f4nia de premia\u00e7\u00e3o Nascente USP 2018 aconteceu em novembro, dia 30, no Audit\u00f3rio Istv\u00e1n Jancs\u00f3n, no <em>campus<\/em> da USP capital. O concurso premia apenas os primeiros colocados em cada categoria. O valor do pr\u00eamio \u00e9 de R$ 4 mil, sendo dividido entre os membros do trabalho ganhador.<\/p>\r\n\r\n\r\n\r\n<p>Em 2018 o concurso premiou dois trabalhos na categoria M\u00fasica Popular; numa primeira etapa o volume de inscri\u00e7\u00f5es foram de 39 trabalhos, dos quais somente 6 foram finalistas. A apresenta\u00e7\u00e3o <em>Regional Mistura <\/em>da subcategoria<em> interpreta\u00e7\u00e3o instrumental <\/em>de Salom\u00e3o Sidharta Jesus dos Santos, aluno do curso de M\u00fasica \u2013 Bacharel em Clarinete da Escola de Comunica\u00e7\u00f5es e Artes \u2013 ECA, dividiu o pr\u00eamio com a apresenta\u00e7\u00e3o tamb\u00e9m vencedora <em>Zarabatana <\/em>da subcategoria <em>composi\u00e7\u00e3o,<\/em> dos alunos Gustavo Santhiago Costa Pinto e Ricardo Santhiago Costa Pinto, o primeiro cursa Bacharelado em Reg\u00eancia\/ ECA e o segundo cursa arquitetura e urbanismo\/ IAU. Houve tamb\u00e9m uma men\u00e7\u00e3o honrosa para o trabalho <em>Eu falo porque eu posso<\/em>, subcategoria <em>Composi\u00e7\u00e3o<\/em>, da estudante Natalia Benitez Caseu. <\/p>\r\n\r\n\r\n\r\n<p><strong>Trabalhos Premiados<\/strong><\/p>\r\n\r\n\r\n\r\n<p><em>&#8220;Regional mistura&#8221; &#8211; Grupo formado em 2016 sob orienta\u00e7\u00e3o de grandes nomes do meio da m\u00fasica brasileira como Nailor \u201cProveta\u201d Azevedo e Gian Correia. O grupo tem como objetivo o resgate da m\u00fasica popular brasileira instrumental de raiz e tamb\u00e9m busca a ascens\u00e3o da m\u00fasica popular brasileira instrumental atual com foco no choro, bai\u00e3o, maxixe, entre outros.<\/em><\/p>\r\n\r\n\r\n\r\n<p><em>&#8220;Zarabatana&#8221; &#8211; Essa m\u00fasica mistura v\u00e1rios estilos e culturas como o rock, o jazz, ritmos brasileiros, m\u00fasica indiana e uma forma complexa que remete talvez \u00e0 tradi\u00e7\u00e3o cl\u00e1ssica europeia. Cada elemento desses serve um prop\u00f3sito musical espec\u00edfico; n\u00e3o foram incorporados apenas pela vontade de misturar tudo! Mas acaba que passamos por v\u00e1rias sonoridades sem perder o sentido \u00fanico da pe\u00e7a.<\/em><\/p>\r\n\r\n\r\n\r\n<p style=\"text-align:right\">[Textos fornecido pelos ganhadores]\r\n\r\n\r\n\r\n<p style=\"background-color:#7a3280\" class=\"has-text-color has-background has-very-light-gray-color\"><strong><a href=\"https:\/\/prceu.usp.br\/nascente\/finalistas-2018-musica-popular\">Confira os finalistas e premiados da categoria M\u00fasica Popular da edi\u00e7\u00e3o 2018 do Nascente USP<\/a><\/strong><em><a href=\"https:\/\/prceu.usp.br\/nascente\/premiados-2018-musica-popular\/\"><br><\/a><\/em><\/p>\r\n\r\n\r\n<div style=\"text-align: center;\">&nbsp;<\/div>\r\n<p><!--StartFragment--><\/p>\r\n\r\n\r\n<div class=\"wp-block-image\"><figure class=\"alignleft is-resized\"><img loading=\"lazy\" decoding=\"async\" src=\"https:\/\/prceu.usp.br\/nascente\/wp-content\/uploads\/2019\/04\/58922534-812764839116460-4462302176789659648-n-1024x683.jpg\" alt=\"\" class=\"wp-image-12469\" width=\"284\" height=\"188\" title=\"\"><\/figure><\/div>\r\n\r\n\r\n\r\n<p><em> &#8220;Colocar meus p\u00e9s no palco do Nascente ao lado do meu parceiro e grande amigo Vinicius foi uma experi\u00eancia \u00fanica durante meus anos na USP, e posso afirmar que determinou muitos caminhos em nossas vidas ap\u00f3s nossa participa\u00e7\u00e3o no concurso.&#8221;<\/em><br><strong><a href=\"https:\/\/prceu.usp.br\/nascente\/voz-violino-e-violao-uma-parceria-vencedora\/\">Leia a entrevista completa com Camila Montefusco, int\u00e9rprete vencedora da Edi\u00e7\u00e3o 2016 do Nascente USP em M\u00fasica Popular <\/a><\/strong><\/p>\r\n\r\n\r\n<p><!--EndFragment--><\/p>\r\n<p>&nbsp;<\/p>","protected":false},"excerpt":{"rendered":"<p>Sorry, this entry is only available in Portugu\u00eas do Brasil.<\/p>\n","protected":false},"author":3,"featured_media":18756,"parent":0,"menu_order":11,"comment_status":"closed","ping_status":"closed","template":"","meta":{"footnotes":""},"categories":[],"tags":[82],"class_list":["post-9115","page","type-page","status-publish","has-post-thumbnail","hentry","tag-categoria"],"_links":{"self":[{"href":"https:\/\/prceu.usp.br\/nascente\/en\/wp-json\/wp\/v2\/pages\/9115","targetHints":{"allow":["GET"]}}],"collection":[{"href":"https:\/\/prceu.usp.br\/nascente\/en\/wp-json\/wp\/v2\/pages"}],"about":[{"href":"https:\/\/prceu.usp.br\/nascente\/en\/wp-json\/wp\/v2\/types\/page"}],"author":[{"embeddable":true,"href":"https:\/\/prceu.usp.br\/nascente\/en\/wp-json\/wp\/v2\/users\/3"}],"replies":[{"embeddable":true,"href":"https:\/\/prceu.usp.br\/nascente\/en\/wp-json\/wp\/v2\/comments?post=9115"}],"version-history":[{"count":2,"href":"https:\/\/prceu.usp.br\/nascente\/en\/wp-json\/wp\/v2\/pages\/9115\/revisions"}],"predecessor-version":[{"id":18691,"href":"https:\/\/prceu.usp.br\/nascente\/en\/wp-json\/wp\/v2\/pages\/9115\/revisions\/18691"}],"wp:featuredmedia":[{"embeddable":true,"href":"https:\/\/prceu.usp.br\/nascente\/en\/wp-json\/wp\/v2\/media\/18756"}],"wp:attachment":[{"href":"https:\/\/prceu.usp.br\/nascente\/en\/wp-json\/wp\/v2\/media?parent=9115"}],"wp:term":[{"taxonomy":"category","embeddable":true,"href":"https:\/\/prceu.usp.br\/nascente\/en\/wp-json\/wp\/v2\/categories?post=9115"},{"taxonomy":"post_tag","embeddable":true,"href":"https:\/\/prceu.usp.br\/nascente\/en\/wp-json\/wp\/v2\/tags?post=9115"}],"curies":[{"name":"wp","href":"https:\/\/api.w.org\/{rel}","templated":true}]}}