{"id":11578,"date":"2019-04-04T11:30:44","date_gmt":"2019-04-04T14:30:44","guid":{"rendered":"https:\/\/prceu.usp.br\/nascente\/?page_id=11578"},"modified":"2026-04-07T11:38:26","modified_gmt":"2026-04-07T14:38:26","slug":"creditos","status":"publish","type":"page","link":"https:\/\/prceu.usp.br\/nascente\/es\/creditos\/","title":{"rendered":"Equipe Nascente USP"},"content":{"rendered":"<!-- wp:paragraph -->\r\n<p>&nbsp;<\/p>\r\n<!-- \/wp:paragraph -->\r\n<p>&nbsp;<\/p>\r\n<!-- wp:paragraph -->\r\n<p>&nbsp;<\/p>\r\n<!-- \/wp:paragraph -->\r\n<p>&nbsp;<\/p>\r\n<!-- wp:image {\"id\":11577,\"width\":514,\"height\":343,\"linkDestination\":\"media\"} -->\r\n<figure class=\"wp-block-image is-resized\"><a href=\"https:\/\/prceu.usp.br\/nascente\/wp-content\/uploads\/2019\/04\/nascente-nascente-equipe-2018.jpg\" target=\"_blank\" rel=\"https:\/\/prceu.usp.br\/nascente\/wp-content\/uploads\/2019\/04\/nascente-nascente-equipe-2018.jpg noopener noreferrer\"><img loading=\"lazy\" decoding=\"async\" class=\"wp-image-11577\" src=\"https:\/\/prceu.usp.br\/nascente\/wp-content\/uploads\/2019\/04\/nascente-nascente-equipe-2018-1024x682.jpg\" alt=\"\" width=\"514\" height=\"343\" title=\"\"><\/a><\/figure>\r\n<!-- \/wp:image -->\r\n<p>&nbsp;<\/p>\r\n<!-- wp:heading {\"level\":3} -->\r\n<h3>Equipe Nascente USP<\/h3>\r\n<!-- \/wp:heading -->\r\n<h4><strong>PR\u00d3-REITOR DE CULTURA E EXTENS\u00c3O UNIVERSIT\u00c1RIA<\/strong><br \/>Prof\u00ba Dr.Am\u00e2ncio Jorge de Oliveira\u00a0<\/h4>\r\n<h4><br \/><strong>PR\u00d3-REITOR ADJUNTO\u00a0 DE CULTURA E EXTENS\u00c3O UNIVERSIT\u00c1RIA<\/strong><br \/>Prof\u00ba Dr. Iran Jos\u00e9 Oliveira da Silva<\/h4>\r\n<p><!-- \/wp:heading -->\r\n\r\n<!-- wp:paragraph \/-->\r\n\r\n<!-- wp:heading {\"level\":4} --><\/p>\r\n<h4><strong>COORDENA\u00c7\u00c3O ACAD\u00caMICA<\/strong><br \/>Prof\u00aa Dr\u00aa Margarida Maria Krohling Kunsch<\/h4>\r\n<!-- wp:heading {\"level\":4} -->\r\n<h4>DIVIS\u00c3O DE A\u00c7\u00c3O CULTURAL<\/h4>\r\n<!-- \/wp:heading -->\r\n<p>&nbsp;<\/p>\r\n<!-- wp:paragraph -->\r\n<p><strong>Chefe T\u00e9cnica<\/strong> <br \/>Margarete Ramos<br \/><br \/><strong>Servi\u00e7os de A\u00e7\u00e3o Cultural\u00a0\u00a0<\/strong><br \/>K\u00e1tia Ver\u00f4nica Santana de Oliveira<br \/><br \/><strong>Organiza\u00e7\u00e3o e Apoio a Eventos\u00a0<\/strong> <br \/>Rodrigo Monteiro<br \/><br \/><strong>Inform\u00e1tica\u00a0<\/strong>\u00a0<br \/>Edson Ara\u00fajo<br \/><br \/><strong>Estagi\u00e1rios <\/strong><br \/>Adnam Junior<br \/>Aline Gabriela Garzon<br \/>Jamilly\u00a0 Brand\u00e3o Alvino<br \/>Tifani Ferreira Rocha<br \/><br \/><strong>Bolsistas:<\/strong><br \/>Bruna Let\u00edcia; <br \/>Jeniffer Ribeiro;<br \/>Jonatas Palumbo<br \/>Jesualdo Firmino<br \/>Weslley Abreu<\/p>\r\n<!-- \/wp:paragraph -->\r\n<p>&nbsp;<\/p>\r\n<!-- wp:heading {\"level\":4} -->\r\n<h4>DIVIS\u00c3O DE COMUNICA\u00c7\u00c3O INSTITUCIONAL<\/h4>\r\n<!-- \/wp:heading -->\r\n<p>&nbsp;<\/p>\r\n<!-- wp:paragraph -->\r\n<p><strong>Chefe T\u00e9cnico<\/strong><br \/>Michel Sitnik<\/p>\r\n<!-- \/wp:paragraph -->\r\n<p>&nbsp;<\/p>\r\n<!-- wp:paragraph -->\r\n<p><strong>Assessoria de Imprensa e Jornalismo<\/strong><br \/>Elcio Silva <br \/>Fabio Rubira <br \/>Sandra Lima <br \/><br \/><strong>Design e Comunica\u00e7\u00e3o Visual<\/strong> <br \/>Camila Previato Guimar\u00e3es<\/p>\r\n<!-- \/wp:paragraph -->\r\n<p>&nbsp;<\/p>\r\n<!-- wp:paragraph -->\r\n<p><strong>Est\u00e1gios <\/strong><br \/>Cec\u00edlia Christine Handaya <br \/>Gustavo Oliveira da Silva Hirga <br \/>Mariana Marques Fraga de Oliveira <br \/>Victor Daibert Machado Tavares <br \/>Yara Santana dos Santos<\/p>\r\n<!-- \/wp:paragraph -->\r\n<p>&nbsp;<\/p>\r\n<!-- wp:separator --><hr class=\"wp-block-separator\" \/><!-- \/wp:separator -->\r\n<p>&nbsp;<\/p>\r\n<!-- wp:heading {\"level\":4} -->\r\n<h4>SITE NASCENTE USP<\/h4>\r\n<!-- \/wp:heading -->\r\n<p>&nbsp;<\/p>\r\n<!-- wp:paragraph -->\r\n<p><strong>Projeto<br \/><\/strong>Rodrigo Monteiro<\/p>\r\n<!-- \/wp:paragraph -->\r\n<p>&nbsp;<\/p>\r\n<!-- wp:paragraph -->\r\n<p><strong>Web designers<\/strong><br \/>J\u00falio Okabayashi<br \/>Victor Daibert Machado Tavares<\/p>\r\n<!-- \/wp:paragraph -->\r\n<p>&nbsp;<\/p>\r\n<!-- wp:paragraph -->\r\n<p><strong>Pesquisa, Produ\u00e7\u00e3o de Conte\u00fado e Diagrama\u00e7\u00e3o<\/strong><br \/>Adnam Junior<br \/>Aline Gabriela Garzon<br \/>Carina Maria <br \/>Jesualdo Firmino<br \/>Rodrigo Monteiro<br \/>Tifani Ferreira <br \/><br \/><strong>Revis\u00e3o <\/strong><br \/>Rodrigo Monteiro<br \/>Weslley Abreu<br \/><br \/><strong>Digitaliza\u00e7\u00e3o de Acervo<br \/><\/strong>Aline Gabriela Garzon<br \/>Bruna Let\u00edcia <br \/><br \/><strong>Programa\u00e7\u00e3o<\/strong><br \/>Dante Daniel <br \/>Jonatas Palumbo <br \/><br \/><\/p>\r\n<!-- \/wp:paragraph -->","protected":false},"excerpt":{"rendered":"<p>&nbsp; &nbsp; &nbsp; &nbsp; &nbsp; Equipe Nascente USP PR\u00d3-REITOR DE CULTURA E EXTENS\u00c3O UNIVERSIT\u00c1RIAProf\u00ba Dr.Am\u00e2ncio Jorge de Oliveira\u00a0 PR\u00d3-REITOR ADJUNTO\u00a0 DE CULTURA E EXTENS\u00c3O UNIVERSIT\u00c1RIAProf\u00ba Dr. Iran Jos\u00e9 Oliveira da Silva COORDENA\u00c7\u00c3O ACAD\u00caMICAProf\u00aa Dr\u00aa Margarida Maria Krohling Kunsch DIVIS\u00c3O DE A\u00c7\u00c3O CULTURAL &nbsp; Chefe T\u00e9cnica Margarete Ramos Servi\u00e7os de A\u00e7\u00e3o Cultural\u00a0\u00a0K\u00e1tia Ver\u00f4nica Santana de Oliveira [&hellip;]<\/p>\n","protected":false},"author":3,"featured_media":18735,"parent":0,"menu_order":7,"comment_status":"closed","ping_status":"closed","template":"","meta":{"footnotes":""},"categories":[],"tags":[],"class_list":["post-11578","page","type-page","status-publish","has-post-thumbnail","hentry"],"_links":{"self":[{"href":"https:\/\/prceu.usp.br\/nascente\/es\/wp-json\/wp\/v2\/pages\/11578","targetHints":{"allow":["GET"]}}],"collection":[{"href":"https:\/\/prceu.usp.br\/nascente\/es\/wp-json\/wp\/v2\/pages"}],"about":[{"href":"https:\/\/prceu.usp.br\/nascente\/es\/wp-json\/wp\/v2\/types\/page"}],"author":[{"embeddable":true,"href":"https:\/\/prceu.usp.br\/nascente\/es\/wp-json\/wp\/v2\/users\/3"}],"replies":[{"embeddable":true,"href":"https:\/\/prceu.usp.br\/nascente\/es\/wp-json\/wp\/v2\/comments?post=11578"}],"version-history":[{"count":12,"href":"https:\/\/prceu.usp.br\/nascente\/es\/wp-json\/wp\/v2\/pages\/11578\/revisions"}],"predecessor-version":[{"id":18851,"href":"https:\/\/prceu.usp.br\/nascente\/es\/wp-json\/wp\/v2\/pages\/11578\/revisions\/18851"}],"wp:featuredmedia":[{"embeddable":true,"href":"https:\/\/prceu.usp.br\/nascente\/es\/wp-json\/wp\/v2\/media\/18735"}],"wp:attachment":[{"href":"https:\/\/prceu.usp.br\/nascente\/es\/wp-json\/wp\/v2\/media?parent=11578"}],"wp:term":[{"taxonomy":"category","embeddable":true,"href":"https:\/\/prceu.usp.br\/nascente\/es\/wp-json\/wp\/v2\/categories?post=11578"},{"taxonomy":"post_tag","embeddable":true,"href":"https:\/\/prceu.usp.br\/nascente\/es\/wp-json\/wp\/v2\/tags?post=11578"}],"curies":[{"name":"wp","href":"https:\/\/api.w.org\/{rel}","templated":true}]}}