{"id":14232,"date":"2021-06-08T11:48:41","date_gmt":"2021-06-08T14:48:41","guid":{"rendered":"https:\/\/prceu.usp.br\/nascente\/?page_id=14232"},"modified":"2024-03-27T17:10:22","modified_gmt":"2024-03-27T20:10:22","slug":"mostra-de-cenicas","status":"publish","type":"page","link":"https:\/\/prceu.usp.br\/nascente\/es\/mostra-de-cenicas\/","title":{"rendered":"(Portugu\u00eas do Brasil) Mostra de Artes C\u00eanicas"},"content":{"rendered":"<p class=\"qtranxs-available-languages-message qtranxs-available-languages-message-es\">Disculpa, pero esta entrada est\u00e1 disponible s\u00f3lo en <a href=\"https:\/\/prceu.usp.br\/nascente\/pb\/wp-json\/wp\/v2\/pages\/14232\" class=\"qtranxs-available-language-link qtranxs-available-language-link-pb\" title=\"Portugu\u00eas do Brasil\">Portugu\u00eas do Brasil<\/a>.<\/p>","protected":false},"excerpt":{"rendered":"<p>Disculpa, pero esta entrada est\u00e1 disponible s\u00f3lo en Portugu\u00eas do Brasil.<\/p>\n","protected":false},"author":3,"featured_media":18739,"parent":0,"menu_order":0,"comment_status":"closed","ping_status":"closed","template":"","meta":{"footnotes":""},"categories":[],"tags":[64],"class_list":["post-14232","page","type-page","status-publish","has-post-thumbnail","hentry","tag-artes-cenicas"],"_links":{"self":[{"href":"https:\/\/prceu.usp.br\/nascente\/es\/wp-json\/wp\/v2\/pages\/14232","targetHints":{"allow":["GET"]}}],"collection":[{"href":"https:\/\/prceu.usp.br\/nascente\/es\/wp-json\/wp\/v2\/pages"}],"about":[{"href":"https:\/\/prceu.usp.br\/nascente\/es\/wp-json\/wp\/v2\/types\/page"}],"author":[{"embeddable":true,"href":"https:\/\/prceu.usp.br\/nascente\/es\/wp-json\/wp\/v2\/users\/3"}],"replies":[{"embeddable":true,"href":"https:\/\/prceu.usp.br\/nascente\/es\/wp-json\/wp\/v2\/comments?post=14232"}],"version-history":[{"count":3,"href":"https:\/\/prceu.usp.br\/nascente\/es\/wp-json\/wp\/v2\/pages\/14232\/revisions"}],"predecessor-version":[{"id":18679,"href":"https:\/\/prceu.usp.br\/nascente\/es\/wp-json\/wp\/v2\/pages\/14232\/revisions\/18679"}],"wp:featuredmedia":[{"embeddable":true,"href":"https:\/\/prceu.usp.br\/nascente\/es\/wp-json\/wp\/v2\/media\/18739"}],"wp:attachment":[{"href":"https:\/\/prceu.usp.br\/nascente\/es\/wp-json\/wp\/v2\/media?parent=14232"}],"wp:term":[{"taxonomy":"category","embeddable":true,"href":"https:\/\/prceu.usp.br\/nascente\/es\/wp-json\/wp\/v2\/categories?post=14232"},{"taxonomy":"post_tag","embeddable":true,"href":"https:\/\/prceu.usp.br\/nascente\/es\/wp-json\/wp\/v2\/tags?post=14232"}],"curies":[{"name":"wp","href":"https:\/\/api.w.org\/{rel}","templated":true}]}}