{"id":14422,"date":"2021-06-09T17:54:47","date_gmt":"2021-06-09T20:54:47","guid":{"rendered":"https:\/\/prceu.usp.br\/nascente\/?page_id=14422"},"modified":"2024-03-27T17:16:12","modified_gmt":"2024-03-27T20:16:12","slug":"edicoes-passadas-acervo","status":"publish","type":"page","link":"https:\/\/prceu.usp.br\/nascente\/es\/edicoes-passadas-acervo\/","title":{"rendered":"(Portugu\u00eas do Brasil) Acervo"},"content":{"rendered":"<p class=\"qtranxs-available-languages-message qtranxs-available-languages-message-es\">Disculpa, pero esta entrada est\u00e1 disponible s\u00f3lo en <a href=\"https:\/\/prceu.usp.br\/nascente\/pb\/wp-json\/wp\/v2\/pages\/14422\" class=\"qtranxs-available-language-link qtranxs-available-language-link-pb\" title=\"Portugu\u00eas do Brasil\">Portugu\u00eas do Brasil<\/a>.<\/p>","protected":false},"excerpt":{"rendered":"<p>Disculpa, pero esta entrada est\u00e1 disponible s\u00f3lo en Portugu\u00eas do Brasil.<\/p>\n","protected":false},"author":3,"featured_media":18746,"parent":0,"menu_order":0,"comment_status":"closed","ping_status":"closed","template":"","meta":{"footnotes":""},"categories":[77],"tags":[],"class_list":["post-14422","page","type-page","status-publish","has-post-thumbnail","hentry","category-acervo"],"_links":{"self":[{"href":"https:\/\/prceu.usp.br\/nascente\/es\/wp-json\/wp\/v2\/pages\/14422","targetHints":{"allow":["GET"]}}],"collection":[{"href":"https:\/\/prceu.usp.br\/nascente\/es\/wp-json\/wp\/v2\/pages"}],"about":[{"href":"https:\/\/prceu.usp.br\/nascente\/es\/wp-json\/wp\/v2\/types\/page"}],"author":[{"embeddable":true,"href":"https:\/\/prceu.usp.br\/nascente\/es\/wp-json\/wp\/v2\/users\/3"}],"replies":[{"embeddable":true,"href":"https:\/\/prceu.usp.br\/nascente\/es\/wp-json\/wp\/v2\/comments?post=14422"}],"version-history":[{"count":1,"href":"https:\/\/prceu.usp.br\/nascente\/es\/wp-json\/wp\/v2\/pages\/14422\/revisions"}],"predecessor-version":[{"id":18747,"href":"https:\/\/prceu.usp.br\/nascente\/es\/wp-json\/wp\/v2\/pages\/14422\/revisions\/18747"}],"wp:featuredmedia":[{"embeddable":true,"href":"https:\/\/prceu.usp.br\/nascente\/es\/wp-json\/wp\/v2\/media\/18746"}],"wp:attachment":[{"href":"https:\/\/prceu.usp.br\/nascente\/es\/wp-json\/wp\/v2\/media?parent=14422"}],"wp:term":[{"taxonomy":"category","embeddable":true,"href":"https:\/\/prceu.usp.br\/nascente\/es\/wp-json\/wp\/v2\/categories?post=14422"},{"taxonomy":"post_tag","embeddable":true,"href":"https:\/\/prceu.usp.br\/nascente\/es\/wp-json\/wp\/v2\/tags?post=14422"}],"curies":[{"name":"wp","href":"https:\/\/api.w.org\/{rel}","templated":true}]}}