{"id":9114,"date":"2019-03-15T15:23:52","date_gmt":"2019-03-15T18:23:52","guid":{"rendered":"https:\/\/prceu.usp.br\/nascente\/?page_id=9114"},"modified":"2024-03-13T14:35:53","modified_gmt":"2024-03-13T17:35:53","slug":"design-2","status":"publish","type":"page","link":"https:\/\/prceu.usp.br\/nascente\/es\/design-2\/","title":{"rendered":"Design"},"content":{"rendered":"<p><br>      <\/p>\r\n\r\n\r\n\r\n<div class=\"wp-block-cover has-background-dim\" style=\"background-image:url(https:\/\/prceu.usp.br\/nascente\/wp-content\/uploads\/2014\/11\/Foto-Caderno-Menor-Inscri\u00e7\u00e3o-N\u00famero-654.bmp)\"><div class=\"wp-block-cover__inner-container is-layout-flow wp-block-cover-is-layout-flow\">\r\n<p style=\"text-align:center\" class=\"has-large-font-size\"><strong>DESIGN<\/strong><\/p>\r\n<\/div><\/div>\r\n\r\n\r\n\r\n<p>Na categoria <strong>Design<\/strong> contemplam-se as seguintes subcategorias:<\/p>\r\n\r\n\r\n\r\n<h4 class=\"wp-block-heading\">Identidade Visual e Aplica\u00e7\u00f5es (entre as quais pap\u00e9is, marca, folder e cartaz), Mobili\u00e1rio Urbano, Design de Exposi\u00e7\u00e3o, Projeto Editorial, Webdesign e Design de Produto.<\/h4>\r\n\r\n\r\n\r\n<p class=\"has-drop-cap\">Uma das formas de definir a linguagem do Design significa ter e desenvolver um plano, um projeto, significa designar. \u00c9 trabalhar com a inten\u00e7\u00e3o, com o cen\u00e1rio futuro, executando a concep\u00e7\u00e3o e o planejamento daquilo que vir\u00e1 a existir. Criar, desenvolver, implantar um projeto \u2013 o design \u2013 significa pesquisar e trabalhar com refer\u00eancias culturais e est\u00e9ticas, com o conceito da proposta. \u00c9 lidar com a forma, com o feitio, com a configura\u00e7\u00e3o, a elabora\u00e7\u00e3o, o desenvolvimento e o acompanhamento do projeto.\u00b9<\/p>\r\n\r\n\r\n\r\n<p>Desde a edi\u00e7\u00e3o de 2006 a categoria Design recebeu aproximadamente<strong> 103 inscri\u00e7\u00f5es<\/strong>, e no ano de 2018 premiou um vencedor e conferiu tr\u00eas men\u00e7\u00f5es honrosas.<\/p>\r\n\r\n\r\n\r\n<p>Com uma singular comiss\u00e3o julgadora, as obras da \u00faltima edi\u00e7\u00e3o foram analisadas e julgadas por especialistas de dentro e fora da USP, altamente qualificados como a professora Dra. Clice Toledo de Sanjar Mazilli, Professora Dra. Cristiane Aun Bertoldi, ambas do departamento de Design da FAU USP bem como o especialista externo, o professor Dr. Bruno Pompeu Marques Filho.<\/p>\r\n\r\n\r\n\r\n<p>Classificados, os finalistas tiveram o reconhecimento de apresentar suas obras em lugares not\u00e1veis e de muito significado para a USP e a cidade de S\u00e3o Paulo como o Centro Universit\u00e1rio Maria Antonia (2018) e o MAC USP (2017), no Ibirapuera.<\/p>\r\n\r\n\r\n\r\n<figure class=\"wp-block-image\"><img loading=\"lazy\" decoding=\"async\" width=\"960\" height=\"720\" src=\"https:\/\/prceu.usp.br\/nascente\/wp-content\/uploads\/2014\/10\/1011799_475748445850619_1104868525_n.jpg\" alt=\"\" class=\"wp-image-1266\" title=\"\" srcset=\"https:\/\/prceu.usp.br\/nascente\/wp-content\/uploads\/2014\/10\/1011799_475748445850619_1104868525_n.jpg 960w, https:\/\/prceu.usp.br\/nascente\/wp-content\/uploads\/2014\/10\/1011799_475748445850619_1104868525_n-300x225.jpg 300w, https:\/\/prceu.usp.br\/nascente\/wp-content\/uploads\/2014\/10\/1011799_475748445850619_1104868525_n-768x576.jpg 768w, https:\/\/prceu.usp.br\/nascente\/wp-content\/uploads\/2014\/10\/1011799_475748445850619_1104868525_n-624x468.jpg 624w\" sizes=\"auto, (max-width: 960px) 100vw, 960px\" \/><figcaption>Exposi\u00e7\u00e3o de Design no Centro Universit\u00e1rio Maria Antonia &#8211; Nascente USP 2013 &#8211; 21\u00aa edi\u00e7\u00e3o<\/figcaption><\/figure>\r\n\r\n\r\n\r\n<p>A cerim\u00f4nia de premia\u00e7\u00e3o Nascente USP 2018 aconteceu em novembro, no dia 30, no Audit\u00f3rio Istv\u00e1n Jancs\u00f3n, no campus da USP capital. O concurso premia apenas os primeiros colocados em cada categoria. O valor do pr\u00eamio \u00e9 de R$ 4 mil, sendo dividido entre os trabalhos ganhadores.<\/p>\r\n\r\n\r\n\r\n<p>Em 2018 o trabalho da subcategoria <em>Design de Exposi\u00e7\u00e3o <\/em>foi o \u00fanico vencedor da categoria Design| 26\u00ba Nascente USP. Os alunos Ciro Fico Vieira da Rocha e Horrana Porfirio Soares s\u00e3o da Faculdade de Arquitetura e Urbanismo &#8211; FAU, do curso de Design. Al\u00e9m do trabalho premiado houve tr\u00eas men\u00e7\u00f5es honrosas &#8211; Gina, Revista D ZINE, Revista Estima- pelo destaque das produ\u00e7\u00f5es art\u00edsticas.<\/p>\r\n\r\n\r\n\r\n<figure class=\"wp-block-image\"><img loading=\"lazy\" decoding=\"async\" width=\"1024\" height=\"236\" src=\"https:\/\/prceu.usp.br\/nascente\/wp-content\/uploads\/2019\/03\/nascente-dscf2041-1024x236.jpg\" alt=\"\" class=\"wp-image-8618\" title=\"\" srcset=\"https:\/\/prceu.usp.br\/nascente\/wp-content\/uploads\/2019\/03\/nascente-dscf2041-1024x236.jpg 1024w, https:\/\/prceu.usp.br\/nascente\/wp-content\/uploads\/2019\/03\/nascente-dscf2041-1536x354.jpg 1536w, https:\/\/prceu.usp.br\/nascente\/wp-content\/uploads\/2019\/03\/nascente-dscf2041-2048x472.jpg 2048w, https:\/\/prceu.usp.br\/nascente\/wp-content\/uploads\/2019\/03\/nascente-dscf2041-300x69.jpg 300w, https:\/\/prceu.usp.br\/nascente\/wp-content\/uploads\/2019\/03\/nascente-dscf2041-768x177.jpg 768w\" sizes=\"auto, (max-width: 1024px) 100vw, 1024px\" \/><figcaption>Exposi\u00e7\u00e3o Visualidade Nascente USP &#8211; Design 2018 no Centro Universit\u00e1rio Maria Antonia<\/figcaption><\/figure>\r\n\r\n\r\n\r\n<p>Em 2018 o concurso recebeu numa primeira etapa 17 trabalhos inscritos na categoria Design, dos quais somente 4 foram finalistas. A obra<em> Ensino na FAU: por quem, para quem? <\/em>foi premiada na categoria Design | 26\u00ba Nascente USP.<\/p>\r\n\r\n\r\n\r\n<p><strong>Trabalho Premiado<br><\/strong><\/p>\r\n\r\n\r\n\r\n<p><em>\u00abEnsino no design: por quem, para quem?\u00bb \u00e9 a interven\u00e7\u00e3o visual resultante de uma atividade colaborativa desenvolvida durante a greve de 2018, cujo objetivo foi de refletir a respeito de racismo, machismo e coloniza\u00e7\u00e3o no ensino do curso de design, tendo como plano de fundo a categoriza\u00e7\u00e3o das obras contidas nas bibliografias deste, e fomentando momentos de aprofundamento da discuss\u00e3o entre os colaboradores.<\/em><\/p>\r\n\r\n\r\n\r\n<div class=\"wp-block-image\"><figure class=\"aligncenter is-resized\"><img loading=\"lazy\" decoding=\"async\" src=\"https:\/\/prceu.usp.br\/nascente\/wp-content\/uploads\/2019\/03\/nascente-img-9278-1024x768.jpeg\" alt=\"\" class=\"wp-image-9065\" width=\"469\" height=\"352\" title=\"\" srcset=\"https:\/\/prceu.usp.br\/nascente\/wp-content\/uploads\/2019\/03\/nascente-img-9278-1024x768.jpeg 1024w, https:\/\/prceu.usp.br\/nascente\/wp-content\/uploads\/2019\/03\/nascente-img-9278-1536x1153.jpeg 1536w, https:\/\/prceu.usp.br\/nascente\/wp-content\/uploads\/2019\/03\/nascente-img-9278-2048x1537.jpeg 2048w, https:\/\/prceu.usp.br\/nascente\/wp-content\/uploads\/2019\/03\/nascente-img-9278-300x225.jpeg 300w, https:\/\/prceu.usp.br\/nascente\/wp-content\/uploads\/2019\/03\/nascente-img-9278-768x576.jpeg 768w\" sizes=\"auto, (max-width: 469px) 100vw, 469px\" \/><figcaption>O trabalho vencedor de 2018 mostrou a concentra\u00e7\u00e3o euroc\u00eantrica e racial da produ\u00e7\u00e3o cient\u00edfica do Design bem como sua contribui\u00e7\u00e3o para as bases curriculares do curso do Design<\/figcaption><\/figure><\/div>\r\n\r\n\r\n\r\n<p><em>Num pa\u00eds com 54,9% da popula\u00e7\u00e3o negra e 51,6% de mulheres, termos uma bibliografia analisada com 95,3% dos autores brancos (e 4,7% amarelos), apenas 18,1% de mulheres, e em que todos as obras estrangeiras foram publicadas no Norte Global, torna vis\u00edvel o abismo na representatividade nos autores de nossas bibliografias, refletindo a coloniza\u00e7\u00e3o do nosso pensamento e as barreiras de acesso de determinados corpos na academia.<\/em><\/p>\r\n\r\n\r\n\r\n<p><em>Na interven\u00e7\u00e3o, linhas vermelhas se conectam aos pa\u00edses de publica\u00e7\u00e3o e formas coloridas com os nomes dos autores. A legenda informa que as formas representam o g\u00eanero do autor e a cor, sua ra\u00e7a \u2013 &nbsp;incomoda o fato das ra\u00e7as preta e parda, contidas na legenda, n\u00e3o estarem representadas na interven\u00e7\u00e3o. Um manifesto que consta com ilustra\u00e7\u00e3o e parte da hist\u00f3ria de Emory Douglas, designer e membro do Partido dos Panteras Negras, acompanha a interven\u00e7\u00e3o contando um pouco do processo e os dados obtidos.<\/em><\/p>\r\n\r\n\r\n\r\n<p><em>Transpor essa cr\u00edtica para uma interven\u00e7\u00e3o visual no espa\u00e7o em que ela se localiza foi essencial para chegarmos num resultado em que a crueza dos n\u00fameros foi humanizada atrav\u00e9s de s\u00edmbolos e subjetividades ali postos, com todo o cuidado para n\u00e3o estancar a discuss\u00e3o. Tornando-se, assim, um convite para enfrentarmos essa discuss\u00e3o enquanto coletivo. <\/em><\/p>\r\n\r\n\r\n\r\n<p style=\"text-align:right\">[Texto fornecido pelo ganhador]\r\n\r\n\r\n\r\n<p class=\"has-small-font-size\">\u00b9MOURA, M\u00f4nica. <strong>Faces do Design<\/strong>. 1. ed. S\u00e3o Paulo: Edi\u00e7\u00f5es Rosari, 2003. 118 p.<\/p>\r\n\r\n\r\n\r\n<div class=\"wp-block-image\"><figure class=\"aligncenter is-resized\"><img loading=\"lazy\" decoding=\"async\" src=\"https:\/\/prceu.usp.br\/nascente\/wp-content\/uploads\/2015\/04\/Depoimentos_Facebook3-1024x682.jpg\" alt=\"\" class=\"wp-image-2152\" width=\"581\" height=\"386\" title=\"\" srcset=\"https:\/\/prceu.usp.br\/nascente\/wp-content\/uploads\/2015\/04\/Depoimentos_Facebook3-1024x682.jpg 1024w, https:\/\/prceu.usp.br\/nascente\/wp-content\/uploads\/2015\/04\/Depoimentos_Facebook3-300x200.jpg 300w, https:\/\/prceu.usp.br\/nascente\/wp-content\/uploads\/2015\/04\/Depoimentos_Facebook3-768x512.jpg 768w, https:\/\/prceu.usp.br\/nascente\/wp-content\/uploads\/2015\/04\/Depoimentos_Facebook3-624x415.jpg 624w, https:\/\/prceu.usp.br\/nascente\/wp-content\/uploads\/2015\/04\/Depoimentos_Facebook3.jpg 1280w\" sizes=\"auto, (max-width: 581px) 100vw, 581px\" \/><figcaption>Depoimento de <strong>Robson Tomoki,<\/strong> vencedor do Nascente USP 2013 &#8211; categoria Design<\/figcaption><\/figure><\/div>\r\n\r\n\r\n\r\n<p style=\"background-color:#7a3280\" class=\"has-text-color has-background has-very-light-gray-color\"><strong><a href=\"https:\/\/prceu.usp.br\/nascente\/finalistas-2018-design\/\">Confira os finalistas e premiados da categoria Design da edi\u00e7\u00e3o 2018 do Nascente USP<\/a><\/strong><\/p>\r\n\r\n\r\n\r\n<div class=\"wp-block-ugb-button ugb-button-wrapper ugb-button--align-center\">\r\n<div>\u00a0<\/div>\r\n<\/div>","protected":false},"excerpt":{"rendered":"<p>Na categoria Design contemplam-se as seguintes subcategorias: Identidade Visual e Aplica\u00e7\u00f5es (entre as quais pap\u00e9is, marca, folder e cartaz), Mobili\u00e1rio Urbano, Design de Exposi\u00e7\u00e3o, Projeto Editorial, Webdesign e Design de Produto. Uma das formas de definir a linguagem do Design significa ter e desenvolver um plano, um projeto, significa designar. \u00c9 trabalhar com a inten\u00e7\u00e3o, [&hellip;]<\/p>\n","protected":false},"author":3,"featured_media":18756,"parent":0,"menu_order":12,"comment_status":"closed","ping_status":"closed","template":"","meta":{"footnotes":""},"categories":[],"tags":[82],"class_list":["post-9114","page","type-page","status-publish","has-post-thumbnail","hentry","tag-categoria"],"_links":{"self":[{"href":"https:\/\/prceu.usp.br\/nascente\/es\/wp-json\/wp\/v2\/pages\/9114","targetHints":{"allow":["GET"]}}],"collection":[{"href":"https:\/\/prceu.usp.br\/nascente\/es\/wp-json\/wp\/v2\/pages"}],"about":[{"href":"https:\/\/prceu.usp.br\/nascente\/es\/wp-json\/wp\/v2\/types\/page"}],"author":[{"embeddable":true,"href":"https:\/\/prceu.usp.br\/nascente\/es\/wp-json\/wp\/v2\/users\/3"}],"replies":[{"embeddable":true,"href":"https:\/\/prceu.usp.br\/nascente\/es\/wp-json\/wp\/v2\/comments?post=9114"}],"version-history":[{"count":2,"href":"https:\/\/prceu.usp.br\/nascente\/es\/wp-json\/wp\/v2\/pages\/9114\/revisions"}],"predecessor-version":[{"id":18687,"href":"https:\/\/prceu.usp.br\/nascente\/es\/wp-json\/wp\/v2\/pages\/9114\/revisions\/18687"}],"wp:featuredmedia":[{"embeddable":true,"href":"https:\/\/prceu.usp.br\/nascente\/es\/wp-json\/wp\/v2\/media\/18756"}],"wp:attachment":[{"href":"https:\/\/prceu.usp.br\/nascente\/es\/wp-json\/wp\/v2\/media?parent=9114"}],"wp:term":[{"taxonomy":"category","embeddable":true,"href":"https:\/\/prceu.usp.br\/nascente\/es\/wp-json\/wp\/v2\/categories?post=9114"},{"taxonomy":"post_tag","embeddable":true,"href":"https:\/\/prceu.usp.br\/nascente\/es\/wp-json\/wp\/v2\/tags?post=9114"}],"curies":[{"name":"wp","href":"https:\/\/api.w.org\/{rel}","templated":true}]}}