{"id":9118,"date":"2019-03-15T15:23:52","date_gmt":"2019-03-15T18:23:52","guid":{"rendered":"https:\/\/prceu.usp.br\/nascente\/?page_id=9118"},"modified":"2024-03-13T16:10:45","modified_gmt":"2024-03-13T19:10:45","slug":"texto-3","status":"publish","type":"page","link":"https:\/\/prceu.usp.br\/nascente\/es\/texto-3\/","title":{"rendered":"Texto"},"content":{"rendered":"<p>    <br>     <\/p>\r\n\r\n\r\n\r\n<div class=\"wp-block-cover has-background-dim\" style=\"background-image:url(https:\/\/prceu.usp.br\/nascente\/wp-content\/uploads\/2019\/03\/nascente-texto-mg-3339-1024x683.jpg)\"><div class=\"wp-block-cover__inner-container is-layout-flow wp-block-cover-is-layout-flow\">\r\n<p style=\"text-align:center\" class=\"has-large-font-size\"><strong>TEXTO<\/strong><\/p>\r\n<\/div><\/div>\r\n\r\n\r\n\r\n<p>Na categoria <strong>Texto <\/strong>contemplam-se as seguintes subcategorias:<\/p>\r\n\r\n\r\n\r\n<h4 class=\"wp-block-heading\"><strong>Cr\u00f4nica, Prosa Ficcional (conto, novela e romance), Poesia, Reportagem e Dramaturgia.<\/strong><br><br><\/h4>\r\n\r\n\r\n\r\n<p class=\"has-drop-cap\">Os participantes da categoria de texto encontram no Nascente USP uma oportunidade de exposi\u00e7\u00e3o e divulga\u00e7\u00e3o de sua produ\u00e7\u00e3o liter\u00e1ria. <br>Muitos escritores que hoje fazem parte de circuitos liter\u00e1rios nacionais e internacionais tiveram passagem pelo nosso concurso como o escritor, roteirista, colunista e jornalista <em>Jos\u00e9 Roberto Torero <\/em>vencedor do Nascente e ganhador do pr\u00eamio Jabuti em 1995.<\/p>\r\n\r\n\r\n\r\n<div class=\"wp-block-image\"><figure class=\"aligncenter is-resized\"><img loading=\"lazy\" decoding=\"async\" src=\"https:\/\/prceu.usp.br\/nascente\/wp-content\/uploads\/2019\/04\/nascente-b4336879ccf61919f3347e5dfde485c7.jpg\" alt=\"\" class=\"wp-image-11928\" width=\"161\" height=\"248\" title=\"\" srcset=\"https:\/\/prceu.usp.br\/nascente\/wp-content\/uploads\/2019\/04\/nascente-b4336879ccf61919f3347e5dfde485c7.jpg 301w, https:\/\/prceu.usp.br\/nascente\/wp-content\/uploads\/2019\/04\/nascente-b4336879ccf61919f3347e5dfde485c7-195x300.jpg 195w\" sizes=\"auto, (max-width: 161px) 100vw, 161px\" \/><figcaption>Um dos livros publicados por <strong>Jos\u00e9 Roberto de Torero<\/strong>, vencedor do Nascente USP em 1992.<\/figcaption><\/figure><\/div>\r\n\r\n\r\n\r\n<p>A atriz e escritora Eda Nagayama tem uma carreira s\u00f3lida no mundo das artes c\u00eanicas e viu no Nascente USP uma possibilidade de expressar seu talento liter\u00e1rio e obteve o primeiro lugar do concurso em 2011. Anos depois seu trabalho vencedor <em><a href=\"https:\/\/www.youtube.com\/watch?v=kC9Ou1f8Y9k\" target=\"_blank\" rel=\"noopener\">Desgarrados<\/a> foi <\/em>publicado pela editora Cosac Naify.<\/p>\r\n\r\n\r\n\r\n<div class=\"wp-block-image\"><figure class=\"aligncenter is-resized\"><img loading=\"lazy\" decoding=\"async\" src=\"https:\/\/prceu.usp.br\/nascente\/wp-content\/uploads\/2019\/03\/MG-3365-1024x683.jpg\" alt=\"\" class=\"wp-image-8894\" width=\"430\" height=\"286\" title=\"\" srcset=\"https:\/\/prceu.usp.br\/nascente\/wp-content\/uploads\/2019\/03\/MG-3365-1024x683.jpg 1024w, https:\/\/prceu.usp.br\/nascente\/wp-content\/uploads\/2019\/03\/MG-3365-1536x1024.jpg 1536w, https:\/\/prceu.usp.br\/nascente\/wp-content\/uploads\/2019\/03\/MG-3365-2048x1365.jpg 2048w, https:\/\/prceu.usp.br\/nascente\/wp-content\/uploads\/2019\/03\/MG-3365-300x200.jpg 300w, https:\/\/prceu.usp.br\/nascente\/wp-content\/uploads\/2019\/03\/MG-3365-768x512.jpg 768w\" sizes=\"auto, (max-width: 430px) 100vw, 430px\" \/><figcaption>A atriz e escritora <strong>Eda Nagayama<\/strong>, vencedora do Nascente USP em 2011<\/figcaption><\/figure><\/div>\r\n\r\n\r\n\r\n<p>Em todas suas participa\u00e7\u00f5es do concurso, a categoria Texto recebeu aproximadamente <strong>3.022 trabalhos inscritos<\/strong>. Na edi\u00e7\u00e3o 2018 o concurso premiou <strong>02 trabalhos vencedores<\/strong> e conferiu <strong> 09 men\u00e7\u00f5es honrosas.<\/strong><\/p>\r\n\r\n\r\n\r\n<p>Os estudantes inscritos no concurso t\u00eam a oportunidade de participar do <a href=\"https:\/\/prceu.usp.br\/nascente\/sarau-literario\/\"><strong>Sarau Liter\u00e1rio Nascente<\/strong><\/a>, evento em que podem declamar seus trabalhos e confraternizarem. O Sarau desse ano al\u00e9m de oferecer um palco para a leitura dos textos pelos candidatos inscritos no concurso de 2019, divulgar\u00e1 ao vivo quem ser\u00e3o os finalistas ao pr\u00eamio Nascente USP da \u00e1rea liter\u00e1ria.<\/p>\r\n\r\n\r\n\r\n<p style=\"background-color:#7a3280\" class=\"has-text-color has-background has-very-light-gray-color\"><p class=\"has-text-color has-background has-very-light-gray-color\" style=\"background-color: #7a3280;\"><strong><a href=\"https:\/\/prceu.usp.br\/nascente\/finalistas-2018-texto\">Confira os finalistas e premiados da categoria Texto da edi\u00e7\u00e3o 2018 do Nascente USP<\/a><\/strong><\/p>\r\n<div style=\"text-align: center;\">\r\n<p>&nbsp;<\/p>\r\n<hr><\/div>\r\n<p><a href=\"https:\/\/prceu.usp.br\/nascente\/wp-content\/uploads\/2019\/04\/26198218-1751401288246075-5822663225965455355-o.jpg\"><img loading=\"lazy\" decoding=\"async\" class=\"alignnone  wp-image-12360\" src=\"https:\/\/prceu.usp.br\/nascente\/wp-content\/uploads\/2019\/04\/26198218-1751401288246075-5822663225965455355-o.jpg\" alt=\"\" width=\"252\" height=\"168\" data-id=\"12360\" title=\"\" srcset=\"https:\/\/prceu.usp.br\/nascente\/wp-content\/uploads\/2019\/04\/26198218-1751401288246075-5822663225965455355-o.jpg 1920w, https:\/\/prceu.usp.br\/nascente\/wp-content\/uploads\/2019\/04\/26198218-1751401288246075-5822663225965455355-o-300x200.jpg 300w, https:\/\/prceu.usp.br\/nascente\/wp-content\/uploads\/2019\/04\/26198218-1751401288246075-5822663225965455355-o-768x512.jpg 768w, https:\/\/prceu.usp.br\/nascente\/wp-content\/uploads\/2019\/04\/26198218-1751401288246075-5822663225965455355-o-1200x800.jpg 1200w, https:\/\/prceu.usp.br\/nascente\/wp-content\/uploads\/2019\/04\/26198218-1751401288246075-5822663225965455355-o-600x400.jpg 600w\" sizes=\"auto, (max-width: 252px) 100vw, 252px\" \/><\/a><\/p>\r\n<p><!--EndFragment--><em>\u00bb Vencer o Programa Nascente foi um est\u00edmulo muito pessoal, pois mostrou que o filho do pedreiro e da empregada dom\u00e9stica pode produzir arte, sim, al\u00e9m de consumir! <\/em><br><em>(&#8230;) O Nascente abriu um novo caminho na minha trajet\u00f3ria, me colocou em contato com pessoas que n\u00e3o conheceria de outra maneira e tamb\u00e9m possibilitou uma divulga\u00e7\u00e3o maior do meu trabalho, pois trouxe convites para entrevistas e outras formas de promo\u00e7\u00e3o art\u00edstica.<\/em>\u00ab<\/p>\r\n\r\n<p><iframe loading=\"lazy\" title=\"\" src=\"http:\/\/flowpaper.com\/flipbook\/manuscritos-do-poeta-sem-musa-poesia-23NwC\/?wp-hosted=1#PreviewMode=Miniature\" width=\"400\" height=\"300\" frameborder=\"0\" marginwidth=\"0\" marginheight=\"0\" scrolling=\"no\"><\/iframe><br><strong>Manuscritos do Poeta sem Musa<\/strong><br>Jeferson Santiago de Fran\u00e7a<\/p><\/p>","protected":false},"excerpt":{"rendered":"<p>Na categoria Texto contemplam-se as seguintes subcategorias: Cr\u00f4nica, Prosa Ficcional (conto, novela e romance), Poesia, Reportagem e Dramaturgia. Os participantes da categoria de texto encontram no Nascente USP uma oportunidade de exposi\u00e7\u00e3o e divulga\u00e7\u00e3o de sua produ\u00e7\u00e3o liter\u00e1ria. Muitos escritores que hoje fazem parte de circuitos liter\u00e1rios nacionais e internacionais tiveram passagem pelo nosso concurso [&hellip;]<\/p>\n","protected":false},"author":3,"featured_media":18756,"parent":0,"menu_order":9,"comment_status":"closed","ping_status":"closed","template":"","meta":{"footnotes":""},"categories":[],"tags":[82],"class_list":["post-9118","page","type-page","status-publish","has-post-thumbnail","hentry","tag-categoria"],"_links":{"self":[{"href":"https:\/\/prceu.usp.br\/nascente\/es\/wp-json\/wp\/v2\/pages\/9118","targetHints":{"allow":["GET"]}}],"collection":[{"href":"https:\/\/prceu.usp.br\/nascente\/es\/wp-json\/wp\/v2\/pages"}],"about":[{"href":"https:\/\/prceu.usp.br\/nascente\/es\/wp-json\/wp\/v2\/types\/page"}],"author":[{"embeddable":true,"href":"https:\/\/prceu.usp.br\/nascente\/es\/wp-json\/wp\/v2\/users\/3"}],"replies":[{"embeddable":true,"href":"https:\/\/prceu.usp.br\/nascente\/es\/wp-json\/wp\/v2\/comments?post=9118"}],"version-history":[{"count":3,"href":"https:\/\/prceu.usp.br\/nascente\/es\/wp-json\/wp\/v2\/pages\/9118\/revisions"}],"predecessor-version":[{"id":18694,"href":"https:\/\/prceu.usp.br\/nascente\/es\/wp-json\/wp\/v2\/pages\/9118\/revisions\/18694"}],"wp:featuredmedia":[{"embeddable":true,"href":"https:\/\/prceu.usp.br\/nascente\/es\/wp-json\/wp\/v2\/media\/18756"}],"wp:attachment":[{"href":"https:\/\/prceu.usp.br\/nascente\/es\/wp-json\/wp\/v2\/media?parent=9118"}],"wp:term":[{"taxonomy":"category","embeddable":true,"href":"https:\/\/prceu.usp.br\/nascente\/es\/wp-json\/wp\/v2\/categories?post=9118"},{"taxonomy":"post_tag","embeddable":true,"href":"https:\/\/prceu.usp.br\/nascente\/es\/wp-json\/wp\/v2\/tags?post=9118"}],"curies":[{"name":"wp","href":"https:\/\/api.w.org\/{rel}","templated":true}]}}