{"id":11578,"date":"2019-04-04T11:30:44","date_gmt":"2019-04-04T14:30:44","guid":{"rendered":"https:\/\/prceu.usp.br\/nascente\/?page_id=11578"},"modified":"2026-04-07T11:38:26","modified_gmt":"2026-04-07T14:38:26","slug":"creditos","status":"publish","type":"page","link":"https:\/\/prceu.usp.br\/nascente\/creditos\/","title":{"rendered":"Equipe Nascente USP"},"content":{"rendered":"<h4><strong><br \/>PR\u00d3-REITOR DE CULTURA E EXTENS\u00c3O UNIVERSIT\u00c1RIA<\/strong><br \/>Prof\u00ba Dr. Am\u00e2ncio Jorge de Oliveira<\/h4>\r\n<h4><br \/><strong>PR\u00d3-REITOR ADJUNTO\u00a0 DE CULTURA E EXTENS\u00c3O UNIVERSIT\u00c1RIA<\/strong><br \/>Prof\u00ba Dr. Iran Jos\u00e9 Oliveira da Silva<\/h4>\r\n<p>\r\n\r\n\r\n\r\n<\/p>\r\n<h4 class=\"wp-block-heading\"><strong>COORDENA\u00c7\u00c3O ACAD\u00caMICA<br \/><\/strong>Prof\u00ba Dr. Bruno Pompeu<br \/><br \/><\/h4>\r\n\r\n\r\n\r\n\r\n\r\n\r\n\r\n<h4 class=\"wp-block-heading\"><strong>DIVIS\u00c3O DE A\u00c7\u00c3O CULTURAL<\/strong><\/h4>\r\n\r\n\r\n\r\n<h4><strong>Chefe T\u00e9cnica <\/strong><br \/>Margarete Ramos<\/h4>\r\n<h4><strong>Chefe de Servi\u00e7o II<\/strong><br \/>Organiza\u00e7\u00e3o e Apoio a Eventos\u00a0<br \/>Rodrigo Monteiro<\/h4>\r\n<h4><strong>Chefe de Servi\u00e7o II<br \/><\/strong>Servi\u00e7os Culturais<br \/>K\u00e1tia Ver\u00f4nica Santana de Oliveira<br \/><br \/><br \/><strong>Estagi\u00e1rios(as)<\/strong><br \/><em>\u00a0&#8211;<\/em><\/h4>\r\n\r\n\r\n\r\n<h4 class=\"wp-block-heading\"><strong>COMUNICA\u00c7\u00c3O INSTITUCIONAL, PROGRAMAS E CENTROS DE CULTURA<\/strong><\/h4>\r\n<h4><strong>DIVIS\u00c3O DE COMUNICA\u00c7\u00c3O INSTITUCIONAL<br \/><\/strong><\/h4>\r\n<h4><strong>Chefe T\u00e9cnico<br \/><\/strong>Elcio Silva<\/h4>\r\n\r\n\r\n\r\n\r\n\r\n<h4><strong>Assessoria de Imprensa e Jornalismo<\/strong><br \/>Fabio Rubira <br \/>Sandra Lima <br \/><br \/><strong>Design e Comunica\u00e7\u00e3o Visual<\/strong> <br \/>Camila Previato Guimar\u00e3es<\/h4>\r\n<h4><span style=\"font-weight: 400;\"><strong>Supervisor do Servi\u00e7o de Comunica\u00e7\u00e3o e Difus\u00e3o<\/strong><br \/>Dante Daniel<br \/><\/span><b><\/b><\/h4>\r\n<h4><strong>Assistente de Conte\u00fado Web<\/strong><br \/>Zenaide Fernandes Albuquerque<\/h4>\r\n\r\n\r\n<hr \/>\r\n<h4><strong>SITE NASCENTE USP <\/strong><\/h4>\r\n\r\n\r\n\r\n<h4><strong>Pesquisa, Produ\u00e7\u00e3o de Conte\u00fado e Diagrama\u00e7\u00e3o<\/strong><br \/>Camile Vazakas<br \/>Gustavo Prado<br \/>Rodrigo Monteiro<br \/><br \/><strong>Revis\u00e3o <\/strong><br \/>Rodrigo Monteiro<br \/><br \/><strong>Digitaliza\u00e7\u00e3o de Acervo<br \/><\/strong>Aline Gabriela Garzon<br \/>Bruna Let\u00edcia<\/h4>\r\n<h4><b>Desenvolvimento Web &#8211; Webmaster<br \/><span style=\"font-weight: 400;\">Dante Daniel<\/span><br \/><\/b><\/h4>\r\n<h4><b>Atualiza\u00e7\u00e3o e Manuten\u00e7\u00e3o t\u00e9cnica<br \/><\/b><span style=\"font-weight: 400;\">Zenaide Fernandes Albuquerque<\/span><\/h4>\r\n\r\n<p>&nbsp;<\/p>\r\n\r\n<p>&nbsp;<\/p>","protected":false},"excerpt":{"rendered":"<p>PR\u00d3-REITOR DE CULTURA E EXTENS\u00c3O UNIVERSIT\u00c1RIAProf\u00ba Dr. Am\u00e2ncio Jorge de Oliveira PR\u00d3-REITOR ADJUNTO\u00a0 DE CULTURA E EXTENS\u00c3O UNIVERSIT\u00c1RIAProf\u00ba Dr. Iran Jos\u00e9 Oliveira da Silva COORDENA\u00c7\u00c3O ACAD\u00caMICAProf\u00ba Dr. Bruno Pompeu DIVIS\u00c3O DE A\u00c7\u00c3O CULTURAL Chefe T\u00e9cnica Margarete Ramos Chefe de Servi\u00e7o IIOrganiza\u00e7\u00e3o e Apoio a Eventos\u00a0Rodrigo Monteiro Chefe de Servi\u00e7o IIServi\u00e7os CulturaisK\u00e1tia Ver\u00f4nica Santana de Oliveira [&hellip;]<\/p>\n","protected":false},"author":3,"featured_media":18735,"parent":0,"menu_order":7,"comment_status":"closed","ping_status":"closed","template":"","meta":{"footnotes":""},"categories":[],"tags":[],"class_list":["post-11578","page","type-page","status-publish","has-post-thumbnail","hentry"],"_links":{"self":[{"href":"https:\/\/prceu.usp.br\/nascente\/wp-json\/wp\/v2\/pages\/11578","targetHints":{"allow":["GET"]}}],"collection":[{"href":"https:\/\/prceu.usp.br\/nascente\/wp-json\/wp\/v2\/pages"}],"about":[{"href":"https:\/\/prceu.usp.br\/nascente\/wp-json\/wp\/v2\/types\/page"}],"author":[{"embeddable":true,"href":"https:\/\/prceu.usp.br\/nascente\/wp-json\/wp\/v2\/users\/3"}],"replies":[{"embeddable":true,"href":"https:\/\/prceu.usp.br\/nascente\/wp-json\/wp\/v2\/comments?post=11578"}],"version-history":[{"count":12,"href":"https:\/\/prceu.usp.br\/nascente\/wp-json\/wp\/v2\/pages\/11578\/revisions"}],"predecessor-version":[{"id":18851,"href":"https:\/\/prceu.usp.br\/nascente\/wp-json\/wp\/v2\/pages\/11578\/revisions\/18851"}],"wp:featuredmedia":[{"embeddable":true,"href":"https:\/\/prceu.usp.br\/nascente\/wp-json\/wp\/v2\/media\/18735"}],"wp:attachment":[{"href":"https:\/\/prceu.usp.br\/nascente\/wp-json\/wp\/v2\/media?parent=11578"}],"wp:term":[{"taxonomy":"category","embeddable":true,"href":"https:\/\/prceu.usp.br\/nascente\/wp-json\/wp\/v2\/categories?post=11578"},{"taxonomy":"post_tag","embeddable":true,"href":"https:\/\/prceu.usp.br\/nascente\/wp-json\/wp\/v2\/tags?post=11578"}],"curies":[{"name":"wp","href":"https:\/\/api.w.org\/{rel}","templated":true}]}}