{"id":13994,"date":"2021-06-02T15:44:57","date_gmt":"2021-06-02T18:44:57","guid":{"rendered":"https:\/\/prceu.usp.br\/nascente\/?page_id=13994"},"modified":"2024-03-27T17:11:29","modified_gmt":"2024-03-27T20:11:29","slug":"sarau-literario","status":"publish","type":"page","link":"https:\/\/prceu.usp.br\/nascente\/sarau-literario\/","title":{"rendered":"Sarau Liter\u00e1rio Nascente"},"content":{"rendered":"<p><img loading=\"lazy\" decoding=\"async\" class=\"alignnone wp-image-17699 size-large\" src=\"https:\/\/prceu.usp.br\/nascente\/wp-content\/uploads\/2023\/05\/2022-Nascente-USP-Sarau-Alta-7408-min-1024x683.jpg\" alt=\"2022 Nascente Usp Sarau Alta 7408 Min\" width=\"1024\" height=\"683\" title=\"\" srcset=\"https:\/\/prceu.usp.br\/nascente\/wp-content\/uploads\/2023\/05\/2022-Nascente-USP-Sarau-Alta-7408-min-1024x683.jpg 1024w, https:\/\/prceu.usp.br\/nascente\/wp-content\/uploads\/2023\/05\/2022-Nascente-USP-Sarau-Alta-7408-min-1536x1024.jpg 1536w, https:\/\/prceu.usp.br\/nascente\/wp-content\/uploads\/2023\/05\/2022-Nascente-USP-Sarau-Alta-7408-min-2048x1365.jpg 2048w, https:\/\/prceu.usp.br\/nascente\/wp-content\/uploads\/2023\/05\/2022-Nascente-USP-Sarau-Alta-7408-min-300x200.jpg 300w, https:\/\/prceu.usp.br\/nascente\/wp-content\/uploads\/2023\/05\/2022-Nascente-USP-Sarau-Alta-7408-min-768x512.jpg 768w\" sizes=\"auto, (max-width: 1024px) 100vw, 1024px\" \/><\/p>\r\n<!-- \/wp:post-content -->\r\n\r\n<!-- wp:paragraph -->\r\n<p>O \u00e2mago da categoria Texto do concurso Nascente USP \u00e9 o Sarau Liter\u00e1rio. Trata-se da oportunidade oferecida a todos os inscritos de apresentar a sua produ\u00e7\u00e3o escrita, independente de ser finalista. O evento prop\u00f5e \u00e0 plateia e aos alunos a experi\u00eancia de frui\u00e7\u00e3o art\u00edstica.<\/p>\r\n<!-- \/wp:paragraph -->\r\n\r\n<!-- wp:paragraph -->\r\n<p>No palco, atrav\u00e9s do olhar do artista, \u00e9 oferecido ao p\u00fablico o cen\u00e1rio que ser\u00e1 constru\u00eddo ao longo da declama\u00e7\u00e3o por meio de palavras, entona\u00e7\u00e3o e gesticula\u00e7\u00e3o. Em outras palavras, o sarau possibilita ver o que o escritor v\u00ea, sentir o que ele sente, em uma\u00a0<em>performance<\/em>\u00a0indel\u00e9vel de emo\u00e7\u00f5es, palavra a palavra. O cl\u00edmax se d\u00e1 quando a linguagem n\u00e3o-verbal transcende a linguagem verbal, da\u00ed v\u00eam o riso, o choro, a cr\u00edtica e o aplauso.<\/p>\r\n<div id=\"attachment_18664\" style=\"width: 1376px\" class=\"wp-caption alignnone\"><img loading=\"lazy\" decoding=\"async\" aria-describedby=\"caption-attachment-18664\" class=\"wp-image-18664 size-full\" src=\"https:\/\/prceu.usp.br\/nascente\/wp-content\/uploads\/2024\/03\/texto.png\" alt=\"Texto\" width=\"1366\" height=\"768\" title=\"\" srcset=\"https:\/\/prceu.usp.br\/nascente\/wp-content\/uploads\/2024\/03\/texto.png 1366w, https:\/\/prceu.usp.br\/nascente\/wp-content\/uploads\/2024\/03\/texto-300x169.png 300w, https:\/\/prceu.usp.br\/nascente\/wp-content\/uploads\/2024\/03\/texto-768x432.png 768w, https:\/\/prceu.usp.br\/nascente\/wp-content\/uploads\/2024\/03\/texto-1024x576.png 1024w\" sizes=\"auto, (max-width: 1366px) 100vw, 1366px\" \/><p id=\"caption-attachment-18664\" class=\"wp-caption-text\">Diuliane de Castilhos, vendeora da categoria Texto do Nascente 2023 com a colet\u00e2nea &#8216;pequenas brutalidades&#8217; (M\u00eddia: Carretel Filmes)<\/p><\/div>\r\n<!-- \/wp:paragraph -->\r\n\r\n<!-- wp:image {\"id\":3230} \/-->\r\n\r\n<!-- wp:paragraph -->\r\n<p>Declama\u00e7\u00f5es do\u00a0<em>Sarau Liter\u00e1rio<\/em>\u00a0j\u00e1 superaram expectativas. Em algumas edi\u00e7\u00f5es os artistas foram revelados no instante do evento. Ademais, deixar o microfone aberto para falar sobre o processo de cria\u00e7\u00e3o da obra tornou-se uma possibilidade de quebrar o \u201cgelo\u201d e motivar o autor ou autora na interpreta\u00e7\u00e3o de sua obra.<\/p>\r\n<!-- \/wp:paragraph -->\r\n\r\n<!-- wp:paragraph -->\r\n<p>Edi\u00e7\u00f5es anteriores do\u00a0<em>Sarau Liter\u00e1rio Nascente USP<\/em>\u00a0ocorreram na\u00a0<em>Casa de Dona Yay\u00e1\u00a0<\/em>e no\u00a0<em>Centro de Difus\u00e3o Internacional da USP<\/em>. Recentemente o evento aconteceu no palco da\u00a0<em>Biblioteca Guita e Jos\u00e9 Mindlin \u2013 BBM<\/em>.<\/p>\r\n<!-- \/wp:paragraph -->\r\n\r\n<!-- wp:image {\"id\":8919} -->\r\n<figure class=\"wp-block-image\">\r\n<div id=\"attachment_8919\" style=\"width: 1034px\" class=\"wp-caption aligncenter\"><img loading=\"lazy\" decoding=\"async\" aria-describedby=\"caption-attachment-8919\" class=\"wp-image-8919\" src=\"https:\/\/prceu.usp.br\/nascente\/wp-content\/uploads\/2019\/03\/DSC05249-1024x768.jpg\" alt=\"\" width=\"1024\" height=\"768\" title=\"\" srcset=\"https:\/\/prceu.usp.br\/nascente\/wp-content\/uploads\/2019\/03\/DSC05249-1024x768.jpg 1024w, https:\/\/prceu.usp.br\/nascente\/wp-content\/uploads\/2019\/03\/DSC05249-1536x1152.jpg 1536w, https:\/\/prceu.usp.br\/nascente\/wp-content\/uploads\/2019\/03\/DSC05249-2048x1536.jpg 2048w, https:\/\/prceu.usp.br\/nascente\/wp-content\/uploads\/2019\/03\/DSC05249-300x225.jpg 300w, https:\/\/prceu.usp.br\/nascente\/wp-content\/uploads\/2019\/03\/DSC05249-768x576.jpg 768w\" sizes=\"auto, (max-width: 1024px) 100vw, 1024px\" \/><p id=\"caption-attachment-8919\" class=\"wp-caption-text\">Sarau Liter\u00e1rio Nascente 2011\u00a0-Casa de Dona Yay\u00e1 \u2013 CPC USP<\/p><\/div>\r\n<\/figure>\r\n<!-- \/wp:image -->\r\n\r\n<!-- wp:paragraph -->\r\n<p>Declamar poesia ou prosa n\u00e3o \u00e9 uma tarefa trivial, por isso o exerc\u00edcio de declama\u00e7\u00e3o proposto pelo\u00a0<em>Sarau Liter\u00e1rio<\/em>\u00a0pode vir a ser a oportunidade de aprimoramento da palavra, de apresenta\u00e7\u00e3o performativa e, quando poss\u00edvel, da transcend\u00eancia do texto escrito.<\/p>\r\n<!-- \/wp:paragraph -->\r\n\r\n<!-- wp:image {\"id\":8894} -->\r\n<figure class=\"wp-block-image\">\r\n<div class=\"mceTemp\">\u00a0<\/div>\r\n<div id=\"attachment_16165\" style=\"width: 904px\" class=\"wp-caption aligncenter\"><img loading=\"lazy\" decoding=\"async\" aria-describedby=\"caption-attachment-16165\" class=\"wp-image-16165 \" src=\"https:\/\/prceu.usp.br\/nascente\/wp-content\/uploads\/2022\/01\/MG_6226-1024x683.jpg\" alt=\"Nascente Usp Sarau Literario\" width=\"894\" height=\"596\" title=\"\" srcset=\"https:\/\/prceu.usp.br\/nascente\/wp-content\/uploads\/2022\/01\/MG_6226-1024x683.jpg 1024w, https:\/\/prceu.usp.br\/nascente\/wp-content\/uploads\/2022\/01\/MG_6226-1536x1024.jpg 1536w, https:\/\/prceu.usp.br\/nascente\/wp-content\/uploads\/2022\/01\/MG_6226-2048x1365.jpg 2048w, https:\/\/prceu.usp.br\/nascente\/wp-content\/uploads\/2022\/01\/MG_6226-300x200.jpg 300w, https:\/\/prceu.usp.br\/nascente\/wp-content\/uploads\/2022\/01\/MG_6226-768x512.jpg 768w\" sizes=\"auto, (max-width: 894px) 100vw, 894px\" \/><p id=\"caption-attachment-16165\" class=\"wp-caption-text\">Rafael Rapizo Nery, Men\u00e7\u00e3o Honrosa no Sarau Liter\u00e1rio, Nascente 2021 (Foto: Bruno Poletti)<\/p><\/div>\r\n<\/figure>\r\n<!-- \/wp:image -->\r\n\r\n<!-- wp:image {\"id\":8888} -->\r\n<div id=\"attachment_8888\" style=\"width: 1034px\" class=\"wp-caption aligncenter\"><img loading=\"lazy\" decoding=\"async\" aria-describedby=\"caption-attachment-8888\" class=\"wp-image-8888\" src=\"https:\/\/prceu.usp.br\/nascente\/wp-content\/uploads\/2019\/03\/MG-1119-1024x683.jpg\" alt=\"\" width=\"1024\" height=\"683\" title=\"\" srcset=\"https:\/\/prceu.usp.br\/nascente\/wp-content\/uploads\/2019\/03\/MG-1119-1024x683.jpg 1024w, https:\/\/prceu.usp.br\/nascente\/wp-content\/uploads\/2019\/03\/MG-1119-1536x1024.jpg 1536w, https:\/\/prceu.usp.br\/nascente\/wp-content\/uploads\/2019\/03\/MG-1119-2048x1365.jpg 2048w, https:\/\/prceu.usp.br\/nascente\/wp-content\/uploads\/2019\/03\/MG-1119-300x200.jpg 300w, https:\/\/prceu.usp.br\/nascente\/wp-content\/uploads\/2019\/03\/MG-1119-768x512.jpg 768w\" sizes=\"auto, (max-width: 1024px) 100vw, 1024px\" \/><p id=\"caption-attachment-8888\" class=\"wp-caption-text\">Jeferson Santiago de Fran\u00e7a \u2013 Vencedor da categoria liter\u00e1ria do Nascente em 2018<\/p><\/div>\r\n<p>&nbsp;<\/p>\r\n<div id=\"attachment_16164\" style=\"width: 1034px\" class=\"wp-caption aligncenter\"><img loading=\"lazy\" decoding=\"async\" aria-describedby=\"caption-attachment-16164\" class=\"wp-image-16164 size-large\" src=\"https:\/\/prceu.usp.br\/nascente\/wp-content\/uploads\/2022\/01\/MG_6175-1024x683.jpg\" alt=\"Nascente Usp Sarau Literario\" width=\"1024\" height=\"683\" title=\"\" srcset=\"https:\/\/prceu.usp.br\/nascente\/wp-content\/uploads\/2022\/01\/MG_6175-1024x683.jpg 1024w, https:\/\/prceu.usp.br\/nascente\/wp-content\/uploads\/2022\/01\/MG_6175-1536x1024.jpg 1536w, https:\/\/prceu.usp.br\/nascente\/wp-content\/uploads\/2022\/01\/MG_6175-2048x1365.jpg 2048w, https:\/\/prceu.usp.br\/nascente\/wp-content\/uploads\/2022\/01\/MG_6175-300x200.jpg 300w, https:\/\/prceu.usp.br\/nascente\/wp-content\/uploads\/2022\/01\/MG_6175-768x512.jpg 768w\" sizes=\"auto, (max-width: 1024px) 100vw, 1024px\" \/><p id=\"caption-attachment-16164\" class=\"wp-caption-text\">Apresenta\u00e7\u00e3o de Nicolas Agnelli Sabin Casal, vencedor do 28\u00b0 Nascente(Foto: Bruno Poletti)<\/p><\/div>\r\n<h3 class=\"wp-block-image\" style=\"text-align: left;\"><br \/><br \/><\/h3>\r\n<h3><a href=\"https:\/\/prceu.usp.br\/nascente\/finalistas-e-premiados-de-texto-30o-nascente\/\">CONFIRA OS FINALISTAS E VENCEDOR EM TEXTO DA 30\u00b0 EDI\u00c7\u00c3O DO NASCENTE!<\/a><\/h3>\r\n<!-- \/wp:image -->","protected":false},"excerpt":{"rendered":"<p>O \u00e2mago da categoria Texto do concurso Nascente USP \u00e9 o Sarau Liter\u00e1rio. Trata-se da oportunidade oferecida a todos os inscritos de apresentar a sua produ\u00e7\u00e3o escrita, independente de ser finalista. O evento prop\u00f5e \u00e0 plateia e aos alunos a experi\u00eancia de frui\u00e7\u00e3o art\u00edstica. No palco, atrav\u00e9s do olhar do artista, \u00e9 oferecido ao p\u00fablico [&hellip;]<\/p>\n","protected":false},"author":3,"featured_media":18741,"parent":0,"menu_order":4,"comment_status":"closed","ping_status":"closed","template":"","meta":{"footnotes":""},"categories":[],"tags":[],"class_list":["post-13994","page","type-page","status-publish","has-post-thumbnail","hentry"],"_links":{"self":[{"href":"https:\/\/prceu.usp.br\/nascente\/wp-json\/wp\/v2\/pages\/13994","targetHints":{"allow":["GET"]}}],"collection":[{"href":"https:\/\/prceu.usp.br\/nascente\/wp-json\/wp\/v2\/pages"}],"about":[{"href":"https:\/\/prceu.usp.br\/nascente\/wp-json\/wp\/v2\/types\/page"}],"author":[{"embeddable":true,"href":"https:\/\/prceu.usp.br\/nascente\/wp-json\/wp\/v2\/users\/3"}],"replies":[{"embeddable":true,"href":"https:\/\/prceu.usp.br\/nascente\/wp-json\/wp\/v2\/comments?post=13994"}],"version-history":[{"count":1,"href":"https:\/\/prceu.usp.br\/nascente\/wp-json\/wp\/v2\/pages\/13994\/revisions"}],"predecessor-version":[{"id":18665,"href":"https:\/\/prceu.usp.br\/nascente\/wp-json\/wp\/v2\/pages\/13994\/revisions\/18665"}],"wp:featuredmedia":[{"embeddable":true,"href":"https:\/\/prceu.usp.br\/nascente\/wp-json\/wp\/v2\/media\/18741"}],"wp:attachment":[{"href":"https:\/\/prceu.usp.br\/nascente\/wp-json\/wp\/v2\/media?parent=13994"}],"wp:term":[{"taxonomy":"category","embeddable":true,"href":"https:\/\/prceu.usp.br\/nascente\/wp-json\/wp\/v2\/categories?post=13994"},{"taxonomy":"post_tag","embeddable":true,"href":"https:\/\/prceu.usp.br\/nascente\/wp-json\/wp\/v2\/tags?post=13994"}],"curies":[{"name":"wp","href":"https:\/\/api.w.org\/{rel}","templated":true}]}}