{"id":13995,"date":"2021-06-02T15:44:57","date_gmt":"2021-06-02T18:44:57","guid":{"rendered":"https:\/\/prceu.usp.br\/nascente\/?page_id=13995"},"modified":"2024-03-27T17:12:50","modified_gmt":"2024-03-27T20:12:50","slug":"visualidade-nascente","status":"publish","type":"page","link":"https:\/\/prceu.usp.br\/nascente\/visualidade-nascente\/","title":{"rendered":"Visualidade Nascente"},"content":{"rendered":"<p>&nbsp;<\/p>\r\n\r\n\r\n\r\n<figure class=\"wp-block-image\"><img decoding=\"async\" src=\"https:\/\/prceu.usp.br\/nascente\/wp-content\/uploads\/2019\/02\/image_6483441-1024x768.jpg\" alt=\"\" title=\"\"><\/figure>\r\n\r\n\r\n\r\n<p><em>\u201c\u00c9 preciso ampliar a discuss\u00e3o sobre os c\u00e2nones de valor de imagem n\u00e3o s\u00f3 para as \u00e1reas de conhecimento discursivo e cient\u00edfico da Universidade de S\u00e3o Paulo mas tamb\u00e9m para o p\u00fablico em geral (\u2026)\u201d<\/em><\/p>\r\n\r\n\r\n\r\n<p>Foi com essa frase, que viria a compor o primeiro cat\u00e1logo do ent\u00e3o Projeto Nascente 1, que a professora e diretora do Museu de Arte Contempor\u00e2nea da USP (MAC USP), Ana Mae Barbosa, deu in\u00edcio \u00e0 exposi\u00e7\u00e3o de artes dos finalistas do primeiro concurso art\u00edstico da USP, o Projeto Nascente, que foi realizada entre os dias 19 e 29 de novembro de 1991, no Centro de Artes do Campus de Ribeir\u00e3o Preto. A proposta de elevar a discuss\u00e3o sobre o fazer art\u00edstico para al\u00e9m do locus do conhecimento acad\u00eamico sobre as artes e expor a produ\u00e7\u00e3o dos estudantes da USP para fora dos muros da academia foi uma constante da iniciativa que em 2019 completa 28 anos.<br \/>De l\u00e1 para c\u00e1 o Nascente j\u00e1 revelou dezenas de artistas que hoje fazem parte e exp\u00f5em nos circuitos nacionais e internacionais das artes.<\/p>\r\n\r\n\r\n\r\n<p>Hoje, a\u00a0<strong>Visualidade Nascente USP<\/strong>\u00a0exp\u00f5e os trabalhos e autores finalistas do concurso art\u00edstico da USP em Artes Visuais, Design e Audiovisual. A exposi\u00e7\u00e3o \u00e9 anual e consolida a participa\u00e7\u00e3o dos candidatos que tiveram suas obras selecionadas pelas 3 comiss\u00f5es julgadoras e t\u00eam a oportunidade de expor em museus e espa\u00e7os de grande import\u00e2ncia e visibilidade.<\/p>\r\n\r\n\r\n\r\n<figure class=\"wp-block-image\"><img loading=\"lazy\" decoding=\"async\" width=\"1024\" height=\"682\" class=\"wp-image-5384\" src=\"https:\/\/prceu.usp.br\/nascente\/wp-content\/uploads\/2018\/06\/MG_9617-1024x682.jpg\" alt=\"\" title=\"\" srcset=\"https:\/\/prceu.usp.br\/nascente\/wp-content\/uploads\/2018\/06\/MG_9617-1024x682.jpg 1024w, https:\/\/prceu.usp.br\/nascente\/wp-content\/uploads\/2018\/06\/MG_9617-300x199.jpg 300w, https:\/\/prceu.usp.br\/nascente\/wp-content\/uploads\/2018\/06\/MG_9617-768x512.jpg 768w, https:\/\/prceu.usp.br\/nascente\/wp-content\/uploads\/2018\/06\/MG_9617-624x415.jpg 624w, https:\/\/prceu.usp.br\/nascente\/wp-content\/uploads\/2018\/06\/MG_9617.jpg 1280w\" sizes=\"auto, (max-width: 1024px) 100vw, 1024px\" \/><\/figure>\r\n\r\n\r\n\r\n<h6 class=\"has-text-align-center wp-block-heading\">Exposi\u00e7\u00e3o Visualidade Nascente USP no Museu de Arte Contempor\u00e2nea da USP (MAC USP) \u2013 2017<\/h6>\r\n\r\n\r\n\r\n<div class=\"wp-block-image\">\r\n<figure class=\"aligncenter\"><img decoding=\"async\" class=\"wp-image-8652\" src=\"https:\/\/prceu.usp.br\/nascente\/wp-content\/uploads\/2019\/03\/nascente-img-9315-1024x232.jpg\" alt=\"\" title=\"\"><\/figure>\r\n<\/div>\r\n\r\n\r\n\r\n<h6 class=\"has-text-align-center wp-block-heading\">O Centro Universit\u00e1rio Maria Ant\u00f4nia tem recebido a Visualidade Nascente USP e oferece aos estudantes a possibilidade de expor em um espa\u00e7o da cidade de S\u00e3o Paulo de valioso significado hist\u00f3rico e cultural.<\/h6>\r\n\r\n\r\n\r\n<figure class=\"wp-block-image\"><img loading=\"lazy\" decoding=\"async\" width=\"1024\" height=\"342\" class=\"wp-image-9466\" src=\"https:\/\/prceu.usp.br\/nascente\/wp-content\/uploads\/2019\/03\/nascente-img-9296-1-1024x342.jpg\" alt=\"\" title=\"\" srcset=\"https:\/\/prceu.usp.br\/nascente\/wp-content\/uploads\/2019\/03\/nascente-img-9296-1-1024x342.jpg 1024w, https:\/\/prceu.usp.br\/nascente\/wp-content\/uploads\/2019\/03\/nascente-img-9296-1-1536x513.jpg 1536w, https:\/\/prceu.usp.br\/nascente\/wp-content\/uploads\/2019\/03\/nascente-img-9296-1-2048x684.jpg 2048w, https:\/\/prceu.usp.br\/nascente\/wp-content\/uploads\/2019\/03\/nascente-img-9296-1-300x100.jpg 300w, https:\/\/prceu.usp.br\/nascente\/wp-content\/uploads\/2019\/03\/nascente-img-9296-1-768x257.jpg 768w\" sizes=\"auto, (max-width: 1024px) 100vw, 1024px\" \/><\/figure>\r\n\r\n\r\n\r\n<h6 class=\"has-text-align-center wp-block-heading\">Visualidade Nascente USP no Centro Universit\u00e1rio Maria Ant\u00f4nia \u2013 2018<\/h6>\r\n\r\n\r\n\r\n<blockquote class=\"wp-block-quote is-layout-flow wp-block-quote-is-layout-flow\">\r\n<p><strong>\u201cO Nascente me ajudou muito a pensar possibilidades de expor. Pude acompanhar a chegada a diferentes espa\u00e7os expositivos, que felizmente foram espa\u00e7os muito interessantes, como o Centro Maria Ant\u00f4nia e o MAC USP, e pude pensar como apresentar meu trabalho em cada um deles. Propiciou, al\u00e9m disso, encontros muito bonitos.\u201d<\/strong><br \/><br \/>NARA ISODA (MEN\u00c7\u00c3O HONROSA DO 21\u00ba NASCENTE E FINALISTA DA 22\u00aa EDI\u00c7\u00c3O \u2013 2013 E 2014)<\/p>\r\n<\/blockquote>\r\n\r\n\r\n\r\n<figure class=\"wp-block-gallery columns-3 is-cropped wp-block-gallery-1 is-layout-flex wp-block-gallery-is-layout-flex\">\r\n<ul class=\"blocks-gallery-grid\">\r\n<li class=\"blocks-gallery-item\">\r\n<figure><img loading=\"lazy\" decoding=\"async\" width=\"1024\" height=\"683\" class=\"wp-image-14202\" src=\"https:\/\/prceu.usp.br\/nascente\/wp-content\/uploads\/2021\/06\/MG-9434-1024x683-1.jpg\" alt=\"Mg 9434 1024x683 1\" data-id=\"14202\" data-full-url=\"https:\/\/prceu.usp.br\/nascente\/wp-content\/uploads\/2021\/06\/MG-9434-1024x683-1.jpg\" data-link=\"https:\/\/prceu.usp.br\/nascente\/visualidade-nascente\/mg-9434-1024x683-1\/\" title=\"\" srcset=\"https:\/\/prceu.usp.br\/nascente\/wp-content\/uploads\/2021\/06\/MG-9434-1024x683-1.jpg 1024w, https:\/\/prceu.usp.br\/nascente\/wp-content\/uploads\/2021\/06\/MG-9434-1024x683-1-300x200.jpg 300w, https:\/\/prceu.usp.br\/nascente\/wp-content\/uploads\/2021\/06\/MG-9434-1024x683-1-768x512.jpg 768w\" sizes=\"auto, (max-width: 1024px) 100vw, 1024px\" \/><\/figure>\r\n<\/li>\r\n<li class=\"blocks-gallery-item\">\r\n<figure><img loading=\"lazy\" decoding=\"async\" width=\"1024\" height=\"768\" class=\"wp-image-14203\" src=\"https:\/\/prceu.usp.br\/nascente\/wp-content\/uploads\/2021\/06\/DSC04943-1024x768-1.jpg\" alt=\"Dsc04943 1024x768 1\" data-id=\"14203\" data-full-url=\"https:\/\/prceu.usp.br\/nascente\/wp-content\/uploads\/2021\/06\/DSC04943-1024x768-1.jpg\" data-link=\"https:\/\/prceu.usp.br\/nascente\/visualidade-nascente\/dsc04943-1024x768-1\/\" title=\"\" srcset=\"https:\/\/prceu.usp.br\/nascente\/wp-content\/uploads\/2021\/06\/DSC04943-1024x768-1.jpg 1024w, https:\/\/prceu.usp.br\/nascente\/wp-content\/uploads\/2021\/06\/DSC04943-1024x768-1-300x225.jpg 300w, https:\/\/prceu.usp.br\/nascente\/wp-content\/uploads\/2021\/06\/DSC04943-1024x768-1-768x576.jpg 768w\" sizes=\"auto, (max-width: 1024px) 100vw, 1024px\" \/><\/figure>\r\n<\/li>\r\n<li class=\"blocks-gallery-item\">\r\n<figure><img loading=\"lazy\" decoding=\"async\" width=\"960\" height=\"720\" class=\"wp-image-14204\" src=\"https:\/\/prceu.usp.br\/nascente\/wp-content\/uploads\/2021\/06\/1013161_475748212517309_713606249_n.jpg\" alt=\"1013161 475748212517309 713606249 N\" data-id=\"14204\" data-full-url=\"https:\/\/prceu.usp.br\/nascente\/wp-content\/uploads\/2021\/06\/1013161_475748212517309_713606249_n.jpg\" data-link=\"https:\/\/prceu.usp.br\/nascente\/visualidade-nascente\/1013161_475748212517309_713606249_n-2\/\" title=\"\" srcset=\"https:\/\/prceu.usp.br\/nascente\/wp-content\/uploads\/2021\/06\/1013161_475748212517309_713606249_n.jpg 960w, https:\/\/prceu.usp.br\/nascente\/wp-content\/uploads\/2021\/06\/1013161_475748212517309_713606249_n-300x225.jpg 300w, https:\/\/prceu.usp.br\/nascente\/wp-content\/uploads\/2021\/06\/1013161_475748212517309_713606249_n-768x576.jpg 768w\" sizes=\"auto, (max-width: 960px) 100vw, 960px\" \/><\/figure>\r\n<\/li>\r\n<li class=\"blocks-gallery-item\">\r\n<figure><img loading=\"lazy\" decoding=\"async\" width=\"1024\" height=\"768\" class=\"wp-image-14205\" src=\"https:\/\/prceu.usp.br\/nascente\/wp-content\/uploads\/2021\/06\/WhatsApp-Image-2019-02-21-at-14.53.19-1024x768-2.jpg\" alt=\"Whatsapp Image 2019 02 21 At 14.53.19 1024x768 2\" data-id=\"14205\" data-full-url=\"https:\/\/prceu.usp.br\/nascente\/wp-content\/uploads\/2021\/06\/WhatsApp-Image-2019-02-21-at-14.53.19-1024x768-2.jpg\" data-link=\"https:\/\/prceu.usp.br\/nascente\/visualidade-nascente\/whatsapp-image-2019-02-21-at-14-53-19-1024x768-2\/\" title=\"\" srcset=\"https:\/\/prceu.usp.br\/nascente\/wp-content\/uploads\/2021\/06\/WhatsApp-Image-2019-02-21-at-14.53.19-1024x768-2.jpg 1024w, https:\/\/prceu.usp.br\/nascente\/wp-content\/uploads\/2021\/06\/WhatsApp-Image-2019-02-21-at-14.53.19-1024x768-2-300x225.jpg 300w, https:\/\/prceu.usp.br\/nascente\/wp-content\/uploads\/2021\/06\/WhatsApp-Image-2019-02-21-at-14.53.19-1024x768-2-768x576.jpg 768w\" sizes=\"auto, (max-width: 1024px) 100vw, 1024px\" \/><\/figure>\r\n<\/li>\r\n<li class=\"blocks-gallery-item\">\r\n<figure><img loading=\"lazy\" decoding=\"async\" width=\"960\" height=\"720\" class=\"wp-image-14206\" src=\"https:\/\/prceu.usp.br\/nascente\/wp-content\/uploads\/2021\/06\/992879_475748869183910_2060068281_n.jpg\" alt=\"992879 475748869183910 2060068281 N\" data-id=\"14206\" data-full-url=\"https:\/\/prceu.usp.br\/nascente\/wp-content\/uploads\/2021\/06\/992879_475748869183910_2060068281_n.jpg\" data-link=\"https:\/\/prceu.usp.br\/nascente\/visualidade-nascente\/992879_475748869183910_2060068281_n-2\/\" title=\"\" srcset=\"https:\/\/prceu.usp.br\/nascente\/wp-content\/uploads\/2021\/06\/992879_475748869183910_2060068281_n.jpg 960w, https:\/\/prceu.usp.br\/nascente\/wp-content\/uploads\/2021\/06\/992879_475748869183910_2060068281_n-300x225.jpg 300w, https:\/\/prceu.usp.br\/nascente\/wp-content\/uploads\/2021\/06\/992879_475748869183910_2060068281_n-768x576.jpg 768w\" sizes=\"auto, (max-width: 960px) 100vw, 960px\" \/><\/figure>\r\n<\/li>\r\n<li class=\"blocks-gallery-item\">\r\n<figure><img loading=\"lazy\" decoding=\"async\" width=\"639\" height=\"960\" class=\"wp-image-14207\" src=\"https:\/\/prceu.usp.br\/nascente\/wp-content\/uploads\/2021\/06\/574678_418722854886512_1696368198_n.jpg\" alt=\"574678 418722854886512 1696368198 N\" data-id=\"14207\" data-full-url=\"https:\/\/prceu.usp.br\/nascente\/wp-content\/uploads\/2021\/06\/574678_418722854886512_1696368198_n.jpg\" data-link=\"https:\/\/prceu.usp.br\/nascente\/visualidade-nascente\/574678_418722854886512_1696368198_n-2\/\" title=\"\" srcset=\"https:\/\/prceu.usp.br\/nascente\/wp-content\/uploads\/2021\/06\/574678_418722854886512_1696368198_n.jpg 639w, https:\/\/prceu.usp.br\/nascente\/wp-content\/uploads\/2021\/06\/574678_418722854886512_1696368198_n-200x300.jpg 200w\" sizes=\"auto, (max-width: 639px) 100vw, 639px\" \/><\/figure>\r\n<\/li>\r\n<li class=\"blocks-gallery-item\">\r\n<figure><img loading=\"lazy\" decoding=\"async\" width=\"1024\" height=\"683\" class=\"wp-image-14208\" src=\"https:\/\/prceu.usp.br\/nascente\/wp-content\/uploads\/2021\/06\/MG-9504-1-1024x683-1.jpg\" alt=\"Mg 9504 1 1024x683 1\" data-id=\"14208\" data-full-url=\"https:\/\/prceu.usp.br\/nascente\/wp-content\/uploads\/2021\/06\/MG-9504-1-1024x683-1.jpg\" data-link=\"https:\/\/prceu.usp.br\/nascente\/visualidade-nascente\/mg-9504-1-1024x683-1\/\" title=\"\" srcset=\"https:\/\/prceu.usp.br\/nascente\/wp-content\/uploads\/2021\/06\/MG-9504-1-1024x683-1.jpg 1024w, https:\/\/prceu.usp.br\/nascente\/wp-content\/uploads\/2021\/06\/MG-9504-1-1024x683-1-300x200.jpg 300w, https:\/\/prceu.usp.br\/nascente\/wp-content\/uploads\/2021\/06\/MG-9504-1-1024x683-1-768x512.jpg 768w\" sizes=\"auto, (max-width: 1024px) 100vw, 1024px\" \/><\/figure>\r\n<\/li>\r\n<li class=\"blocks-gallery-item\">\r\n<figure><img loading=\"lazy\" decoding=\"async\" width=\"639\" height=\"960\" class=\"wp-image-14209\" src=\"https:\/\/prceu.usp.br\/nascente\/wp-content\/uploads\/2021\/06\/538190_418722861553178_1819368718_n2.jpg\" alt=\"538190 418722861553178 1819368718 N2\" data-id=\"14209\" data-full-url=\"https:\/\/prceu.usp.br\/nascente\/wp-content\/uploads\/2021\/06\/538190_418722861553178_1819368718_n2.jpg\" data-link=\"https:\/\/prceu.usp.br\/nascente\/visualidade-nascente\/538190_418722861553178_1819368718_n2\/\" title=\"\" srcset=\"https:\/\/prceu.usp.br\/nascente\/wp-content\/uploads\/2021\/06\/538190_418722861553178_1819368718_n2.jpg 639w, https:\/\/prceu.usp.br\/nascente\/wp-content\/uploads\/2021\/06\/538190_418722861553178_1819368718_n2-200x300.jpg 200w\" sizes=\"auto, (max-width: 639px) 100vw, 639px\" \/><\/figure>\r\n<\/li>\r\n<li class=\"blocks-gallery-item\">\r\n<figure><img loading=\"lazy\" decoding=\"async\" width=\"1024\" height=\"663\" class=\"wp-image-14210\" src=\"https:\/\/prceu.usp.br\/nascente\/wp-content\/uploads\/2021\/06\/MG-9416-1-1024x663-1.jpg\" alt=\"Mg 9416 1 1024x663 1\" data-id=\"14210\" data-full-url=\"https:\/\/prceu.usp.br\/nascente\/wp-content\/uploads\/2021\/06\/MG-9416-1-1024x663-1.jpg\" data-link=\"https:\/\/prceu.usp.br\/nascente\/visualidade-nascente\/mg-9416-1-1024x663-1\/\" title=\"\" srcset=\"https:\/\/prceu.usp.br\/nascente\/wp-content\/uploads\/2021\/06\/MG-9416-1-1024x663-1.jpg 1024w, https:\/\/prceu.usp.br\/nascente\/wp-content\/uploads\/2021\/06\/MG-9416-1-1024x663-1-300x194.jpg 300w, https:\/\/prceu.usp.br\/nascente\/wp-content\/uploads\/2021\/06\/MG-9416-1-1024x663-1-768x497.jpg 768w\" sizes=\"auto, (max-width: 1024px) 100vw, 1024px\" \/><\/figure>\r\n<\/li>\r\n<li class=\"blocks-gallery-item\">\r\n<figure><img loading=\"lazy\" decoding=\"async\" width=\"1024\" height=\"576\" class=\"wp-image-14211\" src=\"https:\/\/prceu.usp.br\/nascente\/wp-content\/uploads\/2021\/06\/WhatsApp-Image-2019-02-21-at-14.53.22-2-1024x576-1.jpg\" alt=\"Whatsapp Image 2019 02 21 At 14.53.22 2 1024x576 1\" data-id=\"14211\" data-full-url=\"https:\/\/prceu.usp.br\/nascente\/wp-content\/uploads\/2021\/06\/WhatsApp-Image-2019-02-21-at-14.53.22-2-1024x576-1.jpg\" data-link=\"https:\/\/prceu.usp.br\/nascente\/visualidade-nascente\/whatsapp-image-2019-02-21-at-14-53-22-2-1024x576-1\/\" title=\"\" srcset=\"https:\/\/prceu.usp.br\/nascente\/wp-content\/uploads\/2021\/06\/WhatsApp-Image-2019-02-21-at-14.53.22-2-1024x576-1.jpg 1024w, https:\/\/prceu.usp.br\/nascente\/wp-content\/uploads\/2021\/06\/WhatsApp-Image-2019-02-21-at-14.53.22-2-1024x576-1-300x169.jpg 300w, https:\/\/prceu.usp.br\/nascente\/wp-content\/uploads\/2021\/06\/WhatsApp-Image-2019-02-21-at-14.53.22-2-1024x576-1-768x432.jpg 768w\" sizes=\"auto, (max-width: 1024px) 100vw, 1024px\" \/><\/figure>\r\n<\/li>\r\n<li class=\"blocks-gallery-item\">\r\n<figure><img loading=\"lazy\" decoding=\"async\" width=\"960\" height=\"720\" class=\"wp-image-14212\" src=\"https:\/\/prceu.usp.br\/nascente\/wp-content\/uploads\/2021\/06\/1013128_475748919183905_1152329995_n.jpg\" alt=\"1013128 475748919183905 1152329995 N\" data-id=\"14212\" data-full-url=\"https:\/\/prceu.usp.br\/nascente\/wp-content\/uploads\/2021\/06\/1013128_475748919183905_1152329995_n.jpg\" data-link=\"https:\/\/prceu.usp.br\/nascente\/visualidade-nascente\/1013128_475748919183905_1152329995_n-2\/\" title=\"\" srcset=\"https:\/\/prceu.usp.br\/nascente\/wp-content\/uploads\/2021\/06\/1013128_475748919183905_1152329995_n.jpg 960w, https:\/\/prceu.usp.br\/nascente\/wp-content\/uploads\/2021\/06\/1013128_475748919183905_1152329995_n-300x225.jpg 300w, https:\/\/prceu.usp.br\/nascente\/wp-content\/uploads\/2021\/06\/1013128_475748919183905_1152329995_n-768x576.jpg 768w\" sizes=\"auto, (max-width: 960px) 100vw, 960px\" \/><\/figure>\r\n<\/li>\r\n<li class=\"blocks-gallery-item\">\r\n<figure><img loading=\"lazy\" decoding=\"async\" width=\"960\" height=\"720\" class=\"wp-image-14213\" src=\"https:\/\/prceu.usp.br\/nascente\/wp-content\/uploads\/2021\/06\/1011799_475748445850619_1104868525_n.jpg\" alt=\"1011799 475748445850619 1104868525 N\" data-id=\"14213\" data-full-url=\"https:\/\/prceu.usp.br\/nascente\/wp-content\/uploads\/2021\/06\/1011799_475748445850619_1104868525_n.jpg\" data-link=\"https:\/\/prceu.usp.br\/nascente\/visualidade-nascente\/1011799_475748445850619_1104868525_n-2\/\" title=\"\" srcset=\"https:\/\/prceu.usp.br\/nascente\/wp-content\/uploads\/2021\/06\/1011799_475748445850619_1104868525_n.jpg 960w, https:\/\/prceu.usp.br\/nascente\/wp-content\/uploads\/2021\/06\/1011799_475748445850619_1104868525_n-300x225.jpg 300w, https:\/\/prceu.usp.br\/nascente\/wp-content\/uploads\/2021\/06\/1011799_475748445850619_1104868525_n-768x576.jpg 768w\" sizes=\"auto, (max-width: 960px) 100vw, 960px\" \/><\/figure>\r\n<\/li>\r\n<li class=\"blocks-gallery-item\">\r\n<figure><img loading=\"lazy\" decoding=\"async\" width=\"1024\" height=\"768\" class=\"wp-image-14214\" src=\"https:\/\/prceu.usp.br\/nascente\/wp-content\/uploads\/2021\/06\/WhatsApp-Image-2019-02-21-at-14.53.21-2-1024x768-1.jpg\" alt=\"Whatsapp Image 2019 02 21 At 14.53.21 2 1024x768 1\" data-id=\"14214\" data-full-url=\"https:\/\/prceu.usp.br\/nascente\/wp-content\/uploads\/2021\/06\/WhatsApp-Image-2019-02-21-at-14.53.21-2-1024x768-1.jpg\" data-link=\"https:\/\/prceu.usp.br\/nascente\/visualidade-nascente\/whatsapp-image-2019-02-21-at-14-53-21-2-1024x768-1\/\" title=\"\" srcset=\"https:\/\/prceu.usp.br\/nascente\/wp-content\/uploads\/2021\/06\/WhatsApp-Image-2019-02-21-at-14.53.21-2-1024x768-1.jpg 1024w, https:\/\/prceu.usp.br\/nascente\/wp-content\/uploads\/2021\/06\/WhatsApp-Image-2019-02-21-at-14.53.21-2-1024x768-1-300x225.jpg 300w, https:\/\/prceu.usp.br\/nascente\/wp-content\/uploads\/2021\/06\/WhatsApp-Image-2019-02-21-at-14.53.21-2-1024x768-1-768x576.jpg 768w\" sizes=\"auto, (max-width: 1024px) 100vw, 1024px\" \/><\/figure>\r\n<\/li>\r\n<li class=\"blocks-gallery-item\">\r\n<figure><img loading=\"lazy\" decoding=\"async\" width=\"1024\" height=\"683\" class=\"wp-image-14215\" src=\"https:\/\/prceu.usp.br\/nascente\/wp-content\/uploads\/2021\/06\/MG-9581-1024x683-1.jpg\" alt=\"Mg 9581 1024x683 1\" data-id=\"14215\" data-full-url=\"https:\/\/prceu.usp.br\/nascente\/wp-content\/uploads\/2021\/06\/MG-9581-1024x683-1.jpg\" data-link=\"https:\/\/prceu.usp.br\/nascente\/visualidade-nascente\/mg-9581-1024x683-1\/\" title=\"\" srcset=\"https:\/\/prceu.usp.br\/nascente\/wp-content\/uploads\/2021\/06\/MG-9581-1024x683-1.jpg 1024w, https:\/\/prceu.usp.br\/nascente\/wp-content\/uploads\/2021\/06\/MG-9581-1024x683-1-300x200.jpg 300w, https:\/\/prceu.usp.br\/nascente\/wp-content\/uploads\/2021\/06\/MG-9581-1024x683-1-768x512.jpg 768w\" sizes=\"auto, (max-width: 1024px) 100vw, 1024px\" \/><\/figure>\r\n<\/li>\r\n<li class=\"blocks-gallery-item\">\r\n<figure><img loading=\"lazy\" decoding=\"async\" width=\"320\" height=\"240\" class=\"wp-image-14216\" src=\"https:\/\/prceu.usp.br\/nascente\/wp-content\/uploads\/2021\/06\/1011986_475748342517296_22984802_n-e1415034447281.jpg\" alt=\"1011986 475748342517296 22984802 N E1415034447281\" data-id=\"14216\" data-full-url=\"https:\/\/prceu.usp.br\/nascente\/wp-content\/uploads\/2021\/06\/1011986_475748342517296_22984802_n-e1415034447281.jpg\" data-link=\"https:\/\/prceu.usp.br\/nascente\/visualidade-nascente\/1011986_475748342517296_22984802_n-e1415034447281\/\" title=\"\" srcset=\"https:\/\/prceu.usp.br\/nascente\/wp-content\/uploads\/2021\/06\/1011986_475748342517296_22984802_n-e1415034447281.jpg 320w, https:\/\/prceu.usp.br\/nascente\/wp-content\/uploads\/2021\/06\/1011986_475748342517296_22984802_n-e1415034447281-300x225.jpg 300w\" sizes=\"auto, (max-width: 320px) 100vw, 320px\" \/><\/figure>\r\n<\/li>\r\n<\/ul>\r\n<\/figure>\r\n\r\n\r\n\r\n<p>&nbsp;<\/p>","protected":false},"excerpt":{"rendered":"<p>&nbsp; \u201c\u00c9 preciso ampliar a discuss\u00e3o sobre os c\u00e2nones de valor de imagem n\u00e3o s\u00f3 para as \u00e1reas de conhecimento discursivo e cient\u00edfico da Universidade de S\u00e3o Paulo mas tamb\u00e9m para o p\u00fablico em geral (\u2026)\u201d Foi com essa frase, que viria a compor o primeiro cat\u00e1logo do ent\u00e3o Projeto Nascente 1, que a professora [&hellip;]<\/p>\n","protected":false},"author":3,"featured_media":18761,"parent":0,"menu_order":3,"comment_status":"closed","ping_status":"closed","template":"","meta":{"footnotes":""},"categories":[],"tags":[],"class_list":["post-13995","page","type-page","status-publish","has-post-thumbnail","hentry"],"_links":{"self":[{"href":"https:\/\/prceu.usp.br\/nascente\/wp-json\/wp\/v2\/pages\/13995","targetHints":{"allow":["GET"]}}],"collection":[{"href":"https:\/\/prceu.usp.br\/nascente\/wp-json\/wp\/v2\/pages"}],"about":[{"href":"https:\/\/prceu.usp.br\/nascente\/wp-json\/wp\/v2\/types\/page"}],"author":[{"embeddable":true,"href":"https:\/\/prceu.usp.br\/nascente\/wp-json\/wp\/v2\/users\/3"}],"replies":[{"embeddable":true,"href":"https:\/\/prceu.usp.br\/nascente\/wp-json\/wp\/v2\/comments?post=13995"}],"version-history":[{"count":2,"href":"https:\/\/prceu.usp.br\/nascente\/wp-json\/wp\/v2\/pages\/13995\/revisions"}],"predecessor-version":[{"id":18759,"href":"https:\/\/prceu.usp.br\/nascente\/wp-json\/wp\/v2\/pages\/13995\/revisions\/18759"}],"wp:featuredmedia":[{"embeddable":true,"href":"https:\/\/prceu.usp.br\/nascente\/wp-json\/wp\/v2\/media\/18761"}],"wp:attachment":[{"href":"https:\/\/prceu.usp.br\/nascente\/wp-json\/wp\/v2\/media?parent=13995"}],"wp:term":[{"taxonomy":"category","embeddable":true,"href":"https:\/\/prceu.usp.br\/nascente\/wp-json\/wp\/v2\/categories?post=13995"},{"taxonomy":"post_tag","embeddable":true,"href":"https:\/\/prceu.usp.br\/nascente\/wp-json\/wp\/v2\/tags?post=13995"}],"curies":[{"name":"wp","href":"https:\/\/api.w.org\/{rel}","templated":true}]}}