{"id":13996,"date":"2021-06-02T15:44:57","date_gmt":"2021-06-02T18:44:57","guid":{"rendered":"https:\/\/prceu.usp.br\/nascente\/?page_id=13996"},"modified":"2024-03-27T17:14:45","modified_gmt":"2024-03-27T20:14:45","slug":"cerimoniadepremiacao","status":"publish","type":"page","link":"https:\/\/prceu.usp.br\/nascente\/cerimoniadepremiacao\/","title":{"rendered":"Cerim\u00f4nia de Premia\u00e7\u00e3o"},"content":{"rendered":"<p><img loading=\"lazy\" decoding=\"async\" class=\"aligncenter wp-image-18570 size-large\" src=\"https:\/\/prceu.usp.br\/nascente\/wp-content\/uploads\/2023\/12\/2023-Nascente-USP-Premiacao-3169-1-1024x683.jpg\" alt=\"2023 Nascente Usp Premia\u00e7\u00e3o 3169\" width=\"1024\" height=\"683\" title=\"\" srcset=\"https:\/\/prceu.usp.br\/nascente\/wp-content\/uploads\/2023\/12\/2023-Nascente-USP-Premiacao-3169-1-1024x683.jpg 1024w, https:\/\/prceu.usp.br\/nascente\/wp-content\/uploads\/2023\/12\/2023-Nascente-USP-Premiacao-3169-1-1536x1024.jpg 1536w, https:\/\/prceu.usp.br\/nascente\/wp-content\/uploads\/2023\/12\/2023-Nascente-USP-Premiacao-3169-1-300x200.jpg 300w, https:\/\/prceu.usp.br\/nascente\/wp-content\/uploads\/2023\/12\/2023-Nascente-USP-Premiacao-3169-1-768x512.jpg 768w, https:\/\/prceu.usp.br\/nascente\/wp-content\/uploads\/2023\/12\/2023-Nascente-USP-Premiacao-3169-1.jpg 2048w\" sizes=\"auto, (max-width: 1024px) 100vw, 1024px\" \/><\/p>\r\n<div id=\"attachment_18459\" style=\"width: 1034px\" class=\"wp-caption aligncenter\"><img loading=\"lazy\" decoding=\"async\" aria-describedby=\"caption-attachment-18459\" class=\"wp-image-18459 size-large\" src=\"https:\/\/prceu.usp.br\/nascente\/wp-content\/uploads\/2023\/12\/2023-Nascente-USP-Premiacao-3318-e1702410316537-1024x969.jpg\" alt=\"2023 Nascente Usp Premia\u00e7\u00e3o 3318\" width=\"1024\" height=\"969\" title=\"\" srcset=\"https:\/\/prceu.usp.br\/nascente\/wp-content\/uploads\/2023\/12\/2023-Nascente-USP-Premiacao-3318-e1702410316537-1024x969.jpg 1024w, https:\/\/prceu.usp.br\/nascente\/wp-content\/uploads\/2023\/12\/2023-Nascente-USP-Premiacao-3318-e1702410316537-300x284.jpg 300w, https:\/\/prceu.usp.br\/nascente\/wp-content\/uploads\/2023\/12\/2023-Nascente-USP-Premiacao-3318-e1702410316537-768x726.jpg 768w, https:\/\/prceu.usp.br\/nascente\/wp-content\/uploads\/2023\/12\/2023-Nascente-USP-Premiacao-3318-e1702410316537.jpg 1443w\" sizes=\"auto, (max-width: 1024px) 100vw, 1024px\" \/><p id=\"caption-attachment-18459\" class=\"wp-caption-text\">Na Cerim\u00f4nia de Premia\u00e7\u00e3o de 2023 (edi\u00e7\u00e3o 30) a professora em\u00e9rita da USP Dra. Ana Mae Barbosa recebeu uma homenagem da pr\u00f3-reitora de Cultura e Extens\u00e3o Universit\u00e1ria da USP, Professora Dra. Marli Quadros Leite, por ser idealizadora do Nascente USP com o professor Dr. Jo\u00e3o Alexandre Barbosa. Foto: Adalton \u2013 Camisa 1<\/p><\/div>\r\n<p>&nbsp;<\/p>\r\n<div id=\"attachment_18374\" style=\"width: 1034px\" class=\"wp-caption aligncenter\"><img loading=\"lazy\" decoding=\"async\" aria-describedby=\"caption-attachment-18374\" class=\"wp-image-18374 size-large\" src=\"https:\/\/prceu.usp.br\/nascente\/wp-content\/uploads\/2023\/12\/2023-Nascente-USP-Premiacao-2867-1024x683.jpg\" alt=\"2023 Nascente Usp Premia\u00e7\u00e3o 2867\" width=\"1024\" height=\"683\" title=\"\" srcset=\"https:\/\/prceu.usp.br\/nascente\/wp-content\/uploads\/2023\/12\/2023-Nascente-USP-Premiacao-2867-1024x683.jpg 1024w, https:\/\/prceu.usp.br\/nascente\/wp-content\/uploads\/2023\/12\/2023-Nascente-USP-Premiacao-2867-1536x1024.jpg 1536w, https:\/\/prceu.usp.br\/nascente\/wp-content\/uploads\/2023\/12\/2023-Nascente-USP-Premiacao-2867-300x200.jpg 300w, https:\/\/prceu.usp.br\/nascente\/wp-content\/uploads\/2023\/12\/2023-Nascente-USP-Premiacao-2867-768x512.jpg 768w, https:\/\/prceu.usp.br\/nascente\/wp-content\/uploads\/2023\/12\/2023-Nascente-USP-Premiacao-2867.jpg 2048w\" sizes=\"auto, (max-width: 1024px) 100vw, 1024px\" \/><p id=\"caption-attachment-18374\" class=\"wp-caption-text\">A artista Mainara Tha\u00eds (vencedora em M\u00fasica Popular &#8211; 2021) em performance musical na Cerim\u00f4nia de Premia\u00e7\u00e3o de 2023 (edi\u00e7\u00e3o 30). Foto: Adalton &#8211; Camisa 1<\/p><\/div>\r\n<div id=\"attachment_18457\" style=\"width: 693px\" class=\"wp-caption aligncenter\"><img loading=\"lazy\" decoding=\"async\" aria-describedby=\"caption-attachment-18457\" class=\"wp-image-18457 size-large\" src=\"https:\/\/prceu.usp.br\/nascente\/wp-content\/uploads\/2023\/12\/2023-Nascente-USP-Premiacao-2873-683x1024.jpg\" alt=\"\" width=\"683\" height=\"1024\" title=\"\" srcset=\"https:\/\/prceu.usp.br\/nascente\/wp-content\/uploads\/2023\/12\/2023-Nascente-USP-Premiacao-2873-683x1024.jpg 683w, https:\/\/prceu.usp.br\/nascente\/wp-content\/uploads\/2023\/12\/2023-Nascente-USP-Premiacao-2873-1024x1536.jpg 1024w, https:\/\/prceu.usp.br\/nascente\/wp-content\/uploads\/2023\/12\/2023-Nascente-USP-Premiacao-2873-200x300.jpg 200w, https:\/\/prceu.usp.br\/nascente\/wp-content\/uploads\/2023\/12\/2023-Nascente-USP-Premiacao-2873-768x1152.jpg 768w, https:\/\/prceu.usp.br\/nascente\/wp-content\/uploads\/2023\/12\/2023-Nascente-USP-Premiacao-2873.jpg 1365w\" sizes=\"auto, (max-width: 683px) 100vw, 683px\" \/><p id=\"caption-attachment-18457\" class=\"wp-caption-text\">A artista Mainara Tha\u00eds (vencedora em M\u00fasica Popular &#8211; 2021) em performance musical na Cerim\u00f4nia de Premia\u00e7\u00e3o de 2023 (edi\u00e7\u00e3o 30). Foto: Adalton &#8211; Camisa 1<\/p><\/div>\r\n<p>&nbsp;<\/p>\r\n<figure class=\"wp-block-image\">\r\n<div id=\"attachment_8750\" style=\"width: 1034px\" class=\"wp-caption aligncenter\"><img loading=\"lazy\" decoding=\"async\" aria-describedby=\"caption-attachment-8750\" class=\"wp-image-8750 size-large\" src=\"https:\/\/prceu.usp.br\/nascente\/wp-content\/uploads\/2019\/03\/05072013premiacaonascentefotomarcossantos005-1024x682.jpg\" alt=\"\" width=\"1024\" height=\"682\" title=\"\" srcset=\"https:\/\/prceu.usp.br\/nascente\/wp-content\/uploads\/2019\/03\/05072013premiacaonascentefotomarcossantos005-1024x682.jpg 1024w, https:\/\/prceu.usp.br\/nascente\/wp-content\/uploads\/2019\/03\/05072013premiacaonascentefotomarcossantos005-1536x1024.jpg 1536w, https:\/\/prceu.usp.br\/nascente\/wp-content\/uploads\/2019\/03\/05072013premiacaonascentefotomarcossantos005-300x200.jpg 300w, https:\/\/prceu.usp.br\/nascente\/wp-content\/uploads\/2019\/03\/05072013premiacaonascentefotomarcossantos005-768x512.jpg 768w, https:\/\/prceu.usp.br\/nascente\/wp-content\/uploads\/2019\/03\/05072013premiacaonascentefotomarcossantos005.jpg 1772w\" sizes=\"auto, (max-width: 1024px) 100vw, 1024px\" \/><p id=\"caption-attachment-8750\" class=\"wp-caption-text\">O ator\u00a0Sidney Santhiago\u00a0foi um dos mestres de cerim\u00f4nia da noite de premia\u00e7\u00e3o do Nascente USP em 2014 (foto: Marcos Santos)<\/p><\/div>\r\n<p>&nbsp;<\/p>\r\n<p>&nbsp;<\/p>\r\n<\/figure>\r\n\r\n\r\n\r\n<p>Um dos eventos mais aguardados do Nascente USP, a Cerim\u00f4nia de Premia\u00e7\u00e3o \u00e9 o momento em que o p\u00fablico pode prestigiar a produ\u00e7\u00e3o art\u00edstica dos estudantes da Universidade de S\u00e3o Paulo. A celebra\u00e7\u00e3o re\u00fane mais de 400 pessoas em audit\u00f3rio, todas as comiss\u00f5es julgadoras, professores da USP e dirigentes da \u00e1rea cultural da Universidade. Nessa noite s\u00e3o revelados os premiados das sete \u00e1reas art\u00edsticas do concurso.<\/p>\r\n<div id=\"attachment_17688\" style=\"width: 1034px\" class=\"wp-caption aligncenter\"><img loading=\"lazy\" decoding=\"async\" aria-describedby=\"caption-attachment-17688\" class=\"wp-image-17688 size-large\" src=\"https:\/\/prceu.usp.br\/nascente\/wp-content\/uploads\/2023\/05\/2022-Nascente-USP-Premiacao-Alta-8397-min-1024x683.jpg\" alt=\"2022 Nascente Usp Premiacao Alta 8397 Min\" width=\"1024\" height=\"683\" title=\"\" srcset=\"https:\/\/prceu.usp.br\/nascente\/wp-content\/uploads\/2023\/05\/2022-Nascente-USP-Premiacao-Alta-8397-min-1024x683.jpg 1024w, https:\/\/prceu.usp.br\/nascente\/wp-content\/uploads\/2023\/05\/2022-Nascente-USP-Premiacao-Alta-8397-min-1536x1024.jpg 1536w, https:\/\/prceu.usp.br\/nascente\/wp-content\/uploads\/2023\/05\/2022-Nascente-USP-Premiacao-Alta-8397-min-2048x1365.jpg 2048w, https:\/\/prceu.usp.br\/nascente\/wp-content\/uploads\/2023\/05\/2022-Nascente-USP-Premiacao-Alta-8397-min-300x200.jpg 300w, https:\/\/prceu.usp.br\/nascente\/wp-content\/uploads\/2023\/05\/2022-Nascente-USP-Premiacao-Alta-8397-min-768x512.jpg 768w\" sizes=\"auto, (max-width: 1024px) 100vw, 1024px\" \/><p id=\"caption-attachment-17688\" class=\"wp-caption-text\">A compositora e int\u00e9rprete Jade Faria foi uma das atra\u00e7\u00f5es da Cerim\u00f4nia de Premia\u00e7\u00e3o em 2022. (foto: Camisa 1)<\/p><\/div>\r\n\r\n\r\n\r\n<p>O evento costuma oferecer ao p\u00fablico apresenta\u00e7\u00f5es musicais, leituras c\u00eanicas e, nos \u00faltimos anos, tem realiza\u00e7\u00e3o simult\u00e2nea com a Mostra de M\u00fasica Popular na qual os finalistas da categoria musical se apresentam entre os intervalos das entregas dos pr\u00eamios das demais \u00e1reas art\u00edsticas, ao vivo, para plateia e j\u00fari. Ao final do evento, o p\u00fablico e os artistas conhecem o vencedor da categoria M\u00fasica Popular.<\/p>\r\n\r\n\r\n\r\n<figure class=\"wp-block-image\"><img loading=\"lazy\" decoding=\"async\" width=\"1024\" height=\"683\" class=\"wp-image-8903\" src=\"https:\/\/prceu.usp.br\/nascente\/wp-content\/uploads\/2019\/03\/MG-3545-1024x683.jpg\" alt=\"\" title=\"\" srcset=\"https:\/\/prceu.usp.br\/nascente\/wp-content\/uploads\/2019\/03\/MG-3545-1024x683.jpg 1024w, https:\/\/prceu.usp.br\/nascente\/wp-content\/uploads\/2019\/03\/MG-3545-1536x1024.jpg 1536w, https:\/\/prceu.usp.br\/nascente\/wp-content\/uploads\/2019\/03\/MG-3545-2048x1365.jpg 2048w, https:\/\/prceu.usp.br\/nascente\/wp-content\/uploads\/2019\/03\/MG-3545-300x200.jpg 300w, https:\/\/prceu.usp.br\/nascente\/wp-content\/uploads\/2019\/03\/MG-3545-768x512.jpg 768w\" sizes=\"auto, (max-width: 1024px) 100vw, 1024px\" \/>\r\n<figcaption>Vencedores de edi\u00e7\u00f5es anteriores do concurso art\u00edstico s\u00e3o convidados a se apresentarem na Cerim\u00f4nia de Premia\u00e7\u00e3o nos anos seguintes e tamb\u00e9m entregam o pr\u00eamio aos seus sucessores.<\/figcaption>\r\n<\/figure>\r\n\r\n\r\n\r\n<figure class=\"wp-block-image\">\r\n<div id=\"attachment_8183\" style=\"width: 1034px\" class=\"wp-caption alignnone\"><img loading=\"lazy\" decoding=\"async\" aria-describedby=\"caption-attachment-8183\" class=\"wp-image-8183\" src=\"https:\/\/prceu.usp.br\/nascente\/wp-content\/uploads\/2019\/02\/IMG_4417-1024x682.jpg\" alt=\"\" width=\"1024\" height=\"682\" title=\"\" srcset=\"https:\/\/prceu.usp.br\/nascente\/wp-content\/uploads\/2019\/02\/IMG_4417-1024x682.jpg 1024w, https:\/\/prceu.usp.br\/nascente\/wp-content\/uploads\/2019\/02\/IMG_4417-300x199.jpg 300w, https:\/\/prceu.usp.br\/nascente\/wp-content\/uploads\/2019\/02\/IMG_4417-768x512.jpg 768w, https:\/\/prceu.usp.br\/nascente\/wp-content\/uploads\/2019\/02\/IMG_4417-624x415.jpg 624w, https:\/\/prceu.usp.br\/nascente\/wp-content\/uploads\/2019\/02\/IMG_4417.jpg 1280w\" sizes=\"auto, (max-width: 1024px) 100vw, 1024px\" \/><p id=\"caption-attachment-8183\" class=\"wp-caption-text\">O professor, artista pl\u00e1stico e ex-coordenador do Nascente USP Claudio Mubarac.<\/p><\/div>\r\n<\/figure>\r\n\r\n\r\n\r\n<figure class=\"wp-block-image\"><img loading=\"lazy\" decoding=\"async\" width=\"1024\" height=\"682\" class=\"wp-image-8332\" src=\"https:\/\/prceu.usp.br\/nascente\/wp-content\/uploads\/2019\/02\/IMG_4105-1024x682.jpg\" alt=\"\" title=\"\" srcset=\"https:\/\/prceu.usp.br\/nascente\/wp-content\/uploads\/2019\/02\/IMG_4105-1024x682.jpg 1024w, https:\/\/prceu.usp.br\/nascente\/wp-content\/uploads\/2019\/02\/IMG_4105-300x199.jpg 300w, https:\/\/prceu.usp.br\/nascente\/wp-content\/uploads\/2019\/02\/IMG_4105-768x512.jpg 768w, https:\/\/prceu.usp.br\/nascente\/wp-content\/uploads\/2019\/02\/IMG_4105-624x415.jpg 624w, https:\/\/prceu.usp.br\/nascente\/wp-content\/uploads\/2019\/02\/IMG_4105.jpg 1280w\" sizes=\"auto, (max-width: 1024px) 100vw, 1024px\" \/>\r\n<figcaption>A Cerim\u00f4nia de Premia\u00e7\u00e3o \u00e9 o momento em que s\u00e3o revelados os premiados das sete categorias do concurso art\u00edstico da USP. Na foto os mestres de cerim\u00f4nia Fernanda Mota e Gustavo Mata (Nascente 2018)<\/figcaption>\r\n<\/figure>\r\n\r\n\r\n\r\n<figure class=\"wp-block-image\">\r\n<div id=\"attachment_8752\" style=\"width: 1034px\" class=\"wp-caption alignnone\"><img loading=\"lazy\" decoding=\"async\" aria-describedby=\"caption-attachment-8752\" class=\"wp-image-8752\" src=\"https:\/\/prceu.usp.br\/nascente\/wp-content\/uploads\/2019\/03\/MG-3403-1024x683.jpg\" alt=\"\" width=\"1024\" height=\"683\" title=\"\" srcset=\"https:\/\/prceu.usp.br\/nascente\/wp-content\/uploads\/2019\/03\/MG-3403-1024x683.jpg 1024w, https:\/\/prceu.usp.br\/nascente\/wp-content\/uploads\/2019\/03\/MG-3403-1536x1024.jpg 1536w, https:\/\/prceu.usp.br\/nascente\/wp-content\/uploads\/2019\/03\/MG-3403-2048x1365.jpg 2048w, https:\/\/prceu.usp.br\/nascente\/wp-content\/uploads\/2019\/03\/MG-3403-300x200.jpg 300w, https:\/\/prceu.usp.br\/nascente\/wp-content\/uploads\/2019\/03\/MG-3403-768x512.jpg 768w\" sizes=\"auto, (max-width: 1024px) 100vw, 1024px\" \/><p id=\"caption-attachment-8752\" class=\"wp-caption-text\">A atriz e escritora Eda Nagayama (vencedora do Nascente USP em Texto \u2013 2010 com o livro Desgarrados) e o mestre de cerim\u00f4nia e ator Breno da Matta (Nascente 2017)<\/p><\/div>\r\n<\/figure>\r\n\r\n\r\n\r\n<figure class=\"wp-block-image\">\r\n<div id=\"attachment_8761\" style=\"width: 1034px\" class=\"wp-caption alignnone\"><img loading=\"lazy\" decoding=\"async\" aria-describedby=\"caption-attachment-8761\" class=\"wp-image-8761\" src=\"https:\/\/prceu.usp.br\/nascente\/wp-content\/uploads\/2019\/03\/MG-3339-1024x683.jpg\" alt=\"\" width=\"1024\" height=\"683\" title=\"\" srcset=\"https:\/\/prceu.usp.br\/nascente\/wp-content\/uploads\/2019\/03\/MG-3339-1024x683.jpg 1024w, https:\/\/prceu.usp.br\/nascente\/wp-content\/uploads\/2019\/03\/MG-3339-1536x1024.jpg 1536w, https:\/\/prceu.usp.br\/nascente\/wp-content\/uploads\/2019\/03\/MG-3339-2048x1365.jpg 2048w, https:\/\/prceu.usp.br\/nascente\/wp-content\/uploads\/2019\/03\/MG-3339-300x200.jpg 300w, https:\/\/prceu.usp.br\/nascente\/wp-content\/uploads\/2019\/03\/MG-3339-768x512.jpg 768w\" sizes=\"auto, (max-width: 1024px) 100vw, 1024px\" \/><p id=\"caption-attachment-8761\" class=\"wp-caption-text\">Leitura dram\u00e1tica da atriz e escritora Eda Nagayama (Cerim\u00f4nia de Premia\u00e7\u00e3o Nascente 2017)<\/p><\/div>\r\n<\/figure>\r\n\r\n\r\n\r\n\r\n\r\n<p>O momento de abertura dos envelopes, a revela\u00e7\u00e3o dos premiados e a euforia dos vencedores marcam o evento, bem como o reconhecimento e identifica\u00e7\u00e3o dos talentos art\u00edsticos universit\u00e1rios a cada ano.<\/p>\r\n<p>Especialmente na 28\u00b0 Edi\u00e7\u00e3o do Nascente em 2021, devido \u00e0 pandemia, diante dos cuidados necess\u00e1rios e do poss\u00edvel para que a cerim\u00f4nia acontecesse e abrangesse \u00e0 todos, a noite de premia\u00e7\u00e3o ocorreu de maneira h\u00edbrida. Com mestre de cerim\u00f4nia, j\u00fari e convidados especiais no palco, e os participantes e premiados conectados em salas de v\u00eddeos, tudo isso sendo transmitido em live para todos.<\/p>\r\n<p>&nbsp;<\/p>\r\n<div>\u00a0<\/div>\r\n<h6 style=\"text-align: right;\"><em>(Fotos: Bruno Poletti)<\/em><\/h6>\r\n<h3>Confira as Cerim\u00f4nias de Premia\u00e7\u00e3o:<\/h3>\r\n<h3 class=\"has-text-align-center\" style=\"text-align: left;\">2023<\/h3>\r\n\r\n\r\n\r\n<h3 class=\"has-text-align-center\" style=\"text-align: left;\"><div class=\"su-youtube su-u-responsive-media-yes\"><iframe loading=\"lazy\" width=\"900\" height=\"800\" src=\"https:\/\/www.youtube.com\/embed\/Jut6wzdV2tg?autohide=2&amp;autoplay=0&amp;mute=0&amp;controls=1&amp;fs=1&amp;loop=0&amp;modestbranding=0&amp;rel=1&amp;showinfo=1&amp;theme=dark&amp;wmode=&amp;playsinline=0\" frameborder=\"0\" allowfullscreen allow=\"autoplay; encrypted-media; picture-in-picture\" title=\"2023\"><\/iframe><\/div><\/h3>\r\n<h3 style=\"text-align: center;\" aria-hidden=\"true\"><strong><span style=\"color: #02afa7;\"><div class=\"su-divider su-divider-style-default\" style=\"margin:15px 0;border-width:3px;border-color:#999999\"><a href=\"#\" style=\"color:#999999\">Go to top<\/a><\/div><\/span><\/strong><\/h3>\r\n<h3 class=\"has-text-align-center\" style=\"text-align: left;\">2022<br \/><div class=\"su-youtube su-u-responsive-media-yes\"><iframe loading=\"lazy\" width=\"900\" height=\"800\" src=\"https:\/\/www.youtube.com\/embed\/xtkX85guDac?autohide=2&amp;autoplay=0&amp;mute=0&amp;controls=1&amp;fs=1&amp;loop=0&amp;modestbranding=0&amp;rel=1&amp;showinfo=1&amp;theme=dark&amp;wmode=&amp;playsinline=0\" frameborder=\"0\" allowfullscreen allow=\"autoplay; encrypted-media; picture-in-picture\" title=\"2022\"><\/iframe><\/div><\/h3>\r\n<h3 style=\"text-align: center;\" aria-hidden=\"true\"><strong><span style=\"color: #02afa7;\"><div class=\"su-divider su-divider-style-default\" style=\"margin:15px 0;border-width:3px;border-color:#999999\"><a href=\"#\" style=\"color:#999999\">Go to top<\/a><\/div><\/span><\/strong><\/h3>\r\n<h3 class=\"has-text-align-center\" style=\"text-align: left;\"><br \/>2021<br \/><div class=\"su-youtube su-u-responsive-media-yes\"><iframe loading=\"lazy\" width=\"900\" height=\"800\" src=\"https:\/\/www.youtube.com\/embed\/F47xB7qRSag?autohide=2&amp;autoplay=0&amp;mute=0&amp;controls=1&amp;fs=1&amp;loop=0&amp;modestbranding=0&amp;rel=1&amp;showinfo=1&amp;theme=dark&amp;wmode=&amp;playsinline=0\" frameborder=\"0\" allowfullscreen allow=\"autoplay; encrypted-media; picture-in-picture\" title=\"2021\"><\/iframe><\/div><\/h3>\r\n<h3 style=\"text-align: center;\" aria-hidden=\"true\"><strong><span style=\"color: #02afa7;\"><div class=\"su-divider su-divider-style-default\" style=\"margin:15px 0;border-width:3px;border-color:#999999\"><a href=\"#\" style=\"color:#999999\">Go to top<\/a><\/div><\/span><\/strong><\/h3>\r\n<h3 class=\"has-text-align-center\" style=\"text-align: left;\">2019<br \/><div class=\"su-youtube su-u-responsive-media-yes\"><iframe loading=\"lazy\" width=\"900\" height=\"800\" src=\"https:\/\/www.youtube.com\/embed\/Wltt9C6_9iY?autohide=2&amp;autoplay=0&amp;mute=0&amp;controls=1&amp;fs=1&amp;loop=0&amp;modestbranding=0&amp;rel=1&amp;showinfo=1&amp;theme=dark&amp;wmode=&amp;playsinline=0\" frameborder=\"0\" allowfullscreen allow=\"autoplay; encrypted-media; picture-in-picture\" title=\"2019\"><\/iframe><\/div><\/h3>\r\n<h3 style=\"text-align: center;\" aria-hidden=\"true\"><strong><span style=\"color: #02afa7;\"><div class=\"su-divider su-divider-style-default\" style=\"margin:15px 0;border-width:3px;border-color:#999999\"><a href=\"#\" style=\"color:#999999\">Go to top<\/a><\/div><\/span><\/strong><\/h3>\r\n<h3 class=\"has-text-align-center\" style=\"text-align: left;\">2018<br \/><div class=\"su-youtube su-u-responsive-media-yes\"><iframe loading=\"lazy\" width=\"900\" height=\"800\" src=\"https:\/\/www.youtube.com\/embed\/nO96LrWqbQ0?autohide=2&amp;autoplay=0&amp;mute=0&amp;controls=1&amp;fs=1&amp;loop=0&amp;modestbranding=0&amp;rel=1&amp;showinfo=1&amp;theme=dark&amp;wmode=&amp;playsinline=0\" frameborder=\"0\" allowfullscreen allow=\"autoplay; encrypted-media; picture-in-picture\" title=\"2018\"><\/iframe><\/div><\/h3>\r\n<h3 style=\"text-align: center;\" aria-hidden=\"true\"><strong><span style=\"color: #02afa7;\"><div class=\"su-divider su-divider-style-default\" style=\"margin:15px 0;border-width:3px;border-color:#999999\"><a href=\"#\" style=\"color:#999999\">Go to top<\/a><\/div><\/span><\/strong><\/h3>\r\n<h3 class=\"has-text-align-center\" style=\"text-align: left;\">2017<br \/><div class=\"su-youtube su-u-responsive-media-yes\"><iframe loading=\"lazy\" width=\"900\" height=\"800\" src=\"https:\/\/www.youtube.com\/embed\/g_vRZfcvgl4?autohide=2&amp;autoplay=0&amp;mute=0&amp;controls=1&amp;fs=1&amp;loop=0&amp;modestbranding=0&amp;rel=1&amp;showinfo=1&amp;theme=dark&amp;wmode=&amp;playsinline=0\" frameborder=\"0\" allowfullscreen allow=\"autoplay; encrypted-media; picture-in-picture\" title=\"2017\"><\/iframe><\/div><\/h3>\r\n<h3 style=\"text-align: center;\" aria-hidden=\"true\"><strong><span style=\"color: #02afa7;\"><div class=\"su-divider su-divider-style-default\" style=\"margin:15px 0;border-width:3px;border-color:#999999\"><a href=\"#\" style=\"color:#999999\">Go to top<\/a><\/div><\/span><\/strong><\/h3>","protected":false},"excerpt":{"rendered":"<p>Um dos eventos mais aguardados do Nascente USP, a Cerim\u00f4nia de Premia\u00e7\u00e3o \u00e9 o momento em que o p\u00fablico pode prestigiar a produ\u00e7\u00e3o art\u00edstica dos estudantes da Universidade de S\u00e3o Paulo. A celebra\u00e7\u00e3o re\u00fane mais de 400 pessoas em audit\u00f3rio, todas as comiss\u00f5es julgadoras, professores da USP e dirigentes da \u00e1rea cultural da Universidade. Nessa [&hellip;]<\/p>\n","protected":false},"author":3,"featured_media":18744,"parent":0,"menu_order":2,"comment_status":"closed","ping_status":"closed","template":"","meta":{"footnotes":""},"categories":[11],"tags":[],"class_list":["post-13996","page","type-page","status-publish","has-post-thumbnail","hentry","category-premiados"],"_links":{"self":[{"href":"https:\/\/prceu.usp.br\/nascente\/wp-json\/wp\/v2\/pages\/13996","targetHints":{"allow":["GET"]}}],"collection":[{"href":"https:\/\/prceu.usp.br\/nascente\/wp-json\/wp\/v2\/pages"}],"about":[{"href":"https:\/\/prceu.usp.br\/nascente\/wp-json\/wp\/v2\/types\/page"}],"author":[{"embeddable":true,"href":"https:\/\/prceu.usp.br\/nascente\/wp-json\/wp\/v2\/users\/3"}],"replies":[{"embeddable":true,"href":"https:\/\/prceu.usp.br\/nascente\/wp-json\/wp\/v2\/comments?post=13996"}],"version-history":[{"count":1,"href":"https:\/\/prceu.usp.br\/nascente\/wp-json\/wp\/v2\/pages\/13996\/revisions"}],"predecessor-version":[{"id":18745,"href":"https:\/\/prceu.usp.br\/nascente\/wp-json\/wp\/v2\/pages\/13996\/revisions\/18745"}],"wp:featuredmedia":[{"embeddable":true,"href":"https:\/\/prceu.usp.br\/nascente\/wp-json\/wp\/v2\/media\/18744"}],"wp:attachment":[{"href":"https:\/\/prceu.usp.br\/nascente\/wp-json\/wp\/v2\/media?parent=13996"}],"wp:term":[{"taxonomy":"category","embeddable":true,"href":"https:\/\/prceu.usp.br\/nascente\/wp-json\/wp\/v2\/categories?post=13996"},{"taxonomy":"post_tag","embeddable":true,"href":"https:\/\/prceu.usp.br\/nascente\/wp-json\/wp\/v2\/tags?post=13996"}],"curies":[{"name":"wp","href":"https:\/\/api.w.org\/{rel}","templated":true}]}}