{"id":13997,"date":"2021-06-02T15:44:57","date_gmt":"2021-06-02T18:44:57","guid":{"rendered":"https:\/\/prceu.usp.br\/nascente\/?page_id=13997"},"modified":"2024-03-27T17:18:50","modified_gmt":"2024-03-27T20:18:50","slug":"atestado","status":"publish","type":"page","link":"https:\/\/prceu.usp.br\/nascente\/atestado\/","title":{"rendered":"Atestados de participa\u00e7\u00e3o"},"content":{"rendered":"<p>Se voc\u00ea foi finalista\/premiado (a) ou participou de alguma Comiss\u00e3o Julgadora nas edi\u00e7\u00f5es do Nascente USP entre 2014 e 2023 fa\u00e7a o download do seu atestado clicando na edi\u00e7\u00e3o correspondente abaixo:<\/p>\r\n\r\n\r\n\r\n<div class=\"wp-block-columns is-layout-flex wp-container-core-columns-is-layout-9d6595d7 wp-block-columns-is-layout-flex\">\r\n<div class=\"wp-block-column is-layout-flow wp-block-column-is-layout-flow\">\u00a0<\/div>\r\n\r\n\r\n\r\n<div class=\"wp-block-column is-layout-flow wp-block-column-is-layout-flow\">\r\n<h4 class=\"has-text-align-center has-text-color wp-block-heading\" style=\"color: #ff4b4b; text-align: left;\"><a href=\"https:\/\/prceu.usp.br\/atestados\/nascente\/programa_22\/\" target=\"_blank\" rel=\"noreferrer noopener\">22\u00aa edi\u00e7\u00e3o (2014)<\/a><\/h4>\r\n<h4 class=\"has-text-align-center has-text-color\" style=\"color: #ff4b4b; text-align: left;\"><a href=\"https:\/\/prceu.usp.br\/atestados\/nascente\/programa_23\/\" target=\"_blank\" rel=\"noreferrer noopener\">23\u00aa edi\u00e7\u00e3o (2015)<\/a><\/h4>\r\n<h4 class=\"has-text-align-center has-text-color\" style=\"color: #ff4b4b; text-align: left;\"><a href=\"https:\/\/prceu.usp.br\/atestados\/nascente\/programa_24\/\" target=\"_blank\" rel=\"noreferrer noopener\">24\u00aa edi\u00e7\u00e3o (2016)<\/a><\/h4>\r\n<h4 class=\"has-text-align-center has-text-color\" style=\"color: #ff4b4b; text-align: left;\"><a href=\"https:\/\/prceu.usp.br\/atestados\/nascente\/programa_25\/\" target=\"_blank\" rel=\"noreferrer noopener\">25\u00aa edi\u00e7\u00e3o (2017)<\/a><\/h4>\r\n<h4 class=\"has-text-align-center has-text-color\" style=\"color: #ff4b4b; text-align: left;\"><a href=\"https:\/\/prceu.usp.br\/atestados\/nascente\/programa_26\/\" target=\"_blank\" rel=\"noreferrer noopener\">26\u00aa edi\u00e7\u00e3o (2018)<\/a><\/h4>\r\n<h4 class=\"has-text-align-center has-text-color\" style=\"color: #ff4b4b; text-align: left;\"><a href=\"https:\/\/prceu.usp.br\/atestados\/nascente\/programa_27\/\" target=\"_blank\" rel=\"noreferrer noopener\">27\u00aa edi\u00e7\u00e3o (2019)<\/a><\/h4>\r\n<h4 class=\"has-text-align-center has-text-color\" style=\"color: #ff4b4b; text-align: left;\"><a href=\"https:\/\/prceu.usp.br\/atestados\/nascente\/programa_28\/\" target=\"_blank\" rel=\"noreferrer noopener\">28\u00aa edi\u00e7\u00e3o (2021)<\/a><\/h4>\r\n<div class=\"wp-block-column\">\r\n<h4 class=\"has-text-align-center has-text-color\" style=\"color: #ff4b4b; text-align: left;\"><a href=\"https:\/\/prceu.usp.br\/atestados\/nascente\/programa_29\" target=\"_blank\" rel=\"noopener\">29\u00aa edi\u00e7\u00e3o (2022)<\/a><\/h4>\r\n<h4 class=\"has-text-align-center has-text-color\" style=\"color: #ff4b4b; text-align: left;\"><a href=\"https:\/\/prceu.usp.br\/atestados\/nascente\/programa_30\/\" target=\"_blank\" rel=\"noreferrer noopener\">30\u00aa edi\u00e7\u00e3o (2023)<\/a><\/h4>\r\n<p>&nbsp;<\/p>\r\n<\/div>\r\n<\/div>\r\n<\/div>\r\n\r\n\r\n\r\n<p>Caso a participa\u00e7\u00e3o tenha sido em edi\u00e7\u00e3o anterior \u00e0 2014\u00a0 (22\u00aa Edi\u00e7\u00e3o) voc\u00ea deve solicitar o atestado pelo email:\u00a0<strong>nascente@usp.br<\/strong>\u00a0 informando o nome completo, n\u00famero USP e a edi\u00e7\u00e3o na qual foi finalista.<\/p>\r\n\r\n\r\n\r\n<p>O Nascente USP\u00a0<strong>n\u00e3o emite\u00a0<\/strong>atestados de participa\u00e7\u00e3o de inscritos, apenas daqueles que foram finalistas do concurso e participaram da Mostra e Visualidade Nascente USP.<\/p>","protected":false},"excerpt":{"rendered":"<p>Se voc\u00ea foi finalista\/premiado (a) ou participou de alguma Comiss\u00e3o Julgadora nas edi\u00e7\u00f5es do Nascente USP entre 2014 e 2023 fa\u00e7a o download do seu atestado clicando na edi\u00e7\u00e3o correspondente abaixo: \u00a0 22\u00aa edi\u00e7\u00e3o (2014) 23\u00aa edi\u00e7\u00e3o (2015) 24\u00aa edi\u00e7\u00e3o (2016) 25\u00aa edi\u00e7\u00e3o (2017) 26\u00aa edi\u00e7\u00e3o (2018) 27\u00aa edi\u00e7\u00e3o (2019) 28\u00aa edi\u00e7\u00e3o (2021) 29\u00aa edi\u00e7\u00e3o [&hellip;]<\/p>\n","protected":false},"author":3,"featured_media":18750,"parent":0,"menu_order":1,"comment_status":"closed","ping_status":"closed","template":"","meta":{"footnotes":""},"categories":[],"tags":[],"class_list":["post-13997","page","type-page","status-publish","has-post-thumbnail","hentry"],"_links":{"self":[{"href":"https:\/\/prceu.usp.br\/nascente\/wp-json\/wp\/v2\/pages\/13997","targetHints":{"allow":["GET"]}}],"collection":[{"href":"https:\/\/prceu.usp.br\/nascente\/wp-json\/wp\/v2\/pages"}],"about":[{"href":"https:\/\/prceu.usp.br\/nascente\/wp-json\/wp\/v2\/types\/page"}],"author":[{"embeddable":true,"href":"https:\/\/prceu.usp.br\/nascente\/wp-json\/wp\/v2\/users\/3"}],"replies":[{"embeddable":true,"href":"https:\/\/prceu.usp.br\/nascente\/wp-json\/wp\/v2\/comments?post=13997"}],"version-history":[{"count":1,"href":"https:\/\/prceu.usp.br\/nascente\/wp-json\/wp\/v2\/pages\/13997\/revisions"}],"predecessor-version":[{"id":18751,"href":"https:\/\/prceu.usp.br\/nascente\/wp-json\/wp\/v2\/pages\/13997\/revisions\/18751"}],"wp:featuredmedia":[{"embeddable":true,"href":"https:\/\/prceu.usp.br\/nascente\/wp-json\/wp\/v2\/media\/18750"}],"wp:attachment":[{"href":"https:\/\/prceu.usp.br\/nascente\/wp-json\/wp\/v2\/media?parent=13997"}],"wp:term":[{"taxonomy":"category","embeddable":true,"href":"https:\/\/prceu.usp.br\/nascente\/wp-json\/wp\/v2\/categories?post=13997"},{"taxonomy":"post_tag","embeddable":true,"href":"https:\/\/prceu.usp.br\/nascente\/wp-json\/wp\/v2\/tags?post=13997"}],"curies":[{"name":"wp","href":"https:\/\/api.w.org\/{rel}","templated":true}]}}