{"id":14121,"date":"2021-06-07T19:00:07","date_gmt":"2021-06-07T22:00:07","guid":{"rendered":"https:\/\/prceu.usp.br\/nascente\/?page_id=14121"},"modified":"2026-04-07T15:15:58","modified_gmt":"2026-04-07T18:15:58","slug":"calendario2026","status":"publish","type":"page","link":"https:\/\/prceu.usp.br\/nascente\/calendario2026\/","title":{"rendered":"Calend\u00e1rio 2026"},"content":{"rendered":"<!-- \/wp:post-content -->\r\n<p>&nbsp;<\/p>\r\n<!-- wp:table {\"hasFixedLayout\":true,\"className\":\"is-style-stripes\"} -->\r\n<figure class=\"wp-block-table is-style-stripes\">\r\n<h4>\u00a0<\/h4>\r\n<table class=\"has-fixed-layout\" style=\"width: 100%;\">\r\n<thead>\r\n<tr>\r\n<th style=\"width: 72.5061%;\">\r\n<h4>Atividade<\/h4>\r\n<\/th>\r\n<th class=\"has-text-align-right\" style=\"width: 26.878%;\" data-align=\"right\">\r\n<h4>Data<\/h4>\r\n<\/th>\r\n<\/tr>\r\n<\/thead>\r\n<tbody>\r\n<tr>\r\n<td style=\"width: 72.5061%;\">\u00a0<\/td>\r\n<td class=\"has-text-align-right\" style=\"width: 26.878%;\" data-align=\"right\">\u00a0<\/td>\r\n<\/tr>\r\n<tr>\r\n<td style=\"width: 72.5061%;\">\r\n<h4><strong><span style=\"color: #800080;\">Inscri\u00e7\u00f5es Nascente 2026<\/span><\/strong><\/h4>\r\n<\/td>\r\n<td class=\"has-text-align-right\" style=\"width: 26.878%;\" data-align=\"right\">\r\n<h4><strong>18\/05 a 07\/07\/2026<\/strong><\/h4>\r\n<\/td>\r\n<\/tr>\r\n<tr>\r\n<td style=\"width: 72.5061%;\">\r\n<h4><strong>Divulga\u00e7\u00e3o dos finalistas e classificados para a Visualidade Nascente\u00a0<br \/><\/strong><\/h4>\r\n<h4><em>(Audiovisual, Design)<\/em><\/h4>\r\n<\/td>\r\n<td class=\"has-text-align-right\" style=\"width: 26.878%;\" data-align=\"right\">\r\n<h4><strong>01\/09\/2026 <span style=\"color: #993366;\">\u00a0<\/span><\/strong><\/h4>\r\n<\/td>\r\n<\/tr>\r\n<tr>\r\n<td style=\"width: 72.5061%;\">\r\n<h4><strong>Divulga\u00e7\u00e3o dos finalistas e classificados para as Mostras Nascente\u00a0<\/strong><\/h4>\r\n<h4><em>(Artes C\u00eanicas, M\u00fasica Popular e M\u00fasica Erudita)<\/em><\/h4>\r\n<\/td>\r\n<td class=\"has-text-align-right\" style=\"width: 26.878%;\" data-align=\"right\">\r\n<h4><strong>01\/09\/2026<\/strong><\/h4>\r\n<\/td>\r\n<\/tr>\r\n<tr>\r\n<td style=\"width: 72.5061%;\">\r\n<h4><strong>Divulga\u00e7\u00e3o dos pr\u00e9-finalistas e obras selecionadas para a segunda fase em<\/strong> <strong>Artes Visuais<\/strong><\/h4>\r\n<\/td>\r\n<td class=\"has-text-align-right\" style=\"width: 26.878%;\" data-align=\"right\">\r\n<h4><strong>01\/09\/2026 <span style=\"color: #993366;\">\u00a0<\/span><\/strong><\/h4>\r\n<\/td>\r\n<\/tr>\r\n<tr>\r\n<td style=\"width: 72.5061%;\">\r\n<h4><strong>Entrega das obras de arte selecionadas para a segunda fase em Artes Visuais<br \/><\/strong><\/h4>\r\n<\/td>\r\n<td class=\"has-text-align-right\" style=\"width: 26.878%;\" data-align=\"right\">\r\n<h4><strong>14 e 15\/09\/2026<\/strong><\/h4>\r\n<\/td>\r\n<\/tr>\r\n<tr>\r\n<td style=\"width: 72.5061%;\">\r\n<h4><strong>Divulga\u00e7\u00e3o dos finalistas e obras selecionadas para a galeria em Artes Visuais<br \/><\/strong><\/h4>\r\n<\/td>\r\n<td class=\"has-text-align-right\" style=\"width: 26.878%;\" data-align=\"right\">\r\n<h4><strong>17\/09\/2026<\/strong><\/h4>\r\n<\/td>\r\n<\/tr>\r\n<tr>\r\n<td style=\"width: 72.5061%;\">\r\n<h4><b>Retirada das obras de arte n\u00e3o selecionadas em segunda fase em Artes Visuais<\/b><\/h4>\r\n<\/td>\r\n<td class=\"has-text-align-right\" style=\"width: 26.878%;\" data-align=\"right\">\r\n<h4><strong>18\/09\/2026<\/strong><\/h4>\r\n<\/td>\r\n<\/tr>\r\n<tr>\r\n<td style=\"width: 72.5061%;\">\r\n<h4><strong><span style=\"color: #800080;\">Semana Nascente 2026<\/span><br \/><\/strong><\/h4>\r\n<h4><em>Apresenta\u00e7\u00f5es dos finalistas das categorias perform\u00e1ticas de palco.<br \/><\/em><\/h4>\r\n<\/td>\r\n<td class=\"has-text-align-right\" style=\"width: 26.878%;\" data-align=\"right\">\r\n<h4><strong>09 a 13\/11\/2026<\/strong><\/h4>\r\n<\/td>\r\n<\/tr>\r\n<tr>\r\n<td style=\"width: 72.5061%;\">\r\n<h4><strong>Sarau liter\u00e1rio Nascente<\/strong>\u00a0<strong><br \/>Divulga\u00e7\u00e3o dos finalistas ao pr\u00eamio Nascente em Texto<\/strong><\/h4>\r\n<h4><em>Os inscritos em Texto s\u00e3o convidados a participarem do evento com leituras de trechos de suas obras.<br \/><\/em><em>Nesta oportunidade ser\u00e3o divulgados os finalistas do concurso.<br \/><\/em><em>Com p\u00fablico presente.<\/em><\/h4>\r\n<\/td>\r\n<td class=\"has-text-align-right\" style=\"width: 26.878%;\" data-align=\"right\">\r\n<h4><strong>09\/11\/2026 <br \/>(19h30)<\/strong><\/h4>\r\n<\/td>\r\n<\/tr>\r\n<tr>\r\n<td style=\"width: 72.5061%;\">\r\n<h4><strong>Mostra Nascente de Artes C\u00eanicas<\/strong>\u00a0<strong><br \/><\/strong><em>Apresenta\u00e7\u00e3o das pe\u00e7as finalistas ao p\u00fablico e j\u00fari.<br \/><\/em><em>Com p\u00fablico presente.<\/em><\/h4>\r\n<\/td>\r\n<td class=\"has-text-align-right\" style=\"width: 26.878%;\" data-align=\"right\">\r\n<h4><strong><strong>10 e 11\/11\/2026<br \/>(19h30)<\/strong><\/strong><\/h4>\r\n<\/td>\r\n<\/tr>\r\n<tr>\r\n<td style=\"width: 72.5061%;\">\r\n<h4><strong>Mostra de M\u00fasica Erudita Nascente<\/strong>\u00a0<strong><br \/><\/strong><em>Momento em que o p\u00fablico e comiss\u00f5es julgadoras assistem as audi\u00e7\u00f5es dos finalistas ao vivo.<br \/><\/em><em>Com p\u00fablico presente.<\/em><\/h4>\r\n<\/td>\r\n<td class=\"has-text-align-right\" style=\"width: 26.878%;\" data-align=\"right\">\r\n<h4><strong>12<strong>\/11\/2026<br \/>(20h30)<\/strong><\/strong><\/h4>\r\n<\/td>\r\n<\/tr>\r\n<tr>\r\n<td style=\"width: 72.5061%;\">\r\n<h4><strong>Mostra de M\u00fasica Popular Nascente<\/strong>\u00a0<strong><br \/><\/strong><em>Momento em que o p\u00fablico e comiss\u00f5es julgadoras assistem as audi\u00e7\u00f5es dos finalistas ao vivo.<br \/><\/em><em>Com p\u00fablico presente.<\/em><\/h4>\r\n<\/td>\r\n<td class=\"has-text-align-right\" style=\"width: 26.878%;\" data-align=\"right\">\r\n<h4><strong>13\/11\/2026<br \/>(20h30)<\/strong><\/h4>\r\n<\/td>\r\n<\/tr>\r\n<tr>\r\n<td style=\"width: 72.5061%;\">\r\n<h4><strong>Vernissage Visualidade Nascente\u00a0<br \/><\/strong><em>(Artes Visuais, Design e Audiovisual)<br \/><\/em><em>Abertura da exposi\u00e7\u00e3o dos trabalhos finalistas.<br \/><\/em><\/h4>\r\n<\/td>\r\n<td class=\"has-text-align-right\" style=\"width: 26.878%;\" data-align=\"right\">\r\n<h4><strong>29\/09\/2026 <br \/>(19h \u00e0s 21h)<\/strong><\/h4>\r\n<\/td>\r\n<\/tr>\r\n<tr>\r\n<td style=\"width: 72.5061%;\">\r\n<h4><strong>Exposi\u00e7\u00e3o Visualidade Nascente<\/strong>\u00a0<strong><br \/><\/strong><em>(Artes Visuais, Design e Audiovisual)<br \/><\/em><\/h4>\r\n<\/td>\r\n<td class=\"has-text-align-right\" style=\"width: 26.878%;\" data-align=\"right\">\r\n<h4><strong>29\/09 a 22\/11\/2026<\/strong><\/h4>\r\n<\/td>\r\n<\/tr>\r\n<tr>\r\n<td style=\"width: 72.5061%;\">\r\n<h4><strong><span style=\"color: #800080;\">Cerim\u00f4nia de Premia\u00e7\u00e3o Nascente\u00a0<\/span><\/strong><\/h4>\r\n<h4><em>Cerim\u00f4nia de revela\u00e7\u00e3o dos premiados das 7 categorias do concurso em noite com m\u00fasica ao vivo e com atra\u00e7\u00f5es art\u00edsticas. <\/em><em>Com p\u00fablico presente.<\/em><\/h4>\r\n<\/td>\r\n<td class=\"has-text-align-right\" style=\"width: 26.878%;\" data-align=\"right\">\r\n<h4><strong><strong><strong>17\/11\/2026 <br \/><\/strong><\/strong>(20h30)<\/strong><\/h4>\r\n<\/td>\r\n<\/tr>\r\n<\/tbody>\r\n<\/table>\r\n<\/figure>","protected":false},"excerpt":{"rendered":"<p>&nbsp; \u00a0 Atividade Data \u00a0 \u00a0 Inscri\u00e7\u00f5es Nascente 2026 18\/05 a 07\/07\/2026 Divulga\u00e7\u00e3o dos finalistas e classificados para a Visualidade Nascente\u00a0 (Audiovisual, Design) 01\/09\/2026 \u00a0 Divulga\u00e7\u00e3o dos finalistas e classificados para as Mostras Nascente\u00a0 (Artes C\u00eanicas, M\u00fasica Popular e M\u00fasica Erudita) 01\/09\/2026 Divulga\u00e7\u00e3o dos pr\u00e9-finalistas e obras selecionadas para a segunda fase em Artes Visuais [&hellip;]<\/p>\n","protected":false},"author":3,"featured_media":18730,"parent":0,"menu_order":0,"comment_status":"closed","ping_status":"closed","template":"","meta":{"footnotes":""},"categories":[],"tags":[],"class_list":["post-14121","page","type-page","status-publish","has-post-thumbnail","hentry"],"_links":{"self":[{"href":"https:\/\/prceu.usp.br\/nascente\/wp-json\/wp\/v2\/pages\/14121","targetHints":{"allow":["GET"]}}],"collection":[{"href":"https:\/\/prceu.usp.br\/nascente\/wp-json\/wp\/v2\/pages"}],"about":[{"href":"https:\/\/prceu.usp.br\/nascente\/wp-json\/wp\/v2\/types\/page"}],"author":[{"embeddable":true,"href":"https:\/\/prceu.usp.br\/nascente\/wp-json\/wp\/v2\/users\/3"}],"replies":[{"embeddable":true,"href":"https:\/\/prceu.usp.br\/nascente\/wp-json\/wp\/v2\/comments?post=14121"}],"version-history":[{"count":8,"href":"https:\/\/prceu.usp.br\/nascente\/wp-json\/wp\/v2\/pages\/14121\/revisions"}],"predecessor-version":[{"id":18839,"href":"https:\/\/prceu.usp.br\/nascente\/wp-json\/wp\/v2\/pages\/14121\/revisions\/18839"}],"wp:featuredmedia":[{"embeddable":true,"href":"https:\/\/prceu.usp.br\/nascente\/wp-json\/wp\/v2\/media\/18730"}],"wp:attachment":[{"href":"https:\/\/prceu.usp.br\/nascente\/wp-json\/wp\/v2\/media?parent=14121"}],"wp:term":[{"taxonomy":"category","embeddable":true,"href":"https:\/\/prceu.usp.br\/nascente\/wp-json\/wp\/v2\/categories?post=14121"},{"taxonomy":"post_tag","embeddable":true,"href":"https:\/\/prceu.usp.br\/nascente\/wp-json\/wp\/v2\/tags?post=14121"}],"curies":[{"name":"wp","href":"https:\/\/api.w.org\/{rel}","templated":true}]}}