{"id":14232,"date":"2021-06-08T11:48:41","date_gmt":"2021-06-08T14:48:41","guid":{"rendered":"https:\/\/prceu.usp.br\/nascente\/?page_id=14232"},"modified":"2024-03-27T17:10:22","modified_gmt":"2024-03-27T20:10:22","slug":"mostra-de-cenicas","status":"publish","type":"page","link":"https:\/\/prceu.usp.br\/nascente\/mostra-de-cenicas\/","title":{"rendered":"Mostra de Artes C\u00eanicas"},"content":{"rendered":"<figure class=\"wp-block-image\">\r\n<div id=\"attachment_18661\" style=\"width: 1376px\" class=\"wp-caption alignnone\"><img loading=\"lazy\" decoding=\"async\" aria-describedby=\"caption-attachment-18661\" class=\"wp-image-18661 size-full\" src=\"https:\/\/prceu.usp.br\/nascente\/wp-content\/uploads\/2024\/03\/popular-2.png\" alt=\"Popular\" width=\"1366\" height=\"768\" title=\"\" srcset=\"https:\/\/prceu.usp.br\/nascente\/wp-content\/uploads\/2024\/03\/popular-2.png 1366w, https:\/\/prceu.usp.br\/nascente\/wp-content\/uploads\/2024\/03\/popular-2-300x169.png 300w, https:\/\/prceu.usp.br\/nascente\/wp-content\/uploads\/2024\/03\/popular-2-768x432.png 768w, https:\/\/prceu.usp.br\/nascente\/wp-content\/uploads\/2024\/03\/popular-2-1024x576.png 1024w\" sizes=\"auto, (max-width: 1366px) 100vw, 1366px\" \/><p id=\"caption-attachment-18661\" class=\"wp-caption-text\">Apresenta\u00e7\u00f5es dos vencedores: &#8220;Ordin\u00e1rio: 2 atores em 5x sem juros&#8221; de Ana Alencar; e &#8220;Nica&#8221; de Elisa Band. 30\u00b0 Edi\u00e7\u00e3o (M\u00eddia: Carretel Filmes)<\/p><\/div>\r\n<\/figure>\r\n\r\n\r\n\r\n<p>A Mostra de Teatro do Nascente USP \u00e9 composta por todos(as) os grupos\/pe\u00e7as classificados na etapa de pr\u00e9-sele\u00e7\u00e3o, independentemente de sua subcategoria.<\/p>\r\n\r\n\r\n\r\n<p>\u00c9 durante a Mostra que os artistas t\u00eam a oportunidade de trazer ao p\u00fablico o trabalho desenvolvido, e, sobretudo, dar vida extratexto ao conceito, ao ideal presente na obra.<\/p>\r\n\r\n\r\n\r\n<p>Os participantes, embora tradicional e majoritariamente sejam provenientes dos cursos da EAD (Escola de Arte Dram\u00e1tica) e do curso de bacharelado em Artes C\u00eanicas, n\u00e3o necessitam ter necessariamente uma forma\u00e7\u00e3o formal em Teatro para participar do concurso, sendo este aberto a todos os alunos da USP interessados.<\/p>\r\n\r\n\r\n\r\n<p>A Mostra de Teatro Nascente possui grande visibilidade, o que torna grande sua relev\u00e2ncia para todos os artistas, sejam eles atores ou diretores. Conta com uma comiss\u00e3o julgadora de reconhecido valor art\u00edstico e intelectual o que torna a participa\u00e7\u00e3o no concurso uma oportunidade \u00fanica de mostrar o trabalho desenvolvido para expoentes da dramaturgia brasileira.<\/p>\r\n\r\n\r\n\r\n<figure class=\"wp-block-image\"><img loading=\"lazy\" decoding=\"async\" width=\"1024\" height=\"682\" class=\"wp-image-2153\" src=\"https:\/\/prceu.usp.br\/nascente\/wp-content\/uploads\/2015\/04\/Depoimentos_Facebook4-1024x682.jpg\" alt=\"\" title=\"\" srcset=\"https:\/\/prceu.usp.br\/nascente\/wp-content\/uploads\/2015\/04\/Depoimentos_Facebook4-1024x682.jpg 1024w, https:\/\/prceu.usp.br\/nascente\/wp-content\/uploads\/2015\/04\/Depoimentos_Facebook4-300x200.jpg 300w, https:\/\/prceu.usp.br\/nascente\/wp-content\/uploads\/2015\/04\/Depoimentos_Facebook4-768x512.jpg 768w, https:\/\/prceu.usp.br\/nascente\/wp-content\/uploads\/2015\/04\/Depoimentos_Facebook4-624x415.jpg 624w, https:\/\/prceu.usp.br\/nascente\/wp-content\/uploads\/2015\/04\/Depoimentos_Facebook4.jpg 1280w\" sizes=\"auto, (max-width: 1024px) 100vw, 1024px\" \/><\/figure>\r\n<p>&nbsp;<\/p>\r\n<p>&nbsp;<\/p>\r\n<h3 style=\"text-align: center;\"><a href=\"https:\/\/prceu.usp.br\/nascente\/premiados-e-finalistas-de-artes-cenicas-30o-nascente-usp\/\"><span style=\"color: #ff99cc;\">CONFIRA OS FINALISTAS E PREMIADOS EM MOSTRA DE ARTES C\u00caNICAS NA 30\u00b0 EDI\u00c7\u00c3O DO NASCENTE!<\/span><\/a><\/h3>\r\n<p>&nbsp;<\/p>\r\n<p>&nbsp;<\/p>","protected":false},"excerpt":{"rendered":"<p>A Mostra de Teatro do Nascente USP \u00e9 composta por todos(as) os grupos\/pe\u00e7as classificados na etapa de pr\u00e9-sele\u00e7\u00e3o, independentemente de sua subcategoria. \u00c9 durante a Mostra que os artistas t\u00eam a oportunidade de trazer ao p\u00fablico o trabalho desenvolvido, e, sobretudo, dar vida extratexto ao conceito, ao ideal presente na obra. Os participantes, embora tradicional [&hellip;]<\/p>\n","protected":false},"author":3,"featured_media":18739,"parent":0,"menu_order":0,"comment_status":"closed","ping_status":"closed","template":"","meta":{"footnotes":""},"categories":[],"tags":[64],"class_list":["post-14232","page","type-page","status-publish","has-post-thumbnail","hentry","tag-artes-cenicas"],"_links":{"self":[{"href":"https:\/\/prceu.usp.br\/nascente\/wp-json\/wp\/v2\/pages\/14232","targetHints":{"allow":["GET"]}}],"collection":[{"href":"https:\/\/prceu.usp.br\/nascente\/wp-json\/wp\/v2\/pages"}],"about":[{"href":"https:\/\/prceu.usp.br\/nascente\/wp-json\/wp\/v2\/types\/page"}],"author":[{"embeddable":true,"href":"https:\/\/prceu.usp.br\/nascente\/wp-json\/wp\/v2\/users\/3"}],"replies":[{"embeddable":true,"href":"https:\/\/prceu.usp.br\/nascente\/wp-json\/wp\/v2\/comments?post=14232"}],"version-history":[{"count":3,"href":"https:\/\/prceu.usp.br\/nascente\/wp-json\/wp\/v2\/pages\/14232\/revisions"}],"predecessor-version":[{"id":18679,"href":"https:\/\/prceu.usp.br\/nascente\/wp-json\/wp\/v2\/pages\/14232\/revisions\/18679"}],"wp:featuredmedia":[{"embeddable":true,"href":"https:\/\/prceu.usp.br\/nascente\/wp-json\/wp\/v2\/media\/18739"}],"wp:attachment":[{"href":"https:\/\/prceu.usp.br\/nascente\/wp-json\/wp\/v2\/media?parent=14232"}],"wp:term":[{"taxonomy":"category","embeddable":true,"href":"https:\/\/prceu.usp.br\/nascente\/wp-json\/wp\/v2\/categories?post=14232"},{"taxonomy":"post_tag","embeddable":true,"href":"https:\/\/prceu.usp.br\/nascente\/wp-json\/wp\/v2\/tags?post=14232"}],"curies":[{"name":"wp","href":"https:\/\/api.w.org\/{rel}","templated":true}]}}