{"id":14350,"date":"2021-06-09T13:03:35","date_gmt":"2021-06-09T16:03:35","guid":{"rendered":"https:\/\/prceu.usp.br\/nascente\/?page_id=14350"},"modified":"2026-02-24T17:56:12","modified_gmt":"2026-02-24T20:56:12","slug":"estatisticas-de-inscritos","status":"publish","type":"page","link":"https:\/\/prceu.usp.br\/nascente\/estatisticas-de-inscritos\/","title":{"rendered":"Estat\u00edsticas de Inscritos"},"content":{"rendered":"<h3 class=\"has-text-align-center wp-block-heading\"><strong>30\u00ba Nascente USP (2023)<\/strong><\/h3>\r\n<h3>\r\n\r\n<\/h3>\r\n<figure class=\"wp-block-table is-style-stripes\">\r\n<table>\r\n<tbody>\r\n<tr>\r\n<td><strong><span class=\"ugb-highlight\" style=\"color: #f78da7;\">2023<\/span><\/strong><\/td>\r\n<td class=\"has-text-align-center\" data-align=\"center\"><span class=\"ugb-highlight\" style=\"color: #f78da7;\"><strong>Trabalhos Inscritos<\/strong><\/span><\/td>\r\n<td class=\"has-text-align-center\" data-align=\"center\"><strong><span class=\"ugb-highlight\" style=\"color: #f78da7;\">Estudantes Inscritos<\/span><\/strong><\/td>\r\n<\/tr>\r\n<tr>\r\n<td><strong>ARTES C\u00caNICAS<\/strong><\/td>\r\n<td class=\"has-text-align-center\" data-align=\"center\">24<\/td>\r\n<td class=\"has-text-align-center\" data-align=\"center\">25<\/td>\r\n<\/tr>\r\n<tr>\r\n<td><strong>ARTES VISUAIS<\/strong><\/td>\r\n<td class=\"has-text-align-center\" data-align=\"center\">314<\/td>\r\n<td class=\"has-text-align-center\" data-align=\"center\">143<\/td>\r\n<\/tr>\r\n<tr>\r\n<td><strong>AUDIOVISUAL<\/strong><\/td>\r\n<td class=\"has-text-align-center\" data-align=\"center\">25<\/td>\r\n<td class=\"has-text-align-center\" data-align=\"center\">37<\/td>\r\n<\/tr>\r\n<tr>\r\n<td><strong>DESIGN<\/strong><\/td>\r\n<td class=\"has-text-align-center\" data-align=\"center\">28<\/td>\r\n<td class=\"has-text-align-center\" data-align=\"center\">46<\/td>\r\n<\/tr>\r\n<tr>\r\n<td><strong>M\u00daSICA ERUDITA<\/strong><\/td>\r\n<td class=\"has-text-align-center\" data-align=\"center\">21<\/td>\r\n<td class=\"has-text-align-center\" data-align=\"center\">22<\/td>\r\n<\/tr>\r\n<tr>\r\n<td><strong>M\u00daSICA POPULAR<\/strong><\/td>\r\n<td class=\"has-text-align-center\" data-align=\"center\">60<\/td>\r\n<td class=\"has-text-align-center\" data-align=\"center\">50<\/td>\r\n<\/tr>\r\n<tr>\r\n<td><strong>TEXTO<\/strong><\/td>\r\n<td class=\"has-text-align-center\" data-align=\"center\">315<\/td>\r\n<td class=\"has-text-align-center\" data-align=\"center\">283<\/td>\r\n<\/tr>\r\n<tr>\r\n<td><strong><em>TOTAL<\/em><\/strong><\/td>\r\n<td class=\"has-text-align-center\" data-align=\"center\"><strong><em>787<\/em><\/strong><\/td>\r\n<td class=\"has-text-align-center\" data-align=\"center\"><strong><em>606<\/em><\/strong><\/td>\r\n<\/tr>\r\n<\/tbody>\r\n<\/table>\r\n<\/figure>\r\n<h3>\u00a0<\/h3>\r\n<h3>\u00a0<\/h3>\r\n<h3 class=\"has-text-align-center\"><strong>29\u00ba Nascente USP (2022)<\/strong><\/h3>\r\n\r\n\r\n\r\n<figure class=\"wp-block-table is-style-stripes\">\r\n<table>\r\n<tbody>\r\n<tr>\r\n<td><strong><span class=\"ugb-highlight\" style=\"color: #f78da7;\">2022<\/span><\/strong><\/td>\r\n<td class=\"has-text-align-center\" data-align=\"center\"><span class=\"ugb-highlight\" style=\"color: #f78da7;\"><strong>Trabalhos Inscritos<\/strong><\/span><\/td>\r\n<td class=\"has-text-align-center\" data-align=\"center\"><strong><span class=\"ugb-highlight\" style=\"color: #f78da7;\">Estudantes Inscritos<\/span><\/strong><\/td>\r\n<\/tr>\r\n<tr>\r\n<td><strong>ARTES C\u00caNICAS<\/strong><\/td>\r\n<td class=\"has-text-align-center\" data-align=\"center\">22<\/td>\r\n<td class=\"has-text-align-center\" data-align=\"center\">66<\/td>\r\n<\/tr>\r\n<tr>\r\n<td><strong>ARTES VISUAIS<\/strong><\/td>\r\n<td class=\"has-text-align-center\" data-align=\"center\">391<\/td>\r\n<td class=\"has-text-align-center\" data-align=\"center\">131<\/td>\r\n<\/tr>\r\n<tr>\r\n<td><strong>AUDIOVISUAL<\/strong><\/td>\r\n<td class=\"has-text-align-center\" data-align=\"center\">18<\/td>\r\n<td class=\"has-text-align-center\" data-align=\"center\">31<\/td>\r\n<\/tr>\r\n<tr>\r\n<td><strong>DESIGN<\/strong><\/td>\r\n<td class=\"has-text-align-center\" data-align=\"center\">29<\/td>\r\n<td class=\"has-text-align-center\" data-align=\"center\">58<\/td>\r\n<\/tr>\r\n<tr>\r\n<td><strong>M\u00daSICA ERUDITA<\/strong><\/td>\r\n<td class=\"has-text-align-center\" data-align=\"center\">23<\/td>\r\n<td class=\"has-text-align-center\" data-align=\"center\">19<\/td>\r\n<\/tr>\r\n<tr>\r\n<td><strong>M\u00daSICA POPULAR<\/strong><\/td>\r\n<td class=\"has-text-align-center\" data-align=\"center\">51<\/td>\r\n<td class=\"has-text-align-center\" data-align=\"center\">46<\/td>\r\n<\/tr>\r\n<tr>\r\n<td><strong>TEXTO<\/strong><\/td>\r\n<td class=\"has-text-align-center\" data-align=\"center\">362<\/td>\r\n<td class=\"has-text-align-center\" data-align=\"center\">304<\/td>\r\n<\/tr>\r\n<tr>\r\n<td><strong><em>TOTAL<\/em><\/strong><\/td>\r\n<td class=\"has-text-align-center\" data-align=\"center\"><strong><em>896<\/em><\/strong><\/td>\r\n<td class=\"has-text-align-center\" data-align=\"center\"><strong><em>655<\/em><\/strong><\/td>\r\n<\/tr>\r\n<\/tbody>\r\n<\/table>\r\n<p>&nbsp;<\/p>\r\n<\/figure>\r\n\r\n<p>&nbsp;<\/p>\r\n\r\n<h3 class=\"has-text-align-center wp-block-heading\"><strong>28\u00ba Nascente USP (2021)<\/strong><\/h3>\r\n\r\n\r\n\r\n<figure class=\"wp-block-table is-style-stripes\">\r\n<table>\r\n<tbody>\r\n<tr>\r\n<td><strong><span class=\"ugb-highlight\" style=\"color: #f78da7;\">2021<\/span><\/strong><\/td>\r\n<td class=\"has-text-align-center\" data-align=\"center\"><span class=\"ugb-highlight\" style=\"color: #f78da7;\"><strong>Trabalhos Inscritos<\/strong><\/span><\/td>\r\n<td class=\"has-text-align-center\" data-align=\"center\"><strong><span class=\"ugb-highlight\" style=\"color: #f78da7;\">Estudantes Inscritos<\/span><\/strong><\/td>\r\n<\/tr>\r\n<tr>\r\n<td><strong>AUDIOVISUAL<\/strong><\/td>\r\n<td class=\"has-text-align-center\" data-align=\"center\">27<\/td>\r\n<td class=\"has-text-align-center\" data-align=\"center\">42<\/td>\r\n<\/tr>\r\n<tr>\r\n<td><strong>ARTES VISUAIS<\/strong><\/td>\r\n<td class=\"has-text-align-center\" data-align=\"center\">200<\/td>\r\n<td class=\"has-text-align-center\" data-align=\"center\">201<\/td>\r\n<\/tr>\r\n<tr>\r\n<td><strong>ARTES C\u00caNICAS<\/strong><\/td>\r\n<td class=\"has-text-align-center\" data-align=\"center\">28<\/td>\r\n<td class=\"has-text-align-center\" data-align=\"center\">33<\/td>\r\n<\/tr>\r\n<tr>\r\n<td><strong>M\u00daSICA ERUDITA<\/strong><\/td>\r\n<td class=\"has-text-align-center\" data-align=\"center\">28<\/td>\r\n<td class=\"has-text-align-center\" data-align=\"center\">30<\/td>\r\n<\/tr>\r\n<tr>\r\n<td><strong>M\u00daSICA POPULAR<\/strong><\/td>\r\n<td class=\"has-text-align-center\" data-align=\"center\">58<\/td>\r\n<td class=\"has-text-align-center\" data-align=\"center\">64<\/td>\r\n<\/tr>\r\n<tr>\r\n<td><strong>DESIGN<\/strong><\/td>\r\n<td class=\"has-text-align-center\" data-align=\"center\">23<\/td>\r\n<td class=\"has-text-align-center\" data-align=\"center\">35<\/td>\r\n<\/tr>\r\n<tr>\r\n<td><strong>TEXTO<\/strong><\/td>\r\n<td class=\"has-text-align-center\" data-align=\"center\">336<\/td>\r\n<td class=\"has-text-align-center\" data-align=\"center\">336<\/td>\r\n<\/tr>\r\n<tr>\r\n<td><strong><em>TOTAL<\/em><\/strong><\/td>\r\n<td class=\"has-text-align-center\" data-align=\"center\"><strong><em>700<\/em><\/strong><\/td>\r\n<td class=\"has-text-align-center\" data-align=\"center\"><strong><em>741<\/em><\/strong><\/td>\r\n<\/tr>\r\n<\/tbody>\r\n<\/table>\r\n<p>&nbsp;<\/p>\r\n<\/figure>\r\n\r\n\r\n\r\n<div class=\"wp-block-spacer\" style=\"height: 50px;\" aria-hidden=\"true\">\r\n<p class=\"has-text-align-center\"><em><span class=\"ugb-highlight\" style=\"color: #f78da7;\"><strong>Por conta da pandemia da Covid-19 n\u00e3o realizamos edi\u00e7\u00e3o do concurso em 2020.<\/strong><\/span><\/em><\/p>\r\n<\/div>\r\n<p>&nbsp;<\/p>\r\n\r\n\r\n\r\n<h3 class=\"has-text-align-center wp-block-heading\"><strong>27\u00ba Nascente USP (2019)<\/strong><\/h3>\r\n\r\n\r\n\r\n<figure class=\"wp-block-table is-style-stripes\">\r\n<table>\r\n<tbody>\r\n<tr>\r\n<td><strong><span class=\"ugb-highlight\" style=\"color: #f78da7;\">2019<\/span><\/strong><\/td>\r\n<td class=\"has-text-align-center\" data-align=\"center\"><span class=\"ugb-highlight\" style=\"color: #f78da7;\"><strong>Trabalhos Inscritos<\/strong><\/span><\/td>\r\n<td class=\"has-text-align-center\" data-align=\"center\"><strong><span class=\"ugb-highlight\" style=\"color: #f78da7;\">Estudantes Inscritos<\/span><\/strong><\/td>\r\n<\/tr>\r\n<tr>\r\n<td><strong>AUDIOVISUAL<\/strong><\/td>\r\n<td class=\"has-text-align-center\" data-align=\"center\">23<\/td>\r\n<td class=\"has-text-align-center\" data-align=\"center\">36<\/td>\r\n<\/tr>\r\n<tr>\r\n<td><strong>ARTES VISUAIS<\/strong><\/td>\r\n<td class=\"has-text-align-center\" data-align=\"center\">164<\/td>\r\n<td class=\"has-text-align-center\" data-align=\"center\">170<\/td>\r\n<\/tr>\r\n<tr>\r\n<td><strong>ARTES C\u00caNICAS<\/strong><\/td>\r\n<td class=\"has-text-align-center\" data-align=\"center\">09<\/td>\r\n<td class=\"has-text-align-center\" data-align=\"center\">40<\/td>\r\n<\/tr>\r\n<tr>\r\n<td><strong>M\u00daSICA ERUDITA<\/strong><\/td>\r\n<td class=\"has-text-align-center\" data-align=\"center\">20<\/td>\r\n<td class=\"has-text-align-center\" data-align=\"center\">35<\/td>\r\n<\/tr>\r\n<tr>\r\n<td><strong>M\u00daSICA POPULAR<\/strong><\/td>\r\n<td class=\"has-text-align-center\" data-align=\"center\">32<\/td>\r\n<td class=\"has-text-align-center\" data-align=\"center\">37<\/td>\r\n<\/tr>\r\n<tr>\r\n<td><strong>DESIGN<\/strong><\/td>\r\n<td class=\"has-text-align-center\" data-align=\"center\">20<\/td>\r\n<td class=\"has-text-align-center\" data-align=\"center\">53<\/td>\r\n<\/tr>\r\n<tr>\r\n<td><strong>TEXTO<\/strong><\/td>\r\n<td class=\"has-text-align-center\" data-align=\"center\">322<\/td>\r\n<td class=\"has-text-align-center\" data-align=\"center\">323<\/td>\r\n<\/tr>\r\n<tr>\r\n<td><strong><em>TOTAL<\/em><\/strong><\/td>\r\n<td class=\"has-text-align-center\" data-align=\"center\"><strong><em>590<\/em><\/strong><\/td>\r\n<td class=\"has-text-align-center\" data-align=\"center\"><strong><em>694<\/em><\/strong><\/td>\r\n<\/tr>\r\n<\/tbody>\r\n<\/table>\r\n<\/figure>\r\n\r\n\r\n\r\n<div class=\"wp-block-spacer\" style=\"height: 50px;\" aria-hidden=\"true\">\u00a0<\/div>\r\n\r\n\r\n\r\n<h3 class=\"has-text-align-center wp-block-heading\"><strong>26\u00ba Nascente USP (2018)<\/strong><\/h3>\r\n\r\n\r\n\r\n<figure class=\"wp-block-table is-style-stripes\">\r\n<table>\r\n<tbody>\r\n<tr>\r\n<td><strong><span class=\"ugb-highlight\" style=\"color: #f78da7;\">2018<\/span><\/strong><\/td>\r\n<td class=\"has-text-align-center\" data-align=\"center\"><span class=\"ugb-highlight\" style=\"color: #f78da7;\"><strong>Trabalhos Inscritos<\/strong><\/span><\/td>\r\n<td class=\"has-text-align-center\" data-align=\"center\"><strong><span class=\"ugb-highlight\" style=\"color: #f78da7;\">Estudantes Inscritos<\/span><\/strong><\/td>\r\n<\/tr>\r\n<tr>\r\n<td><strong>AUDIOVISUAL<\/strong><\/td>\r\n<td class=\"has-text-align-center\" data-align=\"center\">30<\/td>\r\n<td class=\"has-text-align-center\" data-align=\"center\">42<\/td>\r\n<\/tr>\r\n<tr>\r\n<td><strong>ARTES VISUAIS<\/strong><\/td>\r\n<td class=\"has-text-align-center\" data-align=\"center\">156<\/td>\r\n<td class=\"has-text-align-center\" data-align=\"center\">160<\/td>\r\n<\/tr>\r\n<tr>\r\n<td><strong>ARTES C\u00caNICAS<\/strong><\/td>\r\n<td class=\"has-text-align-center\" data-align=\"center\">09<\/td>\r\n<td class=\"has-text-align-center\" data-align=\"center\">32<\/td>\r\n<\/tr>\r\n<tr>\r\n<td><strong>M\u00daSICA ERUDITA<\/strong><\/td>\r\n<td class=\"has-text-align-center\" data-align=\"center\">17<\/td>\r\n<td class=\"has-text-align-center\" data-align=\"center\">20<\/td>\r\n<\/tr>\r\n<tr>\r\n<td><strong>M\u00daSICA POPULAR<\/strong><\/td>\r\n<td class=\"has-text-align-center\" data-align=\"center\">39<\/td>\r\n<td class=\"has-text-align-center\" data-align=\"center\">45<\/td>\r\n<\/tr>\r\n<tr>\r\n<td><strong>DESIGN<\/strong><\/td>\r\n<td class=\"has-text-align-center\" data-align=\"center\">17<\/td>\r\n<td class=\"has-text-align-center\" data-align=\"center\">42<\/td>\r\n<\/tr>\r\n<tr>\r\n<td><strong>TEXTO<\/strong><\/td>\r\n<td class=\"has-text-align-center\" data-align=\"center\">280<\/td>\r\n<td class=\"has-text-align-center\" data-align=\"center\">280<\/td>\r\n<\/tr>\r\n<tr>\r\n<td><strong><em>TOTAL<\/em><\/strong><\/td>\r\n<td class=\"has-text-align-center\" data-align=\"center\"><strong><em>548<\/em><\/strong><\/td>\r\n<td class=\"has-text-align-center\" data-align=\"center\"><strong><em>621<\/em><\/strong><\/td>\r\n<\/tr>\r\n<\/tbody>\r\n<\/table>\r\n<\/figure>\r\n\r\n\r\n\r\n<div class=\"wp-block-spacer\" style=\"height: 50px;\" aria-hidden=\"true\">\u00a0<\/div>\r\n\r\n\r\n\r\n<h3 class=\"has-text-align-center wp-block-heading\"><strong>25\u00ba Nascente USP (2017)<\/strong><\/h3>\r\n\r\n\r\n\r\n<p>&nbsp;<\/p>\r\n\r\n\r\n\r\n<figure class=\"wp-block-table is-style-stripes\">\r\n<table>\r\n<tbody>\r\n<tr>\r\n<td><strong><span class=\"ugb-highlight\" style=\"color: #f78da7;\">2017<\/span><\/strong><\/td>\r\n<td class=\"has-text-align-center\" data-align=\"center\"><span class=\"ugb-highlight\" style=\"color: #f78da7;\"><strong>Trabalhos Inscritos<\/strong><\/span><\/td>\r\n<td class=\"has-text-align-center\" data-align=\"center\"><strong><span class=\"ugb-highlight\" style=\"color: #f78da7;\">Estudantes Inscritos<\/span><\/strong><\/td>\r\n<\/tr>\r\n<tr>\r\n<td><strong>AUDIOVISUAL<\/strong><\/td>\r\n<td class=\"has-text-align-center\" data-align=\"center\">16<\/td>\r\n<td class=\"has-text-align-center\" data-align=\"center\">22<\/td>\r\n<\/tr>\r\n<tr>\r\n<td><strong>ARTES VISUAIS<\/strong><\/td>\r\n<td class=\"has-text-align-center\" data-align=\"center\">156<\/td>\r\n<td class=\"has-text-align-center\" data-align=\"center\">160<\/td>\r\n<\/tr>\r\n<tr>\r\n<td><strong>ARTES C\u00caNICAS<\/strong><\/td>\r\n<td class=\"has-text-align-center\" data-align=\"center\">10<\/td>\r\n<td class=\"has-text-align-center\" data-align=\"center\">20<\/td>\r\n<\/tr>\r\n<tr>\r\n<td><strong>M\u00daSICA ERUDITA<\/strong><\/td>\r\n<td class=\"has-text-align-center\" data-align=\"center\">25<\/td>\r\n<td class=\"has-text-align-center\" data-align=\"center\">36<\/td>\r\n<\/tr>\r\n<tr>\r\n<td><strong>M\u00daSICA POPULAR<\/strong><\/td>\r\n<td class=\"has-text-align-center\" data-align=\"center\">40<\/td>\r\n<td class=\"has-text-align-center\" data-align=\"center\">48<\/td>\r\n<\/tr>\r\n<tr>\r\n<td><strong>DESIGN<\/strong><\/td>\r\n<td class=\"has-text-align-center\" data-align=\"center\">27<\/td>\r\n<td class=\"has-text-align-center\" data-align=\"center\">68<\/td>\r\n<\/tr>\r\n<tr>\r\n<td><strong>TEXTO<\/strong><\/td>\r\n<td class=\"has-text-align-center\" data-align=\"center\">270<\/td>\r\n<td class=\"has-text-align-center\" data-align=\"center\">270<\/td>\r\n<\/tr>\r\n<tr>\r\n<td><strong><em>TOTAL<\/em><\/strong><\/td>\r\n<td class=\"has-text-align-center\" data-align=\"center\"><strong><em>547<\/em><\/strong><\/td>\r\n<td class=\"has-text-align-center\" data-align=\"center\"><strong><em>634<\/em><\/strong><\/td>\r\n<\/tr>\r\n<\/tbody>\r\n<\/table>\r\n<\/figure>\r\n\r\n\r\n\r\n<h3 class=\"has-text-align-center wp-block-heading\"><br \/><br \/><strong>Veja os PDFs com mais dados<\/strong><\/h3>\r\n\r\n\r\n\r\n<div class=\"wp-block-columns is-layout-flex wp-container-core-columns-is-layout-9d6595d7 wp-block-columns-is-layout-flex\">\r\n<div class=\"wp-block-column is-layout-flow wp-block-column-is-layout-flow\">\r\n<p>2023<\/p>\r\n<iframe loading=\"lazy\" class=\"wonderplugin-pdf-iframe\" src=\"https:\/\/prceu.usp.br\/nascente\/wp-content\/plugins\/wonderplugin-pdf-embed\/pdfjslight\/web\/viewer.html?v=2&file=https:\/\/prceu.usp.br\/nascente\/wp-content\/uploads\/2023\/12\/ESTATISTICAS-NASCENTE-USP-2023_compressed-2.pdf\" width=\"100%\" height=\"300px\" style=\"border:0;\"><\/iframe>\r\n<p class=\"has-text-align-center\">2021<\/p>\r\n\r\n\r\n<iframe loading=\"lazy\" class=\"wonderplugin-pdf-iframe\" src=\"https:\/\/prceu.usp.br\/nascente\/wp-content\/plugins\/wonderplugin-pdf-embed\/pdfjslight\/web\/viewer.html?v=2&file=https:\/\/prceu.usp.br\/nascente\/wp-content\/uploads\/2021\/08\/2021-Estatisticas-Inscritos-NASCENTE-28.pdf\" width=\"100%\" height=\"300px\" style=\"border:0;\"><\/iframe>\n<\/div>\r\n\r\n\r\n\r\n<div class=\"wp-block-column is-layout-flow wp-block-column-is-layout-flow\">\r\n<p class=\"has-text-align-center\">2019<\/p>\r\n\r\n\r\n<iframe loading=\"lazy\" class=\"wonderplugin-pdf-iframe\" src=\"https:\/\/prceu.usp.br\/nascente\/wp-content\/plugins\/wonderplugin-pdf-embed\/pdfjslight\/web\/viewer.html?v=2&file=https:\/\/prceu.usp.br\/nascente\/wp-content\/uploads\/2019\/07\/nascente-nascente-2019-usp-panorama-das-inscricoes.pdf\" width=\"100%\" height=\"300px\" style=\"border:0;\"><\/iframe>\n<\/div>\r\n\r\n\r\n\r\n<div class=\"wp-block-column is-layout-flow wp-block-column-is-layout-flow\">\r\n<p class=\"has-text-align-center\">2018<\/p>\r\n\r\n\r\n<iframe loading=\"lazy\" class=\"wonderplugin-pdf-iframe\" src=\"https:\/\/prceu.usp.br\/nascente\/wp-content\/plugins\/wonderplugin-pdf-embed\/pdfjslight\/web\/viewer.html?v=2&file=https:\/\/prceu.usp.br\/nascente\/wp-content\/uploads\/2019\/07\/nascente-nascente-2018-usp-panorama-das-inscricoes-4.pdf\" width=\"100%\" height=\"300px\" style=\"border:0;\"><\/iframe>\n<\/div>\r\n<\/div>","protected":false},"excerpt":{"rendered":"<p>30\u00ba Nascente USP (2023) 2023 Trabalhos Inscritos Estudantes Inscritos ARTES C\u00caNICAS 24 25 ARTES VISUAIS 314 143 AUDIOVISUAL 25 37 DESIGN 28 46 M\u00daSICA ERUDITA 21 22 M\u00daSICA POPULAR 60 50 TEXTO 315 283 TOTAL 787 606 \u00a0 \u00a0 29\u00ba Nascente USP (2022) 2022 Trabalhos Inscritos Estudantes Inscritos ARTES C\u00caNICAS 22 66 ARTES VISUAIS 391 [&hellip;]<\/p>\n","protected":false},"author":3,"featured_media":18748,"parent":0,"menu_order":0,"comment_status":"closed","ping_status":"closed","template":"","meta":{"footnotes":""},"categories":[],"tags":[],"class_list":["post-14350","page","type-page","status-publish","has-post-thumbnail","hentry"],"_links":{"self":[{"href":"https:\/\/prceu.usp.br\/nascente\/wp-json\/wp\/v2\/pages\/14350","targetHints":{"allow":["GET"]}}],"collection":[{"href":"https:\/\/prceu.usp.br\/nascente\/wp-json\/wp\/v2\/pages"}],"about":[{"href":"https:\/\/prceu.usp.br\/nascente\/wp-json\/wp\/v2\/types\/page"}],"author":[{"embeddable":true,"href":"https:\/\/prceu.usp.br\/nascente\/wp-json\/wp\/v2\/users\/3"}],"replies":[{"embeddable":true,"href":"https:\/\/prceu.usp.br\/nascente\/wp-json\/wp\/v2\/comments?post=14350"}],"version-history":[{"count":1,"href":"https:\/\/prceu.usp.br\/nascente\/wp-json\/wp\/v2\/pages\/14350\/revisions"}],"predecessor-version":[{"id":18749,"href":"https:\/\/prceu.usp.br\/nascente\/wp-json\/wp\/v2\/pages\/14350\/revisions\/18749"}],"wp:featuredmedia":[{"embeddable":true,"href":"https:\/\/prceu.usp.br\/nascente\/wp-json\/wp\/v2\/media\/18748"}],"wp:attachment":[{"href":"https:\/\/prceu.usp.br\/nascente\/wp-json\/wp\/v2\/media?parent=14350"}],"wp:term":[{"taxonomy":"category","embeddable":true,"href":"https:\/\/prceu.usp.br\/nascente\/wp-json\/wp\/v2\/categories?post=14350"},{"taxonomy":"post_tag","embeddable":true,"href":"https:\/\/prceu.usp.br\/nascente\/wp-json\/wp\/v2\/tags?post=14350"}],"curies":[{"name":"wp","href":"https:\/\/api.w.org\/{rel}","templated":true}]}}