{"id":15328,"date":"2021-12-21T18:01:42","date_gmt":"2021-12-21T21:01:42","guid":{"rendered":"https:\/\/prceu.usp.br\/nascente\/?page_id=15328"},"modified":"2023-12-16T23:43:51","modified_gmt":"2023-12-17T02:43:51","slug":"premiados-2023","status":"publish","type":"page","link":"https:\/\/prceu.usp.br\/nascente\/premiados-2023\/","title":{"rendered":"Premia\u00e7\u00f5es 2023"},"content":{"rendered":"<h4><div class=\"su-youtube su-u-responsive-media-yes\"><iframe loading=\"lazy\" width=\"1020\" height=\"800\" src=\"https:\/\/www.youtube.com\/embed\/Jut6wzdV2tg?autohide=2&amp;autoplay=0&amp;mute=0&amp;controls=1&amp;fs=1&amp;loop=0&amp;modestbranding=0&amp;rel=1&amp;showinfo=1&amp;theme=dark&amp;wmode=&amp;playsinline=0\" frameborder=\"0\" allowfullscreen allow=\"autoplay; encrypted-media; picture-in-picture\" title=\"2023\"><\/iframe><\/div><\/h4>\n<h4>Confira os (as) premiados (as) desta edi\u00e7\u00e3o:<\/h4>\n<p>&nbsp;<\/p>\n<h4><strong>VENCEDORES (AS)<\/strong><\/h4>\n<p>&nbsp;<\/p>\n<iframe loading=\"lazy\" class=\"wonderplugin-pdf-iframe\" src=\"https:\/\/prceu.usp.br\/nascente\/wp-content\/plugins\/wonderplugin-pdf-embed\/pdfjslight\/web\/viewer.html?v=2&file=https:\/\/prceu.usp.br\/nascente\/wp-content\/uploads\/2023\/11\/Premiados-Nascente-2023-VENCEDORES-E-VENCEDORAS-1.pdf\" width=\"100%\" height=\"600px\" style=\"border:0;\"><\/iframe>\n<p>&nbsp;<\/p>\n<p>&nbsp;<\/p>\n<h4><strong>MEN\u00c7\u00d5ES HONROSAS<\/strong><\/h4>\n<iframe loading=\"lazy\" class=\"wonderplugin-pdf-iframe\" src=\"https:\/\/prceu.usp.br\/nascente\/wp-content\/plugins\/wonderplugin-pdf-embed\/pdfjslight\/web\/viewer.html?v=2&file=https:\/\/prceu.usp.br\/nascente\/wp-content\/uploads\/2023\/11\/Premiados-Nascente-2023-MENCOES-HONROSAS-1.pdf\" width=\"100%\" height=\"600px\" style=\"border:0;\"><\/iframe>\n<p>&nbsp;<\/p>\n<div id=\"attachment_18240\" style=\"width: 1034px\" class=\"wp-caption aligncenter\"><img loading=\"lazy\" decoding=\"async\" aria-describedby=\"caption-attachment-18240\" class=\"wp-image-18240 size-large\" src=\"https:\/\/prceu.usp.br\/nascente\/wp-content\/uploads\/2023\/11\/2023-Nascente-USP-Premiacao-3466-1024x683.jpg\" alt=\"2023 Nascente Usp Premia\u00e7\u00e3o 3466\" width=\"1024\" height=\"683\" title=\"\" srcset=\"https:\/\/prceu.usp.br\/nascente\/wp-content\/uploads\/2023\/11\/2023-Nascente-USP-Premiacao-3466-1024x683.jpg 1024w, https:\/\/prceu.usp.br\/nascente\/wp-content\/uploads\/2023\/11\/2023-Nascente-USP-Premiacao-3466-1536x1024.jpg 1536w, https:\/\/prceu.usp.br\/nascente\/wp-content\/uploads\/2023\/11\/2023-Nascente-USP-Premiacao-3466-300x200.jpg 300w, https:\/\/prceu.usp.br\/nascente\/wp-content\/uploads\/2023\/11\/2023-Nascente-USP-Premiacao-3466-768x512.jpg 768w, https:\/\/prceu.usp.br\/nascente\/wp-content\/uploads\/2023\/11\/2023-Nascente-USP-Premiacao-3466.jpg 2048w\" sizes=\"auto, (max-width: 1024px) 100vw, 1024px\" \/><p id=\"caption-attachment-18240\" class=\"wp-caption-text\">Jessica Linhares e Cintia Moraes &#8211; vencedoras em M\u00fasica Popular (2023)<\/p><\/div>\n<p>&nbsp;<\/p>\n<div id=\"attachment_18244\" style=\"width: 1034px\" class=\"wp-caption aligncenter\"><img loading=\"lazy\" decoding=\"async\" aria-describedby=\"caption-attachment-18244\" class=\"wp-image-18244 size-large\" src=\"https:\/\/prceu.usp.br\/nascente\/wp-content\/uploads\/2023\/11\/2023-Nascente-USP-Premiacao-3551-1024x683.jpg\" alt=\" \" width=\"1024\" height=\"683\" title=\"\" srcset=\"https:\/\/prceu.usp.br\/nascente\/wp-content\/uploads\/2023\/11\/2023-Nascente-USP-Premiacao-3551-1024x683.jpg 1024w, https:\/\/prceu.usp.br\/nascente\/wp-content\/uploads\/2023\/11\/2023-Nascente-USP-Premiacao-3551-1536x1024.jpg 1536w, https:\/\/prceu.usp.br\/nascente\/wp-content\/uploads\/2023\/11\/2023-Nascente-USP-Premiacao-3551-300x200.jpg 300w, https:\/\/prceu.usp.br\/nascente\/wp-content\/uploads\/2023\/11\/2023-Nascente-USP-Premiacao-3551-768x512.jpg 768w, https:\/\/prceu.usp.br\/nascente\/wp-content\/uploads\/2023\/11\/2023-Nascente-USP-Premiacao-3551.jpg 2048w\" sizes=\"auto, (max-width: 1024px) 100vw, 1024px\" \/><p id=\"caption-attachment-18244\" class=\"wp-caption-text\">Lucas Vieira e Victor Pompermayer &#8211; vencedores em M\u00fasica Erudita (2023)<\/p><\/div>\n<div id=\"attachment_18245\" style=\"width: 1034px\" class=\"wp-caption aligncenter\"><img loading=\"lazy\" decoding=\"async\" aria-describedby=\"caption-attachment-18245\" class=\"wp-image-18245 size-large\" src=\"https:\/\/prceu.usp.br\/nascente\/wp-content\/uploads\/2023\/11\/2023-Nascente-USP-Premiacao-3626-1024x683.jpg\" alt=\"\" width=\"1024\" height=\"683\" title=\"\" srcset=\"https:\/\/prceu.usp.br\/nascente\/wp-content\/uploads\/2023\/11\/2023-Nascente-USP-Premiacao-3626-1024x683.jpg 1024w, https:\/\/prceu.usp.br\/nascente\/wp-content\/uploads\/2023\/11\/2023-Nascente-USP-Premiacao-3626-1536x1024.jpg 1536w, https:\/\/prceu.usp.br\/nascente\/wp-content\/uploads\/2023\/11\/2023-Nascente-USP-Premiacao-3626-300x200.jpg 300w, https:\/\/prceu.usp.br\/nascente\/wp-content\/uploads\/2023\/11\/2023-Nascente-USP-Premiacao-3626-768x512.jpg 768w, https:\/\/prceu.usp.br\/nascente\/wp-content\/uploads\/2023\/11\/2023-Nascente-USP-Premiacao-3626.jpg 2048w\" sizes=\"auto, (max-width: 1024px) 100vw, 1024px\" \/><p id=\"caption-attachment-18245\" class=\"wp-caption-text\">Diuliane de Castilhos &#8211; Vencedora em Texto (2023)<\/p><\/div>\n<div id=\"attachment_18246\" style=\"width: 1034px\" class=\"wp-caption aligncenter\"><img loading=\"lazy\" decoding=\"async\" aria-describedby=\"caption-attachment-18246\" class=\"wp-image-18246 size-large\" src=\"https:\/\/prceu.usp.br\/nascente\/wp-content\/uploads\/2023\/11\/2023-Nascente-USP-Premiacao-3709-1024x683.jpg\" alt=\"\" width=\"1024\" height=\"683\" title=\"\" srcset=\"https:\/\/prceu.usp.br\/nascente\/wp-content\/uploads\/2023\/11\/2023-Nascente-USP-Premiacao-3709-1024x683.jpg 1024w, https:\/\/prceu.usp.br\/nascente\/wp-content\/uploads\/2023\/11\/2023-Nascente-USP-Premiacao-3709-1536x1024.jpg 1536w, https:\/\/prceu.usp.br\/nascente\/wp-content\/uploads\/2023\/11\/2023-Nascente-USP-Premiacao-3709-300x200.jpg 300w, https:\/\/prceu.usp.br\/nascente\/wp-content\/uploads\/2023\/11\/2023-Nascente-USP-Premiacao-3709-768x512.jpg 768w, https:\/\/prceu.usp.br\/nascente\/wp-content\/uploads\/2023\/11\/2023-Nascente-USP-Premiacao-3709.jpg 2048w\" sizes=\"auto, (max-width: 1024px) 100vw, 1024px\" \/><p id=\"caption-attachment-18246\" class=\"wp-caption-text\">Thomaz Pedro e Fer Longhi &#8211; Vencedores em Audiovisual (2023)<\/p><\/div>\n<div id=\"attachment_18248\" style=\"width: 693px\" class=\"wp-caption aligncenter\"><img loading=\"lazy\" decoding=\"async\" aria-describedby=\"caption-attachment-18248\" class=\"wp-image-18248 size-large\" src=\"https:\/\/prceu.usp.br\/nascente\/wp-content\/uploads\/2023\/11\/2023-Nascente-USP-Premiacao-4092-683x1024.jpg\" alt=\" \" width=\"683\" height=\"1024\" title=\"\" srcset=\"https:\/\/prceu.usp.br\/nascente\/wp-content\/uploads\/2023\/11\/2023-Nascente-USP-Premiacao-4092-683x1024.jpg 683w, https:\/\/prceu.usp.br\/nascente\/wp-content\/uploads\/2023\/11\/2023-Nascente-USP-Premiacao-4092-1024x1536.jpg 1024w, https:\/\/prceu.usp.br\/nascente\/wp-content\/uploads\/2023\/11\/2023-Nascente-USP-Premiacao-4092-200x300.jpg 200w, https:\/\/prceu.usp.br\/nascente\/wp-content\/uploads\/2023\/11\/2023-Nascente-USP-Premiacao-4092-768x1152.jpg 768w, https:\/\/prceu.usp.br\/nascente\/wp-content\/uploads\/2023\/11\/2023-Nascente-USP-Premiacao-4092.jpg 1365w\" sizes=\"auto, (max-width: 683px) 100vw, 683px\" \/><p id=\"caption-attachment-18248\" class=\"wp-caption-text\">Edilaine Cunha &#8211; Vencedora em Artes Visuais (2023)<\/p><\/div>\n<div id=\"attachment_18252\" style=\"width: 1034px\" class=\"wp-caption aligncenter\"><img loading=\"lazy\" decoding=\"async\" aria-describedby=\"caption-attachment-18252\" class=\"wp-image-18252 size-large\" src=\"https:\/\/prceu.usp.br\/nascente\/wp-content\/uploads\/2023\/11\/2023-Nascente-USP-Premiacao-3800-1024x683.jpg\" alt=\"\" width=\"1024\" height=\"683\" title=\"\" srcset=\"https:\/\/prceu.usp.br\/nascente\/wp-content\/uploads\/2023\/11\/2023-Nascente-USP-Premiacao-3800-1024x683.jpg 1024w, https:\/\/prceu.usp.br\/nascente\/wp-content\/uploads\/2023\/11\/2023-Nascente-USP-Premiacao-3800-1536x1024.jpg 1536w, https:\/\/prceu.usp.br\/nascente\/wp-content\/uploads\/2023\/11\/2023-Nascente-USP-Premiacao-3800-300x200.jpg 300w, https:\/\/prceu.usp.br\/nascente\/wp-content\/uploads\/2023\/11\/2023-Nascente-USP-Premiacao-3800-768x512.jpg 768w, https:\/\/prceu.usp.br\/nascente\/wp-content\/uploads\/2023\/11\/2023-Nascente-USP-Premiacao-3800.jpg 2048w\" sizes=\"auto, (max-width: 1024px) 100vw, 1024px\" \/><p id=\"caption-attachment-18252\" class=\"wp-caption-text\">J\u00falia Marquez e Ricardo Hiroyuki Makino &#8211; Alessandra Nishiyama &#8211; Giulia &#8211; Lika Kurosawa Tomita &#8211; Victoria Janostiac &#8211; vencedores e vencedoras de Design (2023)<\/p><\/div>\n<div id=\"attachment_18254\" style=\"width: 1034px\" class=\"wp-caption aligncenter\"><img loading=\"lazy\" decoding=\"async\" aria-describedby=\"caption-attachment-18254\" class=\"wp-image-18254 size-large\" src=\"https:\/\/prceu.usp.br\/nascente\/wp-content\/uploads\/2023\/11\/2023-Nascente-USP-Premiacao-4023-1024x683.jpg\" alt=\"\" width=\"1024\" height=\"683\" title=\"\" srcset=\"https:\/\/prceu.usp.br\/nascente\/wp-content\/uploads\/2023\/11\/2023-Nascente-USP-Premiacao-4023-1024x683.jpg 1024w, https:\/\/prceu.usp.br\/nascente\/wp-content\/uploads\/2023\/11\/2023-Nascente-USP-Premiacao-4023-1536x1024.jpg 1536w, https:\/\/prceu.usp.br\/nascente\/wp-content\/uploads\/2023\/11\/2023-Nascente-USP-Premiacao-4023-300x200.jpg 300w, https:\/\/prceu.usp.br\/nascente\/wp-content\/uploads\/2023\/11\/2023-Nascente-USP-Premiacao-4023-768x512.jpg 768w, https:\/\/prceu.usp.br\/nascente\/wp-content\/uploads\/2023\/11\/2023-Nascente-USP-Premiacao-4023.jpg 2048w\" sizes=\"auto, (max-width: 1024px) 100vw, 1024px\" \/><p id=\"caption-attachment-18254\" class=\"wp-caption-text\">Elisa Band e Ana Alencar &#8211; Vencedoras em Artes C\u00eanicas (2023)<\/p><\/div>\n<p>&nbsp;","protected":false},"excerpt":{"rendered":"<p>Confira os (as) premiados (as) desta edi\u00e7\u00e3o: &nbsp; VENCEDORES (AS) &nbsp; &nbsp; &nbsp; MEN\u00c7\u00d5ES HONROSAS &nbsp; &nbsp; &nbsp;<\/p>\n","protected":false},"author":3,"featured_media":18232,"parent":0,"menu_order":0,"comment_status":"closed","ping_status":"closed","template":"","meta":{"footnotes":""},"categories":[74,10,17,75],"tags":[],"class_list":["post-15328","page","type-page","status-publish","has-post-thumbnail","hentry","category-eventos-veja-mais","category-finalistas","category-geral-faq","category-noticias-veja-mais"],"_links":{"self":[{"href":"https:\/\/prceu.usp.br\/nascente\/wp-json\/wp\/v2\/pages\/15328","targetHints":{"allow":["GET"]}}],"collection":[{"href":"https:\/\/prceu.usp.br\/nascente\/wp-json\/wp\/v2\/pages"}],"about":[{"href":"https:\/\/prceu.usp.br\/nascente\/wp-json\/wp\/v2\/types\/page"}],"author":[{"embeddable":true,"href":"https:\/\/prceu.usp.br\/nascente\/wp-json\/wp\/v2\/users\/3"}],"replies":[{"embeddable":true,"href":"https:\/\/prceu.usp.br\/nascente\/wp-json\/wp\/v2\/comments?post=15328"}],"version-history":[{"count":0,"href":"https:\/\/prceu.usp.br\/nascente\/wp-json\/wp\/v2\/pages\/15328\/revisions"}],"wp:featuredmedia":[{"embeddable":true,"href":"https:\/\/prceu.usp.br\/nascente\/wp-json\/wp\/v2\/media\/18232"}],"wp:attachment":[{"href":"https:\/\/prceu.usp.br\/nascente\/wp-json\/wp\/v2\/media?parent=15328"}],"wp:term":[{"taxonomy":"category","embeddable":true,"href":"https:\/\/prceu.usp.br\/nascente\/wp-json\/wp\/v2\/categories?post=15328"},{"taxonomy":"post_tag","embeddable":true,"href":"https:\/\/prceu.usp.br\/nascente\/wp-json\/wp\/v2\/tags?post=15328"}],"curies":[{"name":"wp","href":"https:\/\/api.w.org\/{rel}","templated":true}]}}