{"id":17929,"date":"2023-10-10T15:38:05","date_gmt":"2023-10-10T18:38:05","guid":{"rendered":"https:\/\/prceu.usp.br\/nascente\/?page_id=17929"},"modified":"2023-11-30T19:57:00","modified_gmt":"2023-11-30T22:57:00","slug":"programacao-semana-nascente-2023","status":"publish","type":"page","link":"https:\/\/prceu.usp.br\/nascente\/programacao-semana-nascente-2023\/","title":{"rendered":"PROGRAMA\u00c7\u00c3O SEMANA NASCENTE 2023"},"content":{"rendered":"<h4>A Semana Nascente \u00e9 o momento em que os finalistas do concurso que concorrem ao pr\u00eamio nas categorias de Artes C\u00eanicas, M\u00fasica Erudita, M\u00fasica Popular e Texto t\u00eam a chance de apresentar o seu trabalho nas Mostras e no Sarau Liter\u00e1rio.<\/h4>\n<h4><i>As apresenta\u00e7\u00f5es s\u00e3o presenciais, gratuitas e abertas ao p\u00fablico em geral.<\/i><\/h4>\n<h4>Confira abaixo a programa\u00e7\u00e3o de cada dia, e participe voc\u00ea tamb\u00e9m deste momento importante e \u00fanico para os artistas!<\/h4>\n<div class=\"su-tabs su-tabs-style-default su-tabs-mobile-stack\" data-active=\"1\" data-scroll-offset=\"0\" data-anchor-in-url=\"\"><div class=\"su-tabs-nav\"><span class=\"\" data-url=\"\" data-target=\"blank\" tabindex=\"0\" role=\"button\">segunda-feira <strong>23\/10<\/strong><\/span><span class=\"\" data-url=\"\" data-target=\"blank\" tabindex=\"0\" role=\"button\"><strong>quarta-feira <\/strong>25\/10<\/span><span class=\"\" data-url=\"\" data-target=\"blank\" tabindex=\"0\" role=\"button\"><strong>quinta-feira<\/strong> 26\/10<\/span><span class=\"\" data-url=\"\" data-target=\"blank\" tabindex=\"0\" role=\"button\"><strong>sexta-feira<\/strong> 27\/10<\/span><\/div><div class=\"su-tabs-panes\"><div class=\"su-tabs-pane su-u-clearfix su-u-trim\" data-title=\"segunda-feira &lt;strong&gt;23\/10&lt;\/strong&gt;\">\n<div class=\"su-box su-box-style-default\" id=\"\" style=\"border-color:#86003d;border-radius:5px;max-width:none\"><div class=\"su-box-title\" style=\"background-color:#B91F70;color:#FFFFFF;border-top-left-radius:3px;border-top-right-radius:3px\"><strong>SARAU LITER\u00c1RIO<\/strong><\/div><div class=\"su-box-content su-u-clearfix su-u-trim\" style=\"border-bottom-left-radius:3px;border-bottom-right-radius:3px\">\n<h3>18h &#8211; Apresenta\u00e7\u00e3o dos finalistas em Texto e inscritos<\/h3>\n<p><img loading=\"lazy\" decoding=\"async\" class=\"aligncenter wp-image-17699 size-large\" src=\"https:\/\/prceu.usp.br\/nascente\/wp-content\/uploads\/2023\/05\/2022-Nascente-USP-Sarau-Alta-7408-min-1024x683.jpg\" alt=\"2022 Nascente Usp Sarau Alta 7408 Min\" width=\"1024\" height=\"683\" title=\"\" srcset=\"https:\/\/prceu.usp.br\/nascente\/wp-content\/uploads\/2023\/05\/2022-Nascente-USP-Sarau-Alta-7408-min-1024x683.jpg 1024w, https:\/\/prceu.usp.br\/nascente\/wp-content\/uploads\/2023\/05\/2022-Nascente-USP-Sarau-Alta-7408-min-1536x1024.jpg 1536w, https:\/\/prceu.usp.br\/nascente\/wp-content\/uploads\/2023\/05\/2022-Nascente-USP-Sarau-Alta-7408-min-2048x1365.jpg 2048w, https:\/\/prceu.usp.br\/nascente\/wp-content\/uploads\/2023\/05\/2022-Nascente-USP-Sarau-Alta-7408-min-300x200.jpg 300w, https:\/\/prceu.usp.br\/nascente\/wp-content\/uploads\/2023\/05\/2022-Nascente-USP-Sarau-Alta-7408-min-768x512.jpg 768w\" sizes=\"auto, (max-width: 1024px) 100vw, 1024px\" \/><\/p>\n<div class=\"su-button-center\"><a href=\"https:\/\/docs.google.com\/forms\/d\/e\/1FAIpQLSeGcDQjiMDJmCdWxslCCjLN_X_E_BLNzk_T77aQnRgGPthSzA\/viewform\" class=\"su-button su-button-style-default su-button-wide\" style=\"color:#880ece;background-color:#ffffff;border-color:#cccccc;border-radius:0px\" target=\"_blank\" rel=\"noopener noreferrer\"><span style=\"color:#880ece;padding:6px 18px;font-size:14px;line-height:21px;border-color:#ffffff;border-radius:0px;text-shadow:0px 0px 0px #000000\"><i class=\"sui sui-file-o\" style=\"font-size:14px;color:#2a2a2a\"><\/i> INSCREVA-SE NO SARAU (LEITURA)\u00a0<\/span><\/a><\/div>\n<h4><strong><em>Local: Palco Principal, Centro Cultural Camargo Guarnieri, Universidade de S\u00e3o Paulo \u2013 Rua<\/em><\/strong><br \/>\n<strong><em>do Anfiteatro, 109 \u2013 Butant\u00e3, S\u00e3o Paulo \u2013 SP, 05508-060<\/em><\/strong><\/h4>\n<\/div><\/div>\n<div class=\"su-box su-box-style-default\" id=\"\" style=\"border-color:#39004e;border-radius:5px;max-width:none\"><div class=\"su-box-title\" style=\"background-color:#6c2a81;color:#FFFFFF;border-top-left-radius:3px;border-top-right-radius:3px\"><strong>MOSTRA DE ARTES C\u00caNICAS (dia 1)<\/strong><\/div><div class=\"su-box-content su-u-clearfix su-u-trim\" style=\"border-bottom-left-radius:3px;border-bottom-right-radius:3px\">\n<ul>\n<li>\n<h3><span style=\"color: #6c2a81;\"><strong>19h30<\/strong><\/span> &#8211; <span style=\"color: #6c2a81;\">Ordin\u00e1rio: 2 Atores em 5x Sem Juros<em><br \/>\n<\/em><span style=\"color: #000000;\">Ana Beatriz Alencar de Oliveira<\/span><em><span style=\"color: #000000;\"><br \/>\n(interpreta\u00e7\u00e3o individual)<\/span><\/em><\/span><\/h3>\n<\/li>\n<li>\n<h3><span style=\"color: #6c2a81;\"><strong>20h15<\/strong> &#8211; <\/span><span style=\"color: #6c2a81;\">O Grande Tereshchenko (ou O res\u00edduo das rimas)<br \/>\n<span style=\"color: #000000;\">Maria Fernanda Ceccon Vomero<br \/>\n<\/span><\/span><span style=\"color: #000000;\"><em>(Dramaturgia)<\/em><\/span><\/h3>\n<\/li>\n<li>\n<h3><span style=\"color: #6c2a81;\"><strong>21h\u00a0 <\/strong><\/span>&#8211; <span style=\"color: #6c2a81;\">Isto n\u00e3o \u00e9 um trabalho cient\u00edfico<br \/>\n<span style=\"color: #000000;\">Eduardo Aleixo Monteiro<br \/>\n<\/span><\/span><span style=\"color: #000000;\"><em>(Dramaturgia)<\/em><\/span><\/h3>\n<\/li>\n<\/ul>\n<h4><strong><em>Local: <span style=\"color: #000000;\">Palco do TUSP, Centro Cultural Camargo Guarnieri, Universidade de S\u00e3o Paulo &#8211; Rua<\/span><\/em><\/strong><br \/>\n<strong><em><span style=\"color: #000000;\">do Anfiteatro, 109 &#8211; Butant\u00e3, S\u00e3o Paulo &#8211; SP, 05508-060<\/span><\/em><\/strong><\/h4>\n<p><span style=\"color: #000000;\"><\/div><\/div><\/span><\/p>\n<\/div>\n<div class=\"su-tabs-pane su-u-clearfix su-u-trim\" data-title=\"&lt;strong&gt;quarta-feira &lt;\/strong&gt;25\/10\">\n<div class=\"su-box su-box-style-default\" id=\"\" style=\"border-color:#39004e;border-radius:5px;max-width:none\"><div class=\"su-box-title\" style=\"background-color:#6c2a81;color:#FFFFFF;border-top-left-radius:3px;border-top-right-radius:3px\"><strong> MOSTRA DE ARTES C\u00caNICAS (dia 2)<\/strong><\/div><div class=\"su-box-content su-u-clearfix su-u-trim\" style=\"border-bottom-left-radius:3px;border-bottom-right-radius:3px\">\n<ul>\n<li>\n<h3><span style=\"color: #6c2a81;\"><strong>19h30<\/strong><\/span> &#8211; <span style=\"color: #6c2a81;\">Nada Al\u00e9m Daqui<br \/>\n<span style=\"color: #000000;\">Larissa Fujinaga Marques e Isabela Souza Soares<br \/>\n<\/span><em><span style=\"color: #000000;\">(Dire\u00e7\u00e3o)<\/span><\/em><\/span><\/h3>\n<\/li>\n<li>\n<h3><span style=\"color: #6c2a81;\"><strong>20h15 &#8211;<\/strong> <span style=\"color: #6c2a81;\">Nossa Conquista<\/span><\/span><span style=\"color: #000000;\"><br \/>\nGabriel Candido<br \/>\n<\/span><span style=\"color: #000000;\"><em>(Dramaturgia)<\/em><\/span><\/h3>\n<\/li>\n<li>\n<h3><span style=\"color: #6c2a81;\"><strong><span style=\"color: #6c2a81;\">21h <\/span>&#8211; <\/strong><\/span><span style=\"color: #6c2a81;\">Mito-linguagem<br \/>\n<span style=\"color: #000000;\">Carolina Paes de Barros<br \/>\n<\/span><em><span style=\"color: #000000;\">(Interpreta\u00e7\u00e3o Individual)<\/span><\/em><\/span><\/h3>\n<\/li>\n<li>\n<h3><span style=\"color: #6c2a81;\"><strong>21h25 &#8211; nica<br \/>\n<\/strong><em><span style=\"color: #000000;\">Elisa Band<br \/>\n<\/span><\/em><\/span><span style=\"color: #000000;\"><em>(Dramaturgia)<\/em><\/span><\/h3>\n<\/li>\n<\/ul>\n<h4><em><strong>Local:<\/strong> <span style=\"color: #000000;\">Palco do TUSP, Centro Cultural Camargo Guarnieri, Universidade de S\u00e3o Paulo &#8211; Rua<\/span><\/em><br \/>\n<em><span style=\"color: #000000;\">do Anfiteatro, 109 &#8211; Butant\u00e3, S\u00e3o Paulo &#8211; SP, 05508-060<\/span><\/em><\/h4>\n<\/div><\/div><\/div>\n<div class=\"su-tabs-pane su-u-clearfix su-u-trim\" data-title=\"&lt;strong&gt;quinta-feira&lt;\/strong&gt; 26\/10\">\n<div class=\"su-box su-box-style-default\" id=\"\" style=\"border-color:#b80c29;border-radius:5px;max-width:none\"><div class=\"su-box-title\" style=\"background-color:#eb3f5c;color:#FFFFFF;border-top-left-radius:3px;border-top-right-radius:3px\"><strong>MOSTRA DE M\u00daSICA ERUDITA<\/strong><\/div><div class=\"su-box-content su-u-clearfix su-u-trim\" style=\"border-bottom-left-radius:3px;border-bottom-right-radius:3px\">\n<img loading=\"lazy\" decoding=\"async\" class=\"aligncenter wp-image-17687 size-large\" src=\"https:\/\/prceu.usp.br\/nascente\/wp-content\/uploads\/2023\/05\/2022-Nascente-USP-Musica-Erudita-Alta-2318-min-1024x576.jpg\" alt=\"2022 Nascente Usp Musica Erudita Alta 2318 Min\" width=\"1024\" height=\"576\" title=\"\" srcset=\"https:\/\/prceu.usp.br\/nascente\/wp-content\/uploads\/2023\/05\/2022-Nascente-USP-Musica-Erudita-Alta-2318-min-1024x576.jpg 1024w, https:\/\/prceu.usp.br\/nascente\/wp-content\/uploads\/2023\/05\/2022-Nascente-USP-Musica-Erudita-Alta-2318-min-1536x864.jpg 1536w, https:\/\/prceu.usp.br\/nascente\/wp-content\/uploads\/2023\/05\/2022-Nascente-USP-Musica-Erudita-Alta-2318-min-2048x1152.jpg 2048w, https:\/\/prceu.usp.br\/nascente\/wp-content\/uploads\/2023\/05\/2022-Nascente-USP-Musica-Erudita-Alta-2318-min-300x169.jpg 300w, https:\/\/prceu.usp.br\/nascente\/wp-content\/uploads\/2023\/05\/2022-Nascente-USP-Musica-Erudita-Alta-2318-min-768x432.jpg 768w\" sizes=\"auto, (max-width: 1024px) 100vw, 1024px\" \/><\/h3>\n<h3><span style=\"color: #000000;\">O in\u00edcio das apresenta\u00e7\u00f5es ser\u00e1 \u00e0s <strong>18h<\/strong>, seguindo a ordem:<\/span><\/h3>\n<ol>\n<li>\n<h3><strong><span style=\"color: #eb3f5c;\">Allegro de Concierto Op.46<br \/>\n<\/span><span style=\"color: #000000;\"><em>Guilherme Frazatto<br \/>\n<\/em><\/span><\/strong>(interpreta\u00e7\u00e3o instrumental)<\/h3>\n<\/li>\n<li>\n<h3><span style=\"color: #eb3f5c;\">Dentro da noite, de Lorenzo Fern\u00e1ndez<br \/>\n<\/span><span style=\"color: #eb3f5c;\"><span style=\"color: #000000;\"><em>Tiffany Anast\u00e1ssia Liantziris<br \/>\n(interpreta\u00e7\u00e3o vocal)<\/em><\/span><\/span><\/h3>\n<\/li>\n<li>\n<h3><span style=\"color: #eb3f5c;\">Un Sue\u00f1o en la floresta<span style=\"color: #000000;\"><em><br \/>\nLucas de Oliveira<br \/>\n<\/em><\/span><\/span>(interpreta\u00e7\u00e3o instrumental)<\/h3>\n<\/li>\n<li>\n<h3><span style=\"color: #eb3f5c;\">Animitas<br \/>\n<span style=\"color: #000000;\"><em>Austecl\u00ednio Lopes<br \/>\n<\/em><\/span><\/span>(composi\u00e7\u00e3o)<\/h3>\n<\/li>\n<li>\n<h3><span style=\"color: #eb3f5c;\">Bachianas Brasileiras n.4, I. Preludio (Introdu\u00e7\u00e3o) IV. Dansa (Miudinho) &#8211; H. Villa-Lobos<br \/>\n<span style=\"color: #000000;\"><em>Jennifer Alexandra<br \/>\n<\/em><\/span><\/span>(interpreta\u00e7\u00e3o instrumental)<\/h3>\n<\/li>\n<li>\n<h3><span style=\"color: #eb3f5c;\">Toccatina, Ponteio e Final &#8211; Marlos Nobre<br \/>\n<span style=\"color: #000000;\"><em>Victor Pompermayer<br \/>\n<\/em><\/span><\/span>(interpreta\u00e7\u00e3o instrumental)<\/h3>\n<\/li>\n<li>\n<h3><span style=\"color: #eb3f5c;\">Cinq Pi\u00e8ces en Trio &#8211; Jacques Ibert<br \/>\n<span style=\"color: #000000;\"><em>Kaique Iritsu de Ara\u00fajo &#8211; Mateus Colares de Souza &#8211; Samyr Imad Costa<br \/>\n<\/em><\/span><\/span>(interpreta\u00e7\u00e3o instrumental)<\/h3>\n<\/li>\n<\/ol>\n<h4><em><span style=\"color: #000000;\"><strong>Local:<\/strong> Centro Cultural Camargo Guarnieri, Universidade de S\u00e3o Paulo &#8211; Rua do Anfiteatro, 109 &#8211; Butant\u00e3, S\u00e3o Paulo &#8211; SP, 05508-060<\/span><\/em><\/h4>\n<\/div><\/div> <\/div>\n<div class=\"su-tabs-pane su-u-clearfix su-u-trim\" data-title=\"&lt;strong&gt;sexta-feira&lt;\/strong&gt; 27\/10\">\n<div class=\"su-box su-box-style-default\" id=\"\" style=\"border-color:#007c74;border-radius:5px;max-width:none\"><div class=\"su-box-title\" style=\"background-color:#02afa7;color:#FFFFFF;border-top-left-radius:3px;border-top-right-radius:3px\"><strong>MOSTRA DE M\u00daSICA POPULAR<\/strong><\/div><div class=\"su-box-content su-u-clearfix su-u-trim\" style=\"border-bottom-left-radius:3px;border-bottom-right-radius:3px\">\n<img loading=\"lazy\" decoding=\"async\" class=\"aligncenter wp-image-17691 size-large\" src=\"https:\/\/prceu.usp.br\/nascente\/wp-content\/uploads\/2023\/05\/2022-Nascente-USP-Premiacao-Alta-8487-1-1024x576.jpg\" alt=\"2022 Nascente Usp Premiacao Alta 8487\" width=\"1024\" height=\"576\" title=\"\" srcset=\"https:\/\/prceu.usp.br\/nascente\/wp-content\/uploads\/2023\/05\/2022-Nascente-USP-Premiacao-Alta-8487-1-1024x576.jpg 1024w, https:\/\/prceu.usp.br\/nascente\/wp-content\/uploads\/2023\/05\/2022-Nascente-USP-Premiacao-Alta-8487-1-1536x864.jpg 1536w, https:\/\/prceu.usp.br\/nascente\/wp-content\/uploads\/2023\/05\/2022-Nascente-USP-Premiacao-Alta-8487-1-2048x1152.jpg 2048w, https:\/\/prceu.usp.br\/nascente\/wp-content\/uploads\/2023\/05\/2022-Nascente-USP-Premiacao-Alta-8487-1-300x169.jpg 300w, https:\/\/prceu.usp.br\/nascente\/wp-content\/uploads\/2023\/05\/2022-Nascente-USP-Premiacao-Alta-8487-1-768x432.jpg 768w\" sizes=\"auto, (max-width: 1024px) 100vw, 1024px\" \/><\/p>\n<h3><span style=\"color: #000000;\">O in\u00edcio das apresenta\u00e7\u00f5es ser\u00e1 \u00e0s <strong>18h<\/strong>, seguindo a ordem:<\/span><\/h3>\n<ol>\n<li>\n<h3><span style=\"color: #02afa7;\">Rosiana<br \/>\n<em><span style=\"color: #000000;\">Manoel Barbosa<br \/>\n<\/span><\/em><\/span>(composi\u00e7\u00e3o)<\/h3>\n<\/li>\n<li>\n<h3><span style=\"color: #02afa7;\">Prece da Alvorada<br \/>\n<em><span style=\"color: #000000;\">Thales de Morais<br \/>\n<\/span><\/em><\/span>(interpreta\u00e7\u00e3o instrumental)<\/h3>\n<\/li>\n<li>\n<h3><span style=\"color: #02afa7;\">Ventos do norte<br \/>\n<span style=\"color: #000000;\"><em>\u00a0J\u00e9ssica Linhares<br \/>\n<\/em><\/span><\/span>(interpreta\u00e7\u00e3o vocal)<\/h3>\n<\/li>\n<li>\n<h3><span style=\"color: #02afa7;\">El necio<br \/>\n<em><span style=\"color: #000000;\">Ginneth Pulido G\u00f3mez e Z\u00e9 Renato<br \/>\n<\/span><\/em><\/span>(interpreta\u00e7\u00e3o vocal)<\/h3>\n<\/li>\n<li>\n<h3><span style=\"color: #02afa7;\">Brecha pra cochicho<br \/>\n<em><span style=\"color: #000000;\">Leo Costa e Jo\u00e3o Botosso &#8211; Grupo JALT<br \/>\n<\/span><\/em><\/span>(composi\u00e7\u00e3o)<\/h3>\n<\/li>\n<li>\n<h3><span style=\"color: #02afa7;\">Estranhas Entranhas<br \/>\n<em><span style=\"color: #000000;\">V\u00edtor Vital<br \/>\n<\/span><\/em><\/span>(arranjo e composi\u00e7\u00e3o)<\/h3>\n<\/li>\n<li>\n<h3><span style=\"color: #02afa7;\">Hist\u00f3ria triste de uma praieira<br \/>\n<em><span style=\"color: #000000;\">Deena Love<br \/>\n<\/span><\/em><\/span>(interpreta\u00e7\u00e3o vocal)<\/h3>\n<\/li>\n<li>\n<h3><span style=\"color: #02afa7;\">Alucina\u00e7\u00e3o<br \/>\n<em><span style=\"color: #000000;\">Cintia Moraes<br \/>\n<\/span><\/em><\/span>(interpreta\u00e7\u00e3o instrumental e vocal)<\/h3>\n<\/li>\n<li>\n<h3><span style=\"color: #02afa7;\">Cortinas<br \/>\n<em><span style=\"color: #000000;\">Leonardo Rodrigues<br \/>\n<\/span><\/em><\/span>(composi\u00e7\u00e3o)<\/h3>\n<\/li>\n<li>\n<h3><span style=\"color: #02afa7;\">looking<br \/>\n<em><span style=\"color: #000000;\">Pedro Le\u00e3o e Enzo Nascimento &#8211; Grupo Deform Ver\u00f4nica<br \/>\n<\/span><\/em><\/span>(composi\u00e7\u00e3o)<\/h3>\n<\/li>\n<\/ol>\n<h4><em><span style=\"color: #000000;\"><strong>Local:<\/strong> Centro Cultural Camargo Guarnieri, Universidade de S\u00e3o Paulo &#8211; Rua do Anfiteatro, 109 &#8211; Butant\u00e3, S\u00e3o Paulo &#8211; SP, 05508-060<\/span><\/em><\/h4>\n<\/div><\/div>\n<\/div><\/div><\/div>\n<p>&nbsp;","protected":false},"excerpt":{"rendered":"<p>A Semana Nascente \u00e9 o momento em que os finalistas do concurso que concorrem ao pr\u00eamio nas categorias de Artes C\u00eanicas, M\u00fasica Erudita, M\u00fasica Popular e Texto t\u00eam a chance de apresentar o seu trabalho nas Mostras e no Sarau Liter\u00e1rio. As apresenta\u00e7\u00f5es s\u00e3o presenciais, gratuitas e abertas ao p\u00fablico em geral. Confira abaixo a [&hellip;]<\/p>\n","protected":false},"author":18,"featured_media":18036,"parent":0,"menu_order":0,"comment_status":"closed","ping_status":"closed","template":"","meta":{"footnotes":""},"categories":[],"tags":[],"class_list":["post-17929","page","type-page","status-publish","has-post-thumbnail","hentry"],"_links":{"self":[{"href":"https:\/\/prceu.usp.br\/nascente\/wp-json\/wp\/v2\/pages\/17929","targetHints":{"allow":["GET"]}}],"collection":[{"href":"https:\/\/prceu.usp.br\/nascente\/wp-json\/wp\/v2\/pages"}],"about":[{"href":"https:\/\/prceu.usp.br\/nascente\/wp-json\/wp\/v2\/types\/page"}],"author":[{"embeddable":true,"href":"https:\/\/prceu.usp.br\/nascente\/wp-json\/wp\/v2\/users\/18"}],"replies":[{"embeddable":true,"href":"https:\/\/prceu.usp.br\/nascente\/wp-json\/wp\/v2\/comments?post=17929"}],"version-history":[{"count":0,"href":"https:\/\/prceu.usp.br\/nascente\/wp-json\/wp\/v2\/pages\/17929\/revisions"}],"wp:featuredmedia":[{"embeddable":true,"href":"https:\/\/prceu.usp.br\/nascente\/wp-json\/wp\/v2\/media\/18036"}],"wp:attachment":[{"href":"https:\/\/prceu.usp.br\/nascente\/wp-json\/wp\/v2\/media?parent=17929"}],"wp:term":[{"taxonomy":"category","embeddable":true,"href":"https:\/\/prceu.usp.br\/nascente\/wp-json\/wp\/v2\/categories?post=17929"},{"taxonomy":"post_tag","embeddable":true,"href":"https:\/\/prceu.usp.br\/nascente\/wp-json\/wp\/v2\/tags?post=17929"}],"curies":[{"name":"wp","href":"https:\/\/api.w.org\/{rel}","templated":true}]}}