{"id":9108,"date":"2019-03-15T15:20:21","date_gmt":"2019-03-15T18:20:21","guid":{"rendered":"https:\/\/prceu.usp.br\/nascente\/?page_id=9108"},"modified":"2024-03-15T16:22:31","modified_gmt":"2024-03-15T19:22:31","slug":"artes-cenicas-3","status":"publish","type":"page","link":"https:\/\/prceu.usp.br\/nascente\/artes-cenicas-3\/","title":{"rendered":"Artes C\u00eanicas"},"content":{"rendered":"<p>&nbsp;<\/p>\r\n\r\n\r\n\r\n<figure id=\"block-fbeb9d48-3d0a-4c63-8dcf-4bbc81181136\" class=\"wp-block-image\"><img decoding=\"async\" src=\"https:\/\/prceu.usp.br\/nascente\/wp-content\/uploads\/2021\/06\/Artes-Cenicas-1.png\" alt=\"Artes Cenicas 1\" title=\"\"><\/figure>\r\n\r\n\r\n\r\n<h5 id=\"block-d7fab1d3-2b71-441d-8141-b7e4a8943ff3\" class=\"has-text-align-center wp-block-heading\"><br \/><br \/>Na categoria\u00a0<strong><em>Artes C\u00eanicas<\/em><\/strong>\u00a0contemplam-se as seguintes subcategorias:<br \/><br \/><\/h5>\r\n\r\n\r\n\r\n<h4 class=\"has-text-align-center wp-block-heading\"><strong>Dire\u00e7\u00e3o Dire\u00e7\u00e3o <\/strong><strong><span class=\"ugb-highlight\" style=\"color: #abb8c3;\">| <\/span><\/strong><strong>Dramaturgia (texto dramat\u00fargico) <\/strong><strong><span class=\"ugb-highlight\" style=\"color: #abb8c3;\">| <\/span><\/strong><strong>Interpreta\u00e7\u00e3o em Grupo <\/strong><strong><span class=\"ugb-highlight\" style=\"color: #abb8c3;\">| <\/span><\/strong><strong>Interpreta\u00e7\u00e3o Individual<\/strong><br \/><br \/><\/h4>\r\n\r\n\r\n\r\n<p id=\"block-c06504c3-e592-4690-80c8-2d9742cdba98\">O diretor, antes de tudo, \u00e9 um decifrador de c\u00f3digos. Cada elemento (movimento, ilumina\u00e7\u00e3o, corpo e express\u00e3o), torna-se, a partir da sua a\u00e7\u00e3o consciente, um objeto; um cen\u00e1rio de di\u00e1logo com o p\u00fablico.<\/p>\r\n\r\n\r\n\r\n<p id=\"block-65edc5b3-8745-4ece-84e3-1bfab49dee83\">O segredo do artista \u00e9 a intera\u00e7\u00e3o, o reconhecimento do dualismo ator -p\u00fablico: projeta e torna real, tang\u00edvel e expressiva sua interpreta\u00e7\u00e3o, formando a imagem indel\u00e9vel da obra na mem\u00f3ria do espectador sem, contudo, pretender inculcar no p\u00fablico sua vis\u00e3o da obra. Apenas ser o que \u00e9 \u2013 \u00a0o personagem.<\/p>\r\n\r\n\r\n\r\n<p id=\"block-220dc2a1-53c5-4b61-b642-b2ff9b23da05\">Todos os elementos constituintes do cen\u00e1rio, figurino e trilha sonora, n\u00e3o s\u00e3o arbitrariamente escolhidos. Cada um possui, em si, forma e fun\u00e7\u00e3o: a voca\u00e7\u00e3o para a maximiza\u00e7\u00e3o do sentido e \u201calma\u201d da obra.<\/p>\r\n\r\n\r\n\r\n<p id=\"block-80528af4-d879-4acd-90f4-0193d8cc5431\">Sem d\u00favida a luz \u00e9 o elemento revelador: vital, d\u00e1 suporte aos outros elementos constituintes da pe\u00e7a. Recorta fragmentos no espa\u00e7o, isola atores, revela altura, perfil, contornos e profundidade. Tamb\u00e9m express\u00e3o \u2013 revela sentimentos. Nela o ator liberta-se ao mundo criativo da fantasia, dos desejos: torna-se arte em sua maior express\u00e3o.<\/p>\r\n\r\n\r\n\r\n<p id=\"block-4f0aec78-9dc9-4813-a883-8799c8da76d2\">Em todas suas edi\u00e7\u00f5es, o n\u00edvel art\u00edstico dos participantes do Programa Nascente \u2013 Categoria Teatro \u00e9 de excel\u00eancia, o que torna dif\u00edcil a tarefa da Comiss\u00e3o Julgadora, formada por especialistas de grande relev\u00e2ncia em sua \u00e1rea, ao escolher o candidato ou grupo de maior destaque.<\/p>\r\n\r\n\r\n\r\n\r\n\r\n<p id=\"block-127e6c07-b5d8-424a-86c1-0ef270485dca\">Al\u00e9m da oportunidade \u00edmpar de aprimorar suas aptid\u00f5es, o Programa Nascente oferece a visibilidade e not\u00e1vel reconhecimento aos finalistas da categoria, tendo estes a oportunidade de apresentarem-se em espa\u00e7os culturais de prest\u00edgio como o Teatro da USP (TUSP), Teatro da Faculdade de Medicina e o Teatro Municipal Alfredo Mesquita.<\/p>\r\n\r\n\r\n\r\n<p id=\"block-96473906-d9b4-46e6-97f9-3264562eb46a\">J\u00e1 participaram do Programa Nascente muitos artistas e grupos de grande talento, dentre eles Juliana Piesco: vencedora do 26\u00b0 Nascente na categoria Artes C\u00eanicas na subcategoria Dire\u00e7\u00e3o.<\/p>\r\n\r\n\r\n\r\n<figure id=\"block-3b3e664c-e8b5-4343-8d4e-b7410d7e0d65\" class=\"wp-block-image\">\r\n<div class=\"mceTemp\">\u00a0<\/div>\r\n<div id=\"attachment_18661\" style=\"width: 1376px\" class=\"wp-caption alignnone\"><img loading=\"lazy\" decoding=\"async\" aria-describedby=\"caption-attachment-18661\" class=\"wp-image-18661 size-full\" src=\"https:\/\/prceu.usp.br\/nascente\/wp-content\/uploads\/2024\/03\/popular-2.png\" alt=\"Popular\" width=\"1366\" height=\"768\" title=\"\" srcset=\"https:\/\/prceu.usp.br\/nascente\/wp-content\/uploads\/2024\/03\/popular-2.png 1366w, https:\/\/prceu.usp.br\/nascente\/wp-content\/uploads\/2024\/03\/popular-2-300x169.png 300w, https:\/\/prceu.usp.br\/nascente\/wp-content\/uploads\/2024\/03\/popular-2-768x432.png 768w, https:\/\/prceu.usp.br\/nascente\/wp-content\/uploads\/2024\/03\/popular-2-1024x576.png 1024w\" sizes=\"auto, (max-width: 1366px) 100vw, 1366px\" \/><p id=\"caption-attachment-18661\" class=\"wp-caption-text\">Apresenta\u00e7\u00f5es dos vencedores: &#8220;Ordin\u00e1rio: 2 atores em 5x sem juros&#8221; de Ana Alencar; e &#8220;Nica&#8221; de Elisa Band. 30\u00b0 Edi\u00e7\u00e3o (M\u00eddia: Carretel Filmes)<\/p><\/div>\r\n<figcaption><br \/><br \/>\r\n<div id=\"attachment_16154\" style=\"width: 1034px\" class=\"wp-caption aligncenter\"><img loading=\"lazy\" decoding=\"async\" aria-describedby=\"caption-attachment-16154\" class=\"wp-image-16154 size-large\" src=\"https:\/\/prceu.usp.br\/nascente\/wp-content\/uploads\/2022\/01\/MG_5853-1024x683.jpg\" alt=\"Nascente Usp\" width=\"1024\" height=\"683\" title=\"\" srcset=\"https:\/\/prceu.usp.br\/nascente\/wp-content\/uploads\/2022\/01\/MG_5853-1024x683.jpg 1024w, https:\/\/prceu.usp.br\/nascente\/wp-content\/uploads\/2022\/01\/MG_5853-1536x1024.jpg 1536w, https:\/\/prceu.usp.br\/nascente\/wp-content\/uploads\/2022\/01\/MG_5853-2048x1365.jpg 2048w, https:\/\/prceu.usp.br\/nascente\/wp-content\/uploads\/2022\/01\/MG_5853-300x200.jpg 300w, https:\/\/prceu.usp.br\/nascente\/wp-content\/uploads\/2022\/01\/MG_5853-768x512.jpg 768w\" sizes=\"auto, (max-width: 1024px) 100vw, 1024px\" \/><p id=\"caption-attachment-16154\" class=\"wp-caption-text\">Apresenta\u00e7\u00e3o de Mois\u00e9s Mendoza Bai\u00e3o, um dos vencedores da 28\u00b0 Edi\u00e7\u00e3o (Foto: Bruno Poletti)<\/p><\/div>\r\n<\/figcaption>\r\n<\/figure>\r\n\r\n\r\n\r\n<h4 class=\"wp-block-heading\">\u00a0<\/h4>\r\n<h4 id=\"block-9b401ab9-7ef1-46bc-9f9d-29510b0f993f\" class=\"has-text-align-center\" style=\"text-align: center;\">Trabalhos Premiados no 30\u00ba Nascente USP (2023)<\/h4>\r\n<p style=\"text-align: center;\"><em>[&#8230;] Na lida com os materiais enviados pelas pessoas participantes, h\u00e1 distintos elementos que nos chamam a aten\u00e7\u00e3o. Assistindo aos registros em v\u00eddeo, por exemplo, h\u00e1 algo de um desejo de ver de perto. Em rela\u00e7\u00e3o aos textos, nos habita certa intui\u00e7\u00e3o, inquieta\u00e7\u00e3o, de que artistas criadores possam dar a ver a vontade de teatro presente naquelas palavras \u2013 e nas apresenta\u00e7\u00f5es da Mostra Nascente, ano ap\u00f3s ano percebemos a pot\u00eancia da dramaturgia enquanto palavra em a\u00e7\u00e3o.<\/em><\/p>\r\n<p style=\"text-align: right;\"><em>Amilton de Azevedo, Sayonara Pereira e Ferdinando Martins<\/em><br \/><em>(Comiss\u00e3o Julgadora de Artes C\u00eanicas)<\/em><\/p>\r\n<p style=\"text-align: center;\">\u00a0<\/p>\r\n<p>&nbsp;<\/p>\r\n<h3 style=\"text-align: center;\"><a href=\"https:\/\/prceu.usp.br\/nascente\/premiados-e-finalistas-de-artes-cenicas-30o-nascente-usp\/\"><span style=\"color: #ff99cc;\">CONFIRA OS FINALISTAS E PREMIADOS EM ARTES C\u00caNICAS NA 30\u00b0 EDI\u00c7\u00c3O DO NASCENTE!<\/span><\/a><\/h3>\r\n<p>&nbsp;<\/p>\r\n<p>&nbsp;<\/p>","protected":false},"excerpt":{"rendered":"<p>&nbsp; Na categoria\u00a0Artes C\u00eanicas\u00a0contemplam-se as seguintes subcategorias: Dire\u00e7\u00e3o Dire\u00e7\u00e3o | Dramaturgia (texto dramat\u00fargico) | Interpreta\u00e7\u00e3o em Grupo | Interpreta\u00e7\u00e3o Individual O diretor, antes de tudo, \u00e9 um decifrador de c\u00f3digos. Cada elemento (movimento, ilumina\u00e7\u00e3o, corpo e express\u00e3o), torna-se, a partir da sua a\u00e7\u00e3o consciente, um objeto; um cen\u00e1rio de di\u00e1logo com o p\u00fablico. O segredo [&hellip;]<\/p>\n","protected":false},"author":3,"featured_media":18757,"parent":0,"menu_order":15,"comment_status":"closed","ping_status":"closed","template":"","meta":{"footnotes":""},"categories":[],"tags":[82],"class_list":["post-9108","page","type-page","status-publish","has-post-thumbnail","hentry","tag-categoria"],"_links":{"self":[{"href":"https:\/\/prceu.usp.br\/nascente\/wp-json\/wp\/v2\/pages\/9108","targetHints":{"allow":["GET"]}}],"collection":[{"href":"https:\/\/prceu.usp.br\/nascente\/wp-json\/wp\/v2\/pages"}],"about":[{"href":"https:\/\/prceu.usp.br\/nascente\/wp-json\/wp\/v2\/types\/page"}],"author":[{"embeddable":true,"href":"https:\/\/prceu.usp.br\/nascente\/wp-json\/wp\/v2\/users\/3"}],"replies":[{"embeddable":true,"href":"https:\/\/prceu.usp.br\/nascente\/wp-json\/wp\/v2\/comments?post=9108"}],"version-history":[{"count":3,"href":"https:\/\/prceu.usp.br\/nascente\/wp-json\/wp\/v2\/pages\/9108\/revisions"}],"predecessor-version":[{"id":18711,"href":"https:\/\/prceu.usp.br\/nascente\/wp-json\/wp\/v2\/pages\/9108\/revisions\/18711"}],"wp:featuredmedia":[{"embeddable":true,"href":"https:\/\/prceu.usp.br\/nascente\/wp-json\/wp\/v2\/media\/18757"}],"wp:attachment":[{"href":"https:\/\/prceu.usp.br\/nascente\/wp-json\/wp\/v2\/media?parent=9108"}],"wp:term":[{"taxonomy":"category","embeddable":true,"href":"https:\/\/prceu.usp.br\/nascente\/wp-json\/wp\/v2\/categories?post=9108"},{"taxonomy":"post_tag","embeddable":true,"href":"https:\/\/prceu.usp.br\/nascente\/wp-json\/wp\/v2\/tags?post=9108"}],"curies":[{"name":"wp","href":"https:\/\/api.w.org\/{rel}","templated":true}]}}