{"id":9112,"date":"2019-03-15T15:23:52","date_gmt":"2019-03-15T18:23:52","guid":{"rendered":"https:\/\/prceu.usp.br\/nascente\/?page_id=9112"},"modified":"2024-03-15T16:27:58","modified_gmt":"2024-03-15T19:27:58","slug":"artes-visuais-3","status":"publish","type":"page","link":"https:\/\/prceu.usp.br\/nascente\/artes-visuais-3\/","title":{"rendered":"Artes Visuais"},"content":{"rendered":"<p>&nbsp;<\/p>\r\n\r\n\r\n\r\n<figure id=\"block-656868d4-16ad-4788-8dbd-0bf2b7a3eca4\" class=\"wp-block-image\"><img decoding=\"async\" src=\"https:\/\/prceu.usp.br\/nascente\/wp-content\/uploads\/2021\/06\/Artes-Visuais-1.png\" alt=\"Artes Visuais 1\" title=\"\"><\/figure>\r\n\r\n\r\n\r\n<h5 id=\"block-39ad9e59-1926-4030-b8a4-65f7e34f7b4d\" class=\"has-text-align-center wp-block-heading\"><br \/><br \/>Na categoria\u00a0<strong>Artes Visuais<\/strong>, contemplam-se as seguintes subcategorias:<br \/><br \/><\/h5>\r\n\r\n\r\n\r\n<h4 class=\"has-text-align-center wp-block-heading\"><strong>Arte Sonora <\/strong>|<strong><span class=\"ugb-highlight\" style=\"color: #abb8c3;\">\u00a0<\/span><\/strong><strong>Desenho <\/strong>|<strong><span class=\"ugb-highlight\" style=\"color: #abb8c3;\">\u00a0<\/span><\/strong><strong>Escultura <\/strong>| <strong>Fotografia <\/strong>|<strong> Grafite<\/strong> |<strong> Gravura <\/strong>|<strong> Instala\u00e7\u00e3o <\/strong>|<strong> Multim\u00eddia <\/strong>|<strong> Objeto<\/strong> | <strong>Net Art <\/strong>|<strong> Performance <\/strong>|<strong> Pintura<\/strong> | <strong>Site Specific <\/strong>|<strong> V\u00eddeo<\/strong><br \/><br \/><\/h4>\r\n\r\n\r\n\r\n<p id=\"block-f95ce78c-e8c2-4999-86db-09b2e2cb26f3\"><em>\u201c\u00c9 preciso ampliar a discuss\u00e3o sobre os c\u00e2nones de valor de imagem n\u00e3o s\u00f3 para as \u00e1reas de conhecimento discursivo e cient\u00edfico da Universidade de S\u00e3o Paulo mas tamb\u00e9m para o p\u00fablico em geral (\u2026)\u201d\u00a0<\/em><\/p>\r\n\r\n\r\n\r\n<p id=\"block-3239c0b6-2648-47df-8488-a5aef782e176\">Foi com essa frase, que viria a compor o primeiro cat\u00e1logo do ent\u00e3o Projeto Nascente 1, que a professora e diretora do Museu de Arte Contempor\u00e2nea da USP (MAC USP), Ana Mae Barbosa, deu in\u00edcio \u00e0 exposi\u00e7\u00e3o de artes dos finalistas do primeiro concurso art\u00edstico da USP, o Projeto Nascente, que foi realizada entre os dias 19 e 29 de novembro de 1991, no Centro de Artes do Campus de Ribeir\u00e3o Preto. A proposta de elevar a discuss\u00e3o sobre o fazer art\u00edstico para al\u00e9m do locus do conhecimento acad\u00eamico sobre as artes e expor a produ\u00e7\u00e3o dos estudantes da USP para fora dos muros da academia foi uma constante da iniciativa que em 2019 completa 28 anos.<br \/>De l\u00e1 para c\u00e1 o Nascente j\u00e1 revelou dezenas de artistas que hoje fazem parte e exp\u00f5em nos circuitos nacionais e internacionais das artes.<\/p>\r\n\r\n\r\n\r\n<p id=\"block-c0449d9d-ba03-4982-b019-7812781e2be3\">Em todas as suas participa\u00e7\u00f5es do concurso, a categoria Artes Visuais recebeu aproximadamente\u00a0<strong>796 inscri\u00e7\u00f5es<\/strong>.<br \/><br \/><\/p>\r\n\r\n\r\n\r\n<h3 id=\"block-0cc81488-deef-4ccc-9c33-d437704b41ba\" class=\"has-text-align-center wp-block-heading\" style=\"text-align: center;\"><span style=\"color: #ff99cc;\"><a style=\"color: #ff99cc;\" href=\"https:\/\/prceu.usp.br\/nascente\/premiados-e-finalistas-de-artes-visuais-30o-nascente\/\">CONFIRA OS FINALISTAS E PREMIADOS DE ARTES VISUAIS DA 30\u00b0 EDI\u00c7\u00c3O DO NASCENTE!<\/a><\/span><\/h3>\r\n<p>&nbsp;<\/p>\r\n<p>&nbsp;<\/p>","protected":false},"excerpt":{"rendered":"<p>&nbsp; Na categoria\u00a0Artes Visuais, contemplam-se as seguintes subcategorias: Arte Sonora |\u00a0Desenho |\u00a0Escultura | Fotografia | Grafite | Gravura | Instala\u00e7\u00e3o | Multim\u00eddia | Objeto | Net Art | Performance | Pintura | Site Specific | V\u00eddeo \u201c\u00c9 preciso ampliar a discuss\u00e3o sobre os c\u00e2nones de valor de imagem n\u00e3o s\u00f3 para as \u00e1reas de conhecimento [&hellip;]<\/p>\n","protected":false},"author":3,"featured_media":18756,"parent":0,"menu_order":14,"comment_status":"closed","ping_status":"closed","template":"","meta":{"footnotes":""},"categories":[],"tags":[82],"class_list":["post-9112","page","type-page","status-publish","has-post-thumbnail","hentry","tag-categoria"],"_links":{"self":[{"href":"https:\/\/prceu.usp.br\/nascente\/wp-json\/wp\/v2\/pages\/9112","targetHints":{"allow":["GET"]}}],"collection":[{"href":"https:\/\/prceu.usp.br\/nascente\/wp-json\/wp\/v2\/pages"}],"about":[{"href":"https:\/\/prceu.usp.br\/nascente\/wp-json\/wp\/v2\/types\/page"}],"author":[{"embeddable":true,"href":"https:\/\/prceu.usp.br\/nascente\/wp-json\/wp\/v2\/users\/3"}],"replies":[{"embeddable":true,"href":"https:\/\/prceu.usp.br\/nascente\/wp-json\/wp\/v2\/comments?post=9112"}],"version-history":[{"count":5,"href":"https:\/\/prceu.usp.br\/nascente\/wp-json\/wp\/v2\/pages\/9112\/revisions"}],"predecessor-version":[{"id":18715,"href":"https:\/\/prceu.usp.br\/nascente\/wp-json\/wp\/v2\/pages\/9112\/revisions\/18715"}],"wp:featuredmedia":[{"embeddable":true,"href":"https:\/\/prceu.usp.br\/nascente\/wp-json\/wp\/v2\/media\/18756"}],"wp:attachment":[{"href":"https:\/\/prceu.usp.br\/nascente\/wp-json\/wp\/v2\/media?parent=9112"}],"wp:term":[{"taxonomy":"category","embeddable":true,"href":"https:\/\/prceu.usp.br\/nascente\/wp-json\/wp\/v2\/categories?post=9112"},{"taxonomy":"post_tag","embeddable":true,"href":"https:\/\/prceu.usp.br\/nascente\/wp-json\/wp\/v2\/tags?post=9112"}],"curies":[{"name":"wp","href":"https:\/\/api.w.org\/{rel}","templated":true}]}}