{"id":9113,"date":"2019-03-15T15:23:52","date_gmt":"2019-03-15T18:23:52","guid":{"rendered":"https:\/\/prceu.usp.br\/nascente\/?page_id=9113"},"modified":"2024-03-13T14:31:44","modified_gmt":"2024-03-13T17:31:44","slug":"audiovisual-2","status":"publish","type":"page","link":"https:\/\/prceu.usp.br\/nascente\/audiovisual-2\/","title":{"rendered":"Audiovisual"},"content":{"rendered":"<p class=\"has-text-align-center\">\u00a0<\/p>\r\n\r\n\r\n\r\n<div class=\"wp-block-image\">\r\n<figure class=\"aligncenter size-large\"><img loading=\"lazy\" decoding=\"async\" width=\"900\" height=\"200\" class=\"wp-image-14322\" src=\"https:\/\/prceu.usp.br\/nascente\/wp-content\/uploads\/2021\/06\/Audiovisual-1.png\" alt=\"Audiovisual 1\" title=\"\" srcset=\"https:\/\/prceu.usp.br\/nascente\/wp-content\/uploads\/2021\/06\/Audiovisual-1.png 900w, https:\/\/prceu.usp.br\/nascente\/wp-content\/uploads\/2021\/06\/Audiovisual-1-300x67.png 300w, https:\/\/prceu.usp.br\/nascente\/wp-content\/uploads\/2021\/06\/Audiovisual-1-768x171.png 768w\" sizes=\"auto, (max-width: 900px) 100vw, 900px\" \/><\/figure>\r\n<\/div>\r\n\r\n\r\n\r\n<h5 class=\"has-text-align-center wp-block-heading\"><strong>Na categoria\u00a0<strong>Audiovisual\u00a0<\/strong>contemplam-se as seguintes subcategorias:<\/strong><br \/><br \/><\/h5>\r\n\r\n\r\n\r\n<h4 class=\"has-text-align-center wp-block-heading\"><strong>Projeto e Finaliza\u00e7\u00e3o<\/strong><br \/><br \/><strong>Modalidades: Anima\u00e7\u00e3o <span class=\"ugb-highlight\" style=\"color: #abb8c3;\">|<\/span> Document\u00e1rio <span class=\"ugb-highlight\" style=\"color: #abb8c3;\">|<\/span> Fic\u00e7\u00e3o<\/strong><br \/><br \/><\/h4>\r\n\r\n\r\n\r\n<p>Desde a cria\u00e7\u00e3o do concurso a categoria Audiovisual recebeu\u00a0<strong>279\u00a0<\/strong>produ\u00e7\u00f5es, premiou mais de\u00a0<strong>30 vencedores\u00a0<\/strong>e conferiu mais de\u00a0<strong>100 men\u00e7\u00f5es honrosas.<\/strong><\/p>\r\n\r\n\r\n\r\n<p>Classificados, os finalistas tiveram o reconhecimento e visibilidade ao apresentarem suas obras em espa\u00e7os art\u00edsticos muito significativos como MAC USP, Centro Universit\u00e1rio Maria Antonia, Pa\u00e7o das Artes, CPC USP, dentre outros que sediaram a <a href=\"https:\/\/prceu.usp.br\/nascente\/visualidade-nascente\/\"><strong>Visualidade Nascente<\/strong><\/a>.<\/p>\r\n\r\n\r\n\r\n<p>O Nascente USP tamb\u00e9m contou com a participa\u00e7\u00e3o de estudantes, hoje artistas renomados, que foram finalistas e vencedores do programa. Nomes como o do cineasta\u00a0<strong>Paulo Sacramento<\/strong>\u00a0que venceu com o projeto\u00a0<em>O Prisioneiro da Grade de Ferro<\/em>, document\u00e1rio premiado em festivais de todo o mundo.<\/p>\r\n\r\n\r\n\r\n<div class=\"wp-block-ugb-container ugb-container ugb-8178401 ugb-container--v2 ugb-container--design-plain ugb-main-block\"><style>.ugb-8178401 .ugb-inner-block{text-align:center}<\/style>\r\n<div class=\"ugb-inner-block\">\r\n<div class=\"ugb-block-content\">\r\n<div class=\"ugb-container__wrapper ugb-8178401-wrapper\">\r\n<div class=\"ugb-container__side\">\r\n<div class=\"ugb-container__content-wrapper ugb-8178401-content-wrapper\">\r\n<div class=\"wp-block-columns\">\r\n<div class=\"wp-block-column\" style=\"flex-basis: 5%;\">\u00a0<\/div>\r\n<div class=\"wp-block-column\" style=\"flex-basis: 90%;\">\r\n<div class=\"wp-block-image\">\r\n<figure class=\"aligncenter\"><img loading=\"lazy\" decoding=\"async\" width=\"337\" height=\"500\" class=\"wp-image-9144\" src=\"https:\/\/prceu.usp.br\/nascente\/wp-content\/uploads\/2019\/03\/nascente-20005448.jpg\" alt=\"\" title=\"\" srcset=\"https:\/\/prceu.usp.br\/nascente\/wp-content\/uploads\/2019\/03\/nascente-20005448.jpg 337w, https:\/\/prceu.usp.br\/nascente\/wp-content\/uploads\/2019\/03\/nascente-20005448-202x300.jpg 202w\" sizes=\"auto, (max-width: 337px) 100vw, 337px\" \/><\/figure>\r\n<\/div>\r\n<\/div>\r\n<div class=\"wp-block-column\" style=\"flex-basis: 5%;\">\u00a0<\/div>\r\n<\/div>\r\n<p>&nbsp;<\/p>\r\n<\/div>\r\n<\/div>\r\n<\/div>\r\n<\/div>\r\n<\/div>\r\n<\/div>\r\n\r\n\r\n\r\n<div class=\"wp-block-ugb-container ugb-container ugb-bd5d9fc ugb-container--v2 ugb-container--design-plain ugb-main-block\"><style>.ugb-bd5d9fc .ugb-inner-block{text-align:center}<\/style>\r\n<div class=\"ugb-inner-block\">\r\n<div class=\"ugb-block-content\">\r\n<div class=\"ugb-container__wrapper ugb-bd5d9fc-wrapper\">\r\n<div class=\"ugb-container__side\">\r\n<div class=\"ugb-container__content-wrapper ugb-bd5d9fc-content-wrapper\">\r\n<div class=\"wp-block-columns\">\r\n<div class=\"wp-block-column\" style=\"flex-basis: 5%;\">\u00a0<\/div>\r\n<div class=\"wp-block-column\" style=\"flex-basis: 90%;\">\r\n<div class=\"wp-block-image\">\r\n<figure class=\"aligncenter is-resized\">\r\n<div id=\"attachment_2151\" style=\"width: 601px\" class=\"wp-caption aligncenter\"><img loading=\"lazy\" decoding=\"async\" aria-describedby=\"caption-attachment-2151\" class=\"wp-image-2151\" src=\"https:\/\/prceu.usp.br\/nascente\/wp-content\/uploads\/2015\/04\/Depoimentos_Facebook2-1024x682.jpg\" alt=\"\" width=\"591\" height=\"393\" title=\"\" srcset=\"https:\/\/prceu.usp.br\/nascente\/wp-content\/uploads\/2015\/04\/Depoimentos_Facebook2-1024x682.jpg 1024w, https:\/\/prceu.usp.br\/nascente\/wp-content\/uploads\/2015\/04\/Depoimentos_Facebook2-300x200.jpg 300w, https:\/\/prceu.usp.br\/nascente\/wp-content\/uploads\/2015\/04\/Depoimentos_Facebook2-768x512.jpg 768w, https:\/\/prceu.usp.br\/nascente\/wp-content\/uploads\/2015\/04\/Depoimentos_Facebook2-624x415.jpg 624w, https:\/\/prceu.usp.br\/nascente\/wp-content\/uploads\/2015\/04\/Depoimentos_Facebook2.jpg 1280w\" sizes=\"auto, (max-width: 591px) 100vw, 591px\" \/><p id=\"caption-attachment-2151\" class=\"wp-caption-text\">O hoje cineasta e vencedor do Nascente 2013 Renato Duque que teve reconhecimento mundial com o curta de anima\u00e7\u00e3o Oceano.<\/p><\/div>\r\n<\/figure>\r\n<\/div>\r\n<\/div>\r\n<div class=\"wp-block-column\" style=\"flex-basis: 5%;\">\u00a0<\/div>\r\n<\/div>\r\n<p>&nbsp;<\/p>\r\n<\/div>\r\n<\/div>\r\n<\/div>\r\n<\/div>\r\n<\/div>\r\n<\/div>\r\n\r\n\r\n\r\n<h4 class=\"has-text-align-center wp-block-heading\" style=\"text-align: center;\"><strong>Trabalhos Premiados<\/strong>\u00a0<strong>30\u00ba Nascente USP (2023)<\/strong><br \/><br \/><\/h4>\r\n\r\n\r\n\r\n<blockquote>\r\n<p><em>A edi\u00e7\u00e3o de 2023 contempla temas caros \u00e0 sociedade com indaga\u00e7\u00f5es nos \u00e2mbitos pessoal e social, h\u00e1 ainda experimentos e convites \u00e0 viv\u00eancia de temas contempor\u00e2neos e instigantes. Est\u00e3o presentes obras que prop\u00f5em a reflex\u00e3o sobre a vida em sociedade, pol\u00edtica, democracia e luta contra preconceitos. Parabenizamos a todas, todos e todes pela excel\u00eancia das propostas, o que representou um prazer e, ao mesmo tempo, um grande desafio para o trabalho de sele\u00e7\u00e3o da comiss\u00e3o avaliadora.<\/em><\/p>\r\n<p style=\"text-align: right;\"><span class=\"su-quote-cite\">Glaucia Davino, Luis Fernando Angerami, Patricia Moran<\/span><\/p>\r\n<\/blockquote>\r\n<h3 style=\"text-align: center;\"><span style=\"color: #ff99cc;\"><a style=\"color: #ff99cc;\" href=\"https:\/\/prceu.usp.br\/nascente\/finalistas-de-audiovisual-30o-nascente\/\">CONFIRA OS FINALISTAS E PREMIADOS EM AUDIOVISUAL DA 30\u00b0 EDI\u00c7\u00c3O DO NASCENTE!<\/a><\/span><\/h3>\r\n<p>&nbsp;<\/p>\r\n<p>&nbsp;<\/p>","protected":false},"excerpt":{"rendered":"<p>\u00a0 Na categoria\u00a0Audiovisual\u00a0contemplam-se as seguintes subcategorias: Projeto e Finaliza\u00e7\u00e3o Modalidades: Anima\u00e7\u00e3o | Document\u00e1rio | Fic\u00e7\u00e3o Desde a cria\u00e7\u00e3o do concurso a categoria Audiovisual recebeu\u00a0279\u00a0produ\u00e7\u00f5es, premiou mais de\u00a030 vencedores\u00a0e conferiu mais de\u00a0100 men\u00e7\u00f5es honrosas. Classificados, os finalistas tiveram o reconhecimento e visibilidade ao apresentarem suas obras em espa\u00e7os art\u00edsticos muito significativos como MAC USP, Centro Universit\u00e1rio [&hellip;]<\/p>\n","protected":false},"author":3,"featured_media":18756,"parent":0,"menu_order":13,"comment_status":"closed","ping_status":"closed","template":"","meta":{"footnotes":""},"categories":[],"tags":[82],"class_list":["post-9113","page","type-page","status-publish","has-post-thumbnail","hentry","tag-categoria"],"_links":{"self":[{"href":"https:\/\/prceu.usp.br\/nascente\/wp-json\/wp\/v2\/pages\/9113","targetHints":{"allow":["GET"]}}],"collection":[{"href":"https:\/\/prceu.usp.br\/nascente\/wp-json\/wp\/v2\/pages"}],"about":[{"href":"https:\/\/prceu.usp.br\/nascente\/wp-json\/wp\/v2\/types\/page"}],"author":[{"embeddable":true,"href":"https:\/\/prceu.usp.br\/nascente\/wp-json\/wp\/v2\/users\/3"}],"replies":[{"embeddable":true,"href":"https:\/\/prceu.usp.br\/nascente\/wp-json\/wp\/v2\/comments?post=9113"}],"version-history":[{"count":2,"href":"https:\/\/prceu.usp.br\/nascente\/wp-json\/wp\/v2\/pages\/9113\/revisions"}],"predecessor-version":[{"id":18685,"href":"https:\/\/prceu.usp.br\/nascente\/wp-json\/wp\/v2\/pages\/9113\/revisions\/18685"}],"wp:featuredmedia":[{"embeddable":true,"href":"https:\/\/prceu.usp.br\/nascente\/wp-json\/wp\/v2\/media\/18756"}],"wp:attachment":[{"href":"https:\/\/prceu.usp.br\/nascente\/wp-json\/wp\/v2\/media?parent=9113"}],"wp:term":[{"taxonomy":"category","embeddable":true,"href":"https:\/\/prceu.usp.br\/nascente\/wp-json\/wp\/v2\/categories?post=9113"},{"taxonomy":"post_tag","embeddable":true,"href":"https:\/\/prceu.usp.br\/nascente\/wp-json\/wp\/v2\/tags?post=9113"}],"curies":[{"name":"wp","href":"https:\/\/api.w.org\/{rel}","templated":true}]}}