{"id":9114,"date":"2019-03-15T15:23:52","date_gmt":"2019-03-15T18:23:52","guid":{"rendered":"https:\/\/prceu.usp.br\/nascente\/?page_id=9114"},"modified":"2024-03-13T14:35:53","modified_gmt":"2024-03-13T17:35:53","slug":"design-2","status":"publish","type":"page","link":"https:\/\/prceu.usp.br\/nascente\/design-2\/","title":{"rendered":"Design"},"content":{"rendered":"<figure class=\"wp-block-image size-large\"><img loading=\"lazy\" decoding=\"async\" width=\"900\" height=\"200\" class=\"wp-image-14326\" src=\"https:\/\/prceu.usp.br\/nascente\/wp-content\/uploads\/2021\/06\/Design-1.png\" alt=\"Design 1\" title=\"\" srcset=\"https:\/\/prceu.usp.br\/nascente\/wp-content\/uploads\/2021\/06\/Design-1.png 900w, https:\/\/prceu.usp.br\/nascente\/wp-content\/uploads\/2021\/06\/Design-1-300x67.png 300w, https:\/\/prceu.usp.br\/nascente\/wp-content\/uploads\/2021\/06\/Design-1-768x171.png 768w\" sizes=\"auto, (max-width: 900px) 100vw, 900px\" \/><\/figure>\r\n\r\n\r\n\r\n<h5 class=\"has-text-align-center wp-block-heading\"><br \/><br \/>Na categoria\u00a0<strong>Design<\/strong>\u00a0contemplam-se as seguintes subcategorias:<br \/><br \/><\/h5>\r\n\r\n\r\n\r\n<h4 class=\"has-text-align-center wp-block-heading\">Identidade Visual e Aplica\u00e7\u00f5es (entre as quais pap\u00e9is, marca, folder e cartaz) <span class=\"ugb-highlight\" style=\"color: #abb8c3;\">|<\/span> Mobili\u00e1rio Urbano <span class=\"ugb-highlight\" style=\"color: #abb8c3;\">|<\/span> Design de Exposi\u00e7\u00e3o <span class=\"ugb-highlight\" style=\"color: #abb8c3;\">| <\/span> Projeto Editorial <span class=\"ugb-highlight\" style=\"color: #abb8c3;\">|<\/span> Webdesign <span class=\"ugb-highlight\" style=\"color: #abb8c3;\"> |<\/span> Design de Produto.<br \/><br \/><\/h4>\r\n\r\n\r\n\r\n<p>Uma das formas de definir a linguagem do Design significa ter e desenvolver um plano, um projeto, significa designar. \u00c9 trabalhar com a inten\u00e7\u00e3o, com o cen\u00e1rio futuro, executando a concep\u00e7\u00e3o e o planejamento daquilo que vir\u00e1 a existir. Criar, desenvolver, implantar um projeto \u2013 o design \u2013 significa pesquisar e trabalhar com refer\u00eancias culturais e est\u00e9ticas, com o conceito da proposta. \u00c9 lidar com a forma, com o feitio, com a configura\u00e7\u00e3o, a elabora\u00e7\u00e3o, o desenvolvimento e o acompanhamento do projeto.\u00b9<\/p>\r\n\r\n\r\n\r\n<p>Desde a edi\u00e7\u00e3o de 2006 a categoria Design recebeu aproximadamente<strong> 103 inscri\u00e7\u00f5es<\/strong>. Veja abaixo alguns dos vencedores das edi\u00e7\u00f5es passadas:<\/p>\r\n\r\n\r\n\r\n<figure class=\"wp-block-image\">\r\n<div id=\"attachment_1266\" style=\"width: 970px\" class=\"wp-caption aligncenter\"><img loading=\"lazy\" decoding=\"async\" aria-describedby=\"caption-attachment-1266\" class=\"wp-image-1266\" src=\"https:\/\/prceu.usp.br\/nascente\/wp-content\/uploads\/2014\/10\/1011799_475748445850619_1104868525_n.jpg\" alt=\"\" width=\"960\" height=\"720\" title=\"\" srcset=\"https:\/\/prceu.usp.br\/nascente\/wp-content\/uploads\/2014\/10\/1011799_475748445850619_1104868525_n.jpg 960w, https:\/\/prceu.usp.br\/nascente\/wp-content\/uploads\/2014\/10\/1011799_475748445850619_1104868525_n-300x225.jpg 300w, https:\/\/prceu.usp.br\/nascente\/wp-content\/uploads\/2014\/10\/1011799_475748445850619_1104868525_n-768x576.jpg 768w, https:\/\/prceu.usp.br\/nascente\/wp-content\/uploads\/2014\/10\/1011799_475748445850619_1104868525_n-624x468.jpg 624w\" sizes=\"auto, (max-width: 960px) 100vw, 960px\" \/><p id=\"caption-attachment-1266\" class=\"wp-caption-text\">Exposi\u00e7\u00e3o de Design no Centro Universit\u00e1rio Maria Antonia &#8211; Nascente USP 2013 &#8211; 21\u00aa edi\u00e7\u00e3o<\/p><\/div>\r\n<\/figure>\r\n\r\n\r\n\r\n<p>&nbsp;<\/p>\r\n\r\n\r\n\r\n<figure class=\"wp-block-image\">\r\n<div id=\"attachment_8618\" style=\"width: 1034px\" class=\"wp-caption aligncenter\"><img loading=\"lazy\" decoding=\"async\" aria-describedby=\"caption-attachment-8618\" class=\"wp-image-8618\" src=\"https:\/\/prceu.usp.br\/nascente\/wp-content\/uploads\/2019\/03\/nascente-dscf2041-1024x236.jpg\" alt=\"\" width=\"1024\" height=\"236\" title=\"\" srcset=\"https:\/\/prceu.usp.br\/nascente\/wp-content\/uploads\/2019\/03\/nascente-dscf2041-1024x236.jpg 1024w, https:\/\/prceu.usp.br\/nascente\/wp-content\/uploads\/2019\/03\/nascente-dscf2041-1536x354.jpg 1536w, https:\/\/prceu.usp.br\/nascente\/wp-content\/uploads\/2019\/03\/nascente-dscf2041-2048x472.jpg 2048w, https:\/\/prceu.usp.br\/nascente\/wp-content\/uploads\/2019\/03\/nascente-dscf2041-300x69.jpg 300w, https:\/\/prceu.usp.br\/nascente\/wp-content\/uploads\/2019\/03\/nascente-dscf2041-768x177.jpg 768w\" sizes=\"auto, (max-width: 1024px) 100vw, 1024px\" \/><p id=\"caption-attachment-8618\" class=\"wp-caption-text\">Exposi\u00e7\u00e3o Visualidade Nascente USP &#8211; Design 2018 no Centro Universit\u00e1rio Maria Antonia<\/p><\/div>\r\n<figcaption><br \/><br \/>\r\n<div class=\"wp-block-image\">\r\n<figure class=\"aligncenter is-resized\">\r\n<div id=\"attachment_2152\" style=\"width: 591px\" class=\"wp-caption aligncenter\"><img loading=\"lazy\" decoding=\"async\" aria-describedby=\"caption-attachment-2152\" class=\"wp-image-2152\" src=\"https:\/\/prceu.usp.br\/nascente\/wp-content\/uploads\/2015\/04\/Depoimentos_Facebook3-1024x682.jpg\" alt=\"\" width=\"581\" height=\"386\" title=\"\" srcset=\"https:\/\/prceu.usp.br\/nascente\/wp-content\/uploads\/2015\/04\/Depoimentos_Facebook3-1024x682.jpg 1024w, https:\/\/prceu.usp.br\/nascente\/wp-content\/uploads\/2015\/04\/Depoimentos_Facebook3-300x200.jpg 300w, https:\/\/prceu.usp.br\/nascente\/wp-content\/uploads\/2015\/04\/Depoimentos_Facebook3-768x512.jpg 768w, https:\/\/prceu.usp.br\/nascente\/wp-content\/uploads\/2015\/04\/Depoimentos_Facebook3-624x415.jpg 624w, https:\/\/prceu.usp.br\/nascente\/wp-content\/uploads\/2015\/04\/Depoimentos_Facebook3.jpg 1280w\" sizes=\"auto, (max-width: 581px) 100vw, 581px\" \/><p id=\"caption-attachment-2152\" class=\"wp-caption-text\">Depoimento de Robson Tomoki, vencedor do Nascente USP 2013 &#8211; categoria Design<\/p><\/div>\r\n<\/figure>\r\n<\/div>\r\n<\/figcaption>\r\n<\/figure>\r\n\r\n\r\n\r\n<h4 class=\"has-text-align-center wp-block-heading\" style=\"text-align: center;\"><br \/><br \/><strong>Um dos trabalhos premiado 30\u00ba Nascente USP (2023)<\/strong><\/h4>\r\n<p>&nbsp;<\/p>\r\n<h3 style=\"text-align: center;\" aria-hidden=\"true\"><strong>YAGI<br \/><\/strong><em style=\"font-size: 16px;\">MAKIMA:\u00a0<span data-sheets-root=\"1\" data-sheets-value=\"{&quot;1&quot;:2,&quot;2&quot;:&quot;Ricardo Hiroyuki Makino&quot;}\" data-sheets-userformat=\"{&quot;2&quot;:4675,&quot;3&quot;:{&quot;1&quot;:0},&quot;4&quot;:{&quot;1&quot;:2,&quot;2&quot;:16777215},&quot;9&quot;:0,&quot;12&quot;:0,&quot;15&quot;:&quot;Lato&quot;}\">Ricardo Hiroyuki Makino e J\u00falia Marquez<\/span><\/em><\/h3>\r\n<div class=\"wp-block-group\" style=\"text-align: center;\">\r\n<div class=\"wp-block-group__inner-container\">\r\n<h5 class=\"has-text-align-center\"><span class=\"has-inline-color has-cyan-bluish-gray-color\">Arquitetura e Urbanismo | FAU<\/span><\/h5>\r\n<h5 class=\"has-text-align-center\">Mobili\u00e1rio urbano<\/h5>\r\n<div class=\"wp-block-columns\">\r\n<div class=\"wp-block-column\"><img loading=\"lazy\" decoding=\"async\" class=\"alignnone size-large wp-image-18472\" title=\"YAGI 1 - Finalistas e Premiados de Design | 30\u00ba Nascente\" src=\"https:\/\/prceu.usp.br\/nascente\/wp-content\/uploads\/2023\/12\/YAGI-1-1024x512.jpg\" sizes=\"auto, (max-width: 1024px) 100vw, 1024px\" srcset=\"https:\/\/prceu.usp.br\/nascente\/wp-content\/uploads\/2023\/12\/YAGI-1-1024x512.jpg 1024w, https:\/\/prceu.usp.br\/nascente\/wp-content\/uploads\/2023\/12\/YAGI-1-1536x768.jpg 1536w, https:\/\/prceu.usp.br\/nascente\/wp-content\/uploads\/2023\/12\/YAGI-1-2048x1024.jpg 2048w, https:\/\/prceu.usp.br\/nascente\/wp-content\/uploads\/2023\/12\/YAGI-1-300x150.jpg 300w, https:\/\/prceu.usp.br\/nascente\/wp-content\/uploads\/2023\/12\/YAGI-1-768x384.jpg 768w\" alt=\"Yagi \" width=\"1024\" height=\"512\" \/><\/div>\r\n<\/div>\r\n<p><strong><em>Yagi<\/em><\/strong><\/p>\r\n<p>YAGI stool \u00e9 um mobili\u00e1rio projetado para ser leve e manuse\u00e1vel como um banquinho. Criado a partir da simplifica\u00e7\u00e3o formal das caracter\u00edsticas animais e do trabalho consciente sobre a madeira: torneamento de madeira de poda para os p\u00e9s e o uso do compensado para o assento. Sugestivamente esse design se prop\u00f5e como um divertido e seguro assento para crian\u00e7as e adultos.<\/p>\r\n<\/div>\r\n<\/div>\r\n<div style=\"text-align: center;\">\u00a0<\/div>\r\n<h3 style=\"text-align: center;\"><a href=\"https:\/\/prceu.usp.br\/nascente\/finalistas-e-premiados-de-design-30o-nascente\/\"><span style=\"color: #ff99cc;\">CONFIRA TODOS OS FINALISTAS E PREMIADOS EM DESIGN PELA 30\u00b0 EDI\u00c7\u00c3O DO NASCENTE!<\/span><\/a><\/h3>\r\n<div>\u00a0<\/div>\r\n<div>\u00a0<\/div>","protected":false},"excerpt":{"rendered":"<p>Na categoria\u00a0Design\u00a0contemplam-se as seguintes subcategorias: Identidade Visual e Aplica\u00e7\u00f5es (entre as quais pap\u00e9is, marca, folder e cartaz) | Mobili\u00e1rio Urbano | Design de Exposi\u00e7\u00e3o | Projeto Editorial | Webdesign | Design de Produto. Uma das formas de definir a linguagem do Design significa ter e desenvolver um plano, um projeto, significa designar. \u00c9 trabalhar com [&hellip;]<\/p>\n","protected":false},"author":3,"featured_media":18756,"parent":0,"menu_order":12,"comment_status":"closed","ping_status":"closed","template":"","meta":{"footnotes":""},"categories":[],"tags":[82],"class_list":["post-9114","page","type-page","status-publish","has-post-thumbnail","hentry","tag-categoria"],"_links":{"self":[{"href":"https:\/\/prceu.usp.br\/nascente\/wp-json\/wp\/v2\/pages\/9114","targetHints":{"allow":["GET"]}}],"collection":[{"href":"https:\/\/prceu.usp.br\/nascente\/wp-json\/wp\/v2\/pages"}],"about":[{"href":"https:\/\/prceu.usp.br\/nascente\/wp-json\/wp\/v2\/types\/page"}],"author":[{"embeddable":true,"href":"https:\/\/prceu.usp.br\/nascente\/wp-json\/wp\/v2\/users\/3"}],"replies":[{"embeddable":true,"href":"https:\/\/prceu.usp.br\/nascente\/wp-json\/wp\/v2\/comments?post=9114"}],"version-history":[{"count":2,"href":"https:\/\/prceu.usp.br\/nascente\/wp-json\/wp\/v2\/pages\/9114\/revisions"}],"predecessor-version":[{"id":18687,"href":"https:\/\/prceu.usp.br\/nascente\/wp-json\/wp\/v2\/pages\/9114\/revisions\/18687"}],"wp:featuredmedia":[{"embeddable":true,"href":"https:\/\/prceu.usp.br\/nascente\/wp-json\/wp\/v2\/media\/18756"}],"wp:attachment":[{"href":"https:\/\/prceu.usp.br\/nascente\/wp-json\/wp\/v2\/media?parent=9114"}],"wp:term":[{"taxonomy":"category","embeddable":true,"href":"https:\/\/prceu.usp.br\/nascente\/wp-json\/wp\/v2\/categories?post=9114"},{"taxonomy":"post_tag","embeddable":true,"href":"https:\/\/prceu.usp.br\/nascente\/wp-json\/wp\/v2\/tags?post=9114"}],"curies":[{"name":"wp","href":"https:\/\/api.w.org\/{rel}","templated":true}]}}